{"id":7533,"date":"2025-03-23T16:31:47","date_gmt":"2025-03-23T16:31:47","guid":{"rendered":"https:\/\/kocie-porady.pl\/sklep\/?post_type=product&#038;p=7533"},"modified":"2026-04-14T12:12:47","modified_gmt":"2026-04-14T12:12:47","slug":"ebook-trening-klikerowy-kotow","status":"publish","type":"product","link":"https:\/\/kocie-porady.pl\/sklep\/index.php\/produkt\/ebook-trening-klikerowy-kotow\/","title":{"rendered":"Trening klikerowy kot\u00f3w &#8211; ebook"},"content":{"rendered":"<p class=\"my-2 [&amp;+p]:mt-4 [&amp;_strong:has(+br)]:inline-block [&amp;_strong:has(+br)]:pb-2 animate-in fade-in-25 duration-700\">My\u015blisz, \u017ce kot\u00f3w nie mo\u017cna szkoli\u0107? Nic bardziej mylnego. Koty ucz\u0105 si\u0119 ch\u0119tnie \u2013 pod warunkiem, \u017ce trening jest prowadzony w spos\u00f3b zgodny z ich natur\u0105. Kliker to jedno z najskuteczniejszych narz\u0119dzi, jakie mo\u017cesz wykorzysta\u0107, \u017ceby budowa\u0107 z kotem komunikacj\u0119, zaufanie i wsp\u00f3lny j\u0119zyk.<\/p>\n<p class=\"my-2 [&amp;+p]:mt-4 [&amp;_strong:has(+br)]:inline-block [&amp;_strong:has(+br)]:pb-2 animate-in fade-in-25 duration-700\">Ten ebook to praktyczny, kompleksowy przewodnik po treningu klikerowym \u2013 od pierwszego klikni\u0119cia a\u017c po zaawansowane \u0107wiczenia agility i trening medyczny. Napisany z my\u015bl\u0105 zar\u00f3wno o osobach zaczynaj\u0105cych przygod\u0119 z treningiem, jak i tych, kt\u00f3rzy chc\u0105 rozwin\u0105\u0107 ju\u017c posiadane umiej\u0119tno\u015bci.<\/p>\n<p class=\"my-2 [&amp;+p]:mt-4 [&amp;_strong:has(+br)]:inline-block [&amp;_strong:has(+br)]:pb-2 animate-in fade-in-25 duration-700\">W \u015brodku znajdziesz:<\/p>\n<ul class=\"marker:text-quiet list-disc pl-8\">\n<li class=\"py-0 my-0 prose-p:pt-0 prose-p:mb-2 prose-p:my-0 [&amp;&gt;p]:pt-0 [&amp;&gt;p]:mb-2 [&amp;&gt;p]:my-0 animate-in fade-in-25 duration-700\">\n<p class=\"my-2 [&amp;+p]:mt-4 [&amp;_strong:has(+br)]:inline-block [&amp;_strong:has(+br)]:pb-2 animate-in fade-in-25 duration-700\"><strong>Podstawy treningu klikerowego<\/strong>\u00a0\u2013 jak wybra\u0107 kliker, jak go \u201ena\u0142adowa\u0107&#8221; i jak sprawi\u0107, by d\u017awi\u0119k naprawd\u0119 dzia\u0142a\u0142<\/p>\n<\/li>\n<li class=\"py-0 my-0 prose-p:pt-0 prose-p:mb-2 prose-p:my-0 [&amp;&gt;p]:pt-0 [&amp;&gt;p]:mb-2 [&amp;&gt;p]:my-0 animate-in fade-in-25 duration-700\">\n<p class=\"my-2 [&amp;+p]:mt-4 [&amp;_strong:has(+br)]:inline-block [&amp;_strong:has(+br)]:pb-2 animate-in fade-in-25 duration-700\"><strong>Zrozumienie kociej psychiki<\/strong>\u00a0\u2013 psychologia uczenia si\u0119 kot\u00f3w, znaczenie pozytywnego wzmacniania i timing nagrody<\/p>\n<\/li>\n<li class=\"py-0 my-0 prose-p:pt-0 prose-p:mb-2 prose-p:my-0 [&amp;&gt;p]:pt-0 [&amp;&gt;p]:mb-2 [&amp;&gt;p]:my-0 animate-in fade-in-25 duration-700\">\n<p class=\"my-2 [&amp;+p]:mt-4 [&amp;_strong:has(+br)]:inline-block [&amp;_strong:has(+br)]:pb-2 animate-in fade-in-25 duration-700\"><strong>Pierwsze kroki w treningu<\/strong>\u00a0\u2013 jak przygotowa\u0107 przestrze\u0144, dobra\u0107 nagrody i zacz\u0105\u0107 bez stresu dla kota i siebie<\/p>\n<\/li>\n<li class=\"py-0 my-0 prose-p:pt-0 prose-p:mb-2 prose-p:my-0 [&amp;&gt;p]:pt-0 [&amp;&gt;p]:mb-2 [&amp;&gt;p]:my-0 animate-in fade-in-25 duration-700\">\n<p class=\"my-2 [&amp;+p]:mt-4 [&amp;_strong:has(+br)]:inline-block [&amp;_strong:has(+br)]:pb-2 animate-in fade-in-25 duration-700\"><strong>Trening u\u017cytkowy<\/strong>\u00a0\u2013 przyzwyczajanie do transportera, kuwety, drapaka, zabieg\u00f3w piel\u0119gnacyjnych i wizyt weterynaryjnych<\/p>\n<\/li>\n<li class=\"py-0 my-0 prose-p:pt-0 prose-p:mb-2 prose-p:my-0 [&amp;&gt;p]:pt-0 [&amp;&gt;p]:mb-2 [&amp;&gt;p]:my-0 animate-in fade-in-25 duration-700\">\n<p class=\"my-2 [&amp;+p]:mt-4 [&amp;_strong:has(+br)]:inline-block [&amp;_strong:has(+br)]:pb-2 animate-in fade-in-25 duration-700\"><strong>Triki i zabawy<\/strong>\u00a0\u2013 nauka komend takich jak \u201esiad&#8221;, \u201echod\u017a&#8221;, przybijanie \u201epi\u0105tki&#8221;, aportowanie i wiele wi\u0119cej<\/p>\n<\/li>\n<li class=\"py-0 my-0 prose-p:pt-0 prose-p:mb-2 prose-p:my-0 [&amp;&gt;p]:pt-0 [&amp;&gt;p]:mb-2 [&amp;&gt;p]:my-0 animate-in fade-in-25 duration-700\">\n<p class=\"my-2 [&amp;+p]:mt-4 [&amp;_strong:has(+br)]:inline-block [&amp;_strong:has(+br)]:pb-2 animate-in fade-in-25 duration-700\"><strong>Modyfikacja niepo\u017c\u0105danych zachowa\u0144<\/strong>\u00a0\u2013 jak radzi\u0107 sobie z agresj\u0105, nadmiern\u0105 wokalizacj\u0105 i innymi trudnymi zachowaniami<\/p>\n<\/li>\n<li class=\"py-0 my-0 prose-p:pt-0 prose-p:mb-2 prose-p:my-0 [&amp;&gt;p]:pt-0 [&amp;&gt;p]:mb-2 [&amp;&gt;p]:my-0 animate-in fade-in-25 duration-700\">\n<p class=\"my-2 [&amp;+p]:mt-4 [&amp;_strong:has(+br)]:inline-block [&amp;_strong:has(+br)]:pb-2 animate-in fade-in-25 duration-700\"><strong>Trening zaawansowany<\/strong>\u00a0\u2013 agility dla kot\u00f3w, trening medyczny, kszta\u0142towanie z\u0142o\u017conych sekwencji zachowa\u0144<\/p>\n<\/li>\n<li class=\"py-0 my-0 prose-p:pt-0 prose-p:mb-2 prose-p:my-0 [&amp;&gt;p]:pt-0 [&amp;&gt;p]:mb-2 [&amp;&gt;p]:my-0 animate-in fade-in-25 duration-700\">\n<p class=\"my-2 [&amp;+p]:mt-4 [&amp;_strong:has(+br)]:inline-block [&amp;_strong:has(+br)]:pb-2 animate-in fade-in-25 duration-700\"><strong>Rozwi\u0105zywanie problem\u00f3w<\/strong>\u00a0\u2013 co robi\u0107, gdy kot nie reaguje, traci motywacj\u0119 lub trening si\u0119 nie klei<\/p>\n<\/li>\n<li class=\"py-0 my-0 prose-p:pt-0 prose-p:mb-2 prose-p:my-0 [&amp;&gt;p]:pt-0 [&amp;&gt;p]:mb-2 [&amp;&gt;p]:my-0 animate-in fade-in-25 duration-700\">\n<p class=\"my-2 [&amp;+p]:mt-4 [&amp;_strong:has(+br)]:inline-block [&amp;_strong:has(+br)]:pb-2 animate-in fade-in-25 duration-700\"><strong>Integracja treningu z codziennym \u017cyciem<\/strong>\u00a0\u2013 jak anga\u017cowa\u0107 ca\u0142\u0105 rodzin\u0119 i wpl\u0105ta\u0107 \u0107wiczenia w codzienn\u0105 rutyn\u0119<\/p>\n<\/li>\n<\/ul>\n<p class=\"my-2 [&amp;+p]:mt-4 [&amp;_strong:has(+br)]:inline-block [&amp;_strong:has(+br)]:pb-2 animate-in fade-in-25 duration-700\">Ebook napisany jest przyst\u0119pnym j\u0119zykiem, bez zb\u0119dnego \u017cargonu \u2013 z konkretnymi instrukcjami krok po kroku, kt\u00f3re mo\u017cesz wdro\u017cy\u0107 od razu po lekturze.<\/p>\n","protected":false},"excerpt":{"rendered":"<p class=\"my-0\">Odkryj sekrety treningu klikerowego dla kot\u00f3w! Ten kompletny przewodnik pomo\u017ce Ci nauczy\u0107 kota nowych umiej\u0119tno\u015bci, wzmocni\u0107 wasz\u0105 wi\u0119\u017a i rozwi\u0105za\u0107 problemy behawioralne. Zobacz, jak proste i przyjemne mo\u017ce by\u0107 szkolenie Twojego pupila.<\/p>\n","protected":false},"featured_media":7534,"comment_status":"open","ping_status":"closed","template":"","meta":[],"product_brand":[],"product_cat":[60],"product_tag":[578,285,590,576,546,574,459,586,366,591,567,410,565,62,572,383,595,89,412,426,423,416,424,427,417,428,422,421,425,411,413,419,414,420,415,418,592,585,580,569,581,584,587,409,568,577,570,454,589,573,566,408,583,407,564,579,594,575,571,588,582,593,547],"class_list":{"0":"post-7533","1":"product","2":"type-product","3":"status-publish","4":"has-post-thumbnail","6":"product_cat-ebooki","7":"product_tag-agility-dla-kota","8":"product_tag-agresja-u-kota","9":"product_tag-angazowanie-dzieci-w-trening-kota","10":"product_tag-aportowanie-kot","11":"product_tag-behawiorysta-kot","12":"product_tag-chodz-kot","13":"product_tag-dobrostan-kota","14":"product_tag-drapak-trening","15":"product_tag-ebook-o-kotach","16":"product_tag-ebook-trening-zwierzat","17":"product_tag-jak-szkolic-kota","18":"product_tag-kliker","19":"product_tag-kliker-dla-kota","20":"product_tag-kocie-porady","21":"product_tag-komendy-dla-kota","22":"product_tag-komunikacja-z-kotem","23":"product_tag-kot-dla-poczatkujacych-trening","24":"product_tag-koty","25":"product_tag-koty-ciekawskie","26":"product_tag-koty-i-agresja","27":"product_tag-koty-i-drapaki","28":"product_tag-koty-i-dzieci","29":"product_tag-koty-i-kuwety","30":"product_tag-koty-i-lek","31":"product_tag-koty-i-psy","32":"product_tag-koty-i-rozproszenia","33":"product_tag-koty-i-transportery","34":"product_tag-koty-i-weterynarz","35":"product_tag-koty-i-wokalizacja","36":"product_tag-koty-inteligentne","37":"product_tag-koty-niezalezne","38":"product_tag-koty-w-agility","39":"product_tag-koty-w-domu","40":"product_tag-koty-w-domu-bez-stresu","41":"product_tag-koty-w-rodzinie","42":"product_tag-koty-w-treningu","43":"product_tag-kurs-klikerowy-kot","44":"product_tag-kuweta-trening","45":"product_tag-modyfikacja-zachowania-kota","46":"product_tag-nagradzanie-kota","47":"product_tag-niepozadane-zachowania-kota","48":"product_tag-oswajanie-transportera","49":"product_tag-pielegnacja-kota-trening","50":"product_tag-pozytywne-wzmacnianie","51":"product_tag-pozytywne-wzmacnianie-kot","52":"product_tag-przybijanie-piatki-kot","53":"product_tag-psychologia-kota","54":"product_tag-relacja-z-kotem","55":"product_tag-rodzina-i-kot-trening","56":"product_tag-siad-kot","57":"product_tag-szkolenie-kota","58":"product_tag-szkolenie-kotow","59":"product_tag-transporter-dla-kota","60":"product_tag-trening-klikerowy","61":"product_tag-trening-klikerowy-kot","62":"product_tag-trening-medyczny-kot","63":"product_tag-trening-pozytywny-zwierzeta","64":"product_tag-triki-dla-kota","65":"product_tag-uczenie-kota","66":"product_tag-weterynarz-kot-przyzwyczajenie","67":"product_tag-wokalizacja-kota","68":"product_tag-wzbogacanie-srodowiska-kot","69":"product_tag-zoopsycholog-kot","71":"first","72":"instock","73":"downloadable","74":"virtual","75":"taxable","76":"purchasable","77":"product-type-simple"},"yoast_head":"<!-- This site is optimized with the Yoast SEO plugin v27.4 - https:\/\/yoast.com\/product\/yoast-seo-wordpress\/ -->\n<title>Trening klikerowy kot\u00f3w - ebook - Sklep dla kocich opiekun\u00f3w<\/title>\n<meta name=\"description\" content=\"Trening klikerowy kot\u00f3w\" \/>\n<meta name=\"robots\" content=\"index, follow, max-snippet:-1, max-image-preview:large, max-video-preview:-1\" \/>\n<link rel=\"canonical\" href=\"https:\/\/kocie-porady.pl\/sklep\/index.php\/produkt\/ebook-trening-klikerowy-kotow\/\" \/>\n<meta property=\"og:locale\" content=\"pl_PL\" \/>\n<meta property=\"og:type\" content=\"article\" \/>\n<meta property=\"og:title\" content=\"Trening klikerowy kot\u00f3w - ebook - Sklep dla kocich opiekun\u00f3w\" \/>\n<meta property=\"og:description\" content=\"Trening klikerowy kot\u00f3w\" \/>\n<meta property=\"og:url\" content=\"https:\/\/kocie-porady.pl\/sklep\/index.php\/produkt\/ebook-trening-klikerowy-kotow\/\" \/>\n<meta property=\"og:site_name\" content=\"Sklep dla kocich opiekun\u00f3w\" \/>\n<meta property=\"article:modified_time\" content=\"2026-04-14T12:12:47+00:00\" \/>\n<meta property=\"og:image\" content=\"https:\/\/kocie-porady.pl\/sklep\/wp-content\/uploads\/2025\/03\/Trening-klikerowy-kotow.png\" \/>\n\t<meta property=\"og:image:width\" content=\"800\" \/>\n\t<meta property=\"og:image:height\" content=\"800\" \/>\n\t<meta property=\"og:image:type\" content=\"image\/png\" \/>\n<meta name=\"twitter:card\" content=\"summary_large_image\" \/>\n<meta name=\"twitter:label1\" content=\"Szacowany czas czytania\" \/>\n\t<meta name=\"twitter:data1\" content=\"2 minuty\" \/>\n<script type=\"application\/ld+json\" class=\"yoast-schema-graph\">{\"@context\":\"https:\\\/\\\/schema.org\",\"@graph\":[{\"@type\":\"WebPage\",\"@id\":\"https:\\\/\\\/kocie-porady.pl\\\/sklep\\\/index.php\\\/produkt\\\/ebook-trening-klikerowy-kotow\\\/\",\"url\":\"https:\\\/\\\/kocie-porady.pl\\\/sklep\\\/index.php\\\/produkt\\\/ebook-trening-klikerowy-kotow\\\/\",\"name\":\"Trening klikerowy kot\u00f3w - ebook - Sklep dla kocich opiekun\u00f3w\",\"isPartOf\":{\"@id\":\"https:\\\/\\\/kocie-porady.pl\\\/sklep\\\/#website\"},\"primaryImageOfPage\":{\"@id\":\"https:\\\/\\\/kocie-porady.pl\\\/sklep\\\/index.php\\\/produkt\\\/ebook-trening-klikerowy-kotow\\\/#primaryimage\"},\"image\":{\"@id\":\"https:\\\/\\\/kocie-porady.pl\\\/sklep\\\/index.php\\\/produkt\\\/ebook-trening-klikerowy-kotow\\\/#primaryimage\"},\"thumbnailUrl\":\"https:\\\/\\\/kocie-porady.pl\\\/sklep\\\/wp-content\\\/uploads\\\/2025\\\/03\\\/Trening-klikerowy-kotow.png\",\"datePublished\":\"2025-03-23T16:31:47+00:00\",\"dateModified\":\"2026-04-14T12:12:47+00:00\",\"description\":\"Trening klikerowy kot\u00f3w\",\"breadcrumb\":{\"@id\":\"https:\\\/\\\/kocie-porady.pl\\\/sklep\\\/index.php\\\/produkt\\\/ebook-trening-klikerowy-kotow\\\/#breadcrumb\"},\"inLanguage\":\"pl-PL\",\"potentialAction\":[{\"@type\":\"ReadAction\",\"target\":[\"https:\\\/\\\/kocie-porady.pl\\\/sklep\\\/index.php\\\/produkt\\\/ebook-trening-klikerowy-kotow\\\/\"]}]},{\"@type\":\"ImageObject\",\"inLanguage\":\"pl-PL\",\"@id\":\"https:\\\/\\\/kocie-porady.pl\\\/sklep\\\/index.php\\\/produkt\\\/ebook-trening-klikerowy-kotow\\\/#primaryimage\",\"url\":\"https:\\\/\\\/kocie-porady.pl\\\/sklep\\\/wp-content\\\/uploads\\\/2025\\\/03\\\/Trening-klikerowy-kotow.png\",\"contentUrl\":\"https:\\\/\\\/kocie-porady.pl\\\/sklep\\\/wp-content\\\/uploads\\\/2025\\\/03\\\/Trening-klikerowy-kotow.png\",\"width\":800,\"height\":800,\"caption\":\"Trening klikerowy kot\u00f3w\"},{\"@type\":\"BreadcrumbList\",\"@id\":\"https:\\\/\\\/kocie-porady.pl\\\/sklep\\\/index.php\\\/produkt\\\/ebook-trening-klikerowy-kotow\\\/#breadcrumb\",\"itemListElement\":[{\"@type\":\"ListItem\",\"position\":1,\"name\":\"Strona g\u0142\u00f3wna\",\"item\":\"https:\\\/\\\/kocie-porady.pl\\\/sklep\\\/\"},{\"@type\":\"ListItem\",\"position\":2,\"name\":\"Sklep\",\"item\":\"https:\\\/\\\/kocie-porady.pl\\\/sklep\\\/index.php\\\/sklep\\\/\"},{\"@type\":\"ListItem\",\"position\":3,\"name\":\"Trening klikerowy kot\u00f3w &#8211; ebook\"}]},{\"@type\":\"WebSite\",\"@id\":\"https:\\\/\\\/kocie-porady.pl\\\/sklep\\\/#website\",\"url\":\"https:\\\/\\\/kocie-porady.pl\\\/sklep\\\/\",\"name\":\"Sklep dla kocich opiekun\u00f3w\",\"description\":\"\",\"publisher\":{\"@id\":\"https:\\\/\\\/kocie-porady.pl\\\/sklep\\\/#\\\/schema\\\/person\\\/3585b25f6c41a8448e9e088f50954cf4\"},\"potentialAction\":[{\"@type\":\"SearchAction\",\"target\":{\"@type\":\"EntryPoint\",\"urlTemplate\":\"https:\\\/\\\/kocie-porady.pl\\\/sklep\\\/?s={search_term_string}\"},\"query-input\":{\"@type\":\"PropertyValueSpecification\",\"valueRequired\":true,\"valueName\":\"search_term_string\"}}],\"inLanguage\":\"pl-PL\"},{\"@type\":[\"Person\",\"Organization\"],\"@id\":\"https:\\\/\\\/kocie-porady.pl\\\/sklep\\\/#\\\/schema\\\/person\\\/3585b25f6c41a8448e9e088f50954cf4\",\"name\":\"admin\",\"image\":{\"@type\":\"ImageObject\",\"inLanguage\":\"pl-PL\",\"@id\":\"https:\\\/\\\/kocie-porady.pl\\\/sklep\\\/wp-content\\\/uploads\\\/2026\\\/04\\\/koci-behawioryzm-500-x-200-px-2.png\",\"url\":\"https:\\\/\\\/kocie-porady.pl\\\/sklep\\\/wp-content\\\/uploads\\\/2026\\\/04\\\/koci-behawioryzm-500-x-200-px-2.png\",\"contentUrl\":\"https:\\\/\\\/kocie-porady.pl\\\/sklep\\\/wp-content\\\/uploads\\\/2026\\\/04\\\/koci-behawioryzm-500-x-200-px-2.png\",\"width\":200,\"height\":100,\"caption\":\"admin\"},\"logo\":{\"@id\":\"https:\\\/\\\/kocie-porady.pl\\\/sklep\\\/wp-content\\\/uploads\\\/2026\\\/04\\\/koci-behawioryzm-500-x-200-px-2.png\"},\"sameAs\":[\"https:\\\/\\\/kocie-porady.pl\\\/sklep\"]}]}<\/script>\n<!-- \/ Yoast SEO plugin. -->","yoast_head_json":{"title":"Trening klikerowy kot\u00f3w - ebook - Sklep dla kocich opiekun\u00f3w","description":"Trening klikerowy kot\u00f3w","robots":{"index":"index","follow":"follow","max-snippet":"max-snippet:-1","max-image-preview":"max-image-preview:large","max-video-preview":"max-video-preview:-1"},"canonical":"https:\/\/kocie-porady.pl\/sklep\/index.php\/produkt\/ebook-trening-klikerowy-kotow\/","og_locale":"pl_PL","og_type":"article","og_title":"Trening klikerowy kot\u00f3w - ebook - Sklep dla kocich opiekun\u00f3w","og_description":"Trening klikerowy kot\u00f3w","og_url":"https:\/\/kocie-porady.pl\/sklep\/index.php\/produkt\/ebook-trening-klikerowy-kotow\/","og_site_name":"Sklep dla kocich opiekun\u00f3w","article_modified_time":"2026-04-14T12:12:47+00:00","og_image":[{"width":800,"height":800,"url":"https:\/\/kocie-porady.pl\/sklep\/wp-content\/uploads\/2025\/03\/Trening-klikerowy-kotow.png","type":"image\/png"}],"twitter_card":"summary_large_image","twitter_misc":{"Szacowany czas czytania":"2 minuty"},"schema":{"@context":"https:\/\/schema.org","@graph":[{"@type":"WebPage","@id":"https:\/\/kocie-porady.pl\/sklep\/index.php\/produkt\/ebook-trening-klikerowy-kotow\/","url":"https:\/\/kocie-porady.pl\/sklep\/index.php\/produkt\/ebook-trening-klikerowy-kotow\/","name":"Trening klikerowy kot\u00f3w - ebook - Sklep dla kocich opiekun\u00f3w","isPartOf":{"@id":"https:\/\/kocie-porady.pl\/sklep\/#website"},"primaryImageOfPage":{"@id":"https:\/\/kocie-porady.pl\/sklep\/index.php\/produkt\/ebook-trening-klikerowy-kotow\/#primaryimage"},"image":{"@id":"https:\/\/kocie-porady.pl\/sklep\/index.php\/produkt\/ebook-trening-klikerowy-kotow\/#primaryimage"},"thumbnailUrl":"https:\/\/kocie-porady.pl\/sklep\/wp-content\/uploads\/2025\/03\/Trening-klikerowy-kotow.png","datePublished":"2025-03-23T16:31:47+00:00","dateModified":"2026-04-14T12:12:47+00:00","description":"Trening klikerowy kot\u00f3w","breadcrumb":{"@id":"https:\/\/kocie-porady.pl\/sklep\/index.php\/produkt\/ebook-trening-klikerowy-kotow\/#breadcrumb"},"inLanguage":"pl-PL","potentialAction":[{"@type":"ReadAction","target":["https:\/\/kocie-porady.pl\/sklep\/index.php\/produkt\/ebook-trening-klikerowy-kotow\/"]}]},{"@type":"ImageObject","inLanguage":"pl-PL","@id":"https:\/\/kocie-porady.pl\/sklep\/index.php\/produkt\/ebook-trening-klikerowy-kotow\/#primaryimage","url":"https:\/\/kocie-porady.pl\/sklep\/wp-content\/uploads\/2025\/03\/Trening-klikerowy-kotow.png","contentUrl":"https:\/\/kocie-porady.pl\/sklep\/wp-content\/uploads\/2025\/03\/Trening-klikerowy-kotow.png","width":800,"height":800,"caption":"Trening klikerowy kot\u00f3w"},{"@type":"BreadcrumbList","@id":"https:\/\/kocie-porady.pl\/sklep\/index.php\/produkt\/ebook-trening-klikerowy-kotow\/#breadcrumb","itemListElement":[{"@type":"ListItem","position":1,"name":"Strona g\u0142\u00f3wna","item":"https:\/\/kocie-porady.pl\/sklep\/"},{"@type":"ListItem","position":2,"name":"Sklep","item":"https:\/\/kocie-porady.pl\/sklep\/index.php\/sklep\/"},{"@type":"ListItem","position":3,"name":"Trening klikerowy kot\u00f3w &#8211; ebook"}]},{"@type":"WebSite","@id":"https:\/\/kocie-porady.pl\/sklep\/#website","url":"https:\/\/kocie-porady.pl\/sklep\/","name":"Sklep dla kocich opiekun\u00f3w","description":"","publisher":{"@id":"https:\/\/kocie-porady.pl\/sklep\/#\/schema\/person\/3585b25f6c41a8448e9e088f50954cf4"},"potentialAction":[{"@type":"SearchAction","target":{"@type":"EntryPoint","urlTemplate":"https:\/\/kocie-porady.pl\/sklep\/?s={search_term_string}"},"query-input":{"@type":"PropertyValueSpecification","valueRequired":true,"valueName":"search_term_string"}}],"inLanguage":"pl-PL"},{"@type":["Person","Organization"],"@id":"https:\/\/kocie-porady.pl\/sklep\/#\/schema\/person\/3585b25f6c41a8448e9e088f50954cf4","name":"admin","image":{"@type":"ImageObject","inLanguage":"pl-PL","@id":"https:\/\/kocie-porady.pl\/sklep\/wp-content\/uploads\/2026\/04\/koci-behawioryzm-500-x-200-px-2.png","url":"https:\/\/kocie-porady.pl\/sklep\/wp-content\/uploads\/2026\/04\/koci-behawioryzm-500-x-200-px-2.png","contentUrl":"https:\/\/kocie-porady.pl\/sklep\/wp-content\/uploads\/2026\/04\/koci-behawioryzm-500-x-200-px-2.png","width":200,"height":100,"caption":"admin"},"logo":{"@id":"https:\/\/kocie-porady.pl\/sklep\/wp-content\/uploads\/2026\/04\/koci-behawioryzm-500-x-200-px-2.png"},"sameAs":["https:\/\/kocie-porady.pl\/sklep"]}]}},"jetpack_sharing_enabled":true,"_links":{"self":[{"href":"https:\/\/kocie-porady.pl\/sklep\/index.php\/wp-json\/wp\/v2\/product\/7533","targetHints":{"allow":["GET"]}}],"collection":[{"href":"https:\/\/kocie-porady.pl\/sklep\/index.php\/wp-json\/wp\/v2\/product"}],"about":[{"href":"https:\/\/kocie-porady.pl\/sklep\/index.php\/wp-json\/wp\/v2\/types\/product"}],"replies":[{"embeddable":true,"href":"https:\/\/kocie-porady.pl\/sklep\/index.php\/wp-json\/wp\/v2\/comments?post=7533"}],"wp:featuredmedia":[{"embeddable":true,"href":"https:\/\/kocie-porady.pl\/sklep\/index.php\/wp-json\/wp\/v2\/media\/7534"}],"wp:attachment":[{"href":"https:\/\/kocie-porady.pl\/sklep\/index.php\/wp-json\/wp\/v2\/media?parent=7533"}],"wp:term":[{"taxonomy":"product_brand","embeddable":true,"href":"https:\/\/kocie-porady.pl\/sklep\/index.php\/wp-json\/wp\/v2\/product_brand?post=7533"},{"taxonomy":"product_cat","embeddable":true,"href":"https:\/\/kocie-porady.pl\/sklep\/index.php\/wp-json\/wp\/v2\/product_cat?post=7533"},{"taxonomy":"product_tag","embeddable":true,"href":"https:\/\/kocie-porady.pl\/sklep\/index.php\/wp-json\/wp\/v2\/product_tag?post=7533"}],"curies":[{"name":"wp","href":"https:\/\/api.w.org\/{rel}","templated":true}]}}