{"id":7475,"date":"2025-03-03T18:00:17","date_gmt":"2025-03-03T18:00:17","guid":{"rendered":"https:\/\/kocie-porady.pl\/sklep\/?post_type=product&#038;p=7475"},"modified":"2026-04-14T12:07:40","modified_gmt":"2026-04-14T12:07:40","slug":"ebook-kot-w-podrozy-jak-bezpiecznie-i-komfortowo-transportowac-kota","status":"publish","type":"product","link":"https:\/\/kocie-porady.pl\/sklep\/index.php\/produkt\/ebook-kot-w-podrozy-jak-bezpiecznie-i-komfortowo-transportowac-kota\/","title":{"rendered":"ebook: Kot w podr\u00f3\u017cy \u2013 jak bezpiecznie i komfortowo transportowa\u0107 kota"},"content":{"rendered":"<p class=\"my-0\">Transport kota to wyzwanie, kt\u00f3re wielu opiekun\u00f3w zna a\u017c za dobrze. Stres, miauczenie, niech\u0119\u0107 do transportera czy problemy behawioralne podczas jazdy to tylko niekt\u00f3re z trudno\u015bci, z kt\u00f3rymi mo\u017cesz si\u0119 zmierzy\u0107. Dzi\u0119ki ebookowi\u00a0<strong>&#8222;Kot w podr\u00f3\u017cy \u2013 jak bezpiecznie i komfortowo transportowa\u0107 kota&#8221;<\/strong>\u00a0dowiesz si\u0119, jak skutecznie przygotowa\u0107 swojego pupila do podr\u00f3\u017cy i sprawi\u0107, by ka\u017cda wyprawa \u2013 od wizyty u weterynarza po d\u0142ugie wakacyjne wyjazdy \u2013 by\u0142a spokojna i bezpieczna.<\/p>\n<h2 class=\"mb-xs mt-5 text-base font-[525] first:mt-3\"><button class=\"hover:duration-80 duration-800 cursor-pointer text-left align-baseline inline underline decoration-textOff\/25 decoration-1 underline-offset-[5px] animate-underlineFade after:content-[&quot;&quot;] hover:text-super hover:decoration-super\/80 hover:underline-offset-[7px] dark:decoration-textOffDark\/30 dark:hover:text-superDark dark:hover:decoration-superDark\/80 transition-all motion-reduce:transition-none appearance-none bg-transparent border-0 p-0 m-0 [td_&amp;]:table-cell align-baseline\" type=\"button\" data-state=\"closed\"><strong>Co znajdziesz w ebooku?<\/strong><\/button><\/h2>\n<ul class=\"marker:text-textOff list-disc\">\n<li>\n<p class=\"my-0\"><strong><button class=\"hover:duration-80 duration-800 cursor-pointer text-left align-baseline inline underline decoration-textOff\/25 decoration-1 underline-offset-[5px] animate-underlineFade after:content-[&quot;&quot;] hover:text-super hover:decoration-super\/80 hover:underline-offset-[7px] dark:decoration-textOffDark\/30 dark:hover:text-superDark dark:hover:decoration-superDark\/80 transition-all motion-reduce:transition-none appearance-none bg-transparent border-0 p-0 m-0 [td_&amp;]:table-cell align-baseline\" type=\"button\" data-state=\"closed\">Praktyczne porady krok po kroku<\/button>:<\/strong>\u00a0Dowiedz si\u0119, jak wybra\u0107 odpowiedni transporter, oswoi\u0107 z nim kota i przygotowa\u0107 go na r\u00f3\u017cne \u015brodki transportu (samoch\u00f3d, poci\u0105g, samolot).<\/p>\n<\/li>\n<li>\n<p class=\"my-0\"><strong><button class=\"hover:duration-80 duration-800 cursor-pointer text-left align-baseline inline underline decoration-textOff\/25 decoration-1 underline-offset-[5px] animate-underlineFade after:content-[&quot;&quot;] hover:text-super hover:decoration-super\/80 hover:underline-offset-[7px] dark:decoration-textOffDark\/30 dark:hover:text-superDark dark:hover:decoration-superDark\/80 transition-all motion-reduce:transition-none appearance-none bg-transparent border-0 p-0 m-0 [td_&amp;]:table-cell align-baseline\" type=\"button\" data-state=\"closed\">Rozwi\u0105zania typowych problem\u00f3w<\/button>:<\/strong>\u00a0Jak reagowa\u0107, gdy kot boi si\u0119 transportera? Co zrobi\u0107, gdy miauczy podczas jazdy? Jak radzi\u0107 sobie z chorob\u0105 lokomocyjn\u0105?<\/p>\n<\/li>\n<li>\n<p class=\"my-0\"><strong><button class=\"hover:duration-80 duration-800 cursor-pointer text-left align-baseline inline underline decoration-textOff\/25 decoration-1 underline-offset-[5px] animate-underlineFade after:content-[&quot;&quot;] hover:text-super hover:decoration-super\/80 hover:underline-offset-[7px] dark:decoration-textOffDark\/30 dark:hover:text-superDark dark:hover:decoration-superDark\/80 transition-all motion-reduce:transition-none appearance-none bg-transparent border-0 p-0 m-0 [td_&amp;]:table-cell align-baseline\" type=\"button\" data-state=\"closed\">Wskaz\u00f3wki behawiorysty<\/button>:<\/strong>\u00a0Zrozum potrzeby swojego kota i dowiedz si\u0119, jak zmniejszy\u0107 jego stres dzi\u0119ki empatycznemu podej\u015bciu.<\/p>\n<\/li>\n<li>\n<p class=\"my-0\"><strong><button class=\"hover:duration-80 duration-800 cursor-pointer text-left align-baseline inline underline decoration-textOff\/25 decoration-1 underline-offset-[5px] animate-underlineFade after:content-[&quot;&quot;] hover:text-super hover:decoration-super\/80 hover:underline-offset-[7px] dark:decoration-textOffDark\/30 dark:hover:text-superDark dark:hover:decoration-superDark\/80 transition-all motion-reduce:transition-none appearance-none bg-transparent border-0 p-0 m-0 [td_&amp;]:table-cell align-baseline\" type=\"button\" data-state=\"closed\">Checklista przed podr\u00f3\u017c\u0105<\/button>:<\/strong>\u00a0Gotowa lista rzeczy do zabrania, aby niczego nie zapomnie\u0107.<\/p>\n<\/li>\n<li>\n<p class=\"my-0\"><strong><button class=\"hover:duration-80 duration-800 cursor-pointer text-left align-baseline inline underline decoration-textOff\/25 decoration-1 underline-offset-[5px] animate-underlineFade after:content-[&quot;&quot;] hover:text-super hover:decoration-super\/80 hover:underline-offset-[7px] dark:decoration-textOffDark\/30 dark:hover:text-superDark dark:hover:decoration-superDark\/80 transition-all motion-reduce:transition-none appearance-none bg-transparent border-0 p-0 m-0 [td_&amp;]:table-cell align-baseline\" type=\"button\" data-state=\"closed\">Karta obserwacji zachowania kota<\/button>:<\/strong>\u00a0Narz\u0119dzie do monitorowania post\u0119p\u00f3w podczas nauki transportu.<\/p>\n<\/li>\n<\/ul>\n<h2 class=\"mb-xs mt-5 text-base font-[525] first:mt-3\"><button class=\"hover:duration-80 duration-800 cursor-pointer text-left align-baseline inline underline decoration-textOff\/25 decoration-1 underline-offset-[5px] animate-underlineFade after:content-[&quot;&quot;] hover:text-super hover:decoration-super\/80 hover:underline-offset-[7px] dark:decoration-textOffDark\/30 dark:hover:text-superDark dark:hover:decoration-superDark\/80 transition-all motion-reduce:transition-none appearance-none bg-transparent border-0 p-0 m-0 [td_&amp;]:table-cell align-baseline\" type=\"button\" data-state=\"closed\"><strong>Dla kogo jest ten ebook?<\/strong><\/button><\/h2>\n<ul class=\"marker:text-textOff list-disc\">\n<li>\n<p class=\"my-0\">Dla opiekun\u00f3w kot\u00f3w planuj\u0105cych kr\u00f3tkie przeja\u017cd\u017cki (np. do weterynarza) oraz d\u0142u\u017csze podr\u00f3\u017ce (wakacje, przeprowadzki).<\/p>\n<\/li>\n<li>\n<p class=\"my-0\">Dla os\u00f3b chc\u0105cych lepiej zrozumie\u0107 emocje i potrzeby swojego kota podczas transportu.<\/p>\n<\/li>\n<li>\n<p class=\"my-0\">Dla ka\u017cdego, kto chce zapewni\u0107 swojemu pupilowi komfort i bezpiecze\u0144stwo w trakcie podr\u00f3\u017cy.<\/p>\n<\/li>\n<\/ul>\n<h2 class=\"mb-xs mt-5 text-base font-[525] first:mt-3\"><button class=\"hover:duration-80 duration-800 cursor-pointer text-left align-baseline inline underline decoration-textOff\/25 decoration-1 underline-offset-[5px] animate-underlineFade after:content-[&quot;&quot;] hover:text-super hover:decoration-super\/80 hover:underline-offset-[7px] dark:decoration-textOffDark\/30 dark:hover:text-superDark dark:hover:decoration-superDark\/80 transition-all motion-reduce:transition-none appearance-none bg-transparent border-0 p-0 m-0 [td_&amp;]:table-cell align-baseline\" type=\"button\" data-state=\"closed\"><strong>Dlaczego warto?<\/strong><\/button><\/h2>\n<ul class=\"marker:text-textOff list-disc\">\n<li>\n<p class=\"my-0\"><strong><button class=\"hover:duration-80 duration-800 cursor-pointer text-left align-baseline inline underline decoration-textOff\/25 decoration-1 underline-offset-[5px] animate-underlineFade after:content-[&quot;&quot;] hover:text-super hover:decoration-super\/80 hover:underline-offset-[7px] dark:decoration-textOffDark\/30 dark:hover:text-superDark dark:hover:decoration-superDark\/80 transition-all motion-reduce:transition-none appearance-none bg-transparent border-0 p-0 m-0 [td_&amp;]:table-cell align-baseline\" type=\"button\" data-state=\"closed\">Przyst\u0119pny j\u0119zyk<\/button>:<\/strong>\u00a0Ebook napisany prostym j\u0119zykiem, pe\u0142en praktycznych przyk\u0142ad\u00f3w i wskaz\u00f3wek.<\/p>\n<\/li>\n<li>\n<p class=\"my-0\"><strong><button class=\"hover:duration-80 duration-800 cursor-pointer text-left align-baseline inline underline decoration-textOff\/25 decoration-1 underline-offset-[5px] animate-underlineFade after:content-[&quot;&quot;] hover:text-super hover:decoration-super\/80 hover:underline-offset-[7px] dark:decoration-textOffDark\/30 dark:hover:text-superDark dark:hover:decoration-superDark\/80 transition-all motion-reduce:transition-none appearance-none bg-transparent border-0 p-0 m-0 [td_&amp;]:table-cell align-baseline\" type=\"button\" data-state=\"closed\">Wsparcie eksperta<\/button>:<\/strong>\u00a0Porady oparte na wiedzy behawioralnej i do\u015bwiadczeniu specjalist\u00f3w od kot\u00f3w.<\/p>\n<\/li>\n<li>\n<p class=\"my-0\"><strong><button class=\"hover:duration-80 duration-800 cursor-pointer text-left align-baseline inline underline decoration-textOff\/25 decoration-1 underline-offset-[5px] animate-underlineFade after:content-[&quot;&quot;] hover:text-super hover:decoration-super\/80 hover:underline-offset-[7px] dark:decoration-textOffDark\/30 dark:hover:text-superDark dark:hover:decoration-superDark\/80 transition-all motion-reduce:transition-none appearance-none bg-transparent border-0 p-0 m-0 [td_&amp;]:table-cell align-baseline\" type=\"button\" data-state=\"closed\">Uniwersalno\u015b\u0107<\/button>:<\/strong>\u00a0Sprawdzi si\u0119 zar\u00f3wno dla pocz\u0105tkuj\u0105cych opiekun\u00f3w kot\u00f3w, jak i tych bardziej do\u015bwiadczonych.<\/p>\n<\/li>\n<\/ul>\n<h2 class=\"mb-xs mt-5 text-base font-[525] first:mt-3\"><button class=\"hover:duration-80 duration-800 cursor-pointer text-left align-baseline inline underline decoration-textOff\/25 decoration-1 underline-offset-[5px] animate-underlineFade after:content-[&quot;&quot;] hover:text-super hover:decoration-super\/80 hover:underline-offset-[7px] dark:decoration-textOffDark\/30 dark:hover:text-superDark dark:hover:decoration-superDark\/80 transition-all motion-reduce:transition-none appearance-none bg-transparent border-0 p-0 m-0 [td_&amp;]:table-cell align-baseline\" type=\"button\" data-state=\"closed\"><strong>Specyfikacja produktu:<\/strong><\/button><\/h2>\n<ul class=\"marker:text-textOff list-disc\">\n<li>\n<p class=\"my-0\">Format: PDF (do pobrania natychmiast po zakupie).<\/p>\n<\/li>\n<li>\n<p class=\"my-0\">Liczba stron: oko\u0142o 50 stron pe\u0142nych praktycznych wskaz\u00f3wek i narz\u0119dzi.<\/p>\n<\/li>\n<li>\n<p class=\"my-0\">Autor: Specjalista ds. behawioru kot\u00f3w z wieloletnim do\u015bwiadczeniem w pracy z opiekunami zwierz\u0105t.<\/p>\n<\/li>\n<\/ul>\n<p class=\"my-0\">Zadbaj o komfort i bezpiecze\u0144stwo swojego kota podczas ka\u017cdej podr\u00f3\u017cy! Kup teraz ebook\u00a0<strong>&#8222;Kot w podr\u00f3\u017cy \u2013 jak bezpiecznie i komfortowo transportowa\u0107 kota&#8221;<\/strong>\u00a0i przekonaj si\u0119, \u017ce transportowanie pupila mo\u017ce by\u0107 \u0142atwiejsze, ni\u017c my\u015blisz!<\/p>\n","protected":false},"excerpt":{"rendered":"<p>Praktyczny ebook dla opiekun\u00f3w kot\u00f3w, kt\u00f3ry pomo\u017ce Ci przygotowa\u0107 pupila do ka\u017cdej podr\u00f3\u017cy \u2013 od wizyt u weterynarza po d\u0142ugie wyjazdy. Dowiesz si\u0119, jak wybra\u0107 transporter, oswoi\u0107 kota z jazd\u0105 samochodem i zmniejszy\u0107 jego stres podczas transportu. Ebook zawiera porady behawiorysty, rozwi\u0105zania typowych problem\u00f3w (np. miauczenie, choroba lokomocyjna), checklist\u0119 przed podr\u00f3\u017c\u0105 oraz kart\u0119 obserwacji zachowania kota. Idealny dla ka\u017cdego, kto chce zadba\u0107 o komfort i bezpiecze\u0144stwo swojego pupila!<\/p>\n","protected":false},"featured_media":7494,"comment_status":"open","ping_status":"closed","template":"","meta":[],"product_brand":[],"product_cat":[60],"product_tag":[366,369,368,367,370,371],"class_list":{"0":"post-7475","1":"product","2":"type-product","3":"status-publish","4":"has-post-thumbnail","6":"product_cat-ebooki","7":"product_tag-ebook-o-kotach","8":"product_tag-kot-w-podrozy","9":"product_tag-kot-w-podrozy-jak-bezpiecznie-i-komfortowo-transportowac-kota","10":"product_tag-sklep-z-ebookami-o-kotach","11":"product_tag-transport-kota","12":"product_tag-transport-kotow","14":"first","15":"instock","16":"downloadable","17":"virtual","18":"taxable","19":"purchasable","20":"product-type-simple"},"yoast_head":"<!-- This site is optimized with the Yoast SEO plugin v27.4 - https:\/\/yoast.com\/product\/yoast-seo-wordpress\/ -->\n<title>ebook: Kot w podr\u00f3\u017cy \u2013 jak bezpiecznie i komfortowo transportowa\u0107 kota - Sklep dla kocich opiekun\u00f3w<\/title>\n<meta name=\"description\" content=\"Kot w podr\u00f3\u017cy\" \/>\n<meta name=\"robots\" content=\"index, follow, max-snippet:-1, max-image-preview:large, max-video-preview:-1\" \/>\n<link rel=\"canonical\" href=\"https:\/\/kocie-porady.pl\/sklep\/index.php\/produkt\/ebook-kot-w-podrozy-jak-bezpiecznie-i-komfortowo-transportowac-kota\/\" \/>\n<meta property=\"og:locale\" content=\"pl_PL\" \/>\n<meta property=\"og:type\" content=\"article\" \/>\n<meta property=\"og:title\" content=\"ebook: Kot w podr\u00f3\u017cy \u2013 jak bezpiecznie i komfortowo transportowa\u0107 kota - Sklep dla kocich opiekun\u00f3w\" \/>\n<meta property=\"og:description\" content=\"Kot w podr\u00f3\u017cy\" \/>\n<meta property=\"og:url\" content=\"https:\/\/kocie-porady.pl\/sklep\/index.php\/produkt\/ebook-kot-w-podrozy-jak-bezpiecznie-i-komfortowo-transportowac-kota\/\" \/>\n<meta property=\"og:site_name\" content=\"Sklep dla kocich opiekun\u00f3w\" \/>\n<meta property=\"article:modified_time\" content=\"2026-04-14T12:07:40+00:00\" \/>\n<meta property=\"og:image\" content=\"https:\/\/kocie-porady.pl\/sklep\/wp-content\/uploads\/2025\/03\/Kot-w-podrozy-1-1.png\" \/>\n\t<meta property=\"og:image:width\" content=\"800\" \/>\n\t<meta property=\"og:image:height\" content=\"800\" \/>\n\t<meta property=\"og:image:type\" content=\"image\/png\" \/>\n<meta name=\"twitter:card\" content=\"summary_large_image\" \/>\n<meta name=\"twitter:label1\" content=\"Szacowany czas czytania\" \/>\n\t<meta name=\"twitter:data1\" content=\"3 minuty\" \/>\n<script type=\"application\/ld+json\" class=\"yoast-schema-graph\">{\"@context\":\"https:\\\/\\\/schema.org\",\"@graph\":[{\"@type\":\"WebPage\",\"@id\":\"https:\\\/\\\/kocie-porady.pl\\\/sklep\\\/index.php\\\/produkt\\\/ebook-kot-w-podrozy-jak-bezpiecznie-i-komfortowo-transportowac-kota\\\/\",\"url\":\"https:\\\/\\\/kocie-porady.pl\\\/sklep\\\/index.php\\\/produkt\\\/ebook-kot-w-podrozy-jak-bezpiecznie-i-komfortowo-transportowac-kota\\\/\",\"name\":\"ebook: Kot w podr\u00f3\u017cy \u2013 jak bezpiecznie i komfortowo transportowa\u0107 kota - Sklep dla kocich opiekun\u00f3w\",\"isPartOf\":{\"@id\":\"https:\\\/\\\/kocie-porady.pl\\\/sklep\\\/#website\"},\"primaryImageOfPage\":{\"@id\":\"https:\\\/\\\/kocie-porady.pl\\\/sklep\\\/index.php\\\/produkt\\\/ebook-kot-w-podrozy-jak-bezpiecznie-i-komfortowo-transportowac-kota\\\/#primaryimage\"},\"image\":{\"@id\":\"https:\\\/\\\/kocie-porady.pl\\\/sklep\\\/index.php\\\/produkt\\\/ebook-kot-w-podrozy-jak-bezpiecznie-i-komfortowo-transportowac-kota\\\/#primaryimage\"},\"thumbnailUrl\":\"https:\\\/\\\/kocie-porady.pl\\\/sklep\\\/wp-content\\\/uploads\\\/2025\\\/03\\\/Kot-w-podrozy-1-1.png\",\"datePublished\":\"2025-03-03T18:00:17+00:00\",\"dateModified\":\"2026-04-14T12:07:40+00:00\",\"description\":\"Kot w podr\u00f3\u017cy\",\"breadcrumb\":{\"@id\":\"https:\\\/\\\/kocie-porady.pl\\\/sklep\\\/index.php\\\/produkt\\\/ebook-kot-w-podrozy-jak-bezpiecznie-i-komfortowo-transportowac-kota\\\/#breadcrumb\"},\"inLanguage\":\"pl-PL\",\"potentialAction\":[{\"@type\":\"ReadAction\",\"target\":[\"https:\\\/\\\/kocie-porady.pl\\\/sklep\\\/index.php\\\/produkt\\\/ebook-kot-w-podrozy-jak-bezpiecznie-i-komfortowo-transportowac-kota\\\/\"]}]},{\"@type\":\"ImageObject\",\"inLanguage\":\"pl-PL\",\"@id\":\"https:\\\/\\\/kocie-porady.pl\\\/sklep\\\/index.php\\\/produkt\\\/ebook-kot-w-podrozy-jak-bezpiecznie-i-komfortowo-transportowac-kota\\\/#primaryimage\",\"url\":\"https:\\\/\\\/kocie-porady.pl\\\/sklep\\\/wp-content\\\/uploads\\\/2025\\\/03\\\/Kot-w-podrozy-1-1.png\",\"contentUrl\":\"https:\\\/\\\/kocie-porady.pl\\\/sklep\\\/wp-content\\\/uploads\\\/2025\\\/03\\\/Kot-w-podrozy-1-1.png\",\"width\":800,\"height\":800,\"caption\":\"Kot w podr\u00f3\u017cy\"},{\"@type\":\"BreadcrumbList\",\"@id\":\"https:\\\/\\\/kocie-porady.pl\\\/sklep\\\/index.php\\\/produkt\\\/ebook-kot-w-podrozy-jak-bezpiecznie-i-komfortowo-transportowac-kota\\\/#breadcrumb\",\"itemListElement\":[{\"@type\":\"ListItem\",\"position\":1,\"name\":\"Strona g\u0142\u00f3wna\",\"item\":\"https:\\\/\\\/kocie-porady.pl\\\/sklep\\\/\"},{\"@type\":\"ListItem\",\"position\":2,\"name\":\"Sklep\",\"item\":\"https:\\\/\\\/kocie-porady.pl\\\/sklep\\\/index.php\\\/sklep\\\/\"},{\"@type\":\"ListItem\",\"position\":3,\"name\":\"ebook: Kot w podr\u00f3\u017cy \u2013 jak bezpiecznie i komfortowo transportowa\u0107 kota\"}]},{\"@type\":\"WebSite\",\"@id\":\"https:\\\/\\\/kocie-porady.pl\\\/sklep\\\/#website\",\"url\":\"https:\\\/\\\/kocie-porady.pl\\\/sklep\\\/\",\"name\":\"Sklep dla kocich opiekun\u00f3w\",\"description\":\"\",\"publisher\":{\"@id\":\"https:\\\/\\\/kocie-porady.pl\\\/sklep\\\/#\\\/schema\\\/person\\\/3585b25f6c41a8448e9e088f50954cf4\"},\"potentialAction\":[{\"@type\":\"SearchAction\",\"target\":{\"@type\":\"EntryPoint\",\"urlTemplate\":\"https:\\\/\\\/kocie-porady.pl\\\/sklep\\\/?s={search_term_string}\"},\"query-input\":{\"@type\":\"PropertyValueSpecification\",\"valueRequired\":true,\"valueName\":\"search_term_string\"}}],\"inLanguage\":\"pl-PL\"},{\"@type\":[\"Person\",\"Organization\"],\"@id\":\"https:\\\/\\\/kocie-porady.pl\\\/sklep\\\/#\\\/schema\\\/person\\\/3585b25f6c41a8448e9e088f50954cf4\",\"name\":\"admin\",\"image\":{\"@type\":\"ImageObject\",\"inLanguage\":\"pl-PL\",\"@id\":\"https:\\\/\\\/kocie-porady.pl\\\/sklep\\\/wp-content\\\/uploads\\\/2026\\\/04\\\/koci-behawioryzm-500-x-200-px-2.png\",\"url\":\"https:\\\/\\\/kocie-porady.pl\\\/sklep\\\/wp-content\\\/uploads\\\/2026\\\/04\\\/koci-behawioryzm-500-x-200-px-2.png\",\"contentUrl\":\"https:\\\/\\\/kocie-porady.pl\\\/sklep\\\/wp-content\\\/uploads\\\/2026\\\/04\\\/koci-behawioryzm-500-x-200-px-2.png\",\"width\":200,\"height\":100,\"caption\":\"admin\"},\"logo\":{\"@id\":\"https:\\\/\\\/kocie-porady.pl\\\/sklep\\\/wp-content\\\/uploads\\\/2026\\\/04\\\/koci-behawioryzm-500-x-200-px-2.png\"},\"sameAs\":[\"https:\\\/\\\/kocie-porady.pl\\\/sklep\"]}]}<\/script>\n<!-- \/ Yoast SEO plugin. -->","yoast_head_json":{"title":"ebook: Kot w podr\u00f3\u017cy \u2013 jak bezpiecznie i komfortowo transportowa\u0107 kota - Sklep dla kocich opiekun\u00f3w","description":"Kot w podr\u00f3\u017cy","robots":{"index":"index","follow":"follow","max-snippet":"max-snippet:-1","max-image-preview":"max-image-preview:large","max-video-preview":"max-video-preview:-1"},"canonical":"https:\/\/kocie-porady.pl\/sklep\/index.php\/produkt\/ebook-kot-w-podrozy-jak-bezpiecznie-i-komfortowo-transportowac-kota\/","og_locale":"pl_PL","og_type":"article","og_title":"ebook: Kot w podr\u00f3\u017cy \u2013 jak bezpiecznie i komfortowo transportowa\u0107 kota - Sklep dla kocich opiekun\u00f3w","og_description":"Kot w podr\u00f3\u017cy","og_url":"https:\/\/kocie-porady.pl\/sklep\/index.php\/produkt\/ebook-kot-w-podrozy-jak-bezpiecznie-i-komfortowo-transportowac-kota\/","og_site_name":"Sklep dla kocich opiekun\u00f3w","article_modified_time":"2026-04-14T12:07:40+00:00","og_image":[{"width":800,"height":800,"url":"https:\/\/kocie-porady.pl\/sklep\/wp-content\/uploads\/2025\/03\/Kot-w-podrozy-1-1.png","type":"image\/png"}],"twitter_card":"summary_large_image","twitter_misc":{"Szacowany czas czytania":"3 minuty"},"schema":{"@context":"https:\/\/schema.org","@graph":[{"@type":"WebPage","@id":"https:\/\/kocie-porady.pl\/sklep\/index.php\/produkt\/ebook-kot-w-podrozy-jak-bezpiecznie-i-komfortowo-transportowac-kota\/","url":"https:\/\/kocie-porady.pl\/sklep\/index.php\/produkt\/ebook-kot-w-podrozy-jak-bezpiecznie-i-komfortowo-transportowac-kota\/","name":"ebook: Kot w podr\u00f3\u017cy \u2013 jak bezpiecznie i komfortowo transportowa\u0107 kota - Sklep dla kocich opiekun\u00f3w","isPartOf":{"@id":"https:\/\/kocie-porady.pl\/sklep\/#website"},"primaryImageOfPage":{"@id":"https:\/\/kocie-porady.pl\/sklep\/index.php\/produkt\/ebook-kot-w-podrozy-jak-bezpiecznie-i-komfortowo-transportowac-kota\/#primaryimage"},"image":{"@id":"https:\/\/kocie-porady.pl\/sklep\/index.php\/produkt\/ebook-kot-w-podrozy-jak-bezpiecznie-i-komfortowo-transportowac-kota\/#primaryimage"},"thumbnailUrl":"https:\/\/kocie-porady.pl\/sklep\/wp-content\/uploads\/2025\/03\/Kot-w-podrozy-1-1.png","datePublished":"2025-03-03T18:00:17+00:00","dateModified":"2026-04-14T12:07:40+00:00","description":"Kot w podr\u00f3\u017cy","breadcrumb":{"@id":"https:\/\/kocie-porady.pl\/sklep\/index.php\/produkt\/ebook-kot-w-podrozy-jak-bezpiecznie-i-komfortowo-transportowac-kota\/#breadcrumb"},"inLanguage":"pl-PL","potentialAction":[{"@type":"ReadAction","target":["https:\/\/kocie-porady.pl\/sklep\/index.php\/produkt\/ebook-kot-w-podrozy-jak-bezpiecznie-i-komfortowo-transportowac-kota\/"]}]},{"@type":"ImageObject","inLanguage":"pl-PL","@id":"https:\/\/kocie-porady.pl\/sklep\/index.php\/produkt\/ebook-kot-w-podrozy-jak-bezpiecznie-i-komfortowo-transportowac-kota\/#primaryimage","url":"https:\/\/kocie-porady.pl\/sklep\/wp-content\/uploads\/2025\/03\/Kot-w-podrozy-1-1.png","contentUrl":"https:\/\/kocie-porady.pl\/sklep\/wp-content\/uploads\/2025\/03\/Kot-w-podrozy-1-1.png","width":800,"height":800,"caption":"Kot w podr\u00f3\u017cy"},{"@type":"BreadcrumbList","@id":"https:\/\/kocie-porady.pl\/sklep\/index.php\/produkt\/ebook-kot-w-podrozy-jak-bezpiecznie-i-komfortowo-transportowac-kota\/#breadcrumb","itemListElement":[{"@type":"ListItem","position":1,"name":"Strona g\u0142\u00f3wna","item":"https:\/\/kocie-porady.pl\/sklep\/"},{"@type":"ListItem","position":2,"name":"Sklep","item":"https:\/\/kocie-porady.pl\/sklep\/index.php\/sklep\/"},{"@type":"ListItem","position":3,"name":"ebook: Kot w podr\u00f3\u017cy \u2013 jak bezpiecznie i komfortowo transportowa\u0107 kota"}]},{"@type":"WebSite","@id":"https:\/\/kocie-porady.pl\/sklep\/#website","url":"https:\/\/kocie-porady.pl\/sklep\/","name":"Sklep dla kocich opiekun\u00f3w","description":"","publisher":{"@id":"https:\/\/kocie-porady.pl\/sklep\/#\/schema\/person\/3585b25f6c41a8448e9e088f50954cf4"},"potentialAction":[{"@type":"SearchAction","target":{"@type":"EntryPoint","urlTemplate":"https:\/\/kocie-porady.pl\/sklep\/?s={search_term_string}"},"query-input":{"@type":"PropertyValueSpecification","valueRequired":true,"valueName":"search_term_string"}}],"inLanguage":"pl-PL"},{"@type":["Person","Organization"],"@id":"https:\/\/kocie-porady.pl\/sklep\/#\/schema\/person\/3585b25f6c41a8448e9e088f50954cf4","name":"admin","image":{"@type":"ImageObject","inLanguage":"pl-PL","@id":"https:\/\/kocie-porady.pl\/sklep\/wp-content\/uploads\/2026\/04\/koci-behawioryzm-500-x-200-px-2.png","url":"https:\/\/kocie-porady.pl\/sklep\/wp-content\/uploads\/2026\/04\/koci-behawioryzm-500-x-200-px-2.png","contentUrl":"https:\/\/kocie-porady.pl\/sklep\/wp-content\/uploads\/2026\/04\/koci-behawioryzm-500-x-200-px-2.png","width":200,"height":100,"caption":"admin"},"logo":{"@id":"https:\/\/kocie-porady.pl\/sklep\/wp-content\/uploads\/2026\/04\/koci-behawioryzm-500-x-200-px-2.png"},"sameAs":["https:\/\/kocie-porady.pl\/sklep"]}]}},"jetpack_sharing_enabled":true,"_links":{"self":[{"href":"https:\/\/kocie-porady.pl\/sklep\/index.php\/wp-json\/wp\/v2\/product\/7475","targetHints":{"allow":["GET"]}}],"collection":[{"href":"https:\/\/kocie-porady.pl\/sklep\/index.php\/wp-json\/wp\/v2\/product"}],"about":[{"href":"https:\/\/kocie-porady.pl\/sklep\/index.php\/wp-json\/wp\/v2\/types\/product"}],"replies":[{"embeddable":true,"href":"https:\/\/kocie-porady.pl\/sklep\/index.php\/wp-json\/wp\/v2\/comments?post=7475"}],"wp:featuredmedia":[{"embeddable":true,"href":"https:\/\/kocie-porady.pl\/sklep\/index.php\/wp-json\/wp\/v2\/media\/7494"}],"wp:attachment":[{"href":"https:\/\/kocie-porady.pl\/sklep\/index.php\/wp-json\/wp\/v2\/media?parent=7475"}],"wp:term":[{"taxonomy":"product_brand","embeddable":true,"href":"https:\/\/kocie-porady.pl\/sklep\/index.php\/wp-json\/wp\/v2\/product_brand?post=7475"},{"taxonomy":"product_cat","embeddable":true,"href":"https:\/\/kocie-porady.pl\/sklep\/index.php\/wp-json\/wp\/v2\/product_cat?post=7475"},{"taxonomy":"product_tag","embeddable":true,"href":"https:\/\/kocie-porady.pl\/sklep\/index.php\/wp-json\/wp\/v2\/product_tag?post=7475"}],"curies":[{"name":"wp","href":"https:\/\/api.w.org\/{rel}","templated":true}]}}