{"id":7462,"date":"2025-01-11T22:29:53","date_gmt":"2025-01-11T22:29:53","guid":{"rendered":"https:\/\/kocie-porady.pl\/sklep\/?post_type=product&#038;p=7462"},"modified":"2026-04-14T12:13:43","modified_gmt":"2026-04-14T12:13:43","slug":"ebook-socjalizacja-pierwotna-kotow","status":"publish","type":"product","link":"https:\/\/kocie-porady.pl\/sklep\/index.php\/produkt\/ebook-socjalizacja-pierwotna-kotow\/","title":{"rendered":"Socjalizacja pierwotna kot\u00f3w &#8211; ebook"},"content":{"rendered":"<p class=\"my-2 [&amp;+p]:mt-4 [&amp;_strong:has(+br)]:inline-block [&amp;_strong:has(+br)]:pb-2 animate-in fade-in-25 duration-700\">Pierwsze dwana\u015bcie tygodni \u017cycia koci\u0119cia to okres, kt\u00f3rego nie mo\u017cna cofn\u0105\u0107. To w\u0142a\u015bnie wtedy kszta\u0142tuje si\u0119 jego stosunek do ludzi, innych zwierz\u0105t i otaczaj\u0105cego \u015bwiata. To, co wydarzy si\u0119 w tym czasie \u2013 lub czego zabraknie \u2013 b\u0119dzie mia\u0142o wp\u0142yw na zachowanie kota przez ca\u0142e jego \u017cycie.<\/p>\n<p class=\"my-2 [&amp;+p]:mt-4 [&amp;_strong:has(+br)]:inline-block [&amp;_strong:has(+br)]:pb-2 animate-in fade-in-25 duration-700\">Ten materia\u0142 powsta\u0142 dla hodowc\u00f3w, opiekun\u00f3w miot\u00f3w, wolontariuszy dom\u00f3w tymczasowych oraz wszystkich tych, kt\u00f3rzy chc\u0105 \u015bwiadomie towarzyszy\u0107 koci\u0119ciu w najwa\u017cniejszym etapie jego rozwoju.<\/p>\n<p class=\"my-2 [&amp;+p]:mt-4 [&amp;_strong:has(+br)]:inline-block [&amp;_strong:has(+br)]:pb-2 animate-in fade-in-25 duration-700\">Dowiesz si\u0119:<\/p>\n<ul class=\"marker:text-quiet list-disc pl-8\">\n<li class=\"py-0 my-0 prose-p:pt-0 prose-p:mb-2 prose-p:my-0 [&amp;&gt;p]:pt-0 [&amp;&gt;p]:mb-2 [&amp;&gt;p]:my-0 animate-in fade-in-25 duration-700\">\n<p class=\"my-2 [&amp;+p]:mt-4 [&amp;_strong:has(+br)]:inline-block [&amp;_strong:has(+br)]:pb-2 animate-in fade-in-25 duration-700\">Czym jest socjalizacja pierwotna i dlaczego okno socjalizacyjne zamyka si\u0119 bezpowrotnie oko\u0142o 12. tygodnia \u017cycia<\/p>\n<\/li>\n<li class=\"py-0 my-0 prose-p:pt-0 prose-p:mb-2 prose-p:my-0 [&amp;&gt;p]:pt-0 [&amp;&gt;p]:mb-2 [&amp;&gt;p]:my-0 animate-in fade-in-25 duration-700\">\n<p class=\"my-2 [&amp;+p]:mt-4 [&amp;_strong:has(+br)]:inline-block [&amp;_strong:has(+br)]:pb-2 animate-in fade-in-25 duration-700\">Jak przebiega rozw\u00f3j koci\u0119cia tydzie\u0144 po tygodniu \u2013 co potrafi, czego potrzebuje i na co jest gotowe w ka\u017cdym etapie<\/p>\n<\/li>\n<li class=\"py-0 my-0 prose-p:pt-0 prose-p:mb-2 prose-p:my-0 [&amp;&gt;p]:pt-0 [&amp;&gt;p]:mb-2 [&amp;&gt;p]:my-0 animate-in fade-in-25 duration-700\">\n<p class=\"my-2 [&amp;+p]:mt-4 [&amp;_strong:has(+br)]:inline-block [&amp;_strong:has(+br)]:pb-2 animate-in fade-in-25 duration-700\">Jak prawid\u0142owo wprowadza\u0107 nowe bod\u017ace \u2013 d\u017awi\u0119ki, zapachy, faktury, ludzi, zwierz\u0119ta \u2013 \u017ceby budowa\u0107 pewno\u015b\u0107 siebie, a nie stres<\/p>\n<\/li>\n<li class=\"py-0 my-0 prose-p:pt-0 prose-p:mb-2 prose-p:my-0 [&amp;&gt;p]:pt-0 [&amp;&gt;p]:mb-2 [&amp;&gt;p]:my-0 animate-in fade-in-25 duration-700\">\n<p class=\"my-2 [&amp;+p]:mt-4 [&amp;_strong:has(+br)]:inline-block [&amp;_strong:has(+br)]:pb-2 animate-in fade-in-25 duration-700\">Jak wygl\u0105da codzienny kontakt z koci\u0119ciem, kt\u00f3ry realnie wspiera socjalizacj\u0119<\/p>\n<\/li>\n<li class=\"py-0 my-0 prose-p:pt-0 prose-p:mb-2 prose-p:my-0 [&amp;&gt;p]:pt-0 [&amp;&gt;p]:mb-2 [&amp;&gt;p]:my-0 animate-in fade-in-25 duration-700\">\n<p class=\"my-2 [&amp;+p]:mt-4 [&amp;_strong:has(+br)]:inline-block [&amp;_strong:has(+br)]:pb-2 animate-in fade-in-25 duration-700\">Jakie b\u0142\u0119dy pope\u0142niaj\u0105 opiekunowie i hodowcy \u2013 cz\u0119sto w dobrej wierze \u2013 kt\u00f3re mog\u0105 skutkowa\u0107 l\u0119kliwo\u015bci\u0105 lub agresj\u0105 w doros\u0142o\u015bci<\/p>\n<\/li>\n<li class=\"py-0 my-0 prose-p:pt-0 prose-p:mb-2 prose-p:my-0 [&amp;&gt;p]:pt-0 [&amp;&gt;p]:mb-2 [&amp;&gt;p]:my-0 animate-in fade-in-25 duration-700\">\n<p class=\"my-2 [&amp;+p]:mt-4 [&amp;_strong:has(+br)]:inline-block [&amp;_strong:has(+br)]:pb-2 animate-in fade-in-25 duration-700\">Jak rozpozna\u0107, \u017ce socjalizacja przebiega prawid\u0142owo, a kiedy potrzebna jest korekta<\/p>\n<\/li>\n<li class=\"py-0 my-0 prose-p:pt-0 prose-p:mb-2 prose-p:my-0 [&amp;&gt;p]:pt-0 [&amp;&gt;p]:mb-2 [&amp;&gt;p]:my-0 animate-in fade-in-25 duration-700\">\n<p class=\"my-2 [&amp;+p]:mt-4 [&amp;_strong:has(+br)]:inline-block [&amp;_strong:has(+br)]:pb-2 animate-in fade-in-25 duration-700\">Jak budowa\u0107 pozytywne skojarzenia z cz\u0142owiekiem, dotykaniem, piel\u0119gnacj\u0105 i \u015brodowiskiem domowym<\/p>\n<\/li>\n<li class=\"py-0 my-0 prose-p:pt-0 prose-p:mb-2 prose-p:my-0 [&amp;&gt;p]:pt-0 [&amp;&gt;p]:mb-2 [&amp;&gt;p]:my-0 animate-in fade-in-25 duration-700\">\n<p class=\"my-2 [&amp;+p]:mt-4 [&amp;_strong:has(+br)]:inline-block [&amp;_strong:has(+br)]:pb-2 animate-in fade-in-25 duration-700\">Czym r\u00f3\u017cni si\u0119 koci\u0119 dobrze zsocjalizowane od koci\u0119cia z zaniedbaniami \u2013 i co mo\u017cna zrobi\u0107, gdy mamy do czynienia z tym drugim<\/p>\n<\/li>\n<\/ul>\n<p class=\"my-2 [&amp;+p]:mt-4 [&amp;_strong:has(+br)]:inline-block [&amp;_strong:has(+br)]:pb-2 animate-in fade-in-25 duration-700\">Dobrze zsocjalizowane koci\u0119 wyrasta na spokojnego, otwartego i odpornego doros\u0142ego kota, kt\u00f3ry \u0142atwo adaptuje si\u0119 do \u017cycia z lud\u017ami. Ten proces wymaga wiedzy, cierpliwo\u015bci i konsekwencji \u2013 ten materia\u0142 daje Ci wszystkie trzy.<\/p>\n","protected":false},"excerpt":{"rendered":"<div class=\"flex-shrink-0 flex flex-col relative items-end\">\n<div>\n<div class=\"pt-0\">\n<div class=\"gizmo-bot-avatar flex h-8 w-8 items-center justify-center overflow-hidden rounded-full\">\n<div class=\"relative p-1 rounded-sm flex items-center justify-center bg-token-main-surface-primary text-token-text-primary h-8 w-8\"><\/div>\n<\/div>\n<\/div>\n<\/div>\n<\/div>\n<div class=\"group\/conversation-turn relative flex w-full min-w-0 flex-col agent-turn\">\n<div class=\"flex-col gap-1 md:gap-3\">\n<div class=\"flex max-w-full flex-col flex-grow\">\n<div class=\"min-h-8 text-message flex w-full flex-col items-end gap-2 whitespace-normal break-words text-start [.text-message+&amp;]:mt-5\" dir=\"auto\" data-message-author-role=\"assistant\" data-message-id=\"d003514e-05f1-49b9-b3b6-f64800524ae0\" data-message-model-slug=\"gpt-4o\">\n<div class=\"flex w-full flex-col gap-1 empty:hidden first:pt-[3px]\">\n<div class=\"markdown prose w-full break-words dark:prose-invert dark\">\n<p>Socjalizacja pierwotna to kluczowy etap w \u017cyciu koci\u0105t, trwaj\u0105cy do 12. tygodnia \u017cycia, kt\u00f3ry kszta\u0142tuje ich zachowania i relacje z lud\u017ami. W tym czasie koci\u0119ta ucz\u0105 si\u0119 reagowa\u0107 na bod\u017ace, poznaj\u0105 otoczenie i nawi\u0105zuj\u0105 wi\u0119zi. W\u0142a\u015bciwa socjalizacja zapewnia spokojnego, pewnego siebie kota, kt\u00f3ry \u0142atwo adaptuje si\u0119 do \u017cycia w domu. Zaniedbanie tego procesu mo\u017ce prowadzi\u0107 do problem\u00f3w behawioralnych, takich jak l\u0119kliwo\u015b\u0107 czy agresja. Daj swojemu kotu najlepszy start w \u017cycie, wspieraj\u0105c go w tym kluczowym okresie.<\/p>\n<\/div>\n<\/div>\n<\/div>\n<\/div>\n<\/div>\n<\/div>\n","protected":false},"featured_media":7495,"comment_status":"open","ping_status":"closed","template":"","meta":[],"product_brand":[],"product_cat":[60],"product_tag":[609,628,621,606,618,625,612,64,366,611,617,631,364,601,603,604,616,615,623,633,624,605,632,62,608,598,614,602,607,365,599,619,610,600,65,596,363,597,622,627,630,613,620,629,626],"class_list":{"0":"post-7462","1":"product","2":"type-product","3":"status-publish","4":"has-post-thumbnail","6":"product_cat-ebooki","7":"product_tag-agresja-kota-przyczyny","8":"product_tag-behawiorysta-kocieta","9":"product_tag-bodzce-dla-kociecia","10":"product_tag-budowanie-zaufania-u-kota","11":"product_tag-codzienny-kontakt-z-kocieciem","12":"product_tag-dobrostan-kociecia","13":"product_tag-dom-tymczasowy-kocieta","14":"product_tag-ebook","15":"product_tag-ebook-o-kotach","16":"product_tag-hodowla-kotow-socjalizacja","17":"product_tag-jak-socjalizowac-kocieta","18":"product_tag-jak-wychowac-kocie","19":"product_tag-koci-sklep","20":"product_tag-kocie-a-czlowiek","21":"product_tag-kocie-a-dotyk","22":"product_tag-kocie-a-dzwieki","23":"product_tag-kocie-a-inne-zwierzeta","24":"product_tag-kocie-a-ludzie","25":"product_tag-kocie-a-pielegnacja","26":"product_tag-kocie-a-rodzina","27":"product_tag-kocie-a-weterynarz","28":"product_tag-kocie-a-zapachy","29":"product_tag-kocie-pierwsze-tygodnie","30":"product_tag-kocie-porady","31":"product_tag-lekliwosc-kota-przyczyny","32":"product_tag-okno-socjalizacyjne-kocie","33":"product_tag-opieka-nad-miotem","34":"product_tag-oswajanie-kociecia","35":"product_tag-pewnosc-siebie-kota","36":"product_tag-pierwotna-socjalizacja","37":"product_tag-pierwsze-tygodnie-zycia-kociecia","38":"product_tag-pozytywne-skojarzenia-kocie","39":"product_tag-problemy-behawioralne-kociecia","40":"product_tag-rozwoj-kociecia","41":"product_tag-socjalizacja","42":"product_tag-socjalizacja-kociat","43":"product_tag-socjalizacja-pierwotna","44":"product_tag-socjalizacja-pierwotna-kot","45":"product_tag-stymulacja-sensoryczna-kocie","46":"product_tag-szczesliwy-kot","47":"product_tag-szkolenie-online-koty","48":"product_tag-wolontariat-kocieta","49":"product_tag-wzbogacanie-srodowiska-kociecia","50":"product_tag-zoopsycholog-kocieta","51":"product_tag-zrownowazony-kot","53":"first","54":"instock","55":"downloadable","56":"virtual","57":"taxable","58":"purchasable","59":"product-type-simple"},"yoast_head":"<!-- This site is optimized with the Yoast SEO plugin v27.4 - https:\/\/yoast.com\/product\/yoast-seo-wordpress\/ -->\n<title>Socjalizacja pierwotna kot\u00f3w - ebook - Sklep dla kocich opiekun\u00f3w<\/title>\n<meta name=\"description\" content=\"Socjalizacja pierwotna kot\u00f3w to ebook dla kocich opiekun\u00f3w kt\u00f3rych interesuje rozw\u00f3j kot\u00f3w, i ich zachowa\u0144.\" \/>\n<meta name=\"robots\" content=\"index, follow, max-snippet:-1, max-image-preview:large, max-video-preview:-1\" \/>\n<link rel=\"canonical\" href=\"https:\/\/kocie-porady.pl\/sklep\/index.php\/produkt\/ebook-socjalizacja-pierwotna-kotow\/\" \/>\n<meta property=\"og:locale\" content=\"pl_PL\" \/>\n<meta property=\"og:type\" content=\"article\" \/>\n<meta property=\"og:title\" content=\"Socjalizacja pierwotna kot\u00f3w - ebook - Sklep dla kocich opiekun\u00f3w\" \/>\n<meta property=\"og:description\" content=\"Socjalizacja pierwotna kot\u00f3w to ebook dla kocich opiekun\u00f3w kt\u00f3rych interesuje rozw\u00f3j kot\u00f3w, i ich zachowa\u0144.\" \/>\n<meta property=\"og:url\" content=\"https:\/\/kocie-porady.pl\/sklep\/index.php\/produkt\/ebook-socjalizacja-pierwotna-kotow\/\" \/>\n<meta property=\"og:site_name\" content=\"Sklep dla kocich opiekun\u00f3w\" \/>\n<meta property=\"article:modified_time\" content=\"2026-04-14T12:13:43+00:00\" \/>\n<meta property=\"og:image\" content=\"https:\/\/kocie-porady.pl\/sklep\/wp-content\/uploads\/2025\/01\/Socjalizacja-pierwotna-kotow.png\" \/>\n\t<meta property=\"og:image:width\" content=\"800\" \/>\n\t<meta property=\"og:image:height\" content=\"800\" \/>\n\t<meta property=\"og:image:type\" content=\"image\/png\" \/>\n<meta name=\"twitter:card\" content=\"summary_large_image\" \/>\n<meta name=\"twitter:label1\" content=\"Szacowany czas czytania\" \/>\n\t<meta name=\"twitter:data1\" content=\"2 minuty\" \/>\n<script type=\"application\/ld+json\" class=\"yoast-schema-graph\">{\"@context\":\"https:\\\/\\\/schema.org\",\"@graph\":[{\"@type\":\"WebPage\",\"@id\":\"https:\\\/\\\/kocie-porady.pl\\\/sklep\\\/index.php\\\/produkt\\\/ebook-socjalizacja-pierwotna-kotow\\\/\",\"url\":\"https:\\\/\\\/kocie-porady.pl\\\/sklep\\\/index.php\\\/produkt\\\/ebook-socjalizacja-pierwotna-kotow\\\/\",\"name\":\"Socjalizacja pierwotna kot\u00f3w - ebook - Sklep dla kocich opiekun\u00f3w\",\"isPartOf\":{\"@id\":\"https:\\\/\\\/kocie-porady.pl\\\/sklep\\\/#website\"},\"primaryImageOfPage\":{\"@id\":\"https:\\\/\\\/kocie-porady.pl\\\/sklep\\\/index.php\\\/produkt\\\/ebook-socjalizacja-pierwotna-kotow\\\/#primaryimage\"},\"image\":{\"@id\":\"https:\\\/\\\/kocie-porady.pl\\\/sklep\\\/index.php\\\/produkt\\\/ebook-socjalizacja-pierwotna-kotow\\\/#primaryimage\"},\"thumbnailUrl\":\"https:\\\/\\\/kocie-porady.pl\\\/sklep\\\/wp-content\\\/uploads\\\/2025\\\/01\\\/Socjalizacja-pierwotna-kotow.png\",\"datePublished\":\"2025-01-11T22:29:53+00:00\",\"dateModified\":\"2026-04-14T12:13:43+00:00\",\"description\":\"Socjalizacja pierwotna kot\u00f3w to ebook dla kocich opiekun\u00f3w kt\u00f3rych interesuje rozw\u00f3j kot\u00f3w, i ich zachowa\u0144.\",\"breadcrumb\":{\"@id\":\"https:\\\/\\\/kocie-porady.pl\\\/sklep\\\/index.php\\\/produkt\\\/ebook-socjalizacja-pierwotna-kotow\\\/#breadcrumb\"},\"inLanguage\":\"pl-PL\",\"potentialAction\":[{\"@type\":\"ReadAction\",\"target\":[\"https:\\\/\\\/kocie-porady.pl\\\/sklep\\\/index.php\\\/produkt\\\/ebook-socjalizacja-pierwotna-kotow\\\/\"]}]},{\"@type\":\"ImageObject\",\"inLanguage\":\"pl-PL\",\"@id\":\"https:\\\/\\\/kocie-porady.pl\\\/sklep\\\/index.php\\\/produkt\\\/ebook-socjalizacja-pierwotna-kotow\\\/#primaryimage\",\"url\":\"https:\\\/\\\/kocie-porady.pl\\\/sklep\\\/wp-content\\\/uploads\\\/2025\\\/01\\\/Socjalizacja-pierwotna-kotow.png\",\"contentUrl\":\"https:\\\/\\\/kocie-porady.pl\\\/sklep\\\/wp-content\\\/uploads\\\/2025\\\/01\\\/Socjalizacja-pierwotna-kotow.png\",\"width\":800,\"height\":800,\"caption\":\"Socjalizacja pierwotna kot\u00f3w\"},{\"@type\":\"BreadcrumbList\",\"@id\":\"https:\\\/\\\/kocie-porady.pl\\\/sklep\\\/index.php\\\/produkt\\\/ebook-socjalizacja-pierwotna-kotow\\\/#breadcrumb\",\"itemListElement\":[{\"@type\":\"ListItem\",\"position\":1,\"name\":\"Strona g\u0142\u00f3wna\",\"item\":\"https:\\\/\\\/kocie-porady.pl\\\/sklep\\\/\"},{\"@type\":\"ListItem\",\"position\":2,\"name\":\"Sklep\",\"item\":\"https:\\\/\\\/kocie-porady.pl\\\/sklep\\\/index.php\\\/sklep\\\/\"},{\"@type\":\"ListItem\",\"position\":3,\"name\":\"Socjalizacja pierwotna kot\u00f3w &#8211; ebook\"}]},{\"@type\":\"WebSite\",\"@id\":\"https:\\\/\\\/kocie-porady.pl\\\/sklep\\\/#website\",\"url\":\"https:\\\/\\\/kocie-porady.pl\\\/sklep\\\/\",\"name\":\"Sklep dla kocich opiekun\u00f3w\",\"description\":\"\",\"publisher\":{\"@id\":\"https:\\\/\\\/kocie-porady.pl\\\/sklep\\\/#\\\/schema\\\/person\\\/3585b25f6c41a8448e9e088f50954cf4\"},\"potentialAction\":[{\"@type\":\"SearchAction\",\"target\":{\"@type\":\"EntryPoint\",\"urlTemplate\":\"https:\\\/\\\/kocie-porady.pl\\\/sklep\\\/?s={search_term_string}\"},\"query-input\":{\"@type\":\"PropertyValueSpecification\",\"valueRequired\":true,\"valueName\":\"search_term_string\"}}],\"inLanguage\":\"pl-PL\"},{\"@type\":[\"Person\",\"Organization\"],\"@id\":\"https:\\\/\\\/kocie-porady.pl\\\/sklep\\\/#\\\/schema\\\/person\\\/3585b25f6c41a8448e9e088f50954cf4\",\"name\":\"admin\",\"image\":{\"@type\":\"ImageObject\",\"inLanguage\":\"pl-PL\",\"@id\":\"https:\\\/\\\/kocie-porady.pl\\\/sklep\\\/wp-content\\\/uploads\\\/2026\\\/04\\\/koci-behawioryzm-500-x-200-px-2.png\",\"url\":\"https:\\\/\\\/kocie-porady.pl\\\/sklep\\\/wp-content\\\/uploads\\\/2026\\\/04\\\/koci-behawioryzm-500-x-200-px-2.png\",\"contentUrl\":\"https:\\\/\\\/kocie-porady.pl\\\/sklep\\\/wp-content\\\/uploads\\\/2026\\\/04\\\/koci-behawioryzm-500-x-200-px-2.png\",\"width\":200,\"height\":100,\"caption\":\"admin\"},\"logo\":{\"@id\":\"https:\\\/\\\/kocie-porady.pl\\\/sklep\\\/wp-content\\\/uploads\\\/2026\\\/04\\\/koci-behawioryzm-500-x-200-px-2.png\"},\"sameAs\":[\"https:\\\/\\\/kocie-porady.pl\\\/sklep\"]}]}<\/script>\n<!-- \/ Yoast SEO plugin. -->","yoast_head_json":{"title":"Socjalizacja pierwotna kot\u00f3w - ebook - Sklep dla kocich opiekun\u00f3w","description":"Socjalizacja pierwotna kot\u00f3w to ebook dla kocich opiekun\u00f3w kt\u00f3rych interesuje rozw\u00f3j kot\u00f3w, i ich zachowa\u0144.","robots":{"index":"index","follow":"follow","max-snippet":"max-snippet:-1","max-image-preview":"max-image-preview:large","max-video-preview":"max-video-preview:-1"},"canonical":"https:\/\/kocie-porady.pl\/sklep\/index.php\/produkt\/ebook-socjalizacja-pierwotna-kotow\/","og_locale":"pl_PL","og_type":"article","og_title":"Socjalizacja pierwotna kot\u00f3w - ebook - Sklep dla kocich opiekun\u00f3w","og_description":"Socjalizacja pierwotna kot\u00f3w to ebook dla kocich opiekun\u00f3w kt\u00f3rych interesuje rozw\u00f3j kot\u00f3w, i ich zachowa\u0144.","og_url":"https:\/\/kocie-porady.pl\/sklep\/index.php\/produkt\/ebook-socjalizacja-pierwotna-kotow\/","og_site_name":"Sklep dla kocich opiekun\u00f3w","article_modified_time":"2026-04-14T12:13:43+00:00","og_image":[{"width":800,"height":800,"url":"https:\/\/kocie-porady.pl\/sklep\/wp-content\/uploads\/2025\/01\/Socjalizacja-pierwotna-kotow.png","type":"image\/png"}],"twitter_card":"summary_large_image","twitter_misc":{"Szacowany czas czytania":"2 minuty"},"schema":{"@context":"https:\/\/schema.org","@graph":[{"@type":"WebPage","@id":"https:\/\/kocie-porady.pl\/sklep\/index.php\/produkt\/ebook-socjalizacja-pierwotna-kotow\/","url":"https:\/\/kocie-porady.pl\/sklep\/index.php\/produkt\/ebook-socjalizacja-pierwotna-kotow\/","name":"Socjalizacja pierwotna kot\u00f3w - ebook - Sklep dla kocich opiekun\u00f3w","isPartOf":{"@id":"https:\/\/kocie-porady.pl\/sklep\/#website"},"primaryImageOfPage":{"@id":"https:\/\/kocie-porady.pl\/sklep\/index.php\/produkt\/ebook-socjalizacja-pierwotna-kotow\/#primaryimage"},"image":{"@id":"https:\/\/kocie-porady.pl\/sklep\/index.php\/produkt\/ebook-socjalizacja-pierwotna-kotow\/#primaryimage"},"thumbnailUrl":"https:\/\/kocie-porady.pl\/sklep\/wp-content\/uploads\/2025\/01\/Socjalizacja-pierwotna-kotow.png","datePublished":"2025-01-11T22:29:53+00:00","dateModified":"2026-04-14T12:13:43+00:00","description":"Socjalizacja pierwotna kot\u00f3w to ebook dla kocich opiekun\u00f3w kt\u00f3rych interesuje rozw\u00f3j kot\u00f3w, i ich zachowa\u0144.","breadcrumb":{"@id":"https:\/\/kocie-porady.pl\/sklep\/index.php\/produkt\/ebook-socjalizacja-pierwotna-kotow\/#breadcrumb"},"inLanguage":"pl-PL","potentialAction":[{"@type":"ReadAction","target":["https:\/\/kocie-porady.pl\/sklep\/index.php\/produkt\/ebook-socjalizacja-pierwotna-kotow\/"]}]},{"@type":"ImageObject","inLanguage":"pl-PL","@id":"https:\/\/kocie-porady.pl\/sklep\/index.php\/produkt\/ebook-socjalizacja-pierwotna-kotow\/#primaryimage","url":"https:\/\/kocie-porady.pl\/sklep\/wp-content\/uploads\/2025\/01\/Socjalizacja-pierwotna-kotow.png","contentUrl":"https:\/\/kocie-porady.pl\/sklep\/wp-content\/uploads\/2025\/01\/Socjalizacja-pierwotna-kotow.png","width":800,"height":800,"caption":"Socjalizacja pierwotna kot\u00f3w"},{"@type":"BreadcrumbList","@id":"https:\/\/kocie-porady.pl\/sklep\/index.php\/produkt\/ebook-socjalizacja-pierwotna-kotow\/#breadcrumb","itemListElement":[{"@type":"ListItem","position":1,"name":"Strona g\u0142\u00f3wna","item":"https:\/\/kocie-porady.pl\/sklep\/"},{"@type":"ListItem","position":2,"name":"Sklep","item":"https:\/\/kocie-porady.pl\/sklep\/index.php\/sklep\/"},{"@type":"ListItem","position":3,"name":"Socjalizacja pierwotna kot\u00f3w &#8211; ebook"}]},{"@type":"WebSite","@id":"https:\/\/kocie-porady.pl\/sklep\/#website","url":"https:\/\/kocie-porady.pl\/sklep\/","name":"Sklep dla kocich opiekun\u00f3w","description":"","publisher":{"@id":"https:\/\/kocie-porady.pl\/sklep\/#\/schema\/person\/3585b25f6c41a8448e9e088f50954cf4"},"potentialAction":[{"@type":"SearchAction","target":{"@type":"EntryPoint","urlTemplate":"https:\/\/kocie-porady.pl\/sklep\/?s={search_term_string}"},"query-input":{"@type":"PropertyValueSpecification","valueRequired":true,"valueName":"search_term_string"}}],"inLanguage":"pl-PL"},{"@type":["Person","Organization"],"@id":"https:\/\/kocie-porady.pl\/sklep\/#\/schema\/person\/3585b25f6c41a8448e9e088f50954cf4","name":"admin","image":{"@type":"ImageObject","inLanguage":"pl-PL","@id":"https:\/\/kocie-porady.pl\/sklep\/wp-content\/uploads\/2026\/04\/koci-behawioryzm-500-x-200-px-2.png","url":"https:\/\/kocie-porady.pl\/sklep\/wp-content\/uploads\/2026\/04\/koci-behawioryzm-500-x-200-px-2.png","contentUrl":"https:\/\/kocie-porady.pl\/sklep\/wp-content\/uploads\/2026\/04\/koci-behawioryzm-500-x-200-px-2.png","width":200,"height":100,"caption":"admin"},"logo":{"@id":"https:\/\/kocie-porady.pl\/sklep\/wp-content\/uploads\/2026\/04\/koci-behawioryzm-500-x-200-px-2.png"},"sameAs":["https:\/\/kocie-porady.pl\/sklep"]}]}},"jetpack_sharing_enabled":true,"_links":{"self":[{"href":"https:\/\/kocie-porady.pl\/sklep\/index.php\/wp-json\/wp\/v2\/product\/7462","targetHints":{"allow":["GET"]}}],"collection":[{"href":"https:\/\/kocie-porady.pl\/sklep\/index.php\/wp-json\/wp\/v2\/product"}],"about":[{"href":"https:\/\/kocie-porady.pl\/sklep\/index.php\/wp-json\/wp\/v2\/types\/product"}],"replies":[{"embeddable":true,"href":"https:\/\/kocie-porady.pl\/sklep\/index.php\/wp-json\/wp\/v2\/comments?post=7462"}],"wp:featuredmedia":[{"embeddable":true,"href":"https:\/\/kocie-porady.pl\/sklep\/index.php\/wp-json\/wp\/v2\/media\/7495"}],"wp:attachment":[{"href":"https:\/\/kocie-porady.pl\/sklep\/index.php\/wp-json\/wp\/v2\/media?parent=7462"}],"wp:term":[{"taxonomy":"product_brand","embeddable":true,"href":"https:\/\/kocie-porady.pl\/sklep\/index.php\/wp-json\/wp\/v2\/product_brand?post=7462"},{"taxonomy":"product_cat","embeddable":true,"href":"https:\/\/kocie-porady.pl\/sklep\/index.php\/wp-json\/wp\/v2\/product_cat?post=7462"},{"taxonomy":"product_tag","embeddable":true,"href":"https:\/\/kocie-porady.pl\/sklep\/index.php\/wp-json\/wp\/v2\/product_tag?post=7462"}],"curies":[{"name":"wp","href":"https:\/\/api.w.org\/{rel}","templated":true}]}}