{"id":7373,"date":"2024-08-17T20:25:03","date_gmt":"2024-08-17T20:25:03","guid":{"rendered":"https:\/\/kocie-porady.pl\/sklep\/?post_type=product&#038;p=7373"},"modified":"2026-04-14T12:05:50","modified_gmt":"2026-04-14T12:05:50","slug":"szkolenie-dla-opiekunow-podstawy-opieki-nad-kotem-domowym","status":"publish","type":"product","link":"https:\/\/kocie-porady.pl\/sklep\/index.php\/produkt\/szkolenie-dla-opiekunow-podstawy-opieki-nad-kotem-domowym\/","title":{"rendered":"Podstawy opieki nad kotem domowym &#8211; szkolenie online"},"content":{"rendered":"<p class=\"my-2 [&amp;+p]:mt-4 [&amp;_strong:has(+br)]:inline-block [&amp;_strong:has(+br)]:pb-2 animate-in fade-in-25 duration-700\">Marzysz o kocie albo w\u0142a\u015bnie go adoptowa\u0142e\u015b\/a\u015b \u2013 i chcesz zrobi\u0107 to dobrze od samego pocz\u0105tku? A mo\u017ce masz kota od jakiego\u015b czasu, ale czujesz, \u017ce pewnych rzeczy po prostu nikt Ci nie wyt\u0142umaczy\u0142? To szkolenie jest dla Ciebie.<\/p>\n<p class=\"my-2 [&amp;+p]:mt-4 [&amp;_strong:has(+br)]:inline-block [&amp;_strong:has(+br)]:pb-2 animate-in fade-in-25 duration-700\">Opieka nad kotem to znacznie wi\u0119cej ni\u017c miska z jedzeniem i kuweta w rogu pokoju. Kot to zwierz\u0119 z konkretnymi potrzebami behawioralnymi, \u017cywieniowymi i \u015brodowiskowymi \u2013 a ich zrozumienie to fundament jego zdrowia, dobrostanu i Waszej wsp\u00f3lnej relacji.<\/p>\n<p class=\"my-2 [&amp;+p]:mt-4 [&amp;_strong:has(+br)]:inline-block [&amp;_strong:has(+br)]:pb-2 animate-in fade-in-25 duration-700\">W tym szkoleniu online dowiesz si\u0119:<\/p>\n<ul class=\"marker:text-quiet list-disc pl-8\">\n<li class=\"py-0 my-0 prose-p:pt-0 prose-p:mb-2 prose-p:my-0 [&amp;&gt;p]:pt-0 [&amp;&gt;p]:mb-2 [&amp;&gt;p]:my-0 animate-in fade-in-25 duration-700\">\n<p class=\"my-2 [&amp;+p]:mt-4 [&amp;_strong:has(+br)]:inline-block [&amp;_strong:has(+br)]:pb-2 animate-in fade-in-25 duration-700\">Jak przygotowa\u0107 dom przed przyj\u015bciem kota \u2013 co kupi\u0107, czego unika\u0107, jak rozplanowa\u0107 przestrze\u0144<\/p>\n<\/li>\n<li class=\"py-0 my-0 prose-p:pt-0 prose-p:mb-2 prose-p:my-0 [&amp;&gt;p]:pt-0 [&amp;&gt;p]:mb-2 [&amp;&gt;p]:my-0 animate-in fade-in-25 duration-700\">\n<p class=\"my-2 [&amp;+p]:mt-4 [&amp;_strong:has(+br)]:inline-block [&amp;_strong:has(+br)]:pb-2 animate-in fade-in-25 duration-700\">Jak przebiega adaptacja kota w nowym miejscu i jak przez ni\u0105 m\u0105drze przeprowadzi\u0107 zwierz\u0119<\/p>\n<\/li>\n<li class=\"py-0 my-0 prose-p:pt-0 prose-p:mb-2 prose-p:my-0 [&amp;&gt;p]:pt-0 [&amp;&gt;p]:mb-2 [&amp;&gt;p]:my-0 animate-in fade-in-25 duration-700\">\n<p class=\"my-2 [&amp;+p]:mt-4 [&amp;_strong:has(+br)]:inline-block [&amp;_strong:has(+br)]:pb-2 animate-in fade-in-25 duration-700\">Czym karmi\u0107 kota, jak czyta\u0107 etykiety karm i jakich b\u0142\u0119d\u00f3w \u017cywieniowych unika\u0107<\/p>\n<\/li>\n<li class=\"py-0 my-0 prose-p:pt-0 prose-p:mb-2 prose-p:my-0 [&amp;&gt;p]:pt-0 [&amp;&gt;p]:mb-2 [&amp;&gt;p]:my-0 animate-in fade-in-25 duration-700\">\n<p class=\"my-2 [&amp;+p]:mt-4 [&amp;_strong:has(+br)]:inline-block [&amp;_strong:has(+br)]:pb-2 animate-in fade-in-25 duration-700\">Jak dba\u0107 o zdrowie kota \u2013 profilaktyka, szczepienia, odrobaczanie, wizyty weterynaryjne<\/p>\n<\/li>\n<li class=\"py-0 my-0 prose-p:pt-0 prose-p:mb-2 prose-p:my-0 [&amp;&gt;p]:pt-0 [&amp;&gt;p]:mb-2 [&amp;&gt;p]:my-0 animate-in fade-in-25 duration-700\">\n<p class=\"my-2 [&amp;+p]:mt-4 [&amp;_strong:has(+br)]:inline-block [&amp;_strong:has(+br)]:pb-2 animate-in fade-in-25 duration-700\">Jak rozumie\u0107 zachowanie kota \u2013 mowa cia\u0142a, komunikacja, potrzeby gatunkowe<\/p>\n<\/li>\n<li class=\"py-0 my-0 prose-p:pt-0 prose-p:mb-2 prose-p:my-0 [&amp;&gt;p]:pt-0 [&amp;&gt;p]:mb-2 [&amp;&gt;p]:my-0 animate-in fade-in-25 duration-700\">\n<p class=\"my-2 [&amp;+p]:mt-4 [&amp;_strong:has(+br)]:inline-block [&amp;_strong:has(+br)]:pb-2 animate-in fade-in-25 duration-700\">Jak dba\u0107 o dobrostan psychiczny kota \u2013 wzbogacanie \u015brodowiska, zabawa, stymulacja<\/p>\n<\/li>\n<li class=\"py-0 my-0 prose-p:pt-0 prose-p:mb-2 prose-p:my-0 [&amp;&gt;p]:pt-0 [&amp;&gt;p]:mb-2 [&amp;&gt;p]:my-0 animate-in fade-in-25 duration-700\">\n<p class=\"my-2 [&amp;+p]:mt-4 [&amp;_strong:has(+br)]:inline-block [&amp;_strong:has(+br)]:pb-2 animate-in fade-in-25 duration-700\">Jak wychowywa\u0107 kota bez kar, w oparciu o jego natur\u0119 i potrzeby<\/p>\n<\/li>\n<\/ul>\n<p class=\"my-2 [&amp;+p]:mt-4 [&amp;_strong:has(+br)]:inline-block [&amp;_strong:has(+br)]:pb-2 animate-in fade-in-25 duration-700\">Kurs \u0142\u0105czy rzeteln\u0105 wiedz\u0119 behawioraln\u0105 i weterynaryjn\u0105 z praktycznymi wskaz\u00f3wkami, kt\u00f3re mo\u017cesz wdro\u017cy\u0107 od razu. Bez zb\u0119dnej teorii, za to z konkretnymi narz\u0119dziami na co dzie\u0144.<\/p>\n<p class=\"my-2 [&amp;+p]:mt-4 [&amp;_strong:has(+br)]:inline-block [&amp;_strong:has(+br)]:pb-2 animate-in fade-in-25 duration-700\">Szkolenie dost\u0119pne jest w formie wideo z materia\u0142ami do pobrania. Masz do niego nieograniczony dost\u0119p \u2013 wracaj, kiedy tylko chcesz.<\/p>\n","protected":false},"excerpt":{"rendered":"<p>Chcesz lepiej zrozumie\u0107 potrzeby swojego kota i zapewni\u0107 mu najlepsz\u0105 opiek\u0119? Nasze szkolenie z podstaw opieki nad kotem domowym to idealna okazja, aby zdoby\u0107 wiedz\u0119, kt\u00f3ra uczyni Ci\u0119 \u015bwiadomym i troskliwym opiekunem. Nauczysz si\u0119, jak dba\u0107 o zdrowie, diet\u0119, higien\u0119 i emocjonalne potrzeby swojego pupila. Dowiedz si\u0119, jak zbudowa\u0107 siln\u0105 wi\u0119\u017a z kotem i zapewni\u0107 mu szcz\u0119\u015bliwe, bezpieczne \u017cycie. Zapisz si\u0119 ju\u017c dzi\u015b i podnie\u015b swoje umiej\u0119tno\u015bci na wy\u017cszy poziom!<\/p>\n","protected":false},"featured_media":7374,"comment_status":"open","ping_status":"closed","template":"","meta":[],"product_brand":[],"product_cat":[76],"product_tag":[325,62,88,259,89,242,98,324,82,326,327],"class_list":{"0":"post-7373","1":"product","2":"type-product","3":"status-publish","4":"has-post-thumbnail","6":"product_cat-wyklady","7":"product_tag-dla-opiekunow","8":"product_tag-kocie-porady","9":"product_tag-kot","10":"product_tag-kot-domowy","11":"product_tag-koty","12":"product_tag-kurs","13":"product_tag-online","14":"product_tag-podstawy-opieki-nad-kotem-domowym","15":"product_tag-szkolenie","16":"product_tag-szkolenie-kocie","17":"product_tag-szkolenie-o-kotach","19":"first","20":"instock","21":"virtual","22":"taxable","23":"purchasable","24":"product-type-simple"},"yoast_head":"<!-- This site is optimized with the Yoast SEO plugin v27.4 - https:\/\/yoast.com\/product\/yoast-seo-wordpress\/ -->\n<title>Podstawy opieki nad kotem domowym - szkolenie online - Sklep dla kocich opiekun\u00f3w<\/title>\n<meta name=\"description\" content=\"Podstawy opieki nad kotem domowym. Poznaj podstawy opieki, \u017cywienia i wychowania \u2013 rzetelna wiedza dla ka\u017cdego opiekuna, kt\u00f3ry chce robi\u0107 to dobrze.\" \/>\n<meta name=\"robots\" content=\"index, follow, max-snippet:-1, max-image-preview:large, max-video-preview:-1\" \/>\n<link rel=\"canonical\" href=\"https:\/\/kocie-porady.pl\/sklep\/index.php\/produkt\/szkolenie-dla-opiekunow-podstawy-opieki-nad-kotem-domowym\/\" \/>\n<meta property=\"og:locale\" content=\"pl_PL\" \/>\n<meta property=\"og:type\" content=\"article\" \/>\n<meta property=\"og:title\" content=\"Podstawy opieki nad kotem domowym - szkolenie online - Sklep dla kocich opiekun\u00f3w\" \/>\n<meta property=\"og:description\" content=\"Podstawy opieki nad kotem domowym. Poznaj podstawy opieki, \u017cywienia i wychowania \u2013 rzetelna wiedza dla ka\u017cdego opiekuna, kt\u00f3ry chce robi\u0107 to dobrze.\" \/>\n<meta property=\"og:url\" content=\"https:\/\/kocie-porady.pl\/sklep\/index.php\/produkt\/szkolenie-dla-opiekunow-podstawy-opieki-nad-kotem-domowym\/\" \/>\n<meta property=\"og:site_name\" content=\"Sklep dla kocich opiekun\u00f3w\" \/>\n<meta property=\"article:modified_time\" content=\"2026-04-14T12:05:50+00:00\" \/>\n<meta property=\"og:image\" content=\"https:\/\/kocie-porady.pl\/sklep\/wp-content\/uploads\/2024\/08\/podstawowe-szkolenie.png\" \/>\n\t<meta property=\"og:image:width\" content=\"800\" \/>\n\t<meta property=\"og:image:height\" content=\"800\" \/>\n\t<meta property=\"og:image:type\" content=\"image\/png\" \/>\n<meta name=\"twitter:card\" content=\"summary_large_image\" \/>\n<meta name=\"twitter:label1\" content=\"Szacowany czas czytania\" \/>\n\t<meta name=\"twitter:data1\" content=\"2 minuty\" \/>\n<script type=\"application\/ld+json\" class=\"yoast-schema-graph\">{\"@context\":\"https:\\\/\\\/schema.org\",\"@graph\":[{\"@type\":\"WebPage\",\"@id\":\"https:\\\/\\\/kocie-porady.pl\\\/sklep\\\/index.php\\\/produkt\\\/szkolenie-dla-opiekunow-podstawy-opieki-nad-kotem-domowym\\\/\",\"url\":\"https:\\\/\\\/kocie-porady.pl\\\/sklep\\\/index.php\\\/produkt\\\/szkolenie-dla-opiekunow-podstawy-opieki-nad-kotem-domowym\\\/\",\"name\":\"Podstawy opieki nad kotem domowym - szkolenie online - Sklep dla kocich opiekun\u00f3w\",\"isPartOf\":{\"@id\":\"https:\\\/\\\/kocie-porady.pl\\\/sklep\\\/#website\"},\"primaryImageOfPage\":{\"@id\":\"https:\\\/\\\/kocie-porady.pl\\\/sklep\\\/index.php\\\/produkt\\\/szkolenie-dla-opiekunow-podstawy-opieki-nad-kotem-domowym\\\/#primaryimage\"},\"image\":{\"@id\":\"https:\\\/\\\/kocie-porady.pl\\\/sklep\\\/index.php\\\/produkt\\\/szkolenie-dla-opiekunow-podstawy-opieki-nad-kotem-domowym\\\/#primaryimage\"},\"thumbnailUrl\":\"https:\\\/\\\/kocie-porady.pl\\\/sklep\\\/wp-content\\\/uploads\\\/2024\\\/08\\\/podstawowe-szkolenie.png\",\"datePublished\":\"2024-08-17T20:25:03+00:00\",\"dateModified\":\"2026-04-14T12:05:50+00:00\",\"description\":\"Podstawy opieki nad kotem domowym. Poznaj podstawy opieki, \u017cywienia i wychowania \u2013 rzetelna wiedza dla ka\u017cdego opiekuna, kt\u00f3ry chce robi\u0107 to dobrze.\",\"breadcrumb\":{\"@id\":\"https:\\\/\\\/kocie-porady.pl\\\/sklep\\\/index.php\\\/produkt\\\/szkolenie-dla-opiekunow-podstawy-opieki-nad-kotem-domowym\\\/#breadcrumb\"},\"inLanguage\":\"pl-PL\",\"potentialAction\":[{\"@type\":\"ReadAction\",\"target\":[\"https:\\\/\\\/kocie-porady.pl\\\/sklep\\\/index.php\\\/produkt\\\/szkolenie-dla-opiekunow-podstawy-opieki-nad-kotem-domowym\\\/\"]}]},{\"@type\":\"ImageObject\",\"inLanguage\":\"pl-PL\",\"@id\":\"https:\\\/\\\/kocie-porady.pl\\\/sklep\\\/index.php\\\/produkt\\\/szkolenie-dla-opiekunow-podstawy-opieki-nad-kotem-domowym\\\/#primaryimage\",\"url\":\"https:\\\/\\\/kocie-porady.pl\\\/sklep\\\/wp-content\\\/uploads\\\/2024\\\/08\\\/podstawowe-szkolenie.png\",\"contentUrl\":\"https:\\\/\\\/kocie-porady.pl\\\/sklep\\\/wp-content\\\/uploads\\\/2024\\\/08\\\/podstawowe-szkolenie.png\",\"width\":800,\"height\":800},{\"@type\":\"BreadcrumbList\",\"@id\":\"https:\\\/\\\/kocie-porady.pl\\\/sklep\\\/index.php\\\/produkt\\\/szkolenie-dla-opiekunow-podstawy-opieki-nad-kotem-domowym\\\/#breadcrumb\",\"itemListElement\":[{\"@type\":\"ListItem\",\"position\":1,\"name\":\"Strona g\u0142\u00f3wna\",\"item\":\"https:\\\/\\\/kocie-porady.pl\\\/sklep\\\/\"},{\"@type\":\"ListItem\",\"position\":2,\"name\":\"Sklep\",\"item\":\"https:\\\/\\\/kocie-porady.pl\\\/sklep\\\/index.php\\\/sklep\\\/\"},{\"@type\":\"ListItem\",\"position\":3,\"name\":\"Podstawy opieki nad kotem domowym &#8211; szkolenie online\"}]},{\"@type\":\"WebSite\",\"@id\":\"https:\\\/\\\/kocie-porady.pl\\\/sklep\\\/#website\",\"url\":\"https:\\\/\\\/kocie-porady.pl\\\/sklep\\\/\",\"name\":\"Sklep dla kocich opiekun\u00f3w\",\"description\":\"\",\"publisher\":{\"@id\":\"https:\\\/\\\/kocie-porady.pl\\\/sklep\\\/#\\\/schema\\\/person\\\/3585b25f6c41a8448e9e088f50954cf4\"},\"potentialAction\":[{\"@type\":\"SearchAction\",\"target\":{\"@type\":\"EntryPoint\",\"urlTemplate\":\"https:\\\/\\\/kocie-porady.pl\\\/sklep\\\/?s={search_term_string}\"},\"query-input\":{\"@type\":\"PropertyValueSpecification\",\"valueRequired\":true,\"valueName\":\"search_term_string\"}}],\"inLanguage\":\"pl-PL\"},{\"@type\":[\"Person\",\"Organization\"],\"@id\":\"https:\\\/\\\/kocie-porady.pl\\\/sklep\\\/#\\\/schema\\\/person\\\/3585b25f6c41a8448e9e088f50954cf4\",\"name\":\"admin\",\"image\":{\"@type\":\"ImageObject\",\"inLanguage\":\"pl-PL\",\"@id\":\"https:\\\/\\\/kocie-porady.pl\\\/sklep\\\/wp-content\\\/uploads\\\/2026\\\/04\\\/koci-behawioryzm-500-x-200-px-2.png\",\"url\":\"https:\\\/\\\/kocie-porady.pl\\\/sklep\\\/wp-content\\\/uploads\\\/2026\\\/04\\\/koci-behawioryzm-500-x-200-px-2.png\",\"contentUrl\":\"https:\\\/\\\/kocie-porady.pl\\\/sklep\\\/wp-content\\\/uploads\\\/2026\\\/04\\\/koci-behawioryzm-500-x-200-px-2.png\",\"width\":200,\"height\":100,\"caption\":\"admin\"},\"logo\":{\"@id\":\"https:\\\/\\\/kocie-porady.pl\\\/sklep\\\/wp-content\\\/uploads\\\/2026\\\/04\\\/koci-behawioryzm-500-x-200-px-2.png\"},\"sameAs\":[\"https:\\\/\\\/kocie-porady.pl\\\/sklep\"]}]}<\/script>\n<!-- \/ Yoast SEO plugin. -->","yoast_head_json":{"title":"Podstawy opieki nad kotem domowym - szkolenie online - Sklep dla kocich opiekun\u00f3w","description":"Podstawy opieki nad kotem domowym. Poznaj podstawy opieki, \u017cywienia i wychowania \u2013 rzetelna wiedza dla ka\u017cdego opiekuna, kt\u00f3ry chce robi\u0107 to dobrze.","robots":{"index":"index","follow":"follow","max-snippet":"max-snippet:-1","max-image-preview":"max-image-preview:large","max-video-preview":"max-video-preview:-1"},"canonical":"https:\/\/kocie-porady.pl\/sklep\/index.php\/produkt\/szkolenie-dla-opiekunow-podstawy-opieki-nad-kotem-domowym\/","og_locale":"pl_PL","og_type":"article","og_title":"Podstawy opieki nad kotem domowym - szkolenie online - Sklep dla kocich opiekun\u00f3w","og_description":"Podstawy opieki nad kotem domowym. Poznaj podstawy opieki, \u017cywienia i wychowania \u2013 rzetelna wiedza dla ka\u017cdego opiekuna, kt\u00f3ry chce robi\u0107 to dobrze.","og_url":"https:\/\/kocie-porady.pl\/sklep\/index.php\/produkt\/szkolenie-dla-opiekunow-podstawy-opieki-nad-kotem-domowym\/","og_site_name":"Sklep dla kocich opiekun\u00f3w","article_modified_time":"2026-04-14T12:05:50+00:00","og_image":[{"width":800,"height":800,"url":"https:\/\/kocie-porady.pl\/sklep\/wp-content\/uploads\/2024\/08\/podstawowe-szkolenie.png","type":"image\/png"}],"twitter_card":"summary_large_image","twitter_misc":{"Szacowany czas czytania":"2 minuty"},"schema":{"@context":"https:\/\/schema.org","@graph":[{"@type":"WebPage","@id":"https:\/\/kocie-porady.pl\/sklep\/index.php\/produkt\/szkolenie-dla-opiekunow-podstawy-opieki-nad-kotem-domowym\/","url":"https:\/\/kocie-porady.pl\/sklep\/index.php\/produkt\/szkolenie-dla-opiekunow-podstawy-opieki-nad-kotem-domowym\/","name":"Podstawy opieki nad kotem domowym - szkolenie online - Sklep dla kocich opiekun\u00f3w","isPartOf":{"@id":"https:\/\/kocie-porady.pl\/sklep\/#website"},"primaryImageOfPage":{"@id":"https:\/\/kocie-porady.pl\/sklep\/index.php\/produkt\/szkolenie-dla-opiekunow-podstawy-opieki-nad-kotem-domowym\/#primaryimage"},"image":{"@id":"https:\/\/kocie-porady.pl\/sklep\/index.php\/produkt\/szkolenie-dla-opiekunow-podstawy-opieki-nad-kotem-domowym\/#primaryimage"},"thumbnailUrl":"https:\/\/kocie-porady.pl\/sklep\/wp-content\/uploads\/2024\/08\/podstawowe-szkolenie.png","datePublished":"2024-08-17T20:25:03+00:00","dateModified":"2026-04-14T12:05:50+00:00","description":"Podstawy opieki nad kotem domowym. Poznaj podstawy opieki, \u017cywienia i wychowania \u2013 rzetelna wiedza dla ka\u017cdego opiekuna, kt\u00f3ry chce robi\u0107 to dobrze.","breadcrumb":{"@id":"https:\/\/kocie-porady.pl\/sklep\/index.php\/produkt\/szkolenie-dla-opiekunow-podstawy-opieki-nad-kotem-domowym\/#breadcrumb"},"inLanguage":"pl-PL","potentialAction":[{"@type":"ReadAction","target":["https:\/\/kocie-porady.pl\/sklep\/index.php\/produkt\/szkolenie-dla-opiekunow-podstawy-opieki-nad-kotem-domowym\/"]}]},{"@type":"ImageObject","inLanguage":"pl-PL","@id":"https:\/\/kocie-porady.pl\/sklep\/index.php\/produkt\/szkolenie-dla-opiekunow-podstawy-opieki-nad-kotem-domowym\/#primaryimage","url":"https:\/\/kocie-porady.pl\/sklep\/wp-content\/uploads\/2024\/08\/podstawowe-szkolenie.png","contentUrl":"https:\/\/kocie-porady.pl\/sklep\/wp-content\/uploads\/2024\/08\/podstawowe-szkolenie.png","width":800,"height":800},{"@type":"BreadcrumbList","@id":"https:\/\/kocie-porady.pl\/sklep\/index.php\/produkt\/szkolenie-dla-opiekunow-podstawy-opieki-nad-kotem-domowym\/#breadcrumb","itemListElement":[{"@type":"ListItem","position":1,"name":"Strona g\u0142\u00f3wna","item":"https:\/\/kocie-porady.pl\/sklep\/"},{"@type":"ListItem","position":2,"name":"Sklep","item":"https:\/\/kocie-porady.pl\/sklep\/index.php\/sklep\/"},{"@type":"ListItem","position":3,"name":"Podstawy opieki nad kotem domowym &#8211; szkolenie online"}]},{"@type":"WebSite","@id":"https:\/\/kocie-porady.pl\/sklep\/#website","url":"https:\/\/kocie-porady.pl\/sklep\/","name":"Sklep dla kocich opiekun\u00f3w","description":"","publisher":{"@id":"https:\/\/kocie-porady.pl\/sklep\/#\/schema\/person\/3585b25f6c41a8448e9e088f50954cf4"},"potentialAction":[{"@type":"SearchAction","target":{"@type":"EntryPoint","urlTemplate":"https:\/\/kocie-porady.pl\/sklep\/?s={search_term_string}"},"query-input":{"@type":"PropertyValueSpecification","valueRequired":true,"valueName":"search_term_string"}}],"inLanguage":"pl-PL"},{"@type":["Person","Organization"],"@id":"https:\/\/kocie-porady.pl\/sklep\/#\/schema\/person\/3585b25f6c41a8448e9e088f50954cf4","name":"admin","image":{"@type":"ImageObject","inLanguage":"pl-PL","@id":"https:\/\/kocie-porady.pl\/sklep\/wp-content\/uploads\/2026\/04\/koci-behawioryzm-500-x-200-px-2.png","url":"https:\/\/kocie-porady.pl\/sklep\/wp-content\/uploads\/2026\/04\/koci-behawioryzm-500-x-200-px-2.png","contentUrl":"https:\/\/kocie-porady.pl\/sklep\/wp-content\/uploads\/2026\/04\/koci-behawioryzm-500-x-200-px-2.png","width":200,"height":100,"caption":"admin"},"logo":{"@id":"https:\/\/kocie-porady.pl\/sklep\/wp-content\/uploads\/2026\/04\/koci-behawioryzm-500-x-200-px-2.png"},"sameAs":["https:\/\/kocie-porady.pl\/sklep"]}]}},"jetpack_sharing_enabled":true,"_links":{"self":[{"href":"https:\/\/kocie-porady.pl\/sklep\/index.php\/wp-json\/wp\/v2\/product\/7373","targetHints":{"allow":["GET"]}}],"collection":[{"href":"https:\/\/kocie-porady.pl\/sklep\/index.php\/wp-json\/wp\/v2\/product"}],"about":[{"href":"https:\/\/kocie-porady.pl\/sklep\/index.php\/wp-json\/wp\/v2\/types\/product"}],"replies":[{"embeddable":true,"href":"https:\/\/kocie-porady.pl\/sklep\/index.php\/wp-json\/wp\/v2\/comments?post=7373"}],"wp:featuredmedia":[{"embeddable":true,"href":"https:\/\/kocie-porady.pl\/sklep\/index.php\/wp-json\/wp\/v2\/media\/7374"}],"wp:attachment":[{"href":"https:\/\/kocie-porady.pl\/sklep\/index.php\/wp-json\/wp\/v2\/media?parent=7373"}],"wp:term":[{"taxonomy":"product_brand","embeddable":true,"href":"https:\/\/kocie-porady.pl\/sklep\/index.php\/wp-json\/wp\/v2\/product_brand?post=7373"},{"taxonomy":"product_cat","embeddable":true,"href":"https:\/\/kocie-porady.pl\/sklep\/index.php\/wp-json\/wp\/v2\/product_cat?post=7373"},{"taxonomy":"product_tag","embeddable":true,"href":"https:\/\/kocie-porady.pl\/sklep\/index.php\/wp-json\/wp\/v2\/product_tag?post=7373"}],"curies":[{"name":"wp","href":"https:\/\/api.w.org\/{rel}","templated":true}]}}