{"id":7352,"date":"2024-08-08T08:32:03","date_gmt":"2024-08-08T08:32:03","guid":{"rendered":"https:\/\/kocie-porady.pl\/sklep\/?post_type=product&#038;p=7352"},"modified":"2026-04-14T12:18:17","modified_gmt":"2026-04-14T12:18:17","slug":"szkolenie-dla-opiekunow-pierwsza-pomoc-przedmedyczna","status":"publish","type":"product","link":"https:\/\/kocie-porady.pl\/sklep\/index.php\/produkt\/szkolenie-dla-opiekunow-pierwsza-pomoc-przedmedyczna\/","title":{"rendered":"Szkolenie dla opiekun\u00f3w &#8211; pierwsza pomoc przedmedyczna"},"content":{"rendered":"<p class=\"my-2 [&amp;+p]:mt-4 [&amp;_strong:has(+br)]:inline-block [&amp;_strong:has(+br)]:pb-2 animate-in fade-in-25 duration-700\">Zwierz\u0119 pod Twoj\u0105 opiek\u0105 nagle traci przytomno\u015b\u0107. Krwawi. Dusi si\u0119. Masz kilka minut, \u017ceby zareagowa\u0107.<\/p>\n<p class=\"my-2 [&amp;+p]:mt-4 [&amp;_strong:has(+br)]:inline-block [&amp;_strong:has(+br)]:pb-2 animate-in fade-in-25 duration-700\">Czy wiesz, co zrobi\u0107?<\/p>\n<p class=\"my-2 [&amp;+p]:mt-4 [&amp;_strong:has(+br)]:inline-block [&amp;_strong:has(+br)]:pb-2 animate-in fade-in-25 duration-700\">To szkolenie przygotuje Ci\u0119 dok\u0142adnie na takie sytuacje. Nauczysz si\u0119 rozpoznawa\u0107 stany zagro\u017cenia \u017cycia i podejmowa\u0107 w\u0142a\u015bciwe dzia\u0142ania \u2013 spokojnie, kompetentnie i bezpiecznie \u2013 zanim dotrze profesjonalna pomoc weterynaryjna.<\/p>\n<p class=\"my-2 [&amp;+p]:mt-4 [&amp;_strong:has(+br)]:inline-block [&amp;_strong:has(+br)]:pb-2 animate-in fade-in-25 duration-700\"><strong>Co znajdziesz w programie:<\/strong><\/p>\n<ul class=\"marker:text-quiet list-disc pl-8\">\n<li class=\"py-0 my-0 prose-p:pt-0 prose-p:mb-2 prose-p:my-0 [&amp;&gt;p]:pt-0 [&amp;&gt;p]:mb-2 [&amp;&gt;p]:my-0 animate-in fade-in-25 duration-700\">\n<p class=\"my-2 [&amp;+p]:mt-4 [&amp;_strong:has(+br)]:inline-block [&amp;_strong:has(+br)]:pb-2 animate-in fade-in-25 duration-700\"><strong>Wprowadzenie do pierwszej pomocy przedmedycznej<\/strong>\u00a0\u2013 definicja, zasady bezpiecze\u0144stwa w\u0142asnego i zwierz\u0119cia, kiedy dzia\u0142a\u0107, a kiedy czeka\u0107<\/p>\n<\/li>\n<li class=\"py-0 my-0 prose-p:pt-0 prose-p:mb-2 prose-p:my-0 [&amp;&gt;p]:pt-0 [&amp;&gt;p]:mb-2 [&amp;&gt;p]:my-0 animate-in fade-in-25 duration-700\">\n<p class=\"my-2 [&amp;+p]:mt-4 [&amp;_strong:has(+br)]:inline-block [&amp;_strong:has(+br)]:pb-2 animate-in fade-in-25 duration-700\"><strong>Podstawy anatomii i fizjologii ps\u00f3w i kot\u00f3w<\/strong>\u00a0\u2013 kluczowe parametry \u017cyciowe: t\u0119tno, oddech, temperatura cia\u0142a<\/p>\n<\/li>\n<li class=\"py-0 my-0 prose-p:pt-0 prose-p:mb-2 prose-p:my-0 [&amp;&gt;p]:pt-0 [&amp;&gt;p]:mb-2 [&amp;&gt;p]:my-0 animate-in fade-in-25 duration-700\">\n<p class=\"my-2 [&amp;+p]:mt-4 [&amp;_strong:has(+br)]:inline-block [&amp;_strong:has(+br)]:pb-2 animate-in fade-in-25 duration-700\"><strong>Ocena stanu zwierz\u0119cia<\/strong>\u00a0\u2013 jak szybko oceni\u0107, co si\u0119 dzieje, i rozpozna\u0107 objawy wstrz\u0105su, zatrucia lub urazu<\/p>\n<\/li>\n<li class=\"py-0 my-0 prose-p:pt-0 prose-p:mb-2 prose-p:my-0 [&amp;&gt;p]:pt-0 [&amp;&gt;p]:mb-2 [&amp;&gt;p]:my-0 animate-in fade-in-25 duration-700\">\n<p class=\"my-2 [&amp;+p]:mt-4 [&amp;_strong:has(+br)]:inline-block [&amp;_strong:has(+br)]:pb-2 animate-in fade-in-25 duration-700\"><strong>Podstawowe techniki pierwszej pomocy<\/strong>\u00a0\u2013 resuscytacja kr\u0105\u017ceniowo-oddechowa (RKO), tamowanie krwotok\u00f3w, opatrywanie ran, post\u0119powanie przy z\u0142amaniach i zwichni\u0119ciach, pierwsza pomoc przy zad\u0142awieniu i zatruciu<\/p>\n<\/li>\n<li class=\"py-0 my-0 prose-p:pt-0 prose-p:mb-2 prose-p:my-0 [&amp;&gt;p]:pt-0 [&amp;&gt;p]:mb-2 [&amp;&gt;p]:my-0 animate-in fade-in-25 duration-700\">\n<p class=\"my-2 [&amp;+p]:mt-4 [&amp;_strong:has(+br)]:inline-block [&amp;_strong:has(+br)]:pb-2 animate-in fade-in-25 duration-700\"><strong>Specjalne przypadki medyczne<\/strong>\u00a0\u2013 reakcje alergiczne i anafilaksja, ataki padaczki, udar cieplny, hipotermia<\/p>\n<\/li>\n<li class=\"py-0 my-0 prose-p:pt-0 prose-p:mb-2 prose-p:my-0 [&amp;&gt;p]:pt-0 [&amp;&gt;p]:mb-2 [&amp;&gt;p]:my-0 animate-in fade-in-25 duration-700\">\n<p class=\"my-2 [&amp;+p]:mt-4 [&amp;_strong:has(+br)]:inline-block [&amp;_strong:has(+br)]:pb-2 animate-in fade-in-25 duration-700\"><strong>Transport do kliniki weterynaryjnej<\/strong>\u00a0\u2013 jak bezpiecznie przetransportowa\u0107 zwierz\u0119 i jakie informacje przekaza\u0107 weterynarzowi po przyje\u017adzie<\/p>\n<\/li>\n<\/ul>\n<p class=\"my-2 [&amp;+p]:mt-4 [&amp;_strong:has(+br)]:inline-block [&amp;_strong:has(+br)]:pb-2 animate-in fade-in-25 duration-700\"><strong>Forma szkolenia:<\/strong><br \/>\nWyk\u0142ady po\u0142\u0105czone z warsztatami opartymi na realnych zdarzeniach z pracy petsittera.<\/p>\n<p class=\"my-2 [&amp;+p]:mt-4 [&amp;_strong:has(+br)]:inline-block [&amp;_strong:has(+br)]:pb-2 animate-in fade-in-25 duration-700\"><strong>Certyfikat:<\/strong><br \/>\nPo uko\u0144czeniu szkolenia i zdaniu egzaminu teoretyczno-praktycznego otrzymujesz certyfikat potwierdzaj\u0105cy kwalifikacje w zakresie pierwszej pomocy przedmedycznej dla zwierz\u0105t.<\/p>\n","protected":false},"excerpt":{"rendered":"<p>Chcesz by\u0107 przygotowany na ka\u017cd\u0105 sytuacj\u0119, gdy opiekujesz si\u0119 zwierz\u0119tami? Nasze szkolenie z pierwszej pomocy przedmedycznej dla opiekun\u00f3w to kluczowa wiedza, kt\u00f3ra mo\u017ce uratowa\u0107 \u017cycie Twojego podopiecznego. Nauczysz si\u0119, jak reagowa\u0107 w nag\u0142ych wypadkach, jakie kroki podj\u0105\u0107, zanim nadejdzie pomoc, oraz jak zapewni\u0107 zwierz\u0119tom bezpiecze\u0144stwo w kryzysowych sytuacjach. Do\u0142\u0105cz do naszego kursu i zyskaj pewno\u015b\u0107, \u017ce jeste\u015b gotowy na ka\u017cd\u0105 ewentualno\u015b\u0107. Zarezerwuj swoje miejsce i sta\u0144 si\u0119 niezast\u0105pionym opiekunem!<\/p>\n","protected":false},"featured_media":7353,"comment_status":"open","ping_status":"closed","template":"","meta":[],"product_brand":[],"product_cat":[76],"product_tag":[687,692,686,696,660,478,685,703,62,697,673,699,693,678,700,694,701,81,698,671,672,670,216,676,321,675,674,695,82,662,677,691,684,683,702,688,680,679,682,681,690,689],"class_list":{"0":"post-7352","1":"product","2":"type-product","3":"status-publish","4":"has-post-thumbnail","6":"product_cat-wyklady","7":"product_tag-anafilaksja-zwierzeta","8":"product_tag-apteczka-dla-zwierzat","9":"product_tag-atak-padaczki-pies","10":"product_tag-bezpieczenstwo-petsittera","11":"product_tag-certyfikat-petsitter","12":"product_tag-dobrostan-zwierzat","13":"product_tag-hipotermia-zwierzeta","14":"product_tag-jak-pomoc-zwierzeciu-przed-wizyta-u-weterynarza","15":"product_tag-kocie-porady","16":"product_tag-kurs-petsitter","17":"product_tag-nagle-przypadki-u-zwierzat","18":"product_tag-nagle-przypadki-weterynaryjne","19":"product_tag-ocena-stanu-zwierzecia","20":"product_tag-opatrywanie-ran-zwierzeta","21":"product_tag-opieka-nad-zwierzeciem-w-naglych-sytuacjach","22":"product_tag-parametry-zyciowe-psa-i-kota","23":"product_tag-petsitter-certyfikat","24":"product_tag-pierwsza-pomoc","25":"product_tag-pierwsza-pomoc-kurs-online","26":"product_tag-pierwsza-pomoc-przedmedyczna-petsitter","27":"product_tag-pierwsza-pomoc-przedweterynaryjna","28":"product_tag-pierwsza-pomoc-zwierzeta","29":"product_tag-profesjonalna-opieka-nad-zwierzetami","30":"product_tag-resuscytacja-zwierzat","31":"product_tag-rko","32":"product_tag-rko-kot","33":"product_tag-rko-pies","34":"product_tag-sygnaly-zagrozenia-zycia-zwierzecia","35":"product_tag-szkolenie","36":"product_tag-szkolenie-opiekun-zwierzat","37":"product_tag-tamowanie-krwotoku-u-zwierzecia","38":"product_tag-transport-rannego-zwierzecia","39":"product_tag-udar-cieplny-kot","40":"product_tag-udar-cieplny-pies","41":"product_tag-wiedza-weterynaryjna-dla-opiekunow","42":"product_tag-wstrzas-u-zwierzecia","43":"product_tag-zadlawienie-kot","44":"product_tag-zadlawienie-pies","45":"product_tag-zatrucie-kota","46":"product_tag-zatrucie-psa","47":"product_tag-zlamanie-u-kota","48":"product_tag-zlamanie-u-psa","50":"first","51":"instock","52":"virtual","53":"taxable","54":"purchasable","55":"product-type-simple"},"yoast_head":"<!-- This site is optimized with the Yoast SEO plugin v27.4 - https:\/\/yoast.com\/product\/yoast-seo-wordpress\/ -->\n<title>Szkolenie dla opiekun\u00f3w - pierwsza pomoc przedmedyczna - Sklep dla kocich opiekun\u00f3w<\/title>\n<meta name=\"description\" content=\"Naucz si\u0119 udziela\u0107 pierwszej pomocy psom i kotom w nag\u0142ych sytuacjach. Praktyczne szkolenie z certyfikatem dla petsitter\u00f3w i opiekun\u00f3w zwierz\u0105t.\" \/>\n<meta name=\"robots\" content=\"index, follow, max-snippet:-1, max-image-preview:large, max-video-preview:-1\" \/>\n<link rel=\"canonical\" href=\"https:\/\/kocie-porady.pl\/sklep\/index.php\/produkt\/szkolenie-dla-opiekunow-pierwsza-pomoc-przedmedyczna\/\" \/>\n<meta property=\"og:locale\" content=\"pl_PL\" \/>\n<meta property=\"og:type\" content=\"article\" \/>\n<meta property=\"og:title\" content=\"Szkolenie dla opiekun\u00f3w - pierwsza pomoc przedmedyczna - Sklep dla kocich opiekun\u00f3w\" \/>\n<meta property=\"og:description\" content=\"Naucz si\u0119 udziela\u0107 pierwszej pomocy psom i kotom w nag\u0142ych sytuacjach. Praktyczne szkolenie z certyfikatem dla petsitter\u00f3w i opiekun\u00f3w zwierz\u0105t.\" \/>\n<meta property=\"og:url\" content=\"https:\/\/kocie-porady.pl\/sklep\/index.php\/produkt\/szkolenie-dla-opiekunow-pierwsza-pomoc-przedmedyczna\/\" \/>\n<meta property=\"og:site_name\" content=\"Sklep dla kocich opiekun\u00f3w\" \/>\n<meta property=\"article:modified_time\" content=\"2026-04-14T12:18:17+00:00\" \/>\n<meta property=\"og:image\" content=\"https:\/\/kocie-porady.pl\/sklep\/wp-content\/uploads\/2024\/08\/pierwsza-pomoc.png\" \/>\n\t<meta property=\"og:image:width\" content=\"800\" \/>\n\t<meta property=\"og:image:height\" content=\"800\" \/>\n\t<meta property=\"og:image:type\" content=\"image\/png\" \/>\n<meta name=\"twitter:card\" content=\"summary_large_image\" \/>\n<meta name=\"twitter:label1\" content=\"Szacowany czas czytania\" \/>\n\t<meta name=\"twitter:data1\" content=\"2 minuty\" \/>\n<script type=\"application\/ld+json\" class=\"yoast-schema-graph\">{\"@context\":\"https:\\\/\\\/schema.org\",\"@graph\":[{\"@type\":\"WebPage\",\"@id\":\"https:\\\/\\\/kocie-porady.pl\\\/sklep\\\/index.php\\\/produkt\\\/szkolenie-dla-opiekunow-pierwsza-pomoc-przedmedyczna\\\/\",\"url\":\"https:\\\/\\\/kocie-porady.pl\\\/sklep\\\/index.php\\\/produkt\\\/szkolenie-dla-opiekunow-pierwsza-pomoc-przedmedyczna\\\/\",\"name\":\"Szkolenie dla opiekun\u00f3w - pierwsza pomoc przedmedyczna - Sklep dla kocich opiekun\u00f3w\",\"isPartOf\":{\"@id\":\"https:\\\/\\\/kocie-porady.pl\\\/sklep\\\/#website\"},\"primaryImageOfPage\":{\"@id\":\"https:\\\/\\\/kocie-porady.pl\\\/sklep\\\/index.php\\\/produkt\\\/szkolenie-dla-opiekunow-pierwsza-pomoc-przedmedyczna\\\/#primaryimage\"},\"image\":{\"@id\":\"https:\\\/\\\/kocie-porady.pl\\\/sklep\\\/index.php\\\/produkt\\\/szkolenie-dla-opiekunow-pierwsza-pomoc-przedmedyczna\\\/#primaryimage\"},\"thumbnailUrl\":\"https:\\\/\\\/kocie-porady.pl\\\/sklep\\\/wp-content\\\/uploads\\\/2024\\\/08\\\/pierwsza-pomoc.png\",\"datePublished\":\"2024-08-08T08:32:03+00:00\",\"dateModified\":\"2026-04-14T12:18:17+00:00\",\"description\":\"Naucz si\u0119 udziela\u0107 pierwszej pomocy psom i kotom w nag\u0142ych sytuacjach. Praktyczne szkolenie z certyfikatem dla petsitter\u00f3w i opiekun\u00f3w zwierz\u0105t.\",\"breadcrumb\":{\"@id\":\"https:\\\/\\\/kocie-porady.pl\\\/sklep\\\/index.php\\\/produkt\\\/szkolenie-dla-opiekunow-pierwsza-pomoc-przedmedyczna\\\/#breadcrumb\"},\"inLanguage\":\"pl-PL\",\"potentialAction\":[{\"@type\":\"ReadAction\",\"target\":[\"https:\\\/\\\/kocie-porady.pl\\\/sklep\\\/index.php\\\/produkt\\\/szkolenie-dla-opiekunow-pierwsza-pomoc-przedmedyczna\\\/\"]}]},{\"@type\":\"ImageObject\",\"inLanguage\":\"pl-PL\",\"@id\":\"https:\\\/\\\/kocie-porady.pl\\\/sklep\\\/index.php\\\/produkt\\\/szkolenie-dla-opiekunow-pierwsza-pomoc-przedmedyczna\\\/#primaryimage\",\"url\":\"https:\\\/\\\/kocie-porady.pl\\\/sklep\\\/wp-content\\\/uploads\\\/2024\\\/08\\\/pierwsza-pomoc.png\",\"contentUrl\":\"https:\\\/\\\/kocie-porady.pl\\\/sklep\\\/wp-content\\\/uploads\\\/2024\\\/08\\\/pierwsza-pomoc.png\",\"width\":800,\"height\":800},{\"@type\":\"BreadcrumbList\",\"@id\":\"https:\\\/\\\/kocie-porady.pl\\\/sklep\\\/index.php\\\/produkt\\\/szkolenie-dla-opiekunow-pierwsza-pomoc-przedmedyczna\\\/#breadcrumb\",\"itemListElement\":[{\"@type\":\"ListItem\",\"position\":1,\"name\":\"Strona g\u0142\u00f3wna\",\"item\":\"https:\\\/\\\/kocie-porady.pl\\\/sklep\\\/\"},{\"@type\":\"ListItem\",\"position\":2,\"name\":\"Sklep\",\"item\":\"https:\\\/\\\/kocie-porady.pl\\\/sklep\\\/index.php\\\/sklep\\\/\"},{\"@type\":\"ListItem\",\"position\":3,\"name\":\"Szkolenie dla opiekun\u00f3w &#8211; pierwsza pomoc przedmedyczna\"}]},{\"@type\":\"WebSite\",\"@id\":\"https:\\\/\\\/kocie-porady.pl\\\/sklep\\\/#website\",\"url\":\"https:\\\/\\\/kocie-porady.pl\\\/sklep\\\/\",\"name\":\"Sklep dla kocich opiekun\u00f3w\",\"description\":\"\",\"publisher\":{\"@id\":\"https:\\\/\\\/kocie-porady.pl\\\/sklep\\\/#\\\/schema\\\/person\\\/3585b25f6c41a8448e9e088f50954cf4\"},\"potentialAction\":[{\"@type\":\"SearchAction\",\"target\":{\"@type\":\"EntryPoint\",\"urlTemplate\":\"https:\\\/\\\/kocie-porady.pl\\\/sklep\\\/?s={search_term_string}\"},\"query-input\":{\"@type\":\"PropertyValueSpecification\",\"valueRequired\":true,\"valueName\":\"search_term_string\"}}],\"inLanguage\":\"pl-PL\"},{\"@type\":[\"Person\",\"Organization\"],\"@id\":\"https:\\\/\\\/kocie-porady.pl\\\/sklep\\\/#\\\/schema\\\/person\\\/3585b25f6c41a8448e9e088f50954cf4\",\"name\":\"admin\",\"image\":{\"@type\":\"ImageObject\",\"inLanguage\":\"pl-PL\",\"@id\":\"https:\\\/\\\/kocie-porady.pl\\\/sklep\\\/wp-content\\\/uploads\\\/2026\\\/04\\\/koci-behawioryzm-500-x-200-px-2.png\",\"url\":\"https:\\\/\\\/kocie-porady.pl\\\/sklep\\\/wp-content\\\/uploads\\\/2026\\\/04\\\/koci-behawioryzm-500-x-200-px-2.png\",\"contentUrl\":\"https:\\\/\\\/kocie-porady.pl\\\/sklep\\\/wp-content\\\/uploads\\\/2026\\\/04\\\/koci-behawioryzm-500-x-200-px-2.png\",\"width\":200,\"height\":100,\"caption\":\"admin\"},\"logo\":{\"@id\":\"https:\\\/\\\/kocie-porady.pl\\\/sklep\\\/wp-content\\\/uploads\\\/2026\\\/04\\\/koci-behawioryzm-500-x-200-px-2.png\"},\"sameAs\":[\"https:\\\/\\\/kocie-porady.pl\\\/sklep\"]}]}<\/script>\n<!-- \/ Yoast SEO plugin. -->","yoast_head_json":{"title":"Szkolenie dla opiekun\u00f3w - pierwsza pomoc przedmedyczna - Sklep dla kocich opiekun\u00f3w","description":"Naucz si\u0119 udziela\u0107 pierwszej pomocy psom i kotom w nag\u0142ych sytuacjach. Praktyczne szkolenie z certyfikatem dla petsitter\u00f3w i opiekun\u00f3w zwierz\u0105t.","robots":{"index":"index","follow":"follow","max-snippet":"max-snippet:-1","max-image-preview":"max-image-preview:large","max-video-preview":"max-video-preview:-1"},"canonical":"https:\/\/kocie-porady.pl\/sklep\/index.php\/produkt\/szkolenie-dla-opiekunow-pierwsza-pomoc-przedmedyczna\/","og_locale":"pl_PL","og_type":"article","og_title":"Szkolenie dla opiekun\u00f3w - pierwsza pomoc przedmedyczna - Sklep dla kocich opiekun\u00f3w","og_description":"Naucz si\u0119 udziela\u0107 pierwszej pomocy psom i kotom w nag\u0142ych sytuacjach. Praktyczne szkolenie z certyfikatem dla petsitter\u00f3w i opiekun\u00f3w zwierz\u0105t.","og_url":"https:\/\/kocie-porady.pl\/sklep\/index.php\/produkt\/szkolenie-dla-opiekunow-pierwsza-pomoc-przedmedyczna\/","og_site_name":"Sklep dla kocich opiekun\u00f3w","article_modified_time":"2026-04-14T12:18:17+00:00","og_image":[{"width":800,"height":800,"url":"https:\/\/kocie-porady.pl\/sklep\/wp-content\/uploads\/2024\/08\/pierwsza-pomoc.png","type":"image\/png"}],"twitter_card":"summary_large_image","twitter_misc":{"Szacowany czas czytania":"2 minuty"},"schema":{"@context":"https:\/\/schema.org","@graph":[{"@type":"WebPage","@id":"https:\/\/kocie-porady.pl\/sklep\/index.php\/produkt\/szkolenie-dla-opiekunow-pierwsza-pomoc-przedmedyczna\/","url":"https:\/\/kocie-porady.pl\/sklep\/index.php\/produkt\/szkolenie-dla-opiekunow-pierwsza-pomoc-przedmedyczna\/","name":"Szkolenie dla opiekun\u00f3w - pierwsza pomoc przedmedyczna - Sklep dla kocich opiekun\u00f3w","isPartOf":{"@id":"https:\/\/kocie-porady.pl\/sklep\/#website"},"primaryImageOfPage":{"@id":"https:\/\/kocie-porady.pl\/sklep\/index.php\/produkt\/szkolenie-dla-opiekunow-pierwsza-pomoc-przedmedyczna\/#primaryimage"},"image":{"@id":"https:\/\/kocie-porady.pl\/sklep\/index.php\/produkt\/szkolenie-dla-opiekunow-pierwsza-pomoc-przedmedyczna\/#primaryimage"},"thumbnailUrl":"https:\/\/kocie-porady.pl\/sklep\/wp-content\/uploads\/2024\/08\/pierwsza-pomoc.png","datePublished":"2024-08-08T08:32:03+00:00","dateModified":"2026-04-14T12:18:17+00:00","description":"Naucz si\u0119 udziela\u0107 pierwszej pomocy psom i kotom w nag\u0142ych sytuacjach. Praktyczne szkolenie z certyfikatem dla petsitter\u00f3w i opiekun\u00f3w zwierz\u0105t.","breadcrumb":{"@id":"https:\/\/kocie-porady.pl\/sklep\/index.php\/produkt\/szkolenie-dla-opiekunow-pierwsza-pomoc-przedmedyczna\/#breadcrumb"},"inLanguage":"pl-PL","potentialAction":[{"@type":"ReadAction","target":["https:\/\/kocie-porady.pl\/sklep\/index.php\/produkt\/szkolenie-dla-opiekunow-pierwsza-pomoc-przedmedyczna\/"]}]},{"@type":"ImageObject","inLanguage":"pl-PL","@id":"https:\/\/kocie-porady.pl\/sklep\/index.php\/produkt\/szkolenie-dla-opiekunow-pierwsza-pomoc-przedmedyczna\/#primaryimage","url":"https:\/\/kocie-porady.pl\/sklep\/wp-content\/uploads\/2024\/08\/pierwsza-pomoc.png","contentUrl":"https:\/\/kocie-porady.pl\/sklep\/wp-content\/uploads\/2024\/08\/pierwsza-pomoc.png","width":800,"height":800},{"@type":"BreadcrumbList","@id":"https:\/\/kocie-porady.pl\/sklep\/index.php\/produkt\/szkolenie-dla-opiekunow-pierwsza-pomoc-przedmedyczna\/#breadcrumb","itemListElement":[{"@type":"ListItem","position":1,"name":"Strona g\u0142\u00f3wna","item":"https:\/\/kocie-porady.pl\/sklep\/"},{"@type":"ListItem","position":2,"name":"Sklep","item":"https:\/\/kocie-porady.pl\/sklep\/index.php\/sklep\/"},{"@type":"ListItem","position":3,"name":"Szkolenie dla opiekun\u00f3w &#8211; pierwsza pomoc przedmedyczna"}]},{"@type":"WebSite","@id":"https:\/\/kocie-porady.pl\/sklep\/#website","url":"https:\/\/kocie-porady.pl\/sklep\/","name":"Sklep dla kocich opiekun\u00f3w","description":"","publisher":{"@id":"https:\/\/kocie-porady.pl\/sklep\/#\/schema\/person\/3585b25f6c41a8448e9e088f50954cf4"},"potentialAction":[{"@type":"SearchAction","target":{"@type":"EntryPoint","urlTemplate":"https:\/\/kocie-porady.pl\/sklep\/?s={search_term_string}"},"query-input":{"@type":"PropertyValueSpecification","valueRequired":true,"valueName":"search_term_string"}}],"inLanguage":"pl-PL"},{"@type":["Person","Organization"],"@id":"https:\/\/kocie-porady.pl\/sklep\/#\/schema\/person\/3585b25f6c41a8448e9e088f50954cf4","name":"admin","image":{"@type":"ImageObject","inLanguage":"pl-PL","@id":"https:\/\/kocie-porady.pl\/sklep\/wp-content\/uploads\/2026\/04\/koci-behawioryzm-500-x-200-px-2.png","url":"https:\/\/kocie-porady.pl\/sklep\/wp-content\/uploads\/2026\/04\/koci-behawioryzm-500-x-200-px-2.png","contentUrl":"https:\/\/kocie-porady.pl\/sklep\/wp-content\/uploads\/2026\/04\/koci-behawioryzm-500-x-200-px-2.png","width":200,"height":100,"caption":"admin"},"logo":{"@id":"https:\/\/kocie-porady.pl\/sklep\/wp-content\/uploads\/2026\/04\/koci-behawioryzm-500-x-200-px-2.png"},"sameAs":["https:\/\/kocie-porady.pl\/sklep"]}]}},"jetpack_sharing_enabled":true,"_links":{"self":[{"href":"https:\/\/kocie-porady.pl\/sklep\/index.php\/wp-json\/wp\/v2\/product\/7352","targetHints":{"allow":["GET"]}}],"collection":[{"href":"https:\/\/kocie-porady.pl\/sklep\/index.php\/wp-json\/wp\/v2\/product"}],"about":[{"href":"https:\/\/kocie-porady.pl\/sklep\/index.php\/wp-json\/wp\/v2\/types\/product"}],"replies":[{"embeddable":true,"href":"https:\/\/kocie-porady.pl\/sklep\/index.php\/wp-json\/wp\/v2\/comments?post=7352"}],"wp:featuredmedia":[{"embeddable":true,"href":"https:\/\/kocie-porady.pl\/sklep\/index.php\/wp-json\/wp\/v2\/media\/7353"}],"wp:attachment":[{"href":"https:\/\/kocie-porady.pl\/sklep\/index.php\/wp-json\/wp\/v2\/media?parent=7352"}],"wp:term":[{"taxonomy":"product_brand","embeddable":true,"href":"https:\/\/kocie-porady.pl\/sklep\/index.php\/wp-json\/wp\/v2\/product_brand?post=7352"},{"taxonomy":"product_cat","embeddable":true,"href":"https:\/\/kocie-porady.pl\/sklep\/index.php\/wp-json\/wp\/v2\/product_cat?post=7352"},{"taxonomy":"product_tag","embeddable":true,"href":"https:\/\/kocie-porady.pl\/sklep\/index.php\/wp-json\/wp\/v2\/product_tag?post=7352"}],"curies":[{"name":"wp","href":"https:\/\/api.w.org\/{rel}","templated":true}]}}