{"id":6841,"date":"2022-07-02T16:28:26","date_gmt":"2022-07-02T16:28:26","guid":{"rendered":"https:\/\/kocie-porady.pl\/sklep\/?post_type=product&#038;p=6841"},"modified":"2025-04-20T09:18:33","modified_gmt":"2025-04-20T09:18:33","slug":"szkolenie-online-jak-interpretowac-wyniki","status":"publish","type":"product","link":"https:\/\/kocie-porady.pl\/sklep\/index.php\/produkt\/szkolenie-online-jak-interpretowac-wyniki\/","title":{"rendered":"Szkolenie online &#8211; jak interpretowa\u0107 wyniki?"},"content":{"rendered":"<div class=\"m8h3af8h l7ghb35v kjdc1dyq kmwttqpk gh25dzvf\">Szkolenie online &#8211; jak interpretowa\u0107 wyniki jest szkoleniem stworzonym dla opiekun\u00f3w zwierz\u0105t domowych kt\u00f3re ma pom\u00f3c zwi\u0119kszy\u0107 wiedz\u0119 opiekuna i u\u0142atwi\u0107 mu opiek\u0119 nad zwierz\u0119ciem.<\/div>\n<div><\/div>\n<div class=\"l7ghb35v kjdc1dyq kmwttqpk gh25dzvf jikcssrz\">&#8211; badania diagnostyczne, czym s\u0105 i dlaczego s\u0105 potrzebne,<br \/>\n&#8211; specyfika materia\u0142u oddawanego\/pobieranego do badania,<br \/>\n&#8211; krew &#8211; analiza parametr\u00f3w,<br \/>\n&#8211; mocz &#8211; analiza parametr\u00f3w,<br \/>\n&#8211; ka\u0142 &#8211; analiza parametr\u00f3w,<br \/>\n&#8211; przygotowanie do bada\u0144<br \/>\n&#8211; wskazania do wykonywania bada\u0144<\/div>\n<div><\/div>\n<div class=\"l7ghb35v kjdc1dyq kmwttqpk gh25dzvf jikcssrz\">Zaj\u0119cia b\u0119d\u0105 prowadzone przez praktykuj\u0105cego lekarza weterynarii Karolina Haniewicz<\/div>\n","protected":false},"excerpt":{"rendered":"<p>Szkolenie online &#8211; jak interpretowa\u0107 wyniki jest szkoleniem stworzonym dla opiekun\u00f3w zwierz\u0105t domowych kt\u00f3re ma pom\u00f3c zwi\u0119kszy\u0107 wiedz\u0119 opiekuna i u\u0142atwi\u0107 mu opiek\u0119 nad zwierz\u0119ciem. &#8211; badania diagnostyczne, czym s\u0105&#8230;<\/p>\n","protected":false},"featured_media":6846,"comment_status":"open","ping_status":"closed","template":"","meta":[],"product_brand":[],"product_cat":[80],"product_tag":[257,258,277,276,275,88,265,259,261,262,263,264,89,242,253,256,255,260,278,248,251,252,249,250,82,246,247,83,245,254],"class_list":{"0":"post-6841","1":"product","2":"type-product","3":"status-publish","4":"has-post-thumbnail","6":"product_cat-szkol","7":"product_tag-edukacja","8":"product_tag-edukowanie","9":"product_tag-interpretacja-badan","10":"product_tag-interpretacja-krwi","11":"product_tag-interpretacja-moczu","12":"product_tag-kot","13":"product_tag-kot-chory","14":"product_tag-kot-domowy","15":"product_tag-kot-dorosly","16":"product_tag-kot-mlody","17":"product_tag-kot-stary","18":"product_tag-kot-zdrowy","19":"product_tag-koty","20":"product_tag-kurs","21":"product_tag-kursy","22":"product_tag-nauczanie","23":"product_tag-nauka","24":"product_tag-o-kocie-domowym","25":"product_tag-qa","26":"product_tag-szkolenia","27":"product_tag-szkolenia-dla-opiekunow","28":"product_tag-szkolenia-dla-wlascicieli","29":"product_tag-szkolenia-online","30":"product_tag-szkolenia-wideo","31":"product_tag-szkolenie","32":"product_tag-szkolenie-dla-opiekunow","33":"product_tag-szkolenie-dla-wlascicieli","34":"product_tag-szkolenie-online","35":"product_tag-szkolenie-wideo","36":"product_tag-trening","38":"first","39":"instock","40":"taxable","41":"shipping-taxable","42":"purchasable","43":"product-type-variable"},"yoast_head":"<!-- This site is optimized with the Yoast SEO plugin v27.4 - https:\/\/yoast.com\/product\/yoast-seo-wordpress\/ -->\n<title>Szkolenie online - jak interpretowa\u0107 wyniki? - Sklep dla kocich opiekun\u00f3w<\/title>\n<meta name=\"description\" content=\"Szkolenie online - jak interpretowa\u0107 wyniki?\" \/>\n<meta name=\"robots\" content=\"index, follow, max-snippet:-1, max-image-preview:large, max-video-preview:-1\" \/>\n<link rel=\"canonical\" href=\"https:\/\/kocie-porady.pl\/sklep\/index.php\/produkt\/szkolenie-online-jak-interpretowac-wyniki\/\" \/>\n<meta property=\"og:locale\" content=\"pl_PL\" \/>\n<meta property=\"og:type\" content=\"article\" \/>\n<meta property=\"og:title\" content=\"Szkolenie online - jak interpretowa\u0107 wyniki? - Sklep dla kocich opiekun\u00f3w\" \/>\n<meta property=\"og:description\" content=\"Szkolenie online - jak interpretowa\u0107 wyniki?\" \/>\n<meta property=\"og:url\" content=\"https:\/\/kocie-porady.pl\/sklep\/index.php\/produkt\/szkolenie-online-jak-interpretowac-wyniki\/\" \/>\n<meta property=\"og:site_name\" content=\"Sklep dla kocich opiekun\u00f3w\" \/>\n<meta property=\"article:modified_time\" content=\"2025-04-20T09:18:33+00:00\" \/>\n<meta property=\"og:image\" content=\"https:\/\/kocie-porady.pl\/sklep\/wp-content\/uploads\/2022\/07\/Projekt-bez-tytulu61.png\" \/>\n\t<meta property=\"og:image:width\" content=\"1000\" \/>\n\t<meta property=\"og:image:height\" content=\"1000\" \/>\n\t<meta property=\"og:image:type\" content=\"image\/png\" \/>\n<meta name=\"twitter:card\" content=\"summary_large_image\" \/>\n<meta name=\"twitter:label1\" content=\"Szacowany czas czytania\" \/>\n\t<meta name=\"twitter:data1\" content=\"1 minuta\" \/>\n<script type=\"application\/ld+json\" class=\"yoast-schema-graph\">{\"@context\":\"https:\\\/\\\/schema.org\",\"@graph\":[{\"@type\":\"WebPage\",\"@id\":\"https:\\\/\\\/kocie-porady.pl\\\/sklep\\\/index.php\\\/produkt\\\/szkolenie-online-jak-interpretowac-wyniki\\\/\",\"url\":\"https:\\\/\\\/kocie-porady.pl\\\/sklep\\\/index.php\\\/produkt\\\/szkolenie-online-jak-interpretowac-wyniki\\\/\",\"name\":\"Szkolenie online - jak interpretowa\u0107 wyniki? - Sklep dla kocich opiekun\u00f3w\",\"isPartOf\":{\"@id\":\"https:\\\/\\\/kocie-porady.pl\\\/sklep\\\/#website\"},\"primaryImageOfPage\":{\"@id\":\"https:\\\/\\\/kocie-porady.pl\\\/sklep\\\/index.php\\\/produkt\\\/szkolenie-online-jak-interpretowac-wyniki\\\/#primaryimage\"},\"image\":{\"@id\":\"https:\\\/\\\/kocie-porady.pl\\\/sklep\\\/index.php\\\/produkt\\\/szkolenie-online-jak-interpretowac-wyniki\\\/#primaryimage\"},\"thumbnailUrl\":\"https:\\\/\\\/kocie-porady.pl\\\/sklep\\\/wp-content\\\/uploads\\\/2022\\\/07\\\/Projekt-bez-tytulu61.png\",\"datePublished\":\"2022-07-02T16:28:26+00:00\",\"dateModified\":\"2025-04-20T09:18:33+00:00\",\"description\":\"Szkolenie online - jak interpretowa\u0107 wyniki?\",\"breadcrumb\":{\"@id\":\"https:\\\/\\\/kocie-porady.pl\\\/sklep\\\/index.php\\\/produkt\\\/szkolenie-online-jak-interpretowac-wyniki\\\/#breadcrumb\"},\"inLanguage\":\"pl-PL\",\"potentialAction\":[{\"@type\":\"ReadAction\",\"target\":[\"https:\\\/\\\/kocie-porady.pl\\\/sklep\\\/index.php\\\/produkt\\\/szkolenie-online-jak-interpretowac-wyniki\\\/\"]}]},{\"@type\":\"ImageObject\",\"inLanguage\":\"pl-PL\",\"@id\":\"https:\\\/\\\/kocie-porady.pl\\\/sklep\\\/index.php\\\/produkt\\\/szkolenie-online-jak-interpretowac-wyniki\\\/#primaryimage\",\"url\":\"https:\\\/\\\/kocie-porady.pl\\\/sklep\\\/wp-content\\\/uploads\\\/2022\\\/07\\\/Projekt-bez-tytulu61.png\",\"contentUrl\":\"https:\\\/\\\/kocie-porady.pl\\\/sklep\\\/wp-content\\\/uploads\\\/2022\\\/07\\\/Projekt-bez-tytulu61.png\",\"width\":1000,\"height\":1000},{\"@type\":\"BreadcrumbList\",\"@id\":\"https:\\\/\\\/kocie-porady.pl\\\/sklep\\\/index.php\\\/produkt\\\/szkolenie-online-jak-interpretowac-wyniki\\\/#breadcrumb\",\"itemListElement\":[{\"@type\":\"ListItem\",\"position\":1,\"name\":\"Strona g\u0142\u00f3wna\",\"item\":\"https:\\\/\\\/kocie-porady.pl\\\/sklep\\\/\"},{\"@type\":\"ListItem\",\"position\":2,\"name\":\"Sklep\",\"item\":\"https:\\\/\\\/kocie-porady.pl\\\/sklep\\\/index.php\\\/sklep\\\/\"},{\"@type\":\"ListItem\",\"position\":3,\"name\":\"Szkolenie online &#8211; jak interpretowa\u0107 wyniki?\"}]},{\"@type\":\"WebSite\",\"@id\":\"https:\\\/\\\/kocie-porady.pl\\\/sklep\\\/#website\",\"url\":\"https:\\\/\\\/kocie-porady.pl\\\/sklep\\\/\",\"name\":\"Sklep dla kocich opiekun\u00f3w\",\"description\":\"\",\"publisher\":{\"@id\":\"https:\\\/\\\/kocie-porady.pl\\\/sklep\\\/#\\\/schema\\\/person\\\/3585b25f6c41a8448e9e088f50954cf4\"},\"potentialAction\":[{\"@type\":\"SearchAction\",\"target\":{\"@type\":\"EntryPoint\",\"urlTemplate\":\"https:\\\/\\\/kocie-porady.pl\\\/sklep\\\/?s={search_term_string}\"},\"query-input\":{\"@type\":\"PropertyValueSpecification\",\"valueRequired\":true,\"valueName\":\"search_term_string\"}}],\"inLanguage\":\"pl-PL\"},{\"@type\":[\"Person\",\"Organization\"],\"@id\":\"https:\\\/\\\/kocie-porady.pl\\\/sklep\\\/#\\\/schema\\\/person\\\/3585b25f6c41a8448e9e088f50954cf4\",\"name\":\"admin\",\"image\":{\"@type\":\"ImageObject\",\"inLanguage\":\"pl-PL\",\"@id\":\"https:\\\/\\\/kocie-porady.pl\\\/sklep\\\/wp-content\\\/uploads\\\/2026\\\/04\\\/koci-behawioryzm-500-x-200-px-2.png\",\"url\":\"https:\\\/\\\/kocie-porady.pl\\\/sklep\\\/wp-content\\\/uploads\\\/2026\\\/04\\\/koci-behawioryzm-500-x-200-px-2.png\",\"contentUrl\":\"https:\\\/\\\/kocie-porady.pl\\\/sklep\\\/wp-content\\\/uploads\\\/2026\\\/04\\\/koci-behawioryzm-500-x-200-px-2.png\",\"width\":200,\"height\":100,\"caption\":\"admin\"},\"logo\":{\"@id\":\"https:\\\/\\\/kocie-porady.pl\\\/sklep\\\/wp-content\\\/uploads\\\/2026\\\/04\\\/koci-behawioryzm-500-x-200-px-2.png\"},\"sameAs\":[\"https:\\\/\\\/kocie-porady.pl\\\/sklep\"]}]}<\/script>\n<!-- \/ Yoast SEO plugin. -->","yoast_head_json":{"title":"Szkolenie online - jak interpretowa\u0107 wyniki? - Sklep dla kocich opiekun\u00f3w","description":"Szkolenie online - jak interpretowa\u0107 wyniki?","robots":{"index":"index","follow":"follow","max-snippet":"max-snippet:-1","max-image-preview":"max-image-preview:large","max-video-preview":"max-video-preview:-1"},"canonical":"https:\/\/kocie-porady.pl\/sklep\/index.php\/produkt\/szkolenie-online-jak-interpretowac-wyniki\/","og_locale":"pl_PL","og_type":"article","og_title":"Szkolenie online - jak interpretowa\u0107 wyniki? - Sklep dla kocich opiekun\u00f3w","og_description":"Szkolenie online - jak interpretowa\u0107 wyniki?","og_url":"https:\/\/kocie-porady.pl\/sklep\/index.php\/produkt\/szkolenie-online-jak-interpretowac-wyniki\/","og_site_name":"Sklep dla kocich opiekun\u00f3w","article_modified_time":"2025-04-20T09:18:33+00:00","og_image":[{"width":1000,"height":1000,"url":"https:\/\/kocie-porady.pl\/sklep\/wp-content\/uploads\/2022\/07\/Projekt-bez-tytulu61.png","type":"image\/png"}],"twitter_card":"summary_large_image","twitter_misc":{"Szacowany czas czytania":"1 minuta"},"schema":{"@context":"https:\/\/schema.org","@graph":[{"@type":"WebPage","@id":"https:\/\/kocie-porady.pl\/sklep\/index.php\/produkt\/szkolenie-online-jak-interpretowac-wyniki\/","url":"https:\/\/kocie-porady.pl\/sklep\/index.php\/produkt\/szkolenie-online-jak-interpretowac-wyniki\/","name":"Szkolenie online - jak interpretowa\u0107 wyniki? - Sklep dla kocich opiekun\u00f3w","isPartOf":{"@id":"https:\/\/kocie-porady.pl\/sklep\/#website"},"primaryImageOfPage":{"@id":"https:\/\/kocie-porady.pl\/sklep\/index.php\/produkt\/szkolenie-online-jak-interpretowac-wyniki\/#primaryimage"},"image":{"@id":"https:\/\/kocie-porady.pl\/sklep\/index.php\/produkt\/szkolenie-online-jak-interpretowac-wyniki\/#primaryimage"},"thumbnailUrl":"https:\/\/kocie-porady.pl\/sklep\/wp-content\/uploads\/2022\/07\/Projekt-bez-tytulu61.png","datePublished":"2022-07-02T16:28:26+00:00","dateModified":"2025-04-20T09:18:33+00:00","description":"Szkolenie online - jak interpretowa\u0107 wyniki?","breadcrumb":{"@id":"https:\/\/kocie-porady.pl\/sklep\/index.php\/produkt\/szkolenie-online-jak-interpretowac-wyniki\/#breadcrumb"},"inLanguage":"pl-PL","potentialAction":[{"@type":"ReadAction","target":["https:\/\/kocie-porady.pl\/sklep\/index.php\/produkt\/szkolenie-online-jak-interpretowac-wyniki\/"]}]},{"@type":"ImageObject","inLanguage":"pl-PL","@id":"https:\/\/kocie-porady.pl\/sklep\/index.php\/produkt\/szkolenie-online-jak-interpretowac-wyniki\/#primaryimage","url":"https:\/\/kocie-porady.pl\/sklep\/wp-content\/uploads\/2022\/07\/Projekt-bez-tytulu61.png","contentUrl":"https:\/\/kocie-porady.pl\/sklep\/wp-content\/uploads\/2022\/07\/Projekt-bez-tytulu61.png","width":1000,"height":1000},{"@type":"BreadcrumbList","@id":"https:\/\/kocie-porady.pl\/sklep\/index.php\/produkt\/szkolenie-online-jak-interpretowac-wyniki\/#breadcrumb","itemListElement":[{"@type":"ListItem","position":1,"name":"Strona g\u0142\u00f3wna","item":"https:\/\/kocie-porady.pl\/sklep\/"},{"@type":"ListItem","position":2,"name":"Sklep","item":"https:\/\/kocie-porady.pl\/sklep\/index.php\/sklep\/"},{"@type":"ListItem","position":3,"name":"Szkolenie online &#8211; jak interpretowa\u0107 wyniki?"}]},{"@type":"WebSite","@id":"https:\/\/kocie-porady.pl\/sklep\/#website","url":"https:\/\/kocie-porady.pl\/sklep\/","name":"Sklep dla kocich opiekun\u00f3w","description":"","publisher":{"@id":"https:\/\/kocie-porady.pl\/sklep\/#\/schema\/person\/3585b25f6c41a8448e9e088f50954cf4"},"potentialAction":[{"@type":"SearchAction","target":{"@type":"EntryPoint","urlTemplate":"https:\/\/kocie-porady.pl\/sklep\/?s={search_term_string}"},"query-input":{"@type":"PropertyValueSpecification","valueRequired":true,"valueName":"search_term_string"}}],"inLanguage":"pl-PL"},{"@type":["Person","Organization"],"@id":"https:\/\/kocie-porady.pl\/sklep\/#\/schema\/person\/3585b25f6c41a8448e9e088f50954cf4","name":"admin","image":{"@type":"ImageObject","inLanguage":"pl-PL","@id":"https:\/\/kocie-porady.pl\/sklep\/wp-content\/uploads\/2026\/04\/koci-behawioryzm-500-x-200-px-2.png","url":"https:\/\/kocie-porady.pl\/sklep\/wp-content\/uploads\/2026\/04\/koci-behawioryzm-500-x-200-px-2.png","contentUrl":"https:\/\/kocie-porady.pl\/sklep\/wp-content\/uploads\/2026\/04\/koci-behawioryzm-500-x-200-px-2.png","width":200,"height":100,"caption":"admin"},"logo":{"@id":"https:\/\/kocie-porady.pl\/sklep\/wp-content\/uploads\/2026\/04\/koci-behawioryzm-500-x-200-px-2.png"},"sameAs":["https:\/\/kocie-porady.pl\/sklep"]}]}},"jetpack_sharing_enabled":true,"_links":{"self":[{"href":"https:\/\/kocie-porady.pl\/sklep\/index.php\/wp-json\/wp\/v2\/product\/6841","targetHints":{"allow":["GET"]}}],"collection":[{"href":"https:\/\/kocie-porady.pl\/sklep\/index.php\/wp-json\/wp\/v2\/product"}],"about":[{"href":"https:\/\/kocie-porady.pl\/sklep\/index.php\/wp-json\/wp\/v2\/types\/product"}],"replies":[{"embeddable":true,"href":"https:\/\/kocie-porady.pl\/sklep\/index.php\/wp-json\/wp\/v2\/comments?post=6841"}],"wp:featuredmedia":[{"embeddable":true,"href":"https:\/\/kocie-porady.pl\/sklep\/index.php\/wp-json\/wp\/v2\/media\/6846"}],"wp:attachment":[{"href":"https:\/\/kocie-porady.pl\/sklep\/index.php\/wp-json\/wp\/v2\/media?parent=6841"}],"wp:term":[{"taxonomy":"product_brand","embeddable":true,"href":"https:\/\/kocie-porady.pl\/sklep\/index.php\/wp-json\/wp\/v2\/product_brand?post=6841"},{"taxonomy":"product_cat","embeddable":true,"href":"https:\/\/kocie-porady.pl\/sklep\/index.php\/wp-json\/wp\/v2\/product_cat?post=6841"},{"taxonomy":"product_tag","embeddable":true,"href":"https:\/\/kocie-porady.pl\/sklep\/index.php\/wp-json\/wp\/v2\/product_tag?post=6841"}],"curies":[{"name":"wp","href":"https:\/\/api.w.org\/{rel}","templated":true}]}}