{"id":6838,"date":"2022-07-01T21:25:52","date_gmt":"2022-07-01T21:25:52","guid":{"rendered":"https:\/\/kocie-porady.pl\/sklep\/?post_type=product&#038;p=6838"},"modified":"2026-05-02T21:20:56","modified_gmt":"2026-05-02T21:20:56","slug":"kurs-doszkalajacy-dla-lekarzy-weterynarii","status":"publish","type":"product","link":"https:\/\/kocie-porady.pl\/sklep\/index.php\/produkt\/kurs-doszkalajacy-dla-lekarzy-weterynarii\/","title":{"rendered":"Kurs doszkalaj\u0105cy dla lekarzy weterynarii &#8211; behawior kota domowego"},"content":{"rendered":"<h3>Kurs doszkalaj\u0105cy dla lekarzy weterynarii \u2013 behawior kota domowego to kurs roczny, doszkalaj\u0105cy dla lekarzy weterynarii maj\u0105cy w zakresie podstawy behawioryzmu kota domowego.<\/h3>\n<ul>\n<li>\n<h4>podstawy behawioru,<\/h4>\n<\/li>\n<li>\n<h4>trening medyczny.<\/h4>\n<\/li>\n<\/ul>\n","protected":false},"excerpt":{"rendered":"<p>Kurs doszkalaj\u0105cy dla lekarzy weterynarii \u2013 behawior kota domowego to kurs roczny, doszkalaj\u0105cy dla lekarzy weterynarii maj\u0105cy w zakresie podstawy behawioryzmu kota domowego. podstawy behawioru, trening medyczny.<\/p>\n","protected":false},"featured_media":6839,"comment_status":"open","ping_status":"closed","template":"","meta":[],"product_brand":[],"product_cat":[80],"product_tag":[257,258,88,265,259,261,262,263,264,89,242,253,272,273,256,255,260,248,251,252,249,250,82,246,247,83,245,254,270,271,274],"class_list":{"0":"post-6838","1":"product","2":"type-product","3":"status-publish","4":"has-post-thumbnail","6":"product_cat-szkol","7":"product_tag-edukacja","8":"product_tag-edukowanie","9":"product_tag-kot","10":"product_tag-kot-chory","11":"product_tag-kot-domowy","12":"product_tag-kot-dorosly","13":"product_tag-kot-mlody","14":"product_tag-kot-stary","15":"product_tag-kot-zdrowy","16":"product_tag-koty","17":"product_tag-kurs","18":"product_tag-kursy","19":"product_tag-lekarz","20":"product_tag-lekarz-weterynarii","21":"product_tag-nauczanie","22":"product_tag-nauka","23":"product_tag-o-kocie-domowym","24":"product_tag-szkolenia","25":"product_tag-szkolenia-dla-opiekunow","26":"product_tag-szkolenia-dla-wlascicieli","27":"product_tag-szkolenia-online","28":"product_tag-szkolenia-wideo","29":"product_tag-szkolenie","30":"product_tag-szkolenie-dla-opiekunow","31":"product_tag-szkolenie-dla-wlascicieli","32":"product_tag-szkolenie-online","33":"product_tag-szkolenie-wideo","34":"product_tag-trening","35":"product_tag-veterinary","36":"product_tag-weterynaria","37":"product_tag-weterynarz","39":"first","40":"instock","41":"virtual","42":"taxable","43":"purchasable","44":"product-type-simple"},"yoast_head":"<!-- This site is optimized with the Yoast SEO plugin v27.4 - https:\/\/yoast.com\/product\/yoast-seo-wordpress\/ -->\n<title>Kurs doszkalaj\u0105cy dla lekarzy weterynarii - behawior kota domowego - Sklep dla kocich opiekun\u00f3w<\/title>\n<meta name=\"description\" content=\"Kurs doszkalaj\u0105cy dla lekarzy weterynarii - behawior kota domowego to kurs dla lekarzy doszkalaj\u0105cych si\u0119 w temacie zachowania kota\" \/>\n<meta name=\"robots\" content=\"index, follow, max-snippet:-1, max-image-preview:large, max-video-preview:-1\" \/>\n<link rel=\"canonical\" href=\"https:\/\/kocie-porady.pl\/sklep\/index.php\/produkt\/kurs-doszkalajacy-dla-lekarzy-weterynarii\/\" \/>\n<meta property=\"og:locale\" content=\"pl_PL\" \/>\n<meta property=\"og:type\" content=\"article\" \/>\n<meta property=\"og:title\" content=\"Kurs doszkalaj\u0105cy dla lekarzy weterynarii - behawior kota domowego - Sklep dla kocich opiekun\u00f3w\" \/>\n<meta property=\"og:description\" content=\"Kurs doszkalaj\u0105cy dla lekarzy weterynarii - behawior kota domowego to kurs dla lekarzy doszkalaj\u0105cych si\u0119 w temacie zachowania kota\" \/>\n<meta property=\"og:url\" content=\"https:\/\/kocie-porady.pl\/sklep\/index.php\/produkt\/kurs-doszkalajacy-dla-lekarzy-weterynarii\/\" \/>\n<meta property=\"og:site_name\" content=\"Sklep dla kocich opiekun\u00f3w\" \/>\n<meta property=\"article:modified_time\" content=\"2026-05-02T21:20:56+00:00\" \/>\n<meta property=\"og:image\" content=\"https:\/\/kocie-porady.pl\/sklep\/wp-content\/uploads\/2022\/07\/Projekt-bez-tytulu60.png\" \/>\n\t<meta property=\"og:image:width\" content=\"1000\" \/>\n\t<meta property=\"og:image:height\" content=\"1000\" \/>\n\t<meta property=\"og:image:type\" content=\"image\/png\" \/>\n<meta name=\"twitter:card\" content=\"summary_large_image\" \/>\n<meta name=\"twitter:label1\" content=\"Szacowany czas czytania\" \/>\n\t<meta name=\"twitter:data1\" content=\"1 minuta\" \/>\n<script type=\"application\/ld+json\" class=\"yoast-schema-graph\">{\"@context\":\"https:\\\/\\\/schema.org\",\"@graph\":[{\"@type\":\"WebPage\",\"@id\":\"https:\\\/\\\/kocie-porady.pl\\\/sklep\\\/index.php\\\/produkt\\\/kurs-doszkalajacy-dla-lekarzy-weterynarii\\\/\",\"url\":\"https:\\\/\\\/kocie-porady.pl\\\/sklep\\\/index.php\\\/produkt\\\/kurs-doszkalajacy-dla-lekarzy-weterynarii\\\/\",\"name\":\"Kurs doszkalaj\u0105cy dla lekarzy weterynarii - behawior kota domowego - Sklep dla kocich opiekun\u00f3w\",\"isPartOf\":{\"@id\":\"https:\\\/\\\/kocie-porady.pl\\\/sklep\\\/#website\"},\"primaryImageOfPage\":{\"@id\":\"https:\\\/\\\/kocie-porady.pl\\\/sklep\\\/index.php\\\/produkt\\\/kurs-doszkalajacy-dla-lekarzy-weterynarii\\\/#primaryimage\"},\"image\":{\"@id\":\"https:\\\/\\\/kocie-porady.pl\\\/sklep\\\/index.php\\\/produkt\\\/kurs-doszkalajacy-dla-lekarzy-weterynarii\\\/#primaryimage\"},\"thumbnailUrl\":\"https:\\\/\\\/kocie-porady.pl\\\/sklep\\\/wp-content\\\/uploads\\\/2022\\\/07\\\/Projekt-bez-tytulu60.png\",\"datePublished\":\"2022-07-01T21:25:52+00:00\",\"dateModified\":\"2026-05-02T21:20:56+00:00\",\"description\":\"Kurs doszkalaj\u0105cy dla lekarzy weterynarii - behawior kota domowego to kurs dla lekarzy doszkalaj\u0105cych si\u0119 w temacie zachowania kota\",\"breadcrumb\":{\"@id\":\"https:\\\/\\\/kocie-porady.pl\\\/sklep\\\/index.php\\\/produkt\\\/kurs-doszkalajacy-dla-lekarzy-weterynarii\\\/#breadcrumb\"},\"inLanguage\":\"pl-PL\",\"potentialAction\":[{\"@type\":\"ReadAction\",\"target\":[\"https:\\\/\\\/kocie-porady.pl\\\/sklep\\\/index.php\\\/produkt\\\/kurs-doszkalajacy-dla-lekarzy-weterynarii\\\/\"]}]},{\"@type\":\"ImageObject\",\"inLanguage\":\"pl-PL\",\"@id\":\"https:\\\/\\\/kocie-porady.pl\\\/sklep\\\/index.php\\\/produkt\\\/kurs-doszkalajacy-dla-lekarzy-weterynarii\\\/#primaryimage\",\"url\":\"https:\\\/\\\/kocie-porady.pl\\\/sklep\\\/wp-content\\\/uploads\\\/2022\\\/07\\\/Projekt-bez-tytulu60.png\",\"contentUrl\":\"https:\\\/\\\/kocie-porady.pl\\\/sklep\\\/wp-content\\\/uploads\\\/2022\\\/07\\\/Projekt-bez-tytulu60.png\",\"width\":1000,\"height\":1000,\"caption\":\"Kurs doszkalaj\u0105cy dla lekarzy weterynarii\"},{\"@type\":\"BreadcrumbList\",\"@id\":\"https:\\\/\\\/kocie-porady.pl\\\/sklep\\\/index.php\\\/produkt\\\/kurs-doszkalajacy-dla-lekarzy-weterynarii\\\/#breadcrumb\",\"itemListElement\":[{\"@type\":\"ListItem\",\"position\":1,\"name\":\"Strona g\u0142\u00f3wna\",\"item\":\"https:\\\/\\\/kocie-porady.pl\\\/sklep\\\/\"},{\"@type\":\"ListItem\",\"position\":2,\"name\":\"Sklep\",\"item\":\"https:\\\/\\\/kocie-porady.pl\\\/sklep\\\/index.php\\\/sklep\\\/\"},{\"@type\":\"ListItem\",\"position\":3,\"name\":\"Kurs doszkalaj\u0105cy dla lekarzy weterynarii &#8211; behawior kota domowego\"}]},{\"@type\":\"WebSite\",\"@id\":\"https:\\\/\\\/kocie-porady.pl\\\/sklep\\\/#website\",\"url\":\"https:\\\/\\\/kocie-porady.pl\\\/sklep\\\/\",\"name\":\"Sklep dla kocich opiekun\u00f3w\",\"description\":\"\",\"publisher\":{\"@id\":\"https:\\\/\\\/kocie-porady.pl\\\/sklep\\\/#\\\/schema\\\/person\\\/3585b25f6c41a8448e9e088f50954cf4\"},\"potentialAction\":[{\"@type\":\"SearchAction\",\"target\":{\"@type\":\"EntryPoint\",\"urlTemplate\":\"https:\\\/\\\/kocie-porady.pl\\\/sklep\\\/?s={search_term_string}\"},\"query-input\":{\"@type\":\"PropertyValueSpecification\",\"valueRequired\":true,\"valueName\":\"search_term_string\"}}],\"inLanguage\":\"pl-PL\"},{\"@type\":[\"Person\",\"Organization\"],\"@id\":\"https:\\\/\\\/kocie-porady.pl\\\/sklep\\\/#\\\/schema\\\/person\\\/3585b25f6c41a8448e9e088f50954cf4\",\"name\":\"admin\",\"image\":{\"@type\":\"ImageObject\",\"inLanguage\":\"pl-PL\",\"@id\":\"https:\\\/\\\/kocie-porady.pl\\\/sklep\\\/wp-content\\\/uploads\\\/2026\\\/04\\\/koci-behawioryzm-500-x-200-px-2.png\",\"url\":\"https:\\\/\\\/kocie-porady.pl\\\/sklep\\\/wp-content\\\/uploads\\\/2026\\\/04\\\/koci-behawioryzm-500-x-200-px-2.png\",\"contentUrl\":\"https:\\\/\\\/kocie-porady.pl\\\/sklep\\\/wp-content\\\/uploads\\\/2026\\\/04\\\/koci-behawioryzm-500-x-200-px-2.png\",\"width\":200,\"height\":100,\"caption\":\"admin\"},\"logo\":{\"@id\":\"https:\\\/\\\/kocie-porady.pl\\\/sklep\\\/wp-content\\\/uploads\\\/2026\\\/04\\\/koci-behawioryzm-500-x-200-px-2.png\"},\"sameAs\":[\"https:\\\/\\\/kocie-porady.pl\\\/sklep\"]}]}<\/script>\n<!-- \/ Yoast SEO plugin. -->","yoast_head_json":{"title":"Kurs doszkalaj\u0105cy dla lekarzy weterynarii - behawior kota domowego - Sklep dla kocich opiekun\u00f3w","description":"Kurs doszkalaj\u0105cy dla lekarzy weterynarii - behawior kota domowego to kurs dla lekarzy doszkalaj\u0105cych si\u0119 w temacie zachowania kota","robots":{"index":"index","follow":"follow","max-snippet":"max-snippet:-1","max-image-preview":"max-image-preview:large","max-video-preview":"max-video-preview:-1"},"canonical":"https:\/\/kocie-porady.pl\/sklep\/index.php\/produkt\/kurs-doszkalajacy-dla-lekarzy-weterynarii\/","og_locale":"pl_PL","og_type":"article","og_title":"Kurs doszkalaj\u0105cy dla lekarzy weterynarii - behawior kota domowego - Sklep dla kocich opiekun\u00f3w","og_description":"Kurs doszkalaj\u0105cy dla lekarzy weterynarii - behawior kota domowego to kurs dla lekarzy doszkalaj\u0105cych si\u0119 w temacie zachowania kota","og_url":"https:\/\/kocie-porady.pl\/sklep\/index.php\/produkt\/kurs-doszkalajacy-dla-lekarzy-weterynarii\/","og_site_name":"Sklep dla kocich opiekun\u00f3w","article_modified_time":"2026-05-02T21:20:56+00:00","og_image":[{"width":1000,"height":1000,"url":"https:\/\/kocie-porady.pl\/sklep\/wp-content\/uploads\/2022\/07\/Projekt-bez-tytulu60.png","type":"image\/png"}],"twitter_card":"summary_large_image","twitter_misc":{"Szacowany czas czytania":"1 minuta"},"schema":{"@context":"https:\/\/schema.org","@graph":[{"@type":"WebPage","@id":"https:\/\/kocie-porady.pl\/sklep\/index.php\/produkt\/kurs-doszkalajacy-dla-lekarzy-weterynarii\/","url":"https:\/\/kocie-porady.pl\/sklep\/index.php\/produkt\/kurs-doszkalajacy-dla-lekarzy-weterynarii\/","name":"Kurs doszkalaj\u0105cy dla lekarzy weterynarii - behawior kota domowego - Sklep dla kocich opiekun\u00f3w","isPartOf":{"@id":"https:\/\/kocie-porady.pl\/sklep\/#website"},"primaryImageOfPage":{"@id":"https:\/\/kocie-porady.pl\/sklep\/index.php\/produkt\/kurs-doszkalajacy-dla-lekarzy-weterynarii\/#primaryimage"},"image":{"@id":"https:\/\/kocie-porady.pl\/sklep\/index.php\/produkt\/kurs-doszkalajacy-dla-lekarzy-weterynarii\/#primaryimage"},"thumbnailUrl":"https:\/\/kocie-porady.pl\/sklep\/wp-content\/uploads\/2022\/07\/Projekt-bez-tytulu60.png","datePublished":"2022-07-01T21:25:52+00:00","dateModified":"2026-05-02T21:20:56+00:00","description":"Kurs doszkalaj\u0105cy dla lekarzy weterynarii - behawior kota domowego to kurs dla lekarzy doszkalaj\u0105cych si\u0119 w temacie zachowania kota","breadcrumb":{"@id":"https:\/\/kocie-porady.pl\/sklep\/index.php\/produkt\/kurs-doszkalajacy-dla-lekarzy-weterynarii\/#breadcrumb"},"inLanguage":"pl-PL","potentialAction":[{"@type":"ReadAction","target":["https:\/\/kocie-porady.pl\/sklep\/index.php\/produkt\/kurs-doszkalajacy-dla-lekarzy-weterynarii\/"]}]},{"@type":"ImageObject","inLanguage":"pl-PL","@id":"https:\/\/kocie-porady.pl\/sklep\/index.php\/produkt\/kurs-doszkalajacy-dla-lekarzy-weterynarii\/#primaryimage","url":"https:\/\/kocie-porady.pl\/sklep\/wp-content\/uploads\/2022\/07\/Projekt-bez-tytulu60.png","contentUrl":"https:\/\/kocie-porady.pl\/sklep\/wp-content\/uploads\/2022\/07\/Projekt-bez-tytulu60.png","width":1000,"height":1000,"caption":"Kurs doszkalaj\u0105cy dla lekarzy weterynarii"},{"@type":"BreadcrumbList","@id":"https:\/\/kocie-porady.pl\/sklep\/index.php\/produkt\/kurs-doszkalajacy-dla-lekarzy-weterynarii\/#breadcrumb","itemListElement":[{"@type":"ListItem","position":1,"name":"Strona g\u0142\u00f3wna","item":"https:\/\/kocie-porady.pl\/sklep\/"},{"@type":"ListItem","position":2,"name":"Sklep","item":"https:\/\/kocie-porady.pl\/sklep\/index.php\/sklep\/"},{"@type":"ListItem","position":3,"name":"Kurs doszkalaj\u0105cy dla lekarzy weterynarii &#8211; behawior kota domowego"}]},{"@type":"WebSite","@id":"https:\/\/kocie-porady.pl\/sklep\/#website","url":"https:\/\/kocie-porady.pl\/sklep\/","name":"Sklep dla kocich opiekun\u00f3w","description":"","publisher":{"@id":"https:\/\/kocie-porady.pl\/sklep\/#\/schema\/person\/3585b25f6c41a8448e9e088f50954cf4"},"potentialAction":[{"@type":"SearchAction","target":{"@type":"EntryPoint","urlTemplate":"https:\/\/kocie-porady.pl\/sklep\/?s={search_term_string}"},"query-input":{"@type":"PropertyValueSpecification","valueRequired":true,"valueName":"search_term_string"}}],"inLanguage":"pl-PL"},{"@type":["Person","Organization"],"@id":"https:\/\/kocie-porady.pl\/sklep\/#\/schema\/person\/3585b25f6c41a8448e9e088f50954cf4","name":"admin","image":{"@type":"ImageObject","inLanguage":"pl-PL","@id":"https:\/\/kocie-porady.pl\/sklep\/wp-content\/uploads\/2026\/04\/koci-behawioryzm-500-x-200-px-2.png","url":"https:\/\/kocie-porady.pl\/sklep\/wp-content\/uploads\/2026\/04\/koci-behawioryzm-500-x-200-px-2.png","contentUrl":"https:\/\/kocie-porady.pl\/sklep\/wp-content\/uploads\/2026\/04\/koci-behawioryzm-500-x-200-px-2.png","width":200,"height":100,"caption":"admin"},"logo":{"@id":"https:\/\/kocie-porady.pl\/sklep\/wp-content\/uploads\/2026\/04\/koci-behawioryzm-500-x-200-px-2.png"},"sameAs":["https:\/\/kocie-porady.pl\/sklep"]}]}},"jetpack_sharing_enabled":true,"_links":{"self":[{"href":"https:\/\/kocie-porady.pl\/sklep\/index.php\/wp-json\/wp\/v2\/product\/6838","targetHints":{"allow":["GET"]}}],"collection":[{"href":"https:\/\/kocie-porady.pl\/sklep\/index.php\/wp-json\/wp\/v2\/product"}],"about":[{"href":"https:\/\/kocie-porady.pl\/sklep\/index.php\/wp-json\/wp\/v2\/types\/product"}],"replies":[{"embeddable":true,"href":"https:\/\/kocie-porady.pl\/sklep\/index.php\/wp-json\/wp\/v2\/comments?post=6838"}],"wp:featuredmedia":[{"embeddable":true,"href":"https:\/\/kocie-porady.pl\/sklep\/index.php\/wp-json\/wp\/v2\/media\/6839"}],"wp:attachment":[{"href":"https:\/\/kocie-porady.pl\/sklep\/index.php\/wp-json\/wp\/v2\/media?parent=6838"}],"wp:term":[{"taxonomy":"product_brand","embeddable":true,"href":"https:\/\/kocie-porady.pl\/sklep\/index.php\/wp-json\/wp\/v2\/product_brand?post=6838"},{"taxonomy":"product_cat","embeddable":true,"href":"https:\/\/kocie-porady.pl\/sklep\/index.php\/wp-json\/wp\/v2\/product_cat?post=6838"},{"taxonomy":"product_tag","embeddable":true,"href":"https:\/\/kocie-porady.pl\/sklep\/index.php\/wp-json\/wp\/v2\/product_tag?post=6838"}],"curies":[{"name":"wp","href":"https:\/\/api.w.org\/{rel}","templated":true}]}}