{"id":6706,"date":"2022-03-21T21:50:23","date_gmt":"2022-03-21T21:50:23","guid":{"rendered":"https:\/\/kocie-porady.pl\/sklep\/?post_type=product&#038;p=6706"},"modified":"2025-03-23T08:56:50","modified_gmt":"2025-03-23T08:56:50","slug":"karta-podarunkowa-opieka-nad-zwierzeciem","status":"publish","type":"product","link":"https:\/\/kocie-porady.pl\/sklep\/index.php\/produkt\/karta-podarunkowa-opieka-nad-zwierzeciem\/","title":{"rendered":"Karta podarunkowa &#8211; opieka nad zwierz\u0119ciem"},"content":{"rendered":"<p>W ramach projektu Kocie Porady oferujemy wiele us\u0142ug, mi\u0119dzy innymi konsultacje behawioralne, \u017cywieniowe oraz opiek\u0119 nad zwierz\u0119tami domowymi. Wszystkie us\u0142ugi mo\u017cesz kupi\u0107 bezpo\u015brednio w naszym sklepie online dla siebie lub cz\u0142onk\u00f3w swojej rodziny. Jednak istnieje tak\u017ce opcja zakupu danej us\u0142ugi w formie karty podarunkowej lub vouchera kt\u00f3ry mo\u017cesz dostarczy\u0107 wybranej osoby w formie online lub te\u017c drukowanej.<\/p>\n<p>Jeste\u015bmy wstanie dopasowa\u0107 kszta\u0142t, kolorystyk\u0119, czcionk\u0119 oraz inne elementy wybranego produktu do Twojego \u017cyczenia.<\/p>\n<p>W ramach projektu Kocie Porady oferujemy wiele us\u0142ug,\u00a0 jedn\u0105 z nich jest profesjonalna opieka nad zwierz\u0119tami domowymi, oferowanymi we wsp\u00f3\u0142pracy z projektem Petsiterzy.pl oraz stale rosn\u0105c\u0105\u00a0grup\u0105 odpowiedzialnych opiekun\u00f3w. W ramach oferty oferujemy opiek\u0119 nad ka\u017cdym zwierz\u0119ciem domowym, zaczynaj\u0105c od wizyt dochodz\u0105cych po zamieszkanie, opieka weekendowa, oraz r\u00f3\u017cne formy abonament\u00f3w.<\/p>\n<p>Jak wygl\u0105da opieka? Zgodnie z ustalonymi szczeg\u00f3\u0142ami (zawsze dobranymi indywidualnie) z klientem opiekun przychodzi do domu, zapewnia przede wszystkim wyczyszczenie kuwety, umycie (je\u015bli jest potrzeba miski z wod\u0105 oraz talerza z karm\u0105), nadz\u00f3r nad zachowaniem i zdrowiem podopiecznego, pr\u00f3b\u0119 aktywizacji fizyczn\u0105 lub psychiczn\u0105 oraz zapewnienie kotu kontaktu socjalnego.<\/p>\n<p>Opiekun dochodz\u0105cy otrzymuje zap\u0142at\u0119 wy\u0142\u0105cznie po powrocie do domu klienta gdy ten oceni \u017ce wszystko jest dobrze.<\/p>\n<p>Jak wygl\u0105da podpisanie umowy? Klient spotyka si\u0119 z przedstawicielem firmy we w\u0142asnym domu gdzie przedstawia swoich podopiecznych oraz warunki domowe, podpisuje umow\u0119. Klient op\u0142aca umow\u0119 przed swoim wyjazdem.<\/p>\n","protected":false},"excerpt":{"rendered":"<p>W ramach projektu Kocie Porady oferujemy wiele us\u0142ug, mi\u0119dzy innymi konsultacje behawioralne, \u017cywieniowe oraz opiek\u0119 nad zwierz\u0119tami domowymi. Wszystkie us\u0142ugi mo\u017cesz kupi\u0107 bezpo\u015brednio w naszym sklepie online dla siebie lub&#8230;<\/p>\n","protected":false},"featured_media":7514,"comment_status":"open","ping_status":"closed","template":"","meta":[],"product_brand":[],"product_cat":[114],"product_tag":[62,101,212,207,210,215,99,211,214,208,213,209,167,218,217,206,142,63,216],"class_list":{"0":"post-6706","1":"product","2":"type-product","3":"status-publish","4":"has-post-thumbnail","6":"product_cat-karta-podarunkowa","7":"product_tag-kocie-porady","8":"product_tag-opieka","9":"product_tag-opieka-malym-ssakiem","10":"product_tag-opieka-nad","11":"product_tag-opieka-nad-chomikiem","12":"product_tag-opieka-nad-gadem","13":"product_tag-opieka-nad-kotem","14":"product_tag-opieka-nad-krolikiem","15":"product_tag-opieka-nad-plazem","16":"product_tag-opieka-nad-psem","17":"product_tag-opieka-nad-ptakiem","18":"product_tag-opieka-nad-rybkami","19":"product_tag-opieka-nad-zwierzetami","20":"product_tag-opiekunowie-nad-zwierzetami","21":"product_tag-opiekunowie-zwierzat","22":"product_tag-petsiterzy-pl","23":"product_tag-petsitter","24":"product_tag-porady-kocie","25":"product_tag-profesjonalna-opieka-nad-zwierzetami","27":"first","28":"instock","29":"taxable","30":"shipping-taxable","31":"purchasable","32":"product-type-variable"},"yoast_head":"<!-- This site is optimized with the Yoast SEO plugin v27.4 - https:\/\/yoast.com\/product\/yoast-seo-wordpress\/ -->\n<title>Karta podarunkowa - opieka nad zwierz\u0119ciem - Sklep dla kocich opiekun\u00f3w<\/title>\n<meta name=\"description\" content=\"Karta podarunkowa - opieka nad zwierz\u0119ciem, to przedmiot kt\u00f3ry mo\u017cna sprezentowa\u0107 znajomym, rodzinie.\" \/>\n<meta name=\"robots\" content=\"index, follow, max-snippet:-1, max-image-preview:large, max-video-preview:-1\" \/>\n<link rel=\"canonical\" href=\"https:\/\/kocie-porady.pl\/sklep\/index.php\/produkt\/karta-podarunkowa-opieka-nad-zwierzeciem\/\" \/>\n<meta property=\"og:locale\" content=\"pl_PL\" \/>\n<meta property=\"og:type\" content=\"article\" \/>\n<meta property=\"og:title\" content=\"Karta podarunkowa - opieka nad zwierz\u0119ciem - Sklep dla kocich opiekun\u00f3w\" \/>\n<meta property=\"og:description\" content=\"Karta podarunkowa - opieka nad zwierz\u0119ciem, to przedmiot kt\u00f3ry mo\u017cna sprezentowa\u0107 znajomym, rodzinie.\" \/>\n<meta property=\"og:url\" content=\"https:\/\/kocie-porady.pl\/sklep\/index.php\/produkt\/karta-podarunkowa-opieka-nad-zwierzeciem\/\" \/>\n<meta property=\"og:site_name\" content=\"Sklep dla kocich opiekun\u00f3w\" \/>\n<meta property=\"article:modified_time\" content=\"2025-03-23T08:56:50+00:00\" \/>\n<meta property=\"og:image\" content=\"https:\/\/kocie-porady.pl\/sklep\/wp-content\/uploads\/2022\/03\/VOUCHER-1-1.png\" \/>\n\t<meta property=\"og:image:width\" content=\"800\" \/>\n\t<meta property=\"og:image:height\" content=\"800\" \/>\n\t<meta property=\"og:image:type\" content=\"image\/png\" \/>\n<meta name=\"twitter:card\" content=\"summary_large_image\" \/>\n<meta name=\"twitter:label1\" content=\"Szacowany czas czytania\" \/>\n\t<meta name=\"twitter:data1\" content=\"2 minuty\" \/>\n<script type=\"application\/ld+json\" class=\"yoast-schema-graph\">{\"@context\":\"https:\\\/\\\/schema.org\",\"@graph\":[{\"@type\":\"WebPage\",\"@id\":\"https:\\\/\\\/kocie-porady.pl\\\/sklep\\\/index.php\\\/produkt\\\/karta-podarunkowa-opieka-nad-zwierzeciem\\\/\",\"url\":\"https:\\\/\\\/kocie-porady.pl\\\/sklep\\\/index.php\\\/produkt\\\/karta-podarunkowa-opieka-nad-zwierzeciem\\\/\",\"name\":\"Karta podarunkowa - opieka nad zwierz\u0119ciem - Sklep dla kocich opiekun\u00f3w\",\"isPartOf\":{\"@id\":\"https:\\\/\\\/kocie-porady.pl\\\/sklep\\\/#website\"},\"primaryImageOfPage\":{\"@id\":\"https:\\\/\\\/kocie-porady.pl\\\/sklep\\\/index.php\\\/produkt\\\/karta-podarunkowa-opieka-nad-zwierzeciem\\\/#primaryimage\"},\"image\":{\"@id\":\"https:\\\/\\\/kocie-porady.pl\\\/sklep\\\/index.php\\\/produkt\\\/karta-podarunkowa-opieka-nad-zwierzeciem\\\/#primaryimage\"},\"thumbnailUrl\":\"https:\\\/\\\/kocie-porady.pl\\\/sklep\\\/wp-content\\\/uploads\\\/2022\\\/03\\\/VOUCHER-1-1.png\",\"datePublished\":\"2022-03-21T21:50:23+00:00\",\"dateModified\":\"2025-03-23T08:56:50+00:00\",\"description\":\"Karta podarunkowa - opieka nad zwierz\u0119ciem, to przedmiot kt\u00f3ry mo\u017cna sprezentowa\u0107 znajomym, rodzinie.\",\"breadcrumb\":{\"@id\":\"https:\\\/\\\/kocie-porady.pl\\\/sklep\\\/index.php\\\/produkt\\\/karta-podarunkowa-opieka-nad-zwierzeciem\\\/#breadcrumb\"},\"inLanguage\":\"pl-PL\",\"potentialAction\":[{\"@type\":\"ReadAction\",\"target\":[\"https:\\\/\\\/kocie-porady.pl\\\/sklep\\\/index.php\\\/produkt\\\/karta-podarunkowa-opieka-nad-zwierzeciem\\\/\"]}]},{\"@type\":\"ImageObject\",\"inLanguage\":\"pl-PL\",\"@id\":\"https:\\\/\\\/kocie-porady.pl\\\/sklep\\\/index.php\\\/produkt\\\/karta-podarunkowa-opieka-nad-zwierzeciem\\\/#primaryimage\",\"url\":\"https:\\\/\\\/kocie-porady.pl\\\/sklep\\\/wp-content\\\/uploads\\\/2022\\\/03\\\/VOUCHER-1-1.png\",\"contentUrl\":\"https:\\\/\\\/kocie-porady.pl\\\/sklep\\\/wp-content\\\/uploads\\\/2022\\\/03\\\/VOUCHER-1-1.png\",\"width\":800,\"height\":800,\"caption\":\"karta podarunkowa na opieki\"},{\"@type\":\"BreadcrumbList\",\"@id\":\"https:\\\/\\\/kocie-porady.pl\\\/sklep\\\/index.php\\\/produkt\\\/karta-podarunkowa-opieka-nad-zwierzeciem\\\/#breadcrumb\",\"itemListElement\":[{\"@type\":\"ListItem\",\"position\":1,\"name\":\"Strona g\u0142\u00f3wna\",\"item\":\"https:\\\/\\\/kocie-porady.pl\\\/sklep\\\/\"},{\"@type\":\"ListItem\",\"position\":2,\"name\":\"Sklep\",\"item\":\"https:\\\/\\\/kocie-porady.pl\\\/sklep\\\/index.php\\\/sklep\\\/\"},{\"@type\":\"ListItem\",\"position\":3,\"name\":\"Karta podarunkowa &#8211; opieka nad zwierz\u0119ciem\"}]},{\"@type\":\"WebSite\",\"@id\":\"https:\\\/\\\/kocie-porady.pl\\\/sklep\\\/#website\",\"url\":\"https:\\\/\\\/kocie-porady.pl\\\/sklep\\\/\",\"name\":\"Sklep dla kocich opiekun\u00f3w\",\"description\":\"\",\"publisher\":{\"@id\":\"https:\\\/\\\/kocie-porady.pl\\\/sklep\\\/#\\\/schema\\\/person\\\/3585b25f6c41a8448e9e088f50954cf4\"},\"potentialAction\":[{\"@type\":\"SearchAction\",\"target\":{\"@type\":\"EntryPoint\",\"urlTemplate\":\"https:\\\/\\\/kocie-porady.pl\\\/sklep\\\/?s={search_term_string}\"},\"query-input\":{\"@type\":\"PropertyValueSpecification\",\"valueRequired\":true,\"valueName\":\"search_term_string\"}}],\"inLanguage\":\"pl-PL\"},{\"@type\":[\"Person\",\"Organization\"],\"@id\":\"https:\\\/\\\/kocie-porady.pl\\\/sklep\\\/#\\\/schema\\\/person\\\/3585b25f6c41a8448e9e088f50954cf4\",\"name\":\"admin\",\"image\":{\"@type\":\"ImageObject\",\"inLanguage\":\"pl-PL\",\"@id\":\"https:\\\/\\\/kocie-porady.pl\\\/sklep\\\/wp-content\\\/uploads\\\/2026\\\/04\\\/koci-behawioryzm-500-x-200-px-2.png\",\"url\":\"https:\\\/\\\/kocie-porady.pl\\\/sklep\\\/wp-content\\\/uploads\\\/2026\\\/04\\\/koci-behawioryzm-500-x-200-px-2.png\",\"contentUrl\":\"https:\\\/\\\/kocie-porady.pl\\\/sklep\\\/wp-content\\\/uploads\\\/2026\\\/04\\\/koci-behawioryzm-500-x-200-px-2.png\",\"width\":200,\"height\":100,\"caption\":\"admin\"},\"logo\":{\"@id\":\"https:\\\/\\\/kocie-porady.pl\\\/sklep\\\/wp-content\\\/uploads\\\/2026\\\/04\\\/koci-behawioryzm-500-x-200-px-2.png\"},\"sameAs\":[\"https:\\\/\\\/kocie-porady.pl\\\/sklep\"]}]}<\/script>\n<!-- \/ Yoast SEO plugin. -->","yoast_head_json":{"title":"Karta podarunkowa - opieka nad zwierz\u0119ciem - Sklep dla kocich opiekun\u00f3w","description":"Karta podarunkowa - opieka nad zwierz\u0119ciem, to przedmiot kt\u00f3ry mo\u017cna sprezentowa\u0107 znajomym, rodzinie.","robots":{"index":"index","follow":"follow","max-snippet":"max-snippet:-1","max-image-preview":"max-image-preview:large","max-video-preview":"max-video-preview:-1"},"canonical":"https:\/\/kocie-porady.pl\/sklep\/index.php\/produkt\/karta-podarunkowa-opieka-nad-zwierzeciem\/","og_locale":"pl_PL","og_type":"article","og_title":"Karta podarunkowa - opieka nad zwierz\u0119ciem - Sklep dla kocich opiekun\u00f3w","og_description":"Karta podarunkowa - opieka nad zwierz\u0119ciem, to przedmiot kt\u00f3ry mo\u017cna sprezentowa\u0107 znajomym, rodzinie.","og_url":"https:\/\/kocie-porady.pl\/sklep\/index.php\/produkt\/karta-podarunkowa-opieka-nad-zwierzeciem\/","og_site_name":"Sklep dla kocich opiekun\u00f3w","article_modified_time":"2025-03-23T08:56:50+00:00","og_image":[{"width":800,"height":800,"url":"https:\/\/kocie-porady.pl\/sklep\/wp-content\/uploads\/2022\/03\/VOUCHER-1-1.png","type":"image\/png"}],"twitter_card":"summary_large_image","twitter_misc":{"Szacowany czas czytania":"2 minuty"},"schema":{"@context":"https:\/\/schema.org","@graph":[{"@type":"WebPage","@id":"https:\/\/kocie-porady.pl\/sklep\/index.php\/produkt\/karta-podarunkowa-opieka-nad-zwierzeciem\/","url":"https:\/\/kocie-porady.pl\/sklep\/index.php\/produkt\/karta-podarunkowa-opieka-nad-zwierzeciem\/","name":"Karta podarunkowa - opieka nad zwierz\u0119ciem - Sklep dla kocich opiekun\u00f3w","isPartOf":{"@id":"https:\/\/kocie-porady.pl\/sklep\/#website"},"primaryImageOfPage":{"@id":"https:\/\/kocie-porady.pl\/sklep\/index.php\/produkt\/karta-podarunkowa-opieka-nad-zwierzeciem\/#primaryimage"},"image":{"@id":"https:\/\/kocie-porady.pl\/sklep\/index.php\/produkt\/karta-podarunkowa-opieka-nad-zwierzeciem\/#primaryimage"},"thumbnailUrl":"https:\/\/kocie-porady.pl\/sklep\/wp-content\/uploads\/2022\/03\/VOUCHER-1-1.png","datePublished":"2022-03-21T21:50:23+00:00","dateModified":"2025-03-23T08:56:50+00:00","description":"Karta podarunkowa - opieka nad zwierz\u0119ciem, to przedmiot kt\u00f3ry mo\u017cna sprezentowa\u0107 znajomym, rodzinie.","breadcrumb":{"@id":"https:\/\/kocie-porady.pl\/sklep\/index.php\/produkt\/karta-podarunkowa-opieka-nad-zwierzeciem\/#breadcrumb"},"inLanguage":"pl-PL","potentialAction":[{"@type":"ReadAction","target":["https:\/\/kocie-porady.pl\/sklep\/index.php\/produkt\/karta-podarunkowa-opieka-nad-zwierzeciem\/"]}]},{"@type":"ImageObject","inLanguage":"pl-PL","@id":"https:\/\/kocie-porady.pl\/sklep\/index.php\/produkt\/karta-podarunkowa-opieka-nad-zwierzeciem\/#primaryimage","url":"https:\/\/kocie-porady.pl\/sklep\/wp-content\/uploads\/2022\/03\/VOUCHER-1-1.png","contentUrl":"https:\/\/kocie-porady.pl\/sklep\/wp-content\/uploads\/2022\/03\/VOUCHER-1-1.png","width":800,"height":800,"caption":"karta podarunkowa na opieki"},{"@type":"BreadcrumbList","@id":"https:\/\/kocie-porady.pl\/sklep\/index.php\/produkt\/karta-podarunkowa-opieka-nad-zwierzeciem\/#breadcrumb","itemListElement":[{"@type":"ListItem","position":1,"name":"Strona g\u0142\u00f3wna","item":"https:\/\/kocie-porady.pl\/sklep\/"},{"@type":"ListItem","position":2,"name":"Sklep","item":"https:\/\/kocie-porady.pl\/sklep\/index.php\/sklep\/"},{"@type":"ListItem","position":3,"name":"Karta podarunkowa &#8211; opieka nad zwierz\u0119ciem"}]},{"@type":"WebSite","@id":"https:\/\/kocie-porady.pl\/sklep\/#website","url":"https:\/\/kocie-porady.pl\/sklep\/","name":"Sklep dla kocich opiekun\u00f3w","description":"","publisher":{"@id":"https:\/\/kocie-porady.pl\/sklep\/#\/schema\/person\/3585b25f6c41a8448e9e088f50954cf4"},"potentialAction":[{"@type":"SearchAction","target":{"@type":"EntryPoint","urlTemplate":"https:\/\/kocie-porady.pl\/sklep\/?s={search_term_string}"},"query-input":{"@type":"PropertyValueSpecification","valueRequired":true,"valueName":"search_term_string"}}],"inLanguage":"pl-PL"},{"@type":["Person","Organization"],"@id":"https:\/\/kocie-porady.pl\/sklep\/#\/schema\/person\/3585b25f6c41a8448e9e088f50954cf4","name":"admin","image":{"@type":"ImageObject","inLanguage":"pl-PL","@id":"https:\/\/kocie-porady.pl\/sklep\/wp-content\/uploads\/2026\/04\/koci-behawioryzm-500-x-200-px-2.png","url":"https:\/\/kocie-porady.pl\/sklep\/wp-content\/uploads\/2026\/04\/koci-behawioryzm-500-x-200-px-2.png","contentUrl":"https:\/\/kocie-porady.pl\/sklep\/wp-content\/uploads\/2026\/04\/koci-behawioryzm-500-x-200-px-2.png","width":200,"height":100,"caption":"admin"},"logo":{"@id":"https:\/\/kocie-porady.pl\/sklep\/wp-content\/uploads\/2026\/04\/koci-behawioryzm-500-x-200-px-2.png"},"sameAs":["https:\/\/kocie-porady.pl\/sklep"]}]}},"jetpack_sharing_enabled":true,"_links":{"self":[{"href":"https:\/\/kocie-porady.pl\/sklep\/index.php\/wp-json\/wp\/v2\/product\/6706","targetHints":{"allow":["GET"]}}],"collection":[{"href":"https:\/\/kocie-porady.pl\/sklep\/index.php\/wp-json\/wp\/v2\/product"}],"about":[{"href":"https:\/\/kocie-porady.pl\/sklep\/index.php\/wp-json\/wp\/v2\/types\/product"}],"replies":[{"embeddable":true,"href":"https:\/\/kocie-porady.pl\/sklep\/index.php\/wp-json\/wp\/v2\/comments?post=6706"}],"wp:featuredmedia":[{"embeddable":true,"href":"https:\/\/kocie-porady.pl\/sklep\/index.php\/wp-json\/wp\/v2\/media\/7514"}],"wp:attachment":[{"href":"https:\/\/kocie-porady.pl\/sklep\/index.php\/wp-json\/wp\/v2\/media?parent=6706"}],"wp:term":[{"taxonomy":"product_brand","embeddable":true,"href":"https:\/\/kocie-porady.pl\/sklep\/index.php\/wp-json\/wp\/v2\/product_brand?post=6706"},{"taxonomy":"product_cat","embeddable":true,"href":"https:\/\/kocie-porady.pl\/sklep\/index.php\/wp-json\/wp\/v2\/product_cat?post=6706"},{"taxonomy":"product_tag","embeddable":true,"href":"https:\/\/kocie-porady.pl\/sklep\/index.php\/wp-json\/wp\/v2\/product_tag?post=6706"}],"curies":[{"name":"wp","href":"https:\/\/api.w.org\/{rel}","templated":true}]}}