{"id":6622,"date":"2022-01-30T18:57:07","date_gmt":"2022-01-30T18:57:07","guid":{"rendered":"https:\/\/kocie-porady.pl\/sklep\/?post_type=product&#038;p=6622"},"modified":"2025-03-22T21:33:36","modified_gmt":"2025-03-22T21:33:36","slug":"wszystko-czego-nie-wiedzialem-a-chcialbym-wiedziec-zanim-wzialem-kota","status":"publish","type":"product","link":"https:\/\/kocie-porady.pl\/sklep\/index.php\/produkt\/wszystko-czego-nie-wiedzialem-a-chcialbym-wiedziec-zanim-wzialem-kota\/","title":{"rendered":"ebook: Wszystko, czego nie wiedzia\u0142em, a chcia\u0142bym wiedzie\u0107, zanim wzi\u0105\u0142em kota"},"content":{"rendered":"<h2 class=\"mb-2 mt-6 text-lg font-[500] first:mt-3\">&#8222;Wszystko, czego nie wiedzia\u0142em, a chcia\u0142bym wiedzie\u0107, zanim wzi\u0105\u0142em kota&#8221;<\/h2>\n<p class=\"my-0\">Czy zastanawia\u0142e\u015b si\u0119 kiedy\u015b, jak to jest \u017cy\u0107 z kotem? Czy marzysz o mrucz\u0105cym przyjacielu, ale nie wiesz, czego si\u0119 spodziewa\u0107? Ten kompleksowy poradnik to Twoja przepustka do \u015bwiata kot\u00f3w!<\/p>\n<h2 class=\"mb-xs mt-5 text-base font-[525] first:mt-3\">Co znajdziesz w \u015brodku?<\/h2>\n<ul class=\"marker:text-textOff list-disc\">\n<li>\n<p class=\"my-0\">Fascynuj\u0105ce fakty o kociej naturze i zachowaniach<\/p>\n<\/li>\n<li>\n<p class=\"my-0\">Praktyczne porady dotycz\u0105ce przygotowania domu na przybycie kota<\/p>\n<\/li>\n<li>\n<p class=\"my-0\">Sekrety efektywnej komunikacji mi\u0119dzy cz\u0142owiekiem a kotem<\/p>\n<\/li>\n<li>\n<p class=\"my-0\">Wskaz\u00f3wki dotycz\u0105ce \u017cywienia, piel\u0119gnacji i opieki weterynaryjnej<\/p>\n<\/li>\n<li>\n<p class=\"my-0\">Rozwi\u0105zania najcz\u0119stszych problem\u00f3w behawioralnych<\/p>\n<\/li>\n<li>\n<p class=\"my-0\">Wp\u0142yw kot\u00f3w na \u015brodowisko naturalne i jak go minimalizowa\u0107<\/p>\n<\/li>\n<li>\n<p class=\"my-0\">Porady, jak stworzy\u0107 harmonijn\u0105 relacj\u0119 z Twoim nowym futrzastym przyjacielem<\/p>\n<\/li>\n<\/ul>\n<p class=\"my-0\">Napisany przez do\u015bwiadczonego zoopsychologa i behawioryst\u0119, ten ebook to niezb\u0119dnik dla ka\u017cdego przysz\u0142ego (i obecnego) opiekuna kota. Dowiesz si\u0119 nie tylko jak zadba\u0107 o fizyczne potrzeby swojego pupila, ale tak\u017ce jak zrozumie\u0107 jego psychik\u0119 i stworzy\u0107 wi\u0119\u017a opart\u0105 na wzajemnym szacunku i zaufaniu.<\/p>\n<p class=\"my-0\">Niezale\u017cnie od tego, czy dopiero rozwa\u017casz adopcj\u0119 kota, czy ju\u017c jeste\u015b szcz\u0119\u015bliwym opiekunem, ta ksi\u0105\u017cka dostarczy Ci wiedzy, kt\u00f3rej potrzebujesz, by Twoje \u017cycie z kotem by\u0142o pe\u0142ne rado\u015bci i zrozumienia.<\/p>\n<p class=\"my-0\">Przygotuj si\u0119 na fascynuj\u0105c\u0105 podr\u00f3\u017c w g\u0142\u0105b kociego \u015bwiata. Odkryj sekrety, o kt\u00f3rych istnieniu nie mia\u0142e\u015b poj\u0119cia i sta\u0144 si\u0119 ekspertem w dziedzinie kociego szcz\u0119\u015bcia!<\/p>\n<p class=\"my-0\">Pobierz teraz i rozpocznij swoj\u0105 przygod\u0119 z kotem ju\u017c dzi\u015b!<\/p>\n","protected":false},"excerpt":{"rendered":"<p><strong>Kompleksowy przewodnik<\/strong>\u00a0dla przysz\u0142ych i obecnych opiekun\u00f3w kot\u00f3w. Zawiera praktyczne porady na temat przygotowania domu, komunikacji z kotem, \u017cywienia, piel\u0119gnacji oraz rozwi\u0105zywania problem\u00f3w behawioralnych. Napisany przez do\u015bwiadczonego zoopsychologa, pomo\u017ce Ci stworzy\u0107 harmonijn\u0105 relacj\u0119 z Twoim futrzastym przyjacielem.<\/p>\n","protected":false},"featured_media":7498,"comment_status":"open","ping_status":"closed","template":"","meta":[],"product_brand":[],"product_cat":[60],"product_tag":[184,374,183,188,378,383,372,384,376,186,187,225,379,375,382,377,381,182,185,373,380],"class_list":{"0":"post-6622","1":"product","2":"type-product","3":"status-publish","4":"has-post-thumbnail","6":"product_cat-ebooki","7":"product_tag-a-chcialbym-wiedziec","8":"product_tag-behawiorystyka-zwierzat","9":"product_tag-czego-nie-wiedzialem","10":"product_tag-i-wizje-slodkiego-kiciusia-w-domu","11":"product_tag-kocie-zachowania","12":"product_tag-komunikacja-z-kotem","13":"product_tag-koty-domowe","14":"product_tag-koty-i-srodowisko-naturalne","15":"product_tag-koty-jako-zwierzeta-domowe","16":"product_tag-ktorzy-jeszcze-nie-poczuli-co-oznacza-byc-kocim-opiekunem","17":"product_tag-maja-wiedze-z-podrecznika","18":"product_tag-opieka-nad-kotami","19":"product_tag-pielegnacja-kotow","20":"product_tag-poradnik-dla-opiekunow-kotow","21":"product_tag-przygotowanie-domu-na-kota","22":"product_tag-relacje-czlowiek-kot","23":"product_tag-rozwiazywanie-problemow-behawioralnych-kotow","24":"product_tag-wszystko","25":"product_tag-zanim-wzialem-kota-czyli-podrecznik-dla-nowych-kociarzy","26":"product_tag-zoopsychologia","27":"product_tag-zywienie-kotow","29":"first","30":"instock","31":"taxable","32":"shipping-taxable","33":"purchasable","34":"product-type-simple"},"yoast_head":"<!-- This site is optimized with the Yoast SEO plugin v27.4 - https:\/\/yoast.com\/product\/yoast-seo-wordpress\/ -->\n<title>ebook: Wszystko, czego nie wiedzia\u0142em, a chcia\u0142bym wiedzie\u0107, zanim wzi\u0105\u0142em kota - Sklep dla kocich opiekun\u00f3w<\/title>\n<meta name=\"description\" content=\"Wszystko, czego nie wiedzia\u0142em, a chcia\u0142bym wiedzie\u0107, zanim wzi\u0105\u0142em kota czyli podr\u0119cznik dla nowych kociarzy, kt\u00f3rzy jeszcze nie poczuli co oznacza by\u0107 kocim opiekunem, maj\u0105 wiedz\u0119 z podr\u0119cznika, i wizj\u0119 s\u0142odkiego kiciusia w domu.\" \/>\n<meta name=\"robots\" content=\"index, follow, max-snippet:-1, max-image-preview:large, max-video-preview:-1\" \/>\n<link rel=\"canonical\" href=\"https:\/\/kocie-porady.pl\/sklep\/index.php\/produkt\/wszystko-czego-nie-wiedzialem-a-chcialbym-wiedziec-zanim-wzialem-kota\/\" \/>\n<meta property=\"og:locale\" content=\"pl_PL\" \/>\n<meta property=\"og:type\" content=\"article\" \/>\n<meta property=\"og:title\" content=\"ebook: Wszystko, czego nie wiedzia\u0142em, a chcia\u0142bym wiedzie\u0107, zanim wzi\u0105\u0142em kota - Sklep dla kocich opiekun\u00f3w\" \/>\n<meta property=\"og:description\" content=\"Wszystko, czego nie wiedzia\u0142em, a chcia\u0142bym wiedzie\u0107, zanim wzi\u0105\u0142em kota czyli podr\u0119cznik dla nowych kociarzy, kt\u00f3rzy jeszcze nie poczuli co oznacza by\u0107 kocim opiekunem, maj\u0105 wiedz\u0119 z podr\u0119cznika, i wizj\u0119 s\u0142odkiego kiciusia w domu.\" \/>\n<meta property=\"og:url\" content=\"https:\/\/kocie-porady.pl\/sklep\/index.php\/produkt\/wszystko-czego-nie-wiedzialem-a-chcialbym-wiedziec-zanim-wzialem-kota\/\" \/>\n<meta property=\"og:site_name\" content=\"Sklep dla kocich opiekun\u00f3w\" \/>\n<meta property=\"article:modified_time\" content=\"2025-03-22T21:33:36+00:00\" \/>\n<meta property=\"og:image\" content=\"https:\/\/kocie-porady.pl\/sklep\/wp-content\/uploads\/2022\/01\/Wszystko-czego-nie-wiedzialem-a-chcialbym-wiedziec-zanim-wzialem-kota.png\" \/>\n\t<meta property=\"og:image:width\" content=\"800\" \/>\n\t<meta property=\"og:image:height\" content=\"800\" \/>\n\t<meta property=\"og:image:type\" content=\"image\/png\" \/>\n<meta name=\"twitter:card\" content=\"summary_large_image\" \/>\n<meta name=\"twitter:label1\" content=\"Szacowany czas czytania\" \/>\n\t<meta name=\"twitter:data1\" content=\"2 minuty\" \/>\n<script type=\"application\/ld+json\" class=\"yoast-schema-graph\">{\"@context\":\"https:\\\/\\\/schema.org\",\"@graph\":[{\"@type\":\"WebPage\",\"@id\":\"https:\\\/\\\/kocie-porady.pl\\\/sklep\\\/index.php\\\/produkt\\\/wszystko-czego-nie-wiedzialem-a-chcialbym-wiedziec-zanim-wzialem-kota\\\/\",\"url\":\"https:\\\/\\\/kocie-porady.pl\\\/sklep\\\/index.php\\\/produkt\\\/wszystko-czego-nie-wiedzialem-a-chcialbym-wiedziec-zanim-wzialem-kota\\\/\",\"name\":\"ebook: Wszystko, czego nie wiedzia\u0142em, a chcia\u0142bym wiedzie\u0107, zanim wzi\u0105\u0142em kota - Sklep dla kocich opiekun\u00f3w\",\"isPartOf\":{\"@id\":\"https:\\\/\\\/kocie-porady.pl\\\/sklep\\\/#website\"},\"primaryImageOfPage\":{\"@id\":\"https:\\\/\\\/kocie-porady.pl\\\/sklep\\\/index.php\\\/produkt\\\/wszystko-czego-nie-wiedzialem-a-chcialbym-wiedziec-zanim-wzialem-kota\\\/#primaryimage\"},\"image\":{\"@id\":\"https:\\\/\\\/kocie-porady.pl\\\/sklep\\\/index.php\\\/produkt\\\/wszystko-czego-nie-wiedzialem-a-chcialbym-wiedziec-zanim-wzialem-kota\\\/#primaryimage\"},\"thumbnailUrl\":\"https:\\\/\\\/kocie-porady.pl\\\/sklep\\\/wp-content\\\/uploads\\\/2022\\\/01\\\/Wszystko-czego-nie-wiedzialem-a-chcialbym-wiedziec-zanim-wzialem-kota.png\",\"datePublished\":\"2022-01-30T18:57:07+00:00\",\"dateModified\":\"2025-03-22T21:33:36+00:00\",\"description\":\"Wszystko, czego nie wiedzia\u0142em, a chcia\u0142bym wiedzie\u0107, zanim wzi\u0105\u0142em kota czyli podr\u0119cznik dla nowych kociarzy, kt\u00f3rzy jeszcze nie poczuli co oznacza by\u0107 kocim opiekunem, maj\u0105 wiedz\u0119 z podr\u0119cznika, i wizj\u0119 s\u0142odkiego kiciusia w domu.\",\"breadcrumb\":{\"@id\":\"https:\\\/\\\/kocie-porady.pl\\\/sklep\\\/index.php\\\/produkt\\\/wszystko-czego-nie-wiedzialem-a-chcialbym-wiedziec-zanim-wzialem-kota\\\/#breadcrumb\"},\"inLanguage\":\"pl-PL\",\"potentialAction\":[{\"@type\":\"ReadAction\",\"target\":[\"https:\\\/\\\/kocie-porady.pl\\\/sklep\\\/index.php\\\/produkt\\\/wszystko-czego-nie-wiedzialem-a-chcialbym-wiedziec-zanim-wzialem-kota\\\/\"]}]},{\"@type\":\"ImageObject\",\"inLanguage\":\"pl-PL\",\"@id\":\"https:\\\/\\\/kocie-porady.pl\\\/sklep\\\/index.php\\\/produkt\\\/wszystko-czego-nie-wiedzialem-a-chcialbym-wiedziec-zanim-wzialem-kota\\\/#primaryimage\",\"url\":\"https:\\\/\\\/kocie-porady.pl\\\/sklep\\\/wp-content\\\/uploads\\\/2022\\\/01\\\/Wszystko-czego-nie-wiedzialem-a-chcialbym-wiedziec-zanim-wzialem-kota.png\",\"contentUrl\":\"https:\\\/\\\/kocie-porady.pl\\\/sklep\\\/wp-content\\\/uploads\\\/2022\\\/01\\\/Wszystko-czego-nie-wiedzialem-a-chcialbym-wiedziec-zanim-wzialem-kota.png\",\"width\":800,\"height\":800},{\"@type\":\"BreadcrumbList\",\"@id\":\"https:\\\/\\\/kocie-porady.pl\\\/sklep\\\/index.php\\\/produkt\\\/wszystko-czego-nie-wiedzialem-a-chcialbym-wiedziec-zanim-wzialem-kota\\\/#breadcrumb\",\"itemListElement\":[{\"@type\":\"ListItem\",\"position\":1,\"name\":\"Strona g\u0142\u00f3wna\",\"item\":\"https:\\\/\\\/kocie-porady.pl\\\/sklep\\\/\"},{\"@type\":\"ListItem\",\"position\":2,\"name\":\"Sklep\",\"item\":\"https:\\\/\\\/kocie-porady.pl\\\/sklep\\\/index.php\\\/sklep\\\/\"},{\"@type\":\"ListItem\",\"position\":3,\"name\":\"ebook: Wszystko, czego nie wiedzia\u0142em, a chcia\u0142bym wiedzie\u0107, zanim wzi\u0105\u0142em kota\"}]},{\"@type\":\"WebSite\",\"@id\":\"https:\\\/\\\/kocie-porady.pl\\\/sklep\\\/#website\",\"url\":\"https:\\\/\\\/kocie-porady.pl\\\/sklep\\\/\",\"name\":\"Sklep dla kocich opiekun\u00f3w\",\"description\":\"\",\"publisher\":{\"@id\":\"https:\\\/\\\/kocie-porady.pl\\\/sklep\\\/#\\\/schema\\\/person\\\/3585b25f6c41a8448e9e088f50954cf4\"},\"potentialAction\":[{\"@type\":\"SearchAction\",\"target\":{\"@type\":\"EntryPoint\",\"urlTemplate\":\"https:\\\/\\\/kocie-porady.pl\\\/sklep\\\/?s={search_term_string}\"},\"query-input\":{\"@type\":\"PropertyValueSpecification\",\"valueRequired\":true,\"valueName\":\"search_term_string\"}}],\"inLanguage\":\"pl-PL\"},{\"@type\":[\"Person\",\"Organization\"],\"@id\":\"https:\\\/\\\/kocie-porady.pl\\\/sklep\\\/#\\\/schema\\\/person\\\/3585b25f6c41a8448e9e088f50954cf4\",\"name\":\"admin\",\"image\":{\"@type\":\"ImageObject\",\"inLanguage\":\"pl-PL\",\"@id\":\"https:\\\/\\\/kocie-porady.pl\\\/sklep\\\/wp-content\\\/uploads\\\/2026\\\/04\\\/koci-behawioryzm-500-x-200-px-2.png\",\"url\":\"https:\\\/\\\/kocie-porady.pl\\\/sklep\\\/wp-content\\\/uploads\\\/2026\\\/04\\\/koci-behawioryzm-500-x-200-px-2.png\",\"contentUrl\":\"https:\\\/\\\/kocie-porady.pl\\\/sklep\\\/wp-content\\\/uploads\\\/2026\\\/04\\\/koci-behawioryzm-500-x-200-px-2.png\",\"width\":200,\"height\":100,\"caption\":\"admin\"},\"logo\":{\"@id\":\"https:\\\/\\\/kocie-porady.pl\\\/sklep\\\/wp-content\\\/uploads\\\/2026\\\/04\\\/koci-behawioryzm-500-x-200-px-2.png\"},\"sameAs\":[\"https:\\\/\\\/kocie-porady.pl\\\/sklep\"]}]}<\/script>\n<!-- \/ Yoast SEO plugin. -->","yoast_head_json":{"title":"ebook: Wszystko, czego nie wiedzia\u0142em, a chcia\u0142bym wiedzie\u0107, zanim wzi\u0105\u0142em kota - Sklep dla kocich opiekun\u00f3w","description":"Wszystko, czego nie wiedzia\u0142em, a chcia\u0142bym wiedzie\u0107, zanim wzi\u0105\u0142em kota czyli podr\u0119cznik dla nowych kociarzy, kt\u00f3rzy jeszcze nie poczuli co oznacza by\u0107 kocim opiekunem, maj\u0105 wiedz\u0119 z podr\u0119cznika, i wizj\u0119 s\u0142odkiego kiciusia w domu.","robots":{"index":"index","follow":"follow","max-snippet":"max-snippet:-1","max-image-preview":"max-image-preview:large","max-video-preview":"max-video-preview:-1"},"canonical":"https:\/\/kocie-porady.pl\/sklep\/index.php\/produkt\/wszystko-czego-nie-wiedzialem-a-chcialbym-wiedziec-zanim-wzialem-kota\/","og_locale":"pl_PL","og_type":"article","og_title":"ebook: Wszystko, czego nie wiedzia\u0142em, a chcia\u0142bym wiedzie\u0107, zanim wzi\u0105\u0142em kota - Sklep dla kocich opiekun\u00f3w","og_description":"Wszystko, czego nie wiedzia\u0142em, a chcia\u0142bym wiedzie\u0107, zanim wzi\u0105\u0142em kota czyli podr\u0119cznik dla nowych kociarzy, kt\u00f3rzy jeszcze nie poczuli co oznacza by\u0107 kocim opiekunem, maj\u0105 wiedz\u0119 z podr\u0119cznika, i wizj\u0119 s\u0142odkiego kiciusia w domu.","og_url":"https:\/\/kocie-porady.pl\/sklep\/index.php\/produkt\/wszystko-czego-nie-wiedzialem-a-chcialbym-wiedziec-zanim-wzialem-kota\/","og_site_name":"Sklep dla kocich opiekun\u00f3w","article_modified_time":"2025-03-22T21:33:36+00:00","og_image":[{"width":800,"height":800,"url":"https:\/\/kocie-porady.pl\/sklep\/wp-content\/uploads\/2022\/01\/Wszystko-czego-nie-wiedzialem-a-chcialbym-wiedziec-zanim-wzialem-kota.png","type":"image\/png"}],"twitter_card":"summary_large_image","twitter_misc":{"Szacowany czas czytania":"2 minuty"},"schema":{"@context":"https:\/\/schema.org","@graph":[{"@type":"WebPage","@id":"https:\/\/kocie-porady.pl\/sklep\/index.php\/produkt\/wszystko-czego-nie-wiedzialem-a-chcialbym-wiedziec-zanim-wzialem-kota\/","url":"https:\/\/kocie-porady.pl\/sklep\/index.php\/produkt\/wszystko-czego-nie-wiedzialem-a-chcialbym-wiedziec-zanim-wzialem-kota\/","name":"ebook: Wszystko, czego nie wiedzia\u0142em, a chcia\u0142bym wiedzie\u0107, zanim wzi\u0105\u0142em kota - Sklep dla kocich opiekun\u00f3w","isPartOf":{"@id":"https:\/\/kocie-porady.pl\/sklep\/#website"},"primaryImageOfPage":{"@id":"https:\/\/kocie-porady.pl\/sklep\/index.php\/produkt\/wszystko-czego-nie-wiedzialem-a-chcialbym-wiedziec-zanim-wzialem-kota\/#primaryimage"},"image":{"@id":"https:\/\/kocie-porady.pl\/sklep\/index.php\/produkt\/wszystko-czego-nie-wiedzialem-a-chcialbym-wiedziec-zanim-wzialem-kota\/#primaryimage"},"thumbnailUrl":"https:\/\/kocie-porady.pl\/sklep\/wp-content\/uploads\/2022\/01\/Wszystko-czego-nie-wiedzialem-a-chcialbym-wiedziec-zanim-wzialem-kota.png","datePublished":"2022-01-30T18:57:07+00:00","dateModified":"2025-03-22T21:33:36+00:00","description":"Wszystko, czego nie wiedzia\u0142em, a chcia\u0142bym wiedzie\u0107, zanim wzi\u0105\u0142em kota czyli podr\u0119cznik dla nowych kociarzy, kt\u00f3rzy jeszcze nie poczuli co oznacza by\u0107 kocim opiekunem, maj\u0105 wiedz\u0119 z podr\u0119cznika, i wizj\u0119 s\u0142odkiego kiciusia w domu.","breadcrumb":{"@id":"https:\/\/kocie-porady.pl\/sklep\/index.php\/produkt\/wszystko-czego-nie-wiedzialem-a-chcialbym-wiedziec-zanim-wzialem-kota\/#breadcrumb"},"inLanguage":"pl-PL","potentialAction":[{"@type":"ReadAction","target":["https:\/\/kocie-porady.pl\/sklep\/index.php\/produkt\/wszystko-czego-nie-wiedzialem-a-chcialbym-wiedziec-zanim-wzialem-kota\/"]}]},{"@type":"ImageObject","inLanguage":"pl-PL","@id":"https:\/\/kocie-porady.pl\/sklep\/index.php\/produkt\/wszystko-czego-nie-wiedzialem-a-chcialbym-wiedziec-zanim-wzialem-kota\/#primaryimage","url":"https:\/\/kocie-porady.pl\/sklep\/wp-content\/uploads\/2022\/01\/Wszystko-czego-nie-wiedzialem-a-chcialbym-wiedziec-zanim-wzialem-kota.png","contentUrl":"https:\/\/kocie-porady.pl\/sklep\/wp-content\/uploads\/2022\/01\/Wszystko-czego-nie-wiedzialem-a-chcialbym-wiedziec-zanim-wzialem-kota.png","width":800,"height":800},{"@type":"BreadcrumbList","@id":"https:\/\/kocie-porady.pl\/sklep\/index.php\/produkt\/wszystko-czego-nie-wiedzialem-a-chcialbym-wiedziec-zanim-wzialem-kota\/#breadcrumb","itemListElement":[{"@type":"ListItem","position":1,"name":"Strona g\u0142\u00f3wna","item":"https:\/\/kocie-porady.pl\/sklep\/"},{"@type":"ListItem","position":2,"name":"Sklep","item":"https:\/\/kocie-porady.pl\/sklep\/index.php\/sklep\/"},{"@type":"ListItem","position":3,"name":"ebook: Wszystko, czego nie wiedzia\u0142em, a chcia\u0142bym wiedzie\u0107, zanim wzi\u0105\u0142em kota"}]},{"@type":"WebSite","@id":"https:\/\/kocie-porady.pl\/sklep\/#website","url":"https:\/\/kocie-porady.pl\/sklep\/","name":"Sklep dla kocich opiekun\u00f3w","description":"","publisher":{"@id":"https:\/\/kocie-porady.pl\/sklep\/#\/schema\/person\/3585b25f6c41a8448e9e088f50954cf4"},"potentialAction":[{"@type":"SearchAction","target":{"@type":"EntryPoint","urlTemplate":"https:\/\/kocie-porady.pl\/sklep\/?s={search_term_string}"},"query-input":{"@type":"PropertyValueSpecification","valueRequired":true,"valueName":"search_term_string"}}],"inLanguage":"pl-PL"},{"@type":["Person","Organization"],"@id":"https:\/\/kocie-porady.pl\/sklep\/#\/schema\/person\/3585b25f6c41a8448e9e088f50954cf4","name":"admin","image":{"@type":"ImageObject","inLanguage":"pl-PL","@id":"https:\/\/kocie-porady.pl\/sklep\/wp-content\/uploads\/2026\/04\/koci-behawioryzm-500-x-200-px-2.png","url":"https:\/\/kocie-porady.pl\/sklep\/wp-content\/uploads\/2026\/04\/koci-behawioryzm-500-x-200-px-2.png","contentUrl":"https:\/\/kocie-porady.pl\/sklep\/wp-content\/uploads\/2026\/04\/koci-behawioryzm-500-x-200-px-2.png","width":200,"height":100,"caption":"admin"},"logo":{"@id":"https:\/\/kocie-porady.pl\/sklep\/wp-content\/uploads\/2026\/04\/koci-behawioryzm-500-x-200-px-2.png"},"sameAs":["https:\/\/kocie-porady.pl\/sklep"]}]}},"jetpack_sharing_enabled":true,"_links":{"self":[{"href":"https:\/\/kocie-porady.pl\/sklep\/index.php\/wp-json\/wp\/v2\/product\/6622","targetHints":{"allow":["GET"]}}],"collection":[{"href":"https:\/\/kocie-porady.pl\/sklep\/index.php\/wp-json\/wp\/v2\/product"}],"about":[{"href":"https:\/\/kocie-porady.pl\/sklep\/index.php\/wp-json\/wp\/v2\/types\/product"}],"replies":[{"embeddable":true,"href":"https:\/\/kocie-porady.pl\/sklep\/index.php\/wp-json\/wp\/v2\/comments?post=6622"}],"wp:featuredmedia":[{"embeddable":true,"href":"https:\/\/kocie-porady.pl\/sklep\/index.php\/wp-json\/wp\/v2\/media\/7498"}],"wp:attachment":[{"href":"https:\/\/kocie-porady.pl\/sklep\/index.php\/wp-json\/wp\/v2\/media?parent=6622"}],"wp:term":[{"taxonomy":"product_brand","embeddable":true,"href":"https:\/\/kocie-porady.pl\/sklep\/index.php\/wp-json\/wp\/v2\/product_brand?post=6622"},{"taxonomy":"product_cat","embeddable":true,"href":"https:\/\/kocie-porady.pl\/sklep\/index.php\/wp-json\/wp\/v2\/product_cat?post=6622"},{"taxonomy":"product_tag","embeddable":true,"href":"https:\/\/kocie-porady.pl\/sklep\/index.php\/wp-json\/wp\/v2\/product_tag?post=6622"}],"curies":[{"name":"wp","href":"https:\/\/api.w.org\/{rel}","templated":true}]}}