{"id":6463,"date":"2021-10-12T14:08:16","date_gmt":"2021-10-12T14:08:16","guid":{"rendered":"https:\/\/kocie-porady.pl\/sklep\/?post_type=product&#038;p=6463"},"modified":"2026-04-14T11:54:06","modified_gmt":"2026-04-14T11:54:06","slug":"socjalizacja-kotow-od-podrostka-od-doroslego","status":"publish","type":"product","link":"https:\/\/kocie-porady.pl\/sklep\/index.php\/produkt\/socjalizacja-kotow-od-podrostka-od-doroslego\/","title":{"rendered":"Socjalizacja kot\u00f3w &#8211; od podrostka od doros\u0142ego"},"content":{"rendered":"<section class=\"text-token-text-primary w-full focus:outline-none [--shadow-height:45px] has-data-writing-block:pointer-events-none has-data-writing-block:-mt-(--shadow-height) has-data-writing-block:pt-(--shadow-height) [&amp;:has([data-writing-block])&gt;*]:pointer-events-auto R6Vx5W_threadScrollVars scroll-mb-[calc(var(--scroll-root-safe-area-inset-bottom,0px)+var(--thread-response-height))] scroll-mt-(--header-height)\" dir=\"auto\" data-turn-id=\"46ee684f-9e8a-4ab5-8015-67e5fbf7f586\" data-testid=\"conversation-turn-31\" data-scroll-anchor=\"false\" data-turn=\"user\"><\/section>\n<section class=\"text-token-text-primary w-full focus:outline-none [--shadow-height:45px] has-data-writing-block:pointer-events-none has-data-writing-block:-mt-(--shadow-height) has-data-writing-block:pt-(--shadow-height) [&amp;:has([data-writing-block])&gt;*]:pointer-events-auto [content-visibility:auto] supports-[content-visibility:auto]:[contain-intrinsic-size:auto_100lvh] R6Vx5W_threadScrollVars scroll-mb-[calc(var(--scroll-root-safe-area-inset-bottom,0px)+var(--thread-response-height))] scroll-mt-[calc(var(--header-height)+min(200px,max(70px,20svh)))]\" dir=\"auto\" data-turn-id=\"request-WEB:45ef229d-8821-4c78-8773-1715fd4a2c2e-15\" data-testid=\"conversation-turn-32\" data-scroll-anchor=\"false\" data-turn=\"assistant\">\n<div class=\"text-base my-auto mx-auto pb-10 [--thread-content-margin:var(--thread-content-margin-xs,calc(var(--spacing)*4))] @w-sm\/main:[--thread-content-margin:var(--thread-content-margin-sm,calc(var(--spacing)*6))] @w-lg\/main:[--thread-content-margin:var(--thread-content-margin-lg,calc(var(--spacing)*16))] px-(--thread-content-margin)\">\n<div class=\"[--thread-content-max-width:40rem] @w-lg\/main:[--thread-content-max-width:48rem] mx-auto max-w-(--thread-content-max-width) flex-1 group\/turn-messages focus-visible:outline-hidden relative flex w-full min-w-0 flex-col agent-turn\">\n<div class=\"flex max-w-full flex-col gap-4 grow\">\n<div class=\"min-h-8 text-message relative flex w-full flex-col items-end gap-2 text-start break-words whitespace-normal outline-none keyboard-focused:focus-ring [.text-message+&amp;]:mt-1\" dir=\"auto\" tabindex=\"0\" data-message-author-role=\"assistant\" data-message-id=\"c3e8b8c2-9cde-4a3c-8e00-ba1e16b0f23b\" data-message-model-slug=\"gpt-5-3-mini\" data-turn-start-message=\"true\">\n<div class=\"flex w-full flex-col gap-1 empty:hidden\">\n<div class=\"markdown prose dark:prose-invert w-full wrap-break-word light markdown-new-styling\">\n<p data-start=\"0\" data-end=\"208\">Szkolenie z socjalizacji kot\u00f3w obejmuje prac\u0119 zar\u00f3wno z podrostkami, jak i kotami doros\u0142ymi. Uczestnicy ucz\u0105 si\u0119, jak rozpoznawa\u0107 potrzeby emocjonalne kota oraz jak budowa\u0107 zaufanie w relacji z cz\u0142owiekiem.<\/p>\n<p data-start=\"210\" data-end=\"364\">Du\u017cy nacisk po\u0142o\u017cony jest na bezpieczne, stopniowe zmniejszanie l\u0119ku i napi\u0119cia u kota, z poszanowaniem jego tempa adaptacji oraz indywidualnych granic.<\/p>\n<p data-start=\"366\" data-end=\"591\">Program opiera si\u0119 na praktycznych metodach pracy w codziennym \u015brodowisku zwierz\u0119cia. Omawiane s\u0105 r\u00f3wnie\u017c najcz\u0119stsze problemy behawioralne oraz sposoby ich \u0142agodzenia poprzez odpowiednie podej\u015bcie i konsekwentne dzia\u0142ania.<\/p>\n<p data-start=\"593\" data-end=\"795\" data-is-last-node=\"\" data-is-only-node=\"\">Szkolenie skierowane jest do opiekun\u00f3w kot\u00f3w oraz os\u00f3b pracuj\u0105cych ze zwierz\u0119tami, kt\u00f3re chc\u0105 lepiej rozumie\u0107 proces socjalizacji i \u015bwiadomie wspiera\u0107 kota w budowaniu bezpiecznej relacji z cz\u0142owiekiem.<\/p>\n<\/div>\n<\/div>\n<\/div>\n<\/div>\n<\/div>\n<\/div>\n<\/section>\n","protected":false},"excerpt":{"rendered":"<p>Szkolenie z socjalizacji kot\u00f3w obejmuje prac\u0119 zar\u00f3wno z podrostkami, jak i kotami doros\u0142ymi. Uczestnicy ucz\u0105 si\u0119, jak rozpoznawa\u0107 potrzeby emocjonalne kota oraz jak budowa\u0107 zaufanie w relacji z cz\u0142owiekiem. Du\u017cy&#8230;<\/p>\n","protected":false},"featured_media":0,"comment_status":"open","ping_status":"closed","template":"","meta":[],"product_brand":[],"product_cat":[80],"product_tag":[285,444,512,459,469,509,510,514,511,515,462,516,403,508,464,517,461,465,513,373],"class_list":{"0":"post-6463","1":"product","2":"type-product","3":"status-publish","5":"product_cat-szkol","6":"product_tag-agresja-u-kota","7":"product_tag-behawiorysta-kotow","8":"product_tag-budowanie-relacji-z-kotem","9":"product_tag-dobrostan-kota","10":"product_tag-edukacja-o-kotach","11":"product_tag-koty-dorosle","12":"product_tag-mlode-koty","13":"product_tag-oswajanie-kota","14":"product_tag-podrostki-kotow","15":"product_tag-praca-z-kotem","16":"product_tag-praca-z-kotem-lekowym","17":"product_tag-problemy-behawioralne-kotow","18":"product_tag-relacja-czlowiek-kot","19":"product_tag-socjalizacja-kotow","20":"product_tag-stres-u-kota","21":"product_tag-szkolenie-behawioralne-kotow","22":"product_tag-szkolenie-dla-opiekunow-kotow","23":"product_tag-zachowanie-kota","24":"product_tag-zaufanie-u-kota","25":"product_tag-zoopsychologia","27":"first","28":"instock","29":"virtual","30":"taxable","31":"purchasable","32":"product-type-simple"},"yoast_head":"<!-- This site is optimized with the Yoast SEO plugin v27.4 - https:\/\/yoast.com\/product\/yoast-seo-wordpress\/ -->\n<title>Socjalizacja kot\u00f3w - od podrostka od doros\u0142ego - Sklep dla kocich opiekun\u00f3w<\/title>\n<meta name=\"description\" content=\"Szkolenie z socjalizacji kot\u00f3w \u2013 praca z podrostkami i doros\u0142ymi kotami, budowanie zaufania, redukcja l\u0119ku i poprawa relacji z cz\u0142owiekiem.\" \/>\n<meta name=\"robots\" content=\"index, follow, max-snippet:-1, max-image-preview:large, max-video-preview:-1\" \/>\n<link rel=\"canonical\" href=\"https:\/\/kocie-porady.pl\/sklep\/index.php\/produkt\/socjalizacja-kotow-od-podrostka-od-doroslego\/\" \/>\n<meta property=\"og:locale\" content=\"pl_PL\" \/>\n<meta property=\"og:type\" content=\"article\" \/>\n<meta property=\"og:title\" content=\"Socjalizacja kot\u00f3w - od podrostka od doros\u0142ego - Sklep dla kocich opiekun\u00f3w\" \/>\n<meta property=\"og:description\" content=\"Szkolenie z socjalizacji kot\u00f3w \u2013 praca z podrostkami i doros\u0142ymi kotami, budowanie zaufania, redukcja l\u0119ku i poprawa relacji z cz\u0142owiekiem.\" \/>\n<meta property=\"og:url\" content=\"https:\/\/kocie-porady.pl\/sklep\/index.php\/produkt\/socjalizacja-kotow-od-podrostka-od-doroslego\/\" \/>\n<meta property=\"og:site_name\" content=\"Sklep dla kocich opiekun\u00f3w\" \/>\n<meta property=\"article:modified_time\" content=\"2026-04-14T11:54:06+00:00\" \/>\n<meta name=\"twitter:card\" content=\"summary_large_image\" \/>\n<meta name=\"twitter:label1\" content=\"Szacowany czas czytania\" \/>\n\t<meta name=\"twitter:data1\" content=\"1 minuta\" \/>\n<script type=\"application\/ld+json\" class=\"yoast-schema-graph\">{\"@context\":\"https:\\\/\\\/schema.org\",\"@graph\":[{\"@type\":\"WebPage\",\"@id\":\"https:\\\/\\\/kocie-porady.pl\\\/sklep\\\/index.php\\\/produkt\\\/socjalizacja-kotow-od-podrostka-od-doroslego\\\/\",\"url\":\"https:\\\/\\\/kocie-porady.pl\\\/sklep\\\/index.php\\\/produkt\\\/socjalizacja-kotow-od-podrostka-od-doroslego\\\/\",\"name\":\"Socjalizacja kot\u00f3w - od podrostka od doros\u0142ego - Sklep dla kocich opiekun\u00f3w\",\"isPartOf\":{\"@id\":\"https:\\\/\\\/kocie-porady.pl\\\/sklep\\\/#website\"},\"datePublished\":\"2021-10-12T14:08:16+00:00\",\"dateModified\":\"2026-04-14T11:54:06+00:00\",\"description\":\"Szkolenie z socjalizacji kot\u00f3w \u2013 praca z podrostkami i doros\u0142ymi kotami, budowanie zaufania, redukcja l\u0119ku i poprawa relacji z cz\u0142owiekiem.\",\"breadcrumb\":{\"@id\":\"https:\\\/\\\/kocie-porady.pl\\\/sklep\\\/index.php\\\/produkt\\\/socjalizacja-kotow-od-podrostka-od-doroslego\\\/#breadcrumb\"},\"inLanguage\":\"pl-PL\",\"potentialAction\":[{\"@type\":\"ReadAction\",\"target\":[\"https:\\\/\\\/kocie-porady.pl\\\/sklep\\\/index.php\\\/produkt\\\/socjalizacja-kotow-od-podrostka-od-doroslego\\\/\"]}]},{\"@type\":\"BreadcrumbList\",\"@id\":\"https:\\\/\\\/kocie-porady.pl\\\/sklep\\\/index.php\\\/produkt\\\/socjalizacja-kotow-od-podrostka-od-doroslego\\\/#breadcrumb\",\"itemListElement\":[{\"@type\":\"ListItem\",\"position\":1,\"name\":\"Strona g\u0142\u00f3wna\",\"item\":\"https:\\\/\\\/kocie-porady.pl\\\/sklep\\\/\"},{\"@type\":\"ListItem\",\"position\":2,\"name\":\"Sklep\",\"item\":\"https:\\\/\\\/kocie-porady.pl\\\/sklep\\\/index.php\\\/sklep\\\/\"},{\"@type\":\"ListItem\",\"position\":3,\"name\":\"Socjalizacja kot\u00f3w &#8211; od podrostka od doros\u0142ego\"}]},{\"@type\":\"WebSite\",\"@id\":\"https:\\\/\\\/kocie-porady.pl\\\/sklep\\\/#website\",\"url\":\"https:\\\/\\\/kocie-porady.pl\\\/sklep\\\/\",\"name\":\"Sklep dla kocich opiekun\u00f3w\",\"description\":\"\",\"publisher\":{\"@id\":\"https:\\\/\\\/kocie-porady.pl\\\/sklep\\\/#\\\/schema\\\/person\\\/3585b25f6c41a8448e9e088f50954cf4\"},\"potentialAction\":[{\"@type\":\"SearchAction\",\"target\":{\"@type\":\"EntryPoint\",\"urlTemplate\":\"https:\\\/\\\/kocie-porady.pl\\\/sklep\\\/?s={search_term_string}\"},\"query-input\":{\"@type\":\"PropertyValueSpecification\",\"valueRequired\":true,\"valueName\":\"search_term_string\"}}],\"inLanguage\":\"pl-PL\"},{\"@type\":[\"Person\",\"Organization\"],\"@id\":\"https:\\\/\\\/kocie-porady.pl\\\/sklep\\\/#\\\/schema\\\/person\\\/3585b25f6c41a8448e9e088f50954cf4\",\"name\":\"admin\",\"image\":{\"@type\":\"ImageObject\",\"inLanguage\":\"pl-PL\",\"@id\":\"https:\\\/\\\/kocie-porady.pl\\\/sklep\\\/wp-content\\\/uploads\\\/2026\\\/04\\\/koci-behawioryzm-500-x-200-px-2.png\",\"url\":\"https:\\\/\\\/kocie-porady.pl\\\/sklep\\\/wp-content\\\/uploads\\\/2026\\\/04\\\/koci-behawioryzm-500-x-200-px-2.png\",\"contentUrl\":\"https:\\\/\\\/kocie-porady.pl\\\/sklep\\\/wp-content\\\/uploads\\\/2026\\\/04\\\/koci-behawioryzm-500-x-200-px-2.png\",\"width\":200,\"height\":100,\"caption\":\"admin\"},\"logo\":{\"@id\":\"https:\\\/\\\/kocie-porady.pl\\\/sklep\\\/wp-content\\\/uploads\\\/2026\\\/04\\\/koci-behawioryzm-500-x-200-px-2.png\"},\"sameAs\":[\"https:\\\/\\\/kocie-porady.pl\\\/sklep\"]}]}<\/script>\n<!-- \/ Yoast SEO plugin. -->","yoast_head_json":{"title":"Socjalizacja kot\u00f3w - od podrostka od doros\u0142ego - Sklep dla kocich opiekun\u00f3w","description":"Szkolenie z socjalizacji kot\u00f3w \u2013 praca z podrostkami i doros\u0142ymi kotami, budowanie zaufania, redukcja l\u0119ku i poprawa relacji z cz\u0142owiekiem.","robots":{"index":"index","follow":"follow","max-snippet":"max-snippet:-1","max-image-preview":"max-image-preview:large","max-video-preview":"max-video-preview:-1"},"canonical":"https:\/\/kocie-porady.pl\/sklep\/index.php\/produkt\/socjalizacja-kotow-od-podrostka-od-doroslego\/","og_locale":"pl_PL","og_type":"article","og_title":"Socjalizacja kot\u00f3w - od podrostka od doros\u0142ego - Sklep dla kocich opiekun\u00f3w","og_description":"Szkolenie z socjalizacji kot\u00f3w \u2013 praca z podrostkami i doros\u0142ymi kotami, budowanie zaufania, redukcja l\u0119ku i poprawa relacji z cz\u0142owiekiem.","og_url":"https:\/\/kocie-porady.pl\/sklep\/index.php\/produkt\/socjalizacja-kotow-od-podrostka-od-doroslego\/","og_site_name":"Sklep dla kocich opiekun\u00f3w","article_modified_time":"2026-04-14T11:54:06+00:00","twitter_card":"summary_large_image","twitter_misc":{"Szacowany czas czytania":"1 minuta"},"schema":{"@context":"https:\/\/schema.org","@graph":[{"@type":"WebPage","@id":"https:\/\/kocie-porady.pl\/sklep\/index.php\/produkt\/socjalizacja-kotow-od-podrostka-od-doroslego\/","url":"https:\/\/kocie-porady.pl\/sklep\/index.php\/produkt\/socjalizacja-kotow-od-podrostka-od-doroslego\/","name":"Socjalizacja kot\u00f3w - od podrostka od doros\u0142ego - Sklep dla kocich opiekun\u00f3w","isPartOf":{"@id":"https:\/\/kocie-porady.pl\/sklep\/#website"},"datePublished":"2021-10-12T14:08:16+00:00","dateModified":"2026-04-14T11:54:06+00:00","description":"Szkolenie z socjalizacji kot\u00f3w \u2013 praca z podrostkami i doros\u0142ymi kotami, budowanie zaufania, redukcja l\u0119ku i poprawa relacji z cz\u0142owiekiem.","breadcrumb":{"@id":"https:\/\/kocie-porady.pl\/sklep\/index.php\/produkt\/socjalizacja-kotow-od-podrostka-od-doroslego\/#breadcrumb"},"inLanguage":"pl-PL","potentialAction":[{"@type":"ReadAction","target":["https:\/\/kocie-porady.pl\/sklep\/index.php\/produkt\/socjalizacja-kotow-od-podrostka-od-doroslego\/"]}]},{"@type":"BreadcrumbList","@id":"https:\/\/kocie-porady.pl\/sklep\/index.php\/produkt\/socjalizacja-kotow-od-podrostka-od-doroslego\/#breadcrumb","itemListElement":[{"@type":"ListItem","position":1,"name":"Strona g\u0142\u00f3wna","item":"https:\/\/kocie-porady.pl\/sklep\/"},{"@type":"ListItem","position":2,"name":"Sklep","item":"https:\/\/kocie-porady.pl\/sklep\/index.php\/sklep\/"},{"@type":"ListItem","position":3,"name":"Socjalizacja kot\u00f3w &#8211; od podrostka od doros\u0142ego"}]},{"@type":"WebSite","@id":"https:\/\/kocie-porady.pl\/sklep\/#website","url":"https:\/\/kocie-porady.pl\/sklep\/","name":"Sklep dla kocich opiekun\u00f3w","description":"","publisher":{"@id":"https:\/\/kocie-porady.pl\/sklep\/#\/schema\/person\/3585b25f6c41a8448e9e088f50954cf4"},"potentialAction":[{"@type":"SearchAction","target":{"@type":"EntryPoint","urlTemplate":"https:\/\/kocie-porady.pl\/sklep\/?s={search_term_string}"},"query-input":{"@type":"PropertyValueSpecification","valueRequired":true,"valueName":"search_term_string"}}],"inLanguage":"pl-PL"},{"@type":["Person","Organization"],"@id":"https:\/\/kocie-porady.pl\/sklep\/#\/schema\/person\/3585b25f6c41a8448e9e088f50954cf4","name":"admin","image":{"@type":"ImageObject","inLanguage":"pl-PL","@id":"https:\/\/kocie-porady.pl\/sklep\/wp-content\/uploads\/2026\/04\/koci-behawioryzm-500-x-200-px-2.png","url":"https:\/\/kocie-porady.pl\/sklep\/wp-content\/uploads\/2026\/04\/koci-behawioryzm-500-x-200-px-2.png","contentUrl":"https:\/\/kocie-porady.pl\/sklep\/wp-content\/uploads\/2026\/04\/koci-behawioryzm-500-x-200-px-2.png","width":200,"height":100,"caption":"admin"},"logo":{"@id":"https:\/\/kocie-porady.pl\/sklep\/wp-content\/uploads\/2026\/04\/koci-behawioryzm-500-x-200-px-2.png"},"sameAs":["https:\/\/kocie-porady.pl\/sklep"]}]}},"jetpack_sharing_enabled":true,"_links":{"self":[{"href":"https:\/\/kocie-porady.pl\/sklep\/index.php\/wp-json\/wp\/v2\/product\/6463","targetHints":{"allow":["GET"]}}],"collection":[{"href":"https:\/\/kocie-porady.pl\/sklep\/index.php\/wp-json\/wp\/v2\/product"}],"about":[{"href":"https:\/\/kocie-porady.pl\/sklep\/index.php\/wp-json\/wp\/v2\/types\/product"}],"replies":[{"embeddable":true,"href":"https:\/\/kocie-porady.pl\/sklep\/index.php\/wp-json\/wp\/v2\/comments?post=6463"}],"wp:attachment":[{"href":"https:\/\/kocie-porady.pl\/sklep\/index.php\/wp-json\/wp\/v2\/media?parent=6463"}],"wp:term":[{"taxonomy":"product_brand","embeddable":true,"href":"https:\/\/kocie-porady.pl\/sklep\/index.php\/wp-json\/wp\/v2\/product_brand?post=6463"},{"taxonomy":"product_cat","embeddable":true,"href":"https:\/\/kocie-porady.pl\/sklep\/index.php\/wp-json\/wp\/v2\/product_cat?post=6463"},{"taxonomy":"product_tag","embeddable":true,"href":"https:\/\/kocie-porady.pl\/sklep\/index.php\/wp-json\/wp\/v2\/product_tag?post=6463"}],"curies":[{"name":"wp","href":"https:\/\/api.w.org\/{rel}","templated":true}]}}