{"id":6374,"date":"2021-06-18T21:10:27","date_gmt":"2021-06-18T21:10:27","guid":{"rendered":"https:\/\/kocie-porady.pl\/sklep\/?post_type=product&#038;p=6374"},"modified":"2025-03-22T20:56:11","modified_gmt":"2025-03-22T20:56:11","slug":"zabawy-fizyczne-dla-kotow","status":"publish","type":"product","link":"https:\/\/kocie-porady.pl\/sklep\/index.php\/produkt\/zabawy-fizyczne-dla-kotow\/","title":{"rendered":"ebook: Zabawy fizyczne dla kot\u00f3w"},"content":{"rendered":"<p>Odkryj, jak wzbogaci\u0107 \u017cycie swojego kota dzi\u0119ki naszemu e-bookowi \u201eFizyczne Zabawy dla Kot\u00f3w\u201d.<\/p>\n<p>Ten praktyczny przewodnik dostarczy Ci inspiruj\u0105cych i \u0142atwych do wykonania pomys\u0142\u00f3w na zabawy, kt\u00f3re pomog\u0105 utrzyma\u0107 Twojego pupila w doskona\u0142ej kondycji fizycznej i psychicznej. Dowiedz si\u0119, jak stworzy\u0107 interaktywne zabawki i gry, kt\u00f3re zapewni\u0105 Twojemu kotu mn\u00f3stwo rado\u015bci i ruchu.<\/p>\n<p>Nasz e-book to klucz do rozweselenia i zaanga\u017cowania Twojego pupila, a tak\u017ce do wzmocnienia Waszej wi\u0119zi. Zainwestuj w e-booka ju\u017c dzi\u015b i ciesz si\u0119 codziennymi chwilami pe\u0142nymi zabawy i zdrowia z Twoim ukochanym kotem!<\/p>\n","protected":false},"excerpt":{"rendered":"<p>Odkryj, jak wzbogaci\u0107 \u017cycie swojego kota dzi\u0119ki naszemu e-bookowi \u201eFizyczne Zabawy dla Kot\u00f3w\u201d.<\/p>\n<p>Ten praktyczny przewodnik dostarczy Ci inspiruj\u0105cych i \u0142atwych do wykonania pomys\u0142\u00f3w na zabawy, kt\u00f3re pomog\u0105 utrzyma\u0107 Twojego pupila w doskona\u0142ej kondycji fizycznej i psychicznej. Dowiedz si\u0119, jak stworzy\u0107 interaktywne zabawki i gry, kt\u00f3re zapewni\u0105 Twojemu kotu mn\u00f3stwo rado\u015bci i ruchu.<\/p>\n<p>Nasz e-book to klucz do rozweselenia i zaanga\u017cowania Twojego pupila, a tak\u017ce do wzmocnienia Waszej wi\u0119zi. Zainwestuj w e-booka ju\u017c dzi\u015b i ciesz si\u0119 codziennymi chwilami pe\u0142nymi zabawy i zdrowia z Twoim ukochanym kotem!<\/p>\n","protected":false},"featured_media":7500,"comment_status":"open","ping_status":"closed","template":"","meta":[],"product_brand":[],"product_cat":[60],"product_tag":[160,333,64,331,159,332,62,330,88,89,158,329],"class_list":{"0":"post-6374","1":"product","2":"type-product","3":"status-publish","4":"has-post-thumbnail","6":"product_cat-ebooki","7":"product_tag-aktywnosci-fizyczne","8":"product_tag-book","9":"product_tag-ebook","10":"product_tag-fizyczne-aktywnosci-z-kotem","11":"product_tag-fizyczne-zabawy","12":"product_tag-kocie-aktywnosci-fizyczne","13":"product_tag-kocie-porady","14":"product_tag-kocie-zabawy","15":"product_tag-kot","16":"product_tag-koty","17":"product_tag-zabawy-fizyczne","18":"product_tag-zabawy-z-kotami","20":"first","21":"instock","22":"downloadable","23":"virtual","24":"taxable","25":"purchasable","26":"product-type-simple"},"yoast_head":"<!-- This site is optimized with the Yoast SEO plugin v27.4 - https:\/\/yoast.com\/product\/yoast-seo-wordpress\/ -->\n<title>ebook: Zabawy fizyczne dla kot\u00f3w - Sklep dla kocich opiekun\u00f3w<\/title>\n<meta name=\"description\" content=\"Zabawy fizyczne dla kot\u00f3w - czyli ebook wskazuj\u0105cy Ci jakie zabawy mo\u017cesz zastosowa\u0107 ze swoim podopiecznym \u017ceby jego potrzeby by\u0142y zaspokojone.\u00a0\" \/>\n<meta name=\"robots\" content=\"index, follow, max-snippet:-1, max-image-preview:large, max-video-preview:-1\" \/>\n<link rel=\"canonical\" href=\"https:\/\/kocie-porady.pl\/sklep\/index.php\/produkt\/zabawy-fizyczne-dla-kotow\/\" \/>\n<meta property=\"og:locale\" content=\"pl_PL\" \/>\n<meta property=\"og:type\" content=\"article\" \/>\n<meta property=\"og:title\" content=\"ebook: Zabawy fizyczne dla kot\u00f3w - Sklep dla kocich opiekun\u00f3w\" \/>\n<meta property=\"og:description\" content=\"Zabawy fizyczne dla kot\u00f3w - czyli ebook wskazuj\u0105cy Ci jakie zabawy mo\u017cesz zastosowa\u0107 ze swoim podopiecznym \u017ceby jego potrzeby by\u0142y zaspokojone.\u00a0\" \/>\n<meta property=\"og:url\" content=\"https:\/\/kocie-porady.pl\/sklep\/index.php\/produkt\/zabawy-fizyczne-dla-kotow\/\" \/>\n<meta property=\"og:site_name\" content=\"Sklep dla kocich opiekun\u00f3w\" \/>\n<meta property=\"article:modified_time\" content=\"2025-03-22T20:56:11+00:00\" \/>\n<meta property=\"og:image\" content=\"https:\/\/kocie-porady.pl\/sklep\/wp-content\/uploads\/2021\/06\/Zabawy-fizyczne-z-kotami.png\" \/>\n\t<meta property=\"og:image:width\" content=\"800\" \/>\n\t<meta property=\"og:image:height\" content=\"800\" \/>\n\t<meta property=\"og:image:type\" content=\"image\/png\" \/>\n<meta name=\"twitter:card\" content=\"summary_large_image\" \/>\n<meta name=\"twitter:label1\" content=\"Szacowany czas czytania\" \/>\n\t<meta name=\"twitter:data1\" content=\"1 minuta\" \/>\n<script type=\"application\/ld+json\" class=\"yoast-schema-graph\">{\"@context\":\"https:\\\/\\\/schema.org\",\"@graph\":[{\"@type\":\"WebPage\",\"@id\":\"https:\\\/\\\/kocie-porady.pl\\\/sklep\\\/index.php\\\/produkt\\\/zabawy-fizyczne-dla-kotow\\\/\",\"url\":\"https:\\\/\\\/kocie-porady.pl\\\/sklep\\\/index.php\\\/produkt\\\/zabawy-fizyczne-dla-kotow\\\/\",\"name\":\"ebook: Zabawy fizyczne dla kot\u00f3w - Sklep dla kocich opiekun\u00f3w\",\"isPartOf\":{\"@id\":\"https:\\\/\\\/kocie-porady.pl\\\/sklep\\\/#website\"},\"primaryImageOfPage\":{\"@id\":\"https:\\\/\\\/kocie-porady.pl\\\/sklep\\\/index.php\\\/produkt\\\/zabawy-fizyczne-dla-kotow\\\/#primaryimage\"},\"image\":{\"@id\":\"https:\\\/\\\/kocie-porady.pl\\\/sklep\\\/index.php\\\/produkt\\\/zabawy-fizyczne-dla-kotow\\\/#primaryimage\"},\"thumbnailUrl\":\"https:\\\/\\\/kocie-porady.pl\\\/sklep\\\/wp-content\\\/uploads\\\/2021\\\/06\\\/Zabawy-fizyczne-z-kotami.png\",\"datePublished\":\"2021-06-18T21:10:27+00:00\",\"dateModified\":\"2025-03-22T20:56:11+00:00\",\"description\":\"Zabawy fizyczne dla kot\u00f3w - czyli ebook wskazuj\u0105cy Ci jakie zabawy mo\u017cesz zastosowa\u0107 ze swoim podopiecznym \u017ceby jego potrzeby by\u0142y zaspokojone.\u00a0\",\"breadcrumb\":{\"@id\":\"https:\\\/\\\/kocie-porady.pl\\\/sklep\\\/index.php\\\/produkt\\\/zabawy-fizyczne-dla-kotow\\\/#breadcrumb\"},\"inLanguage\":\"pl-PL\",\"potentialAction\":[{\"@type\":\"ReadAction\",\"target\":[\"https:\\\/\\\/kocie-porady.pl\\\/sklep\\\/index.php\\\/produkt\\\/zabawy-fizyczne-dla-kotow\\\/\"]}]},{\"@type\":\"ImageObject\",\"inLanguage\":\"pl-PL\",\"@id\":\"https:\\\/\\\/kocie-porady.pl\\\/sklep\\\/index.php\\\/produkt\\\/zabawy-fizyczne-dla-kotow\\\/#primaryimage\",\"url\":\"https:\\\/\\\/kocie-porady.pl\\\/sklep\\\/wp-content\\\/uploads\\\/2021\\\/06\\\/Zabawy-fizyczne-z-kotami.png\",\"contentUrl\":\"https:\\\/\\\/kocie-porady.pl\\\/sklep\\\/wp-content\\\/uploads\\\/2021\\\/06\\\/Zabawy-fizyczne-z-kotami.png\",\"width\":800,\"height\":800,\"caption\":\"Zabawy fizyczne z kotami\"},{\"@type\":\"BreadcrumbList\",\"@id\":\"https:\\\/\\\/kocie-porady.pl\\\/sklep\\\/index.php\\\/produkt\\\/zabawy-fizyczne-dla-kotow\\\/#breadcrumb\",\"itemListElement\":[{\"@type\":\"ListItem\",\"position\":1,\"name\":\"Strona g\u0142\u00f3wna\",\"item\":\"https:\\\/\\\/kocie-porady.pl\\\/sklep\\\/\"},{\"@type\":\"ListItem\",\"position\":2,\"name\":\"Sklep\",\"item\":\"https:\\\/\\\/kocie-porady.pl\\\/sklep\\\/index.php\\\/sklep\\\/\"},{\"@type\":\"ListItem\",\"position\":3,\"name\":\"ebook: Zabawy fizyczne dla kot\u00f3w\"}]},{\"@type\":\"WebSite\",\"@id\":\"https:\\\/\\\/kocie-porady.pl\\\/sklep\\\/#website\",\"url\":\"https:\\\/\\\/kocie-porady.pl\\\/sklep\\\/\",\"name\":\"Sklep dla kocich opiekun\u00f3w\",\"description\":\"\",\"publisher\":{\"@id\":\"https:\\\/\\\/kocie-porady.pl\\\/sklep\\\/#\\\/schema\\\/person\\\/3585b25f6c41a8448e9e088f50954cf4\"},\"potentialAction\":[{\"@type\":\"SearchAction\",\"target\":{\"@type\":\"EntryPoint\",\"urlTemplate\":\"https:\\\/\\\/kocie-porady.pl\\\/sklep\\\/?s={search_term_string}\"},\"query-input\":{\"@type\":\"PropertyValueSpecification\",\"valueRequired\":true,\"valueName\":\"search_term_string\"}}],\"inLanguage\":\"pl-PL\"},{\"@type\":[\"Person\",\"Organization\"],\"@id\":\"https:\\\/\\\/kocie-porady.pl\\\/sklep\\\/#\\\/schema\\\/person\\\/3585b25f6c41a8448e9e088f50954cf4\",\"name\":\"admin\",\"image\":{\"@type\":\"ImageObject\",\"inLanguage\":\"pl-PL\",\"@id\":\"https:\\\/\\\/kocie-porady.pl\\\/sklep\\\/wp-content\\\/uploads\\\/2026\\\/04\\\/koci-behawioryzm-500-x-200-px-2.png\",\"url\":\"https:\\\/\\\/kocie-porady.pl\\\/sklep\\\/wp-content\\\/uploads\\\/2026\\\/04\\\/koci-behawioryzm-500-x-200-px-2.png\",\"contentUrl\":\"https:\\\/\\\/kocie-porady.pl\\\/sklep\\\/wp-content\\\/uploads\\\/2026\\\/04\\\/koci-behawioryzm-500-x-200-px-2.png\",\"width\":200,\"height\":100,\"caption\":\"admin\"},\"logo\":{\"@id\":\"https:\\\/\\\/kocie-porady.pl\\\/sklep\\\/wp-content\\\/uploads\\\/2026\\\/04\\\/koci-behawioryzm-500-x-200-px-2.png\"},\"sameAs\":[\"https:\\\/\\\/kocie-porady.pl\\\/sklep\"]}]}<\/script>\n<!-- \/ Yoast SEO plugin. -->","yoast_head_json":{"title":"ebook: Zabawy fizyczne dla kot\u00f3w - Sklep dla kocich opiekun\u00f3w","description":"Zabawy fizyczne dla kot\u00f3w - czyli ebook wskazuj\u0105cy Ci jakie zabawy mo\u017cesz zastosowa\u0107 ze swoim podopiecznym \u017ceby jego potrzeby by\u0142y zaspokojone.\u00a0","robots":{"index":"index","follow":"follow","max-snippet":"max-snippet:-1","max-image-preview":"max-image-preview:large","max-video-preview":"max-video-preview:-1"},"canonical":"https:\/\/kocie-porady.pl\/sklep\/index.php\/produkt\/zabawy-fizyczne-dla-kotow\/","og_locale":"pl_PL","og_type":"article","og_title":"ebook: Zabawy fizyczne dla kot\u00f3w - Sklep dla kocich opiekun\u00f3w","og_description":"Zabawy fizyczne dla kot\u00f3w - czyli ebook wskazuj\u0105cy Ci jakie zabawy mo\u017cesz zastosowa\u0107 ze swoim podopiecznym \u017ceby jego potrzeby by\u0142y zaspokojone.\u00a0","og_url":"https:\/\/kocie-porady.pl\/sklep\/index.php\/produkt\/zabawy-fizyczne-dla-kotow\/","og_site_name":"Sklep dla kocich opiekun\u00f3w","article_modified_time":"2025-03-22T20:56:11+00:00","og_image":[{"width":800,"height":800,"url":"https:\/\/kocie-porady.pl\/sklep\/wp-content\/uploads\/2021\/06\/Zabawy-fizyczne-z-kotami.png","type":"image\/png"}],"twitter_card":"summary_large_image","twitter_misc":{"Szacowany czas czytania":"1 minuta"},"schema":{"@context":"https:\/\/schema.org","@graph":[{"@type":"WebPage","@id":"https:\/\/kocie-porady.pl\/sklep\/index.php\/produkt\/zabawy-fizyczne-dla-kotow\/","url":"https:\/\/kocie-porady.pl\/sklep\/index.php\/produkt\/zabawy-fizyczne-dla-kotow\/","name":"ebook: Zabawy fizyczne dla kot\u00f3w - Sklep dla kocich opiekun\u00f3w","isPartOf":{"@id":"https:\/\/kocie-porady.pl\/sklep\/#website"},"primaryImageOfPage":{"@id":"https:\/\/kocie-porady.pl\/sklep\/index.php\/produkt\/zabawy-fizyczne-dla-kotow\/#primaryimage"},"image":{"@id":"https:\/\/kocie-porady.pl\/sklep\/index.php\/produkt\/zabawy-fizyczne-dla-kotow\/#primaryimage"},"thumbnailUrl":"https:\/\/kocie-porady.pl\/sklep\/wp-content\/uploads\/2021\/06\/Zabawy-fizyczne-z-kotami.png","datePublished":"2021-06-18T21:10:27+00:00","dateModified":"2025-03-22T20:56:11+00:00","description":"Zabawy fizyczne dla kot\u00f3w - czyli ebook wskazuj\u0105cy Ci jakie zabawy mo\u017cesz zastosowa\u0107 ze swoim podopiecznym \u017ceby jego potrzeby by\u0142y zaspokojone.\u00a0","breadcrumb":{"@id":"https:\/\/kocie-porady.pl\/sklep\/index.php\/produkt\/zabawy-fizyczne-dla-kotow\/#breadcrumb"},"inLanguage":"pl-PL","potentialAction":[{"@type":"ReadAction","target":["https:\/\/kocie-porady.pl\/sklep\/index.php\/produkt\/zabawy-fizyczne-dla-kotow\/"]}]},{"@type":"ImageObject","inLanguage":"pl-PL","@id":"https:\/\/kocie-porady.pl\/sklep\/index.php\/produkt\/zabawy-fizyczne-dla-kotow\/#primaryimage","url":"https:\/\/kocie-porady.pl\/sklep\/wp-content\/uploads\/2021\/06\/Zabawy-fizyczne-z-kotami.png","contentUrl":"https:\/\/kocie-porady.pl\/sklep\/wp-content\/uploads\/2021\/06\/Zabawy-fizyczne-z-kotami.png","width":800,"height":800,"caption":"Zabawy fizyczne z kotami"},{"@type":"BreadcrumbList","@id":"https:\/\/kocie-porady.pl\/sklep\/index.php\/produkt\/zabawy-fizyczne-dla-kotow\/#breadcrumb","itemListElement":[{"@type":"ListItem","position":1,"name":"Strona g\u0142\u00f3wna","item":"https:\/\/kocie-porady.pl\/sklep\/"},{"@type":"ListItem","position":2,"name":"Sklep","item":"https:\/\/kocie-porady.pl\/sklep\/index.php\/sklep\/"},{"@type":"ListItem","position":3,"name":"ebook: Zabawy fizyczne dla kot\u00f3w"}]},{"@type":"WebSite","@id":"https:\/\/kocie-porady.pl\/sklep\/#website","url":"https:\/\/kocie-porady.pl\/sklep\/","name":"Sklep dla kocich opiekun\u00f3w","description":"","publisher":{"@id":"https:\/\/kocie-porady.pl\/sklep\/#\/schema\/person\/3585b25f6c41a8448e9e088f50954cf4"},"potentialAction":[{"@type":"SearchAction","target":{"@type":"EntryPoint","urlTemplate":"https:\/\/kocie-porady.pl\/sklep\/?s={search_term_string}"},"query-input":{"@type":"PropertyValueSpecification","valueRequired":true,"valueName":"search_term_string"}}],"inLanguage":"pl-PL"},{"@type":["Person","Organization"],"@id":"https:\/\/kocie-porady.pl\/sklep\/#\/schema\/person\/3585b25f6c41a8448e9e088f50954cf4","name":"admin","image":{"@type":"ImageObject","inLanguage":"pl-PL","@id":"https:\/\/kocie-porady.pl\/sklep\/wp-content\/uploads\/2026\/04\/koci-behawioryzm-500-x-200-px-2.png","url":"https:\/\/kocie-porady.pl\/sklep\/wp-content\/uploads\/2026\/04\/koci-behawioryzm-500-x-200-px-2.png","contentUrl":"https:\/\/kocie-porady.pl\/sklep\/wp-content\/uploads\/2026\/04\/koci-behawioryzm-500-x-200-px-2.png","width":200,"height":100,"caption":"admin"},"logo":{"@id":"https:\/\/kocie-porady.pl\/sklep\/wp-content\/uploads\/2026\/04\/koci-behawioryzm-500-x-200-px-2.png"},"sameAs":["https:\/\/kocie-porady.pl\/sklep"]}]}},"jetpack_sharing_enabled":true,"_links":{"self":[{"href":"https:\/\/kocie-porady.pl\/sklep\/index.php\/wp-json\/wp\/v2\/product\/6374","targetHints":{"allow":["GET"]}}],"collection":[{"href":"https:\/\/kocie-porady.pl\/sklep\/index.php\/wp-json\/wp\/v2\/product"}],"about":[{"href":"https:\/\/kocie-porady.pl\/sklep\/index.php\/wp-json\/wp\/v2\/types\/product"}],"replies":[{"embeddable":true,"href":"https:\/\/kocie-porady.pl\/sklep\/index.php\/wp-json\/wp\/v2\/comments?post=6374"}],"wp:featuredmedia":[{"embeddable":true,"href":"https:\/\/kocie-porady.pl\/sklep\/index.php\/wp-json\/wp\/v2\/media\/7500"}],"wp:attachment":[{"href":"https:\/\/kocie-porady.pl\/sklep\/index.php\/wp-json\/wp\/v2\/media?parent=6374"}],"wp:term":[{"taxonomy":"product_brand","embeddable":true,"href":"https:\/\/kocie-porady.pl\/sklep\/index.php\/wp-json\/wp\/v2\/product_brand?post=6374"},{"taxonomy":"product_cat","embeddable":true,"href":"https:\/\/kocie-porady.pl\/sklep\/index.php\/wp-json\/wp\/v2\/product_cat?post=6374"},{"taxonomy":"product_tag","embeddable":true,"href":"https:\/\/kocie-porady.pl\/sklep\/index.php\/wp-json\/wp\/v2\/product_tag?post=6374"}],"curies":[{"name":"wp","href":"https:\/\/api.w.org\/{rel}","templated":true}]}}