{"id":6345,"date":"2021-05-25T12:01:56","date_gmt":"2021-05-25T12:01:56","guid":{"rendered":"https:\/\/kocie-porady.pl\/sklep\/?post_type=product&#038;p=6345"},"modified":"2026-04-14T11:43:12","modified_gmt":"2026-04-14T11:43:12","slug":"jak-sobie-radzic-z-kotem-zdziczalym-szkolenie-online","status":"publish","type":"product","link":"https:\/\/kocie-porady.pl\/sklep\/index.php\/produkt\/jak-sobie-radzic-z-kotem-zdziczalym-szkolenie-online\/","title":{"rendered":"Jak sobie radzi\u0107 z kotem zdzicza\u0142ym &#8211; szkolenie online"},"content":{"rendered":"<p data-start=\"0\" data-end=\"255\">Witaj w Polsce \u2013 kraju, w kt\u00f3rym obok ludzi \u017cyje wiele kot\u00f3w domowych, kt\u00f3re nie maj\u0105 w\u0142asnego domu. To koty bezdomne, cz\u0119sto zdzicza\u0142e, nieufne wobec cz\u0142owieka. Sycz\u0105, warcz\u0105, prychaj\u0105, pokazuj\u0105 z\u0119by i potrafi\u0105 dotkliwie podrapa\u0107, gdy czuj\u0105 zagro\u017cenie.<\/p>\n<p data-start=\"257\" data-end=\"589\">Z my\u015bl\u0105 o osobach pracuj\u0105cych ze zwierz\u0119tami \u2013 dzia\u0142aj\u0105cych w fundacjach, organizacjach czy pomagaj\u0105cych indywidualnie \u2013 przygotowa\u0142em szkolenie pokazuj\u0105ce, jak bezpiecznie i rozs\u0105dnie pracowa\u0107 z takim kotem. Jak do niego podchodzi\u0107, jak budowa\u0107 poczucie bezpiecze\u0144stwa i stopniowo pokazywa\u0107, \u017ce cz\u0142owiek nie musi by\u0107 zagro\u017ceniem.<\/p>\n<p data-start=\"591\" data-end=\"844\">Szkolenie porusza tak\u017ce wa\u017cny temat zmiany podej\u015bcia do adopcji. Kot zdzicza\u0142y r\u00f3wnie\u017c mo\u017ce odnale\u017a\u0107 si\u0119 w domu i stworzy\u0107 relacj\u0119 z opiekunem. Wymaga jednak innego podej\u015bcia, wi\u0119kszego zrozumienia jego granic oraz zaakceptowania pewnej niezale\u017cno\u015bci.<\/p>\n<p data-start=\"846\" data-end=\"1013\">Takie zwierz\u0119 z czasem potrafi otworzy\u0107 si\u0119 na cz\u0142owieka i nawi\u0105za\u0107 blisk\u0105 relacj\u0119, ale jest to proces, kt\u00f3ry wymaga czasu, cierpliwo\u015bci, wiedzy i odpowiedzialno\u015bci.<\/p>\n<p data-start=\"1015\" data-end=\"1152\">Adoptowa\u0142a\u015b takiego kota?<br data-start=\"1040\" data-end=\"1043\" \/>Planujesz przyj\u0105\u0107 pod opiek\u0119 kota zdzicza\u0142ego?<br data-start=\"1089\" data-end=\"1092\" \/>A mo\u017ce trafi\u0142 do Ciebie przypadkiem, bo chcia\u0142a\u015b mu pom\u00f3c?<\/p>\n<p data-start=\"1154\" data-end=\"1293\">To szkolenie pomo\u017ce lepiej zrozumie\u0107 kota domowego zdzicza\u0142ego, poprawi\u0107 jego dobrostan i u\u0142atwi\u0107 codzienne funkcjonowanie r\u00f3wnie\u017c Tobie.<\/p>\n","protected":false},"excerpt":{"rendered":"<p>Masz do czynienia ze zdzicza\u0142ym kotem i nie wiesz, jak skutecznie pom\u00f3c mu odnale\u017a\u0107 si\u0119 w nowym otoczeniu? Nasze szkolenie online &#8222;Jak sobie radzi\u0107 z kotem zdzicza\u0142ym&#8221; to kompleksowy kurs, kt\u00f3ry wyposa\u017cy Ci\u0119 w niezb\u0119dne narz\u0119dzia i wiedz\u0119, aby pracowa\u0107 z kotami o trudnym charakterze. Nauczysz si\u0119, jak zrozumie\u0107 ich zachowania, stopniowo budowa\u0107 zaufanie i zapewni\u0107 im bezpieczne warunki do \u017cycia. Zapisz si\u0119 ju\u017c dzi\u015b, by zyska\u0107 pewno\u015b\u0107, \u017ce mo\u017cesz efektywnie i z empati\u0105 pracowa\u0107 z najbardziej wymagaj\u0105cymi kotami!<\/p>\n","protected":false},"featured_media":6350,"comment_status":"open","ping_status":"closed","template":"","meta":[],"product_brand":[],"product_cat":[80],"product_tag":[463,285,444,471,459,469,467,460,100,99,466,468,462,403,398,464,461,465,373,470],"class_list":{"0":"post-6345","1":"product","2":"type-product","3":"status-publish","4":"has-post-thumbnail","6":"product_cat-szkol","7":"product_tag-adopcja-kota","8":"product_tag-agresja-u-kota","9":"product_tag-behawiorysta-kotow","10":"product_tag-bezpieczenstwo-pracy-z-kotem","11":"product_tag-dobrostan-kota","12":"product_tag-edukacja-o-kotach","13":"product_tag-fundacje-zwierzece","14":"product_tag-kot-bezdomny","15":"product_tag-kot-zdziczaly","16":"product_tag-opieka-nad-kotem","17":"product_tag-pomoc-kotom","18":"product_tag-praca-z-kotami","19":"product_tag-praca-z-kotem-lekowym","20":"product_tag-relacja-czlowiek-kot","21":"product_tag-socjalizacja-kota","22":"product_tag-stres-u-kota","23":"product_tag-szkolenie-dla-opiekunow-kotow","24":"product_tag-zachowanie-kota","25":"product_tag-zoopsychologia","26":"product_tag-zrozumienie-kota","28":"first","29":"instock","30":"taxable","31":"shipping-taxable","32":"purchasable","33":"product-type-variable"},"yoast_head":"<!-- This site is optimized with the Yoast SEO plugin v27.4 - https:\/\/yoast.com\/product\/yoast-seo-wordpress\/ -->\n<title>Jak sobie radzi\u0107 z kotem zdzicza\u0142ym - szkolenie online - Sklep dla kocich opiekun\u00f3w<\/title>\n<meta name=\"description\" content=\"Szkolenie o pracy z kotem zdzicza\u0142ym: bezpiecze\u0144stwo, podej\u015bcie behawioralne i budowanie relacji opartej na zaufaniu i zrozumieniu.\" \/>\n<meta name=\"robots\" content=\"index, follow, max-snippet:-1, max-image-preview:large, max-video-preview:-1\" \/>\n<link rel=\"canonical\" href=\"https:\/\/kocie-porady.pl\/sklep\/index.php\/produkt\/jak-sobie-radzic-z-kotem-zdziczalym-szkolenie-online\/\" \/>\n<meta property=\"og:locale\" content=\"pl_PL\" \/>\n<meta property=\"og:type\" content=\"article\" \/>\n<meta property=\"og:title\" content=\"Jak sobie radzi\u0107 z kotem zdzicza\u0142ym - szkolenie online - Sklep dla kocich opiekun\u00f3w\" \/>\n<meta property=\"og:description\" content=\"Szkolenie o pracy z kotem zdzicza\u0142ym: bezpiecze\u0144stwo, podej\u015bcie behawioralne i budowanie relacji opartej na zaufaniu i zrozumieniu.\" \/>\n<meta property=\"og:url\" content=\"https:\/\/kocie-porady.pl\/sklep\/index.php\/produkt\/jak-sobie-radzic-z-kotem-zdziczalym-szkolenie-online\/\" \/>\n<meta property=\"og:site_name\" content=\"Sklep dla kocich opiekun\u00f3w\" \/>\n<meta property=\"article:modified_time\" content=\"2026-04-14T11:43:12+00:00\" \/>\n<meta property=\"og:image\" content=\"https:\/\/kocie-porady.pl\/sklep\/wp-content\/uploads\/2021\/05\/Kopia-Jak-radzic-sobie-z-kotem-zdziczalym-1.png\" \/>\n\t<meta property=\"og:image:width\" content=\"1500\" \/>\n\t<meta property=\"og:image:height\" content=\"1500\" \/>\n\t<meta property=\"og:image:type\" content=\"image\/png\" \/>\n<meta name=\"twitter:card\" content=\"summary_large_image\" \/>\n<meta name=\"twitter:label1\" content=\"Szacowany czas czytania\" \/>\n\t<meta name=\"twitter:data1\" content=\"2 minuty\" \/>\n<script type=\"application\/ld+json\" class=\"yoast-schema-graph\">{\"@context\":\"https:\\\/\\\/schema.org\",\"@graph\":[{\"@type\":\"WebPage\",\"@id\":\"https:\\\/\\\/kocie-porady.pl\\\/sklep\\\/index.php\\\/produkt\\\/jak-sobie-radzic-z-kotem-zdziczalym-szkolenie-online\\\/\",\"url\":\"https:\\\/\\\/kocie-porady.pl\\\/sklep\\\/index.php\\\/produkt\\\/jak-sobie-radzic-z-kotem-zdziczalym-szkolenie-online\\\/\",\"name\":\"Jak sobie radzi\u0107 z kotem zdzicza\u0142ym - szkolenie online - Sklep dla kocich opiekun\u00f3w\",\"isPartOf\":{\"@id\":\"https:\\\/\\\/kocie-porady.pl\\\/sklep\\\/#website\"},\"primaryImageOfPage\":{\"@id\":\"https:\\\/\\\/kocie-porady.pl\\\/sklep\\\/index.php\\\/produkt\\\/jak-sobie-radzic-z-kotem-zdziczalym-szkolenie-online\\\/#primaryimage\"},\"image\":{\"@id\":\"https:\\\/\\\/kocie-porady.pl\\\/sklep\\\/index.php\\\/produkt\\\/jak-sobie-radzic-z-kotem-zdziczalym-szkolenie-online\\\/#primaryimage\"},\"thumbnailUrl\":\"https:\\\/\\\/kocie-porady.pl\\\/sklep\\\/wp-content\\\/uploads\\\/2021\\\/05\\\/Kopia-Jak-radzic-sobie-z-kotem-zdziczalym-1.png\",\"datePublished\":\"2021-05-25T12:01:56+00:00\",\"dateModified\":\"2026-04-14T11:43:12+00:00\",\"description\":\"Szkolenie o pracy z kotem zdzicza\u0142ym: bezpiecze\u0144stwo, podej\u015bcie behawioralne i budowanie relacji opartej na zaufaniu i zrozumieniu.\",\"breadcrumb\":{\"@id\":\"https:\\\/\\\/kocie-porady.pl\\\/sklep\\\/index.php\\\/produkt\\\/jak-sobie-radzic-z-kotem-zdziczalym-szkolenie-online\\\/#breadcrumb\"},\"inLanguage\":\"pl-PL\",\"potentialAction\":[{\"@type\":\"ReadAction\",\"target\":[\"https:\\\/\\\/kocie-porady.pl\\\/sklep\\\/index.php\\\/produkt\\\/jak-sobie-radzic-z-kotem-zdziczalym-szkolenie-online\\\/\"]}]},{\"@type\":\"ImageObject\",\"inLanguage\":\"pl-PL\",\"@id\":\"https:\\\/\\\/kocie-porady.pl\\\/sklep\\\/index.php\\\/produkt\\\/jak-sobie-radzic-z-kotem-zdziczalym-szkolenie-online\\\/#primaryimage\",\"url\":\"https:\\\/\\\/kocie-porady.pl\\\/sklep\\\/wp-content\\\/uploads\\\/2021\\\/05\\\/Kopia-Jak-radzic-sobie-z-kotem-zdziczalym-1.png\",\"contentUrl\":\"https:\\\/\\\/kocie-porady.pl\\\/sklep\\\/wp-content\\\/uploads\\\/2021\\\/05\\\/Kopia-Jak-radzic-sobie-z-kotem-zdziczalym-1.png\",\"width\":1500,\"height\":1500,\"caption\":\"Jak sobie radzi\u0107 z kotem zdzicza\u0142ym\"},{\"@type\":\"BreadcrumbList\",\"@id\":\"https:\\\/\\\/kocie-porady.pl\\\/sklep\\\/index.php\\\/produkt\\\/jak-sobie-radzic-z-kotem-zdziczalym-szkolenie-online\\\/#breadcrumb\",\"itemListElement\":[{\"@type\":\"ListItem\",\"position\":1,\"name\":\"Strona g\u0142\u00f3wna\",\"item\":\"https:\\\/\\\/kocie-porady.pl\\\/sklep\\\/\"},{\"@type\":\"ListItem\",\"position\":2,\"name\":\"Sklep\",\"item\":\"https:\\\/\\\/kocie-porady.pl\\\/sklep\\\/index.php\\\/sklep\\\/\"},{\"@type\":\"ListItem\",\"position\":3,\"name\":\"Jak sobie radzi\u0107 z kotem zdzicza\u0142ym &#8211; szkolenie online\"}]},{\"@type\":\"WebSite\",\"@id\":\"https:\\\/\\\/kocie-porady.pl\\\/sklep\\\/#website\",\"url\":\"https:\\\/\\\/kocie-porady.pl\\\/sklep\\\/\",\"name\":\"Sklep dla kocich opiekun\u00f3w\",\"description\":\"\",\"publisher\":{\"@id\":\"https:\\\/\\\/kocie-porady.pl\\\/sklep\\\/#\\\/schema\\\/person\\\/3585b25f6c41a8448e9e088f50954cf4\"},\"potentialAction\":[{\"@type\":\"SearchAction\",\"target\":{\"@type\":\"EntryPoint\",\"urlTemplate\":\"https:\\\/\\\/kocie-porady.pl\\\/sklep\\\/?s={search_term_string}\"},\"query-input\":{\"@type\":\"PropertyValueSpecification\",\"valueRequired\":true,\"valueName\":\"search_term_string\"}}],\"inLanguage\":\"pl-PL\"},{\"@type\":[\"Person\",\"Organization\"],\"@id\":\"https:\\\/\\\/kocie-porady.pl\\\/sklep\\\/#\\\/schema\\\/person\\\/3585b25f6c41a8448e9e088f50954cf4\",\"name\":\"admin\",\"image\":{\"@type\":\"ImageObject\",\"inLanguage\":\"pl-PL\",\"@id\":\"https:\\\/\\\/kocie-porady.pl\\\/sklep\\\/wp-content\\\/uploads\\\/2026\\\/04\\\/koci-behawioryzm-500-x-200-px-2.png\",\"url\":\"https:\\\/\\\/kocie-porady.pl\\\/sklep\\\/wp-content\\\/uploads\\\/2026\\\/04\\\/koci-behawioryzm-500-x-200-px-2.png\",\"contentUrl\":\"https:\\\/\\\/kocie-porady.pl\\\/sklep\\\/wp-content\\\/uploads\\\/2026\\\/04\\\/koci-behawioryzm-500-x-200-px-2.png\",\"width\":200,\"height\":100,\"caption\":\"admin\"},\"logo\":{\"@id\":\"https:\\\/\\\/kocie-porady.pl\\\/sklep\\\/wp-content\\\/uploads\\\/2026\\\/04\\\/koci-behawioryzm-500-x-200-px-2.png\"},\"sameAs\":[\"https:\\\/\\\/kocie-porady.pl\\\/sklep\"]}]}<\/script>\n<!-- \/ Yoast SEO plugin. -->","yoast_head_json":{"title":"Jak sobie radzi\u0107 z kotem zdzicza\u0142ym - szkolenie online - Sklep dla kocich opiekun\u00f3w","description":"Szkolenie o pracy z kotem zdzicza\u0142ym: bezpiecze\u0144stwo, podej\u015bcie behawioralne i budowanie relacji opartej na zaufaniu i zrozumieniu.","robots":{"index":"index","follow":"follow","max-snippet":"max-snippet:-1","max-image-preview":"max-image-preview:large","max-video-preview":"max-video-preview:-1"},"canonical":"https:\/\/kocie-porady.pl\/sklep\/index.php\/produkt\/jak-sobie-radzic-z-kotem-zdziczalym-szkolenie-online\/","og_locale":"pl_PL","og_type":"article","og_title":"Jak sobie radzi\u0107 z kotem zdzicza\u0142ym - szkolenie online - Sklep dla kocich opiekun\u00f3w","og_description":"Szkolenie o pracy z kotem zdzicza\u0142ym: bezpiecze\u0144stwo, podej\u015bcie behawioralne i budowanie relacji opartej na zaufaniu i zrozumieniu.","og_url":"https:\/\/kocie-porady.pl\/sklep\/index.php\/produkt\/jak-sobie-radzic-z-kotem-zdziczalym-szkolenie-online\/","og_site_name":"Sklep dla kocich opiekun\u00f3w","article_modified_time":"2026-04-14T11:43:12+00:00","og_image":[{"width":1500,"height":1500,"url":"https:\/\/kocie-porady.pl\/sklep\/wp-content\/uploads\/2021\/05\/Kopia-Jak-radzic-sobie-z-kotem-zdziczalym-1.png","type":"image\/png"}],"twitter_card":"summary_large_image","twitter_misc":{"Szacowany czas czytania":"2 minuty"},"schema":{"@context":"https:\/\/schema.org","@graph":[{"@type":"WebPage","@id":"https:\/\/kocie-porady.pl\/sklep\/index.php\/produkt\/jak-sobie-radzic-z-kotem-zdziczalym-szkolenie-online\/","url":"https:\/\/kocie-porady.pl\/sklep\/index.php\/produkt\/jak-sobie-radzic-z-kotem-zdziczalym-szkolenie-online\/","name":"Jak sobie radzi\u0107 z kotem zdzicza\u0142ym - szkolenie online - Sklep dla kocich opiekun\u00f3w","isPartOf":{"@id":"https:\/\/kocie-porady.pl\/sklep\/#website"},"primaryImageOfPage":{"@id":"https:\/\/kocie-porady.pl\/sklep\/index.php\/produkt\/jak-sobie-radzic-z-kotem-zdziczalym-szkolenie-online\/#primaryimage"},"image":{"@id":"https:\/\/kocie-porady.pl\/sklep\/index.php\/produkt\/jak-sobie-radzic-z-kotem-zdziczalym-szkolenie-online\/#primaryimage"},"thumbnailUrl":"https:\/\/kocie-porady.pl\/sklep\/wp-content\/uploads\/2021\/05\/Kopia-Jak-radzic-sobie-z-kotem-zdziczalym-1.png","datePublished":"2021-05-25T12:01:56+00:00","dateModified":"2026-04-14T11:43:12+00:00","description":"Szkolenie o pracy z kotem zdzicza\u0142ym: bezpiecze\u0144stwo, podej\u015bcie behawioralne i budowanie relacji opartej na zaufaniu i zrozumieniu.","breadcrumb":{"@id":"https:\/\/kocie-porady.pl\/sklep\/index.php\/produkt\/jak-sobie-radzic-z-kotem-zdziczalym-szkolenie-online\/#breadcrumb"},"inLanguage":"pl-PL","potentialAction":[{"@type":"ReadAction","target":["https:\/\/kocie-porady.pl\/sklep\/index.php\/produkt\/jak-sobie-radzic-z-kotem-zdziczalym-szkolenie-online\/"]}]},{"@type":"ImageObject","inLanguage":"pl-PL","@id":"https:\/\/kocie-porady.pl\/sklep\/index.php\/produkt\/jak-sobie-radzic-z-kotem-zdziczalym-szkolenie-online\/#primaryimage","url":"https:\/\/kocie-porady.pl\/sklep\/wp-content\/uploads\/2021\/05\/Kopia-Jak-radzic-sobie-z-kotem-zdziczalym-1.png","contentUrl":"https:\/\/kocie-porady.pl\/sklep\/wp-content\/uploads\/2021\/05\/Kopia-Jak-radzic-sobie-z-kotem-zdziczalym-1.png","width":1500,"height":1500,"caption":"Jak sobie radzi\u0107 z kotem zdzicza\u0142ym"},{"@type":"BreadcrumbList","@id":"https:\/\/kocie-porady.pl\/sklep\/index.php\/produkt\/jak-sobie-radzic-z-kotem-zdziczalym-szkolenie-online\/#breadcrumb","itemListElement":[{"@type":"ListItem","position":1,"name":"Strona g\u0142\u00f3wna","item":"https:\/\/kocie-porady.pl\/sklep\/"},{"@type":"ListItem","position":2,"name":"Sklep","item":"https:\/\/kocie-porady.pl\/sklep\/index.php\/sklep\/"},{"@type":"ListItem","position":3,"name":"Jak sobie radzi\u0107 z kotem zdzicza\u0142ym &#8211; szkolenie online"}]},{"@type":"WebSite","@id":"https:\/\/kocie-porady.pl\/sklep\/#website","url":"https:\/\/kocie-porady.pl\/sklep\/","name":"Sklep dla kocich opiekun\u00f3w","description":"","publisher":{"@id":"https:\/\/kocie-porady.pl\/sklep\/#\/schema\/person\/3585b25f6c41a8448e9e088f50954cf4"},"potentialAction":[{"@type":"SearchAction","target":{"@type":"EntryPoint","urlTemplate":"https:\/\/kocie-porady.pl\/sklep\/?s={search_term_string}"},"query-input":{"@type":"PropertyValueSpecification","valueRequired":true,"valueName":"search_term_string"}}],"inLanguage":"pl-PL"},{"@type":["Person","Organization"],"@id":"https:\/\/kocie-porady.pl\/sklep\/#\/schema\/person\/3585b25f6c41a8448e9e088f50954cf4","name":"admin","image":{"@type":"ImageObject","inLanguage":"pl-PL","@id":"https:\/\/kocie-porady.pl\/sklep\/wp-content\/uploads\/2026\/04\/koci-behawioryzm-500-x-200-px-2.png","url":"https:\/\/kocie-porady.pl\/sklep\/wp-content\/uploads\/2026\/04\/koci-behawioryzm-500-x-200-px-2.png","contentUrl":"https:\/\/kocie-porady.pl\/sklep\/wp-content\/uploads\/2026\/04\/koci-behawioryzm-500-x-200-px-2.png","width":200,"height":100,"caption":"admin"},"logo":{"@id":"https:\/\/kocie-porady.pl\/sklep\/wp-content\/uploads\/2026\/04\/koci-behawioryzm-500-x-200-px-2.png"},"sameAs":["https:\/\/kocie-porady.pl\/sklep"]}]}},"jetpack_sharing_enabled":true,"_links":{"self":[{"href":"https:\/\/kocie-porady.pl\/sklep\/index.php\/wp-json\/wp\/v2\/product\/6345","targetHints":{"allow":["GET"]}}],"collection":[{"href":"https:\/\/kocie-porady.pl\/sklep\/index.php\/wp-json\/wp\/v2\/product"}],"about":[{"href":"https:\/\/kocie-porady.pl\/sklep\/index.php\/wp-json\/wp\/v2\/types\/product"}],"replies":[{"embeddable":true,"href":"https:\/\/kocie-porady.pl\/sklep\/index.php\/wp-json\/wp\/v2\/comments?post=6345"}],"wp:featuredmedia":[{"embeddable":true,"href":"https:\/\/kocie-porady.pl\/sklep\/index.php\/wp-json\/wp\/v2\/media\/6350"}],"wp:attachment":[{"href":"https:\/\/kocie-porady.pl\/sklep\/index.php\/wp-json\/wp\/v2\/media?parent=6345"}],"wp:term":[{"taxonomy":"product_brand","embeddable":true,"href":"https:\/\/kocie-porady.pl\/sklep\/index.php\/wp-json\/wp\/v2\/product_brand?post=6345"},{"taxonomy":"product_cat","embeddable":true,"href":"https:\/\/kocie-porady.pl\/sklep\/index.php\/wp-json\/wp\/v2\/product_cat?post=6345"},{"taxonomy":"product_tag","embeddable":true,"href":"https:\/\/kocie-porady.pl\/sklep\/index.php\/wp-json\/wp\/v2\/product_tag?post=6345"}],"curies":[{"name":"wp","href":"https:\/\/api.w.org\/{rel}","templated":true}]}}