{"id":6275,"date":"2021-05-10T09:38:53","date_gmt":"2021-05-10T09:38:53","guid":{"rendered":"https:\/\/kocie-porady.pl\/sklep\/?post_type=product&#038;p=6275"},"modified":"2026-04-14T11:48:27","modified_gmt":"2026-04-14T11:48:27","slug":"opieka-w-domu-nad-malym-gryzoniem","status":"publish","type":"product","link":"https:\/\/kocie-porady.pl\/sklep\/index.php\/produkt\/opieka-w-domu-nad-malym-gryzoniem\/","title":{"rendered":"Opieka w domu nad ma\u0142ym gryzoniem"},"content":{"rendered":"<p data-start=\"0\" data-end=\"159\">W ramach projektu <strong data-start=\"18\" data-end=\"34\">Kocie Porady<\/strong> oferujemy szeroki zakres us\u0142ug, w tym profesjonaln\u0105 opiek\u0119 nad zwierz\u0119tami domowymi \u2013 r\u00f3wnie\u017c ma\u0142ymi ssakami i gryzoniami.<\/p>\n<p data-start=\"161\" data-end=\"375\">Opieka przebiega w spos\u00f3b dostosowany do potrzeb danego gatunku, podobnie jak w przypadku kota lub psa. Obejmuje przede wszystkim zapewnienie bezpiecze\u0144stwa oraz codzienn\u0105 trosk\u0119 o podstawowe potrzeby zwierz\u0119cia.<\/p>\n<p data-start=\"377\" data-end=\"403\">W ramach wizyty dbamy o:<\/p>\n<ul data-start=\"404\" data-end=\"645\">\n<li data-section-id=\"imxdta\" data-start=\"404\" data-end=\"493\">czysto\u015b\u0107 i higien\u0119 miejsca bytowania oraz strefy za\u0142atwiania potrzeb fizjologicznych,<\/li>\n<li data-section-id=\"smkemi\" data-start=\"494\" data-end=\"534\">uzupe\u0142nienie i wymian\u0119 \u015bwie\u017cej wody,<\/li>\n<li data-section-id=\"g4scor\" data-start=\"535\" data-end=\"575\">podanie odpowiedniej ilo\u015bci pokarmu,<\/li>\n<li data-section-id=\"fixar6\" data-start=\"576\" data-end=\"645\">kontrol\u0119 og\u00f3lnego stanu zwierz\u0119cia i warunk\u00f3w, w jakich przebywa.<\/li>\n<\/ul>\n<p data-start=\"647\" data-end=\"789\" data-is-last-node=\"\" data-is-only-node=\"\">Naszym celem jest utrzymanie komfortu i bezpiecze\u0144stwa zwierz\u0119cia w jego znanym \u015brodowisku oraz odci\u0105\u017cenie opiekuna podczas jego nieobecno\u015bci.<\/p>\n","protected":false},"excerpt":{"rendered":"<p>W ramach projektu Kocie Porady oferujemy szeroki zakres us\u0142ug, w tym profesjonaln\u0105 opiek\u0119 nad zwierz\u0119tami domowymi \u2013 r\u00f3wnie\u017c ma\u0142ymi ssakami i gryzoniami. Opieka przebiega w spos\u00f3b dostosowany do potrzeb danego&#8230;<\/p>\n","protected":false},"featured_media":6323,"comment_status":"open","ping_status":"closed","template":"","meta":[],"product_brand":[],"product_cat":[79],"product_tag":[438,490,478,145,491,430,484,148,487,482,146,495,489,210,486,488,115,167,492,474,494,320,152,493,147,431,479],"class_list":{"0":"post-6275","1":"product","2":"type-product","3":"status-publish","4":"has-post-thumbnail","6":"product_cat-opieka-nad-zwierzetami","7":"product_tag-bezpieczenstwo-zwierzat","8":"product_tag-czyszczenie-klatek","9":"product_tag-dobrostan-zwierzat","10":"product_tag-gryzon","11":"product_tag-higiena-zwierzat","12":"product_tag-karmienie-zwierzat","13":"product_tag-kontakt-z-opiekunem","14":"product_tag-koszatniczka","15":"product_tag-male-ssaki","16":"product_tag-monitoring-zwierzat","17":"product_tag-mysz","18":"product_tag-odpowiedzialna-opieka-nad-zwierzetami","19":"product_tag-opieka-domowa-nad-zwierzetami","20":"product_tag-opieka-nad-chomikiem","21":"product_tag-opieka-nad-gryzoniami","22":"product_tag-opieka-nad-krolikami","23":"product_tag-opieka-nad-malym-gryzoniem","24":"product_tag-opieka-nad-zwierzetami","25":"product_tag-opieka-podczas-urlopu","26":"product_tag-opieka-profesjonalna","27":"product_tag-opieka-w-domu","28":"product_tag-opiekun-zwierzat","29":"product_tag-petsitting","30":"product_tag-projekt-kocie-porady","31":"product_tag-szczur","32":"product_tag-wizyty-domowe","33":"product_tag-zwierzeta-domowe","35":"first","36":"instock","37":"virtual","38":"taxable","39":"purchasable","40":"product-type-simple"},"yoast_head":"<!-- This site is optimized with the Yoast SEO plugin v27.4 - https:\/\/yoast.com\/product\/yoast-seo-wordpress\/ -->\n<title>Opieka w domu nad ma\u0142ym gryzoniem - Sklep dla kocich opiekun\u00f3w<\/title>\n<meta name=\"description\" content=\"Opieka w domu nad ma\u0142ym gryzoniem\" \/>\n<meta name=\"robots\" content=\"index, follow, max-snippet:-1, max-image-preview:large, max-video-preview:-1\" \/>\n<link rel=\"canonical\" href=\"https:\/\/kocie-porady.pl\/sklep\/index.php\/produkt\/opieka-w-domu-nad-malym-gryzoniem\/\" \/>\n<meta property=\"og:locale\" content=\"pl_PL\" \/>\n<meta property=\"og:type\" content=\"article\" \/>\n<meta property=\"og:title\" content=\"Opieka w domu nad ma\u0142ym gryzoniem - Sklep dla kocich opiekun\u00f3w\" \/>\n<meta property=\"og:description\" content=\"Opieka w domu nad ma\u0142ym gryzoniem\" \/>\n<meta property=\"og:url\" content=\"https:\/\/kocie-porady.pl\/sklep\/index.php\/produkt\/opieka-w-domu-nad-malym-gryzoniem\/\" \/>\n<meta property=\"og:site_name\" content=\"Sklep dla kocich opiekun\u00f3w\" \/>\n<meta property=\"article:modified_time\" content=\"2026-04-14T11:48:27+00:00\" \/>\n<meta property=\"og:image\" content=\"https:\/\/kocie-porady.pl\/sklep\/wp-content\/uploads\/2021\/05\/pexels-himanshu-sharma-154177-scaled.jpg\" \/>\n\t<meta property=\"og:image:width\" content=\"2560\" \/>\n\t<meta property=\"og:image:height\" content=\"1920\" \/>\n\t<meta property=\"og:image:type\" content=\"image\/jpeg\" \/>\n<meta name=\"twitter:card\" content=\"summary_large_image\" \/>\n<meta name=\"twitter:label1\" content=\"Szacowany czas czytania\" \/>\n\t<meta name=\"twitter:data1\" content=\"1 minuta\" \/>\n<script type=\"application\/ld+json\" class=\"yoast-schema-graph\">{\"@context\":\"https:\\\/\\\/schema.org\",\"@graph\":[{\"@type\":\"WebPage\",\"@id\":\"https:\\\/\\\/kocie-porady.pl\\\/sklep\\\/index.php\\\/produkt\\\/opieka-w-domu-nad-malym-gryzoniem\\\/\",\"url\":\"https:\\\/\\\/kocie-porady.pl\\\/sklep\\\/index.php\\\/produkt\\\/opieka-w-domu-nad-malym-gryzoniem\\\/\",\"name\":\"Opieka w domu nad ma\u0142ym gryzoniem - Sklep dla kocich opiekun\u00f3w\",\"isPartOf\":{\"@id\":\"https:\\\/\\\/kocie-porady.pl\\\/sklep\\\/#website\"},\"primaryImageOfPage\":{\"@id\":\"https:\\\/\\\/kocie-porady.pl\\\/sklep\\\/index.php\\\/produkt\\\/opieka-w-domu-nad-malym-gryzoniem\\\/#primaryimage\"},\"image\":{\"@id\":\"https:\\\/\\\/kocie-porady.pl\\\/sklep\\\/index.php\\\/produkt\\\/opieka-w-domu-nad-malym-gryzoniem\\\/#primaryimage\"},\"thumbnailUrl\":\"https:\\\/\\\/kocie-porady.pl\\\/sklep\\\/wp-content\\\/uploads\\\/2021\\\/05\\\/pexels-himanshu-sharma-154177-scaled.jpg\",\"datePublished\":\"2021-05-10T09:38:53+00:00\",\"dateModified\":\"2026-04-14T11:48:27+00:00\",\"description\":\"Opieka w domu nad ma\u0142ym gryzoniem\",\"breadcrumb\":{\"@id\":\"https:\\\/\\\/kocie-porady.pl\\\/sklep\\\/index.php\\\/produkt\\\/opieka-w-domu-nad-malym-gryzoniem\\\/#breadcrumb\"},\"inLanguage\":\"pl-PL\",\"potentialAction\":[{\"@type\":\"ReadAction\",\"target\":[\"https:\\\/\\\/kocie-porady.pl\\\/sklep\\\/index.php\\\/produkt\\\/opieka-w-domu-nad-malym-gryzoniem\\\/\"]}]},{\"@type\":\"ImageObject\",\"inLanguage\":\"pl-PL\",\"@id\":\"https:\\\/\\\/kocie-porady.pl\\\/sklep\\\/index.php\\\/produkt\\\/opieka-w-domu-nad-malym-gryzoniem\\\/#primaryimage\",\"url\":\"https:\\\/\\\/kocie-porady.pl\\\/sklep\\\/wp-content\\\/uploads\\\/2021\\\/05\\\/pexels-himanshu-sharma-154177-scaled.jpg\",\"contentUrl\":\"https:\\\/\\\/kocie-porady.pl\\\/sklep\\\/wp-content\\\/uploads\\\/2021\\\/05\\\/pexels-himanshu-sharma-154177-scaled.jpg\",\"width\":2560,\"height\":1920,\"caption\":\"Opieka w domu nad ma\u0142ym gryzoniem\"},{\"@type\":\"BreadcrumbList\",\"@id\":\"https:\\\/\\\/kocie-porady.pl\\\/sklep\\\/index.php\\\/produkt\\\/opieka-w-domu-nad-malym-gryzoniem\\\/#breadcrumb\",\"itemListElement\":[{\"@type\":\"ListItem\",\"position\":1,\"name\":\"Strona g\u0142\u00f3wna\",\"item\":\"https:\\\/\\\/kocie-porady.pl\\\/sklep\\\/\"},{\"@type\":\"ListItem\",\"position\":2,\"name\":\"Sklep\",\"item\":\"https:\\\/\\\/kocie-porady.pl\\\/sklep\\\/index.php\\\/sklep\\\/\"},{\"@type\":\"ListItem\",\"position\":3,\"name\":\"Opieka w domu nad ma\u0142ym gryzoniem\"}]},{\"@type\":\"WebSite\",\"@id\":\"https:\\\/\\\/kocie-porady.pl\\\/sklep\\\/#website\",\"url\":\"https:\\\/\\\/kocie-porady.pl\\\/sklep\\\/\",\"name\":\"Sklep dla kocich opiekun\u00f3w\",\"description\":\"\",\"publisher\":{\"@id\":\"https:\\\/\\\/kocie-porady.pl\\\/sklep\\\/#\\\/schema\\\/person\\\/3585b25f6c41a8448e9e088f50954cf4\"},\"potentialAction\":[{\"@type\":\"SearchAction\",\"target\":{\"@type\":\"EntryPoint\",\"urlTemplate\":\"https:\\\/\\\/kocie-porady.pl\\\/sklep\\\/?s={search_term_string}\"},\"query-input\":{\"@type\":\"PropertyValueSpecification\",\"valueRequired\":true,\"valueName\":\"search_term_string\"}}],\"inLanguage\":\"pl-PL\"},{\"@type\":[\"Person\",\"Organization\"],\"@id\":\"https:\\\/\\\/kocie-porady.pl\\\/sklep\\\/#\\\/schema\\\/person\\\/3585b25f6c41a8448e9e088f50954cf4\",\"name\":\"admin\",\"image\":{\"@type\":\"ImageObject\",\"inLanguage\":\"pl-PL\",\"@id\":\"https:\\\/\\\/kocie-porady.pl\\\/sklep\\\/wp-content\\\/uploads\\\/2026\\\/04\\\/koci-behawioryzm-500-x-200-px-2.png\",\"url\":\"https:\\\/\\\/kocie-porady.pl\\\/sklep\\\/wp-content\\\/uploads\\\/2026\\\/04\\\/koci-behawioryzm-500-x-200-px-2.png\",\"contentUrl\":\"https:\\\/\\\/kocie-porady.pl\\\/sklep\\\/wp-content\\\/uploads\\\/2026\\\/04\\\/koci-behawioryzm-500-x-200-px-2.png\",\"width\":200,\"height\":100,\"caption\":\"admin\"},\"logo\":{\"@id\":\"https:\\\/\\\/kocie-porady.pl\\\/sklep\\\/wp-content\\\/uploads\\\/2026\\\/04\\\/koci-behawioryzm-500-x-200-px-2.png\"},\"sameAs\":[\"https:\\\/\\\/kocie-porady.pl\\\/sklep\"]}]}<\/script>\n<!-- \/ Yoast SEO plugin. -->","yoast_head_json":{"title":"Opieka w domu nad ma\u0142ym gryzoniem - Sklep dla kocich opiekun\u00f3w","description":"Opieka w domu nad ma\u0142ym gryzoniem","robots":{"index":"index","follow":"follow","max-snippet":"max-snippet:-1","max-image-preview":"max-image-preview:large","max-video-preview":"max-video-preview:-1"},"canonical":"https:\/\/kocie-porady.pl\/sklep\/index.php\/produkt\/opieka-w-domu-nad-malym-gryzoniem\/","og_locale":"pl_PL","og_type":"article","og_title":"Opieka w domu nad ma\u0142ym gryzoniem - Sklep dla kocich opiekun\u00f3w","og_description":"Opieka w domu nad ma\u0142ym gryzoniem","og_url":"https:\/\/kocie-porady.pl\/sklep\/index.php\/produkt\/opieka-w-domu-nad-malym-gryzoniem\/","og_site_name":"Sklep dla kocich opiekun\u00f3w","article_modified_time":"2026-04-14T11:48:27+00:00","og_image":[{"width":2560,"height":1920,"url":"https:\/\/kocie-porady.pl\/sklep\/wp-content\/uploads\/2021\/05\/pexels-himanshu-sharma-154177-scaled.jpg","type":"image\/jpeg"}],"twitter_card":"summary_large_image","twitter_misc":{"Szacowany czas czytania":"1 minuta"},"schema":{"@context":"https:\/\/schema.org","@graph":[{"@type":"WebPage","@id":"https:\/\/kocie-porady.pl\/sklep\/index.php\/produkt\/opieka-w-domu-nad-malym-gryzoniem\/","url":"https:\/\/kocie-porady.pl\/sklep\/index.php\/produkt\/opieka-w-domu-nad-malym-gryzoniem\/","name":"Opieka w domu nad ma\u0142ym gryzoniem - Sklep dla kocich opiekun\u00f3w","isPartOf":{"@id":"https:\/\/kocie-porady.pl\/sklep\/#website"},"primaryImageOfPage":{"@id":"https:\/\/kocie-porady.pl\/sklep\/index.php\/produkt\/opieka-w-domu-nad-malym-gryzoniem\/#primaryimage"},"image":{"@id":"https:\/\/kocie-porady.pl\/sklep\/index.php\/produkt\/opieka-w-domu-nad-malym-gryzoniem\/#primaryimage"},"thumbnailUrl":"https:\/\/kocie-porady.pl\/sklep\/wp-content\/uploads\/2021\/05\/pexels-himanshu-sharma-154177-scaled.jpg","datePublished":"2021-05-10T09:38:53+00:00","dateModified":"2026-04-14T11:48:27+00:00","description":"Opieka w domu nad ma\u0142ym gryzoniem","breadcrumb":{"@id":"https:\/\/kocie-porady.pl\/sklep\/index.php\/produkt\/opieka-w-domu-nad-malym-gryzoniem\/#breadcrumb"},"inLanguage":"pl-PL","potentialAction":[{"@type":"ReadAction","target":["https:\/\/kocie-porady.pl\/sklep\/index.php\/produkt\/opieka-w-domu-nad-malym-gryzoniem\/"]}]},{"@type":"ImageObject","inLanguage":"pl-PL","@id":"https:\/\/kocie-porady.pl\/sklep\/index.php\/produkt\/opieka-w-domu-nad-malym-gryzoniem\/#primaryimage","url":"https:\/\/kocie-porady.pl\/sklep\/wp-content\/uploads\/2021\/05\/pexels-himanshu-sharma-154177-scaled.jpg","contentUrl":"https:\/\/kocie-porady.pl\/sklep\/wp-content\/uploads\/2021\/05\/pexels-himanshu-sharma-154177-scaled.jpg","width":2560,"height":1920,"caption":"Opieka w domu nad ma\u0142ym gryzoniem"},{"@type":"BreadcrumbList","@id":"https:\/\/kocie-porady.pl\/sklep\/index.php\/produkt\/opieka-w-domu-nad-malym-gryzoniem\/#breadcrumb","itemListElement":[{"@type":"ListItem","position":1,"name":"Strona g\u0142\u00f3wna","item":"https:\/\/kocie-porady.pl\/sklep\/"},{"@type":"ListItem","position":2,"name":"Sklep","item":"https:\/\/kocie-porady.pl\/sklep\/index.php\/sklep\/"},{"@type":"ListItem","position":3,"name":"Opieka w domu nad ma\u0142ym gryzoniem"}]},{"@type":"WebSite","@id":"https:\/\/kocie-porady.pl\/sklep\/#website","url":"https:\/\/kocie-porady.pl\/sklep\/","name":"Sklep dla kocich opiekun\u00f3w","description":"","publisher":{"@id":"https:\/\/kocie-porady.pl\/sklep\/#\/schema\/person\/3585b25f6c41a8448e9e088f50954cf4"},"potentialAction":[{"@type":"SearchAction","target":{"@type":"EntryPoint","urlTemplate":"https:\/\/kocie-porady.pl\/sklep\/?s={search_term_string}"},"query-input":{"@type":"PropertyValueSpecification","valueRequired":true,"valueName":"search_term_string"}}],"inLanguage":"pl-PL"},{"@type":["Person","Organization"],"@id":"https:\/\/kocie-porady.pl\/sklep\/#\/schema\/person\/3585b25f6c41a8448e9e088f50954cf4","name":"admin","image":{"@type":"ImageObject","inLanguage":"pl-PL","@id":"https:\/\/kocie-porady.pl\/sklep\/wp-content\/uploads\/2026\/04\/koci-behawioryzm-500-x-200-px-2.png","url":"https:\/\/kocie-porady.pl\/sklep\/wp-content\/uploads\/2026\/04\/koci-behawioryzm-500-x-200-px-2.png","contentUrl":"https:\/\/kocie-porady.pl\/sklep\/wp-content\/uploads\/2026\/04\/koci-behawioryzm-500-x-200-px-2.png","width":200,"height":100,"caption":"admin"},"logo":{"@id":"https:\/\/kocie-porady.pl\/sklep\/wp-content\/uploads\/2026\/04\/koci-behawioryzm-500-x-200-px-2.png"},"sameAs":["https:\/\/kocie-porady.pl\/sklep"]}]}},"jetpack_sharing_enabled":true,"_links":{"self":[{"href":"https:\/\/kocie-porady.pl\/sklep\/index.php\/wp-json\/wp\/v2\/product\/6275","targetHints":{"allow":["GET"]}}],"collection":[{"href":"https:\/\/kocie-porady.pl\/sklep\/index.php\/wp-json\/wp\/v2\/product"}],"about":[{"href":"https:\/\/kocie-porady.pl\/sklep\/index.php\/wp-json\/wp\/v2\/types\/product"}],"replies":[{"embeddable":true,"href":"https:\/\/kocie-porady.pl\/sklep\/index.php\/wp-json\/wp\/v2\/comments?post=6275"}],"wp:featuredmedia":[{"embeddable":true,"href":"https:\/\/kocie-porady.pl\/sklep\/index.php\/wp-json\/wp\/v2\/media\/6323"}],"wp:attachment":[{"href":"https:\/\/kocie-porady.pl\/sklep\/index.php\/wp-json\/wp\/v2\/media?parent=6275"}],"wp:term":[{"taxonomy":"product_brand","embeddable":true,"href":"https:\/\/kocie-porady.pl\/sklep\/index.php\/wp-json\/wp\/v2\/product_brand?post=6275"},{"taxonomy":"product_cat","embeddable":true,"href":"https:\/\/kocie-porady.pl\/sklep\/index.php\/wp-json\/wp\/v2\/product_cat?post=6275"},{"taxonomy":"product_tag","embeddable":true,"href":"https:\/\/kocie-porady.pl\/sklep\/index.php\/wp-json\/wp\/v2\/product_tag?post=6275"}],"curies":[{"name":"wp","href":"https:\/\/api.w.org\/{rel}","templated":true}]}}