{"id":6207,"date":"2021-05-08T16:44:45","date_gmt":"2021-05-08T16:44:45","guid":{"rendered":"https:\/\/kocie-porady.pl\/sklep\/?post_type=product&#038;p=6207"},"modified":"2026-05-02T21:35:09","modified_gmt":"2026-05-02T21:35:09","slug":"socjalizacja-kota-z-dzieckiem-poradnik","status":"publish","type":"product","link":"https:\/\/kocie-porady.pl\/sklep\/index.php\/produkt\/socjalizacja-kota-z-dzieckiem-poradnik\/","title":{"rendered":"ebook: Socjalizacja kota z dzieckiem"},"content":{"rendered":"<p class=\"my-2 [&amp;+p]:mt-4 [&amp;_strong:has(+br)]:inline-block [&amp;_strong:has(+br)]:pb-2\"><strong>Socjalizacja kota z dzieckiem: praktyczny przewodnik po bezpiecznej socjalizacji<\/strong><\/p>\n<p class=\"my-2 [&amp;+p]:mt-4 [&amp;_strong:has(+br)]:inline-block [&amp;_strong:has(+br)]:pb-2\">Zastanawiasz si\u0119, jak przygotowa\u0107 kota na pojawienie si\u0119 dziecka? Ten eBook to kompletny przewodnik krok po kroku, kt\u00f3ry pomo\u017ce Ci zbudowa\u0107 pozytywn\u0105 relacj\u0119 mi\u0119dzy pupilem a najm\u0142odszym cz\u0142onkiem rodziny.<\/p>\n<h2 id=\"co-znajdziesz-w-ebooku\" class=\"font-editorial font-bold mb-2 mt-4 [.has-inline-images_&amp;]:clear-end text-base first:mt-0\">Co znajdziesz w eBooku?<\/h2>\n<ul class=\"marker:text-quiet list-disc pl-8\">\n<li class=\"py-0 my-0 prose-p:pt-0 prose-p:mb-2 prose-p:my-0 [&amp;&gt;p]:pt-0 [&amp;&gt;p]:mb-2 [&amp;&gt;p]:my-0\">\n<p class=\"my-2 [&amp;+p]:mt-4 [&amp;_strong:has(+br)]:inline-block [&amp;_strong:has(+br)]:pb-2\">Zasady socjalizacji \u2013 Jak wprowadzi\u0107 kota do \u015bwiata dziecka i odwrotnie, tworz\u0105c bezpieczne \u015brodowisko.<\/p>\n<\/li>\n<li class=\"py-0 my-0 prose-p:pt-0 prose-p:mb-2 prose-p:my-0 [&amp;&gt;p]:pt-0 [&amp;&gt;p]:mb-2 [&amp;&gt;p]:my-0\">\n<p class=\"my-2 [&amp;+p]:mt-4 [&amp;_strong:has(+br)]:inline-block [&amp;_strong:has(+br)]:pb-2\">Praktyczne wskaz\u00f3wki \u2013 Przygotowanie domu, organizacja pierwszego spotkania, rozwi\u0105zywanie l\u0119ku i agresji.<\/p>\n<\/li>\n<li class=\"py-0 my-0 prose-p:pt-0 prose-p:mb-2 prose-p:my-0 [&amp;&gt;p]:pt-0 [&amp;&gt;p]:mb-2 [&amp;&gt;p]:my-0\">\n<p class=\"my-2 [&amp;+p]:mt-4 [&amp;_strong:has(+br)]:inline-block [&amp;_strong:has(+br)]:pb-2\">D\u0142ugoterminowa relacja \u2013 Piel\u0119gnowanie wi\u0119zi na ka\u017cdym etapie \u017cycia kota i dziecka.<\/p>\n<\/li>\n<li class=\"py-0 my-0 prose-p:pt-0 prose-p:mb-2 prose-p:my-0 [&amp;&gt;p]:pt-0 [&amp;&gt;p]:mb-2 [&amp;&gt;p]:my-0\">\n<p class=\"my-2 [&amp;+p]:mt-4 [&amp;_strong:has(+br)]:inline-block [&amp;_strong:has(+br)]:pb-2\">Specjalne sytuacje \u2013 Socjalizacja z niemowl\u0119ciem, alergie, wprowadzanie nowego cz\u0142onka rodziny.<\/p>\n<\/li>\n<li class=\"py-0 my-0 prose-p:pt-0 prose-p:mb-2 prose-p:my-0 [&amp;&gt;p]:pt-0 [&amp;&gt;p]:mb-2 [&amp;&gt;p]:my-0\">\n<p class=\"my-2 [&amp;+p]:mt-4 [&amp;_strong:has(+br)]:inline-block [&amp;_strong:has(+br)]:pb-2\">Checklista i FAQ \u2013 Narz\u0119dzia do monitorowania post\u0119p\u00f3w i odpowiedzi na typowe pytania.<\/p>\n<\/li>\n<\/ul>\n<h2 id=\"dlaczego-warto\" class=\"font-editorial font-bold mb-2 mt-4 [.has-inline-images_&amp;]:clear-end text-base first:mt-0\">Dlaczego warto?<\/h2>\n<p class=\"my-2 [&amp;+p]:mt-4 [&amp;_strong:has(+br)]:inline-block [&amp;_strong:has(+br)]:pb-2\">Przyst\u0119pny j\u0119zyk zrozumia\u0142y dla ka\u017cdego opiekuna. Gotowe, praktyczne rozwi\u0105zania do natychmiastowego wdro\u017cenia. Wiedza oparta na do\u015bwiadczeniu feline zoopsychologa i behawiorysty.<\/p>\n<h2 id=\"dla-kogo\" class=\"font-editorial font-bold mb-2 mt-4 [.has-inline-images_&amp;]:clear-end text-base first:mt-0\">Dla kogo?<\/h2>\n<ul class=\"marker:text-quiet list-disc pl-8\">\n<li class=\"py-0 my-0 prose-p:pt-0 prose-p:mb-2 prose-p:my-0 [&amp;&gt;p]:pt-0 [&amp;&gt;p]:mb-2 [&amp;&gt;p]:my-0\">\n<p class=\"my-2 [&amp;+p]:mt-4 [&amp;_strong:has(+br)]:inline-block [&amp;_strong:has(+br)]:pb-2\">Rodzic\u00f3w oczekuj\u0105cych dziecka z kotem w domu,<\/p>\n<\/li>\n<li class=\"py-0 my-0 prose-p:pt-0 prose-p:mb-2 prose-p:my-0 [&amp;&gt;p]:pt-0 [&amp;&gt;p]:mb-2 [&amp;&gt;p]:my-0\">\n<p class=\"my-2 [&amp;+p]:mt-4 [&amp;_strong:has(+br)]:inline-block [&amp;_strong:has(+br)]:pb-2\">Rodzin chc\u0105cych harmonijnych relacji kot-dziecko,<\/p>\n<\/li>\n<li class=\"py-0 my-0 prose-p:pt-0 prose-p:mb-2 prose-p:my-0 [&amp;&gt;p]:pt-0 [&amp;&gt;p]:mb-2 [&amp;&gt;p]:my-0\">\n<p class=\"my-2 [&amp;+p]:mt-4 [&amp;_strong:has(+br)]:inline-block [&amp;_strong:has(+br)]:pb-2\">Opiekun\u00f3w szukaj\u0105cych sprawdzonych metod bezpiecznego wsp\u00f3\u0142\u017cycia.<\/p>\n<\/li>\n<\/ul>\n<h2 id=\"bonusy-w-cenie\" class=\"font-editorial font-bold mb-2 mt-4 [.has-inline-images_&amp;]:clear-end text-base first:mt-0\">Bonusy w cenie<\/h2>\n<ul class=\"marker:text-quiet list-disc pl-8\">\n<li class=\"py-0 my-0 prose-p:pt-0 prose-p:mb-2 prose-p:my-0 [&amp;&gt;p]:pt-0 [&amp;&gt;p]:mb-2 [&amp;&gt;p]:my-0\">\n<p class=\"my-2 [&amp;+p]:mt-4 [&amp;_strong:has(+br)]:inline-block [&amp;_strong:has(+br)]:pb-2\">Checklista przygotowania domu i dziecka,<\/p>\n<\/li>\n<li class=\"py-0 my-0 prose-p:pt-0 prose-p:mb-2 prose-p:my-0 [&amp;&gt;p]:pt-0 [&amp;&gt;p]:mb-2 [&amp;&gt;p]:my-0\">\n<p class=\"my-2 [&amp;+p]:mt-4 [&amp;_strong:has(+br)]:inline-block [&amp;_strong:has(+br)]:pb-2\">Linki do bloga i YouTube autora z dodatkowymi materia\u0142ami.<\/p>\n<\/li>\n<\/ul>\n<p class=\"my-2 [&amp;+p]:mt-4 [&amp;_strong:has(+br)]:inline-block [&amp;_strong:has(+br)]:pb-2\">Kup teraz i zapewnij spok\u00f3j w domu \u2013 dla kota, dziecka i ca\u0142ej rodziny!<\/p>\n","protected":false},"excerpt":{"rendered":"<p>Stw\u00f3rz bezpieczn\u0105 i harmonijn\u0105 relacj\u0119 mi\u0119dzy swoim dzieckiem a kotem! \ud83d\udcd6\ud83d\udc3e<br \/>\nTen praktyczny eBook zawiera kluczowe zasady socjalizacji, porady dotycz\u0105ce przygotowania domu, organizacji pierwszego spotkania i rozwi\u0105zywania typowych problem\u00f3w. Znajdziesz tu r\u00f3wnie\u017c wskaz\u00f3wki na temat wsp\u00f3lnego \u017cycia z niemowl\u0119ciem, dzieckiem z alergi\u0105 czy wprowadzenia nowego cz\u0142onka rodziny.<\/p>\n<p>\u2705 Idealny dla rodzic\u00f3w i opiekun\u00f3w kot\u00f3w.<br \/>\n\u2705 Proste i sprawdzone porady, gotowe do wdro\u017cenia.<br \/>\n\u2705 Bonus: Checklista i FAQ dla jeszcze \u0142atwiejszej pracy z poradnikiem.<\/p>\n<p><strong>Format:<\/strong> PDF | <strong>Autor:<\/strong> Mieszko Eichelberger<br \/>\nDodaj do koszyka i zapewnij spok\u00f3j swojej rodzinie i kotu!<\/p>\n","protected":false},"featured_media":7526,"comment_status":"open","ping_status":"closed","template":"","meta":[],"product_brand":[],"product_cat":[60],"product_tag":[852,849,850,846,857,844,854,858,347,64,366,859,856,853,62,537,534,93,348,851,855,847,550,843,398,318,848,549,845],"class_list":{"0":"post-6207","1":"product","2":"type-product","3":"status-publish","4":"has-post-thumbnail","6":"product_cat-ebooki","7":"product_tag-agresja-kota-dziecko","8":"product_tag-alergia-na-kota-dziecko","9":"product_tag-behawior-kota-przy-dzieciach","10":"product_tag-behawiorysta-feline","11":"product_tag-bezpieczne-pierwsze-spotkanie-kota-z-dzieckiem","12":"product_tag-bezpieczne-wspolzycie-kotow-z-dziecmi","13":"product_tag-checklista-socjalizacji-kota","14":"product_tag-dlugoterminowa-relacja-kot-dziecko","15":"product_tag-dziecko-z-kota","16":"product_tag-ebook","17":"product_tag-ebook-o-kotach","18":"product_tag-edukacja-opiekunow-kotow","19":"product_tag-feline-behavior-child","20":"product_tag-harmonijne-zycie-z-kotem-i-dzieckiem","21":"product_tag-kocie-porady","22":"product_tag-kot-a-niemowle","23":"product_tag-kot-i-dziecko","24":"product_tag-kot-z-dzieckiem","25":"product_tag-ksiazka-o-kotach-i-dzieciach","26":"product_tag-lek-kota-przed-dzieckiem","27":"product_tag-poradnik-behawioralny","28":"product_tag-poradnik-dla-rodzicow-z-kotem","29":"product_tag-przygotowanie-kota-na-dziecko","30":"product_tag-relacja-kot-dziecko","31":"product_tag-socjalizacja-kota","32":"product_tag-socjalizacja-z-izolacja","33":"product_tag-socjalizacja-zwierzat-domowych","34":"product_tag-wprowadzenie-dziecka-do-domu-z-kotem","35":"product_tag-zoopsycholog-koty","37":"first","38":"instock","39":"taxable","40":"shipping-taxable","41":"purchasable","42":"product-type-variable"},"yoast_head":"<!-- This site is optimized with the Yoast SEO plugin v27.4 - https:\/\/yoast.com\/product\/yoast-seo-wordpress\/ -->\n<title>ebook: Socjalizacja kota z dzieckiem - Sklep dla kocich opiekun\u00f3w<\/title>\n<meta name=\"description\" content=\"Socjalizacja kota z dzieckiem - czyli jak zapozna\u0107 kota domowego z ludzkim dzieckiem, jak poprawnie przeprowadzi\u0107 zapoznanie.\" \/>\n<meta name=\"robots\" content=\"index, follow, max-snippet:-1, max-image-preview:large, max-video-preview:-1\" \/>\n<link rel=\"canonical\" href=\"https:\/\/kocie-porady.pl\/sklep\/index.php\/produkt\/socjalizacja-kota-z-dzieckiem-poradnik\/\" \/>\n<meta property=\"og:locale\" content=\"pl_PL\" \/>\n<meta property=\"og:type\" content=\"article\" \/>\n<meta property=\"og:title\" content=\"ebook: Socjalizacja kota z dzieckiem - Sklep dla kocich opiekun\u00f3w\" \/>\n<meta property=\"og:description\" content=\"Socjalizacja kota z dzieckiem - czyli jak zapozna\u0107 kota domowego z ludzkim dzieckiem, jak poprawnie przeprowadzi\u0107 zapoznanie.\" \/>\n<meta property=\"og:url\" content=\"https:\/\/kocie-porady.pl\/sklep\/index.php\/produkt\/socjalizacja-kota-z-dzieckiem-poradnik\/\" \/>\n<meta property=\"og:site_name\" content=\"Sklep dla kocich opiekun\u00f3w\" \/>\n<meta property=\"article:modified_time\" content=\"2026-05-02T21:35:09+00:00\" \/>\n<meta property=\"og:image\" content=\"https:\/\/kocie-porady.pl\/sklep\/wp-content\/uploads\/2021\/05\/Kot-z-dzieckiem.png\" \/>\n\t<meta property=\"og:image:width\" content=\"800\" \/>\n\t<meta property=\"og:image:height\" content=\"800\" \/>\n\t<meta property=\"og:image:type\" content=\"image\/png\" \/>\n<meta name=\"twitter:card\" content=\"summary_large_image\" \/>\n<meta name=\"twitter:label1\" content=\"Szacowany czas czytania\" \/>\n\t<meta name=\"twitter:data1\" content=\"2 minuty\" \/>\n<script type=\"application\/ld+json\" class=\"yoast-schema-graph\">{\"@context\":\"https:\\\/\\\/schema.org\",\"@graph\":[{\"@type\":\"WebPage\",\"@id\":\"https:\\\/\\\/kocie-porady.pl\\\/sklep\\\/index.php\\\/produkt\\\/socjalizacja-kota-z-dzieckiem-poradnik\\\/\",\"url\":\"https:\\\/\\\/kocie-porady.pl\\\/sklep\\\/index.php\\\/produkt\\\/socjalizacja-kota-z-dzieckiem-poradnik\\\/\",\"name\":\"ebook: Socjalizacja kota z dzieckiem - Sklep dla kocich opiekun\u00f3w\",\"isPartOf\":{\"@id\":\"https:\\\/\\\/kocie-porady.pl\\\/sklep\\\/#website\"},\"primaryImageOfPage\":{\"@id\":\"https:\\\/\\\/kocie-porady.pl\\\/sklep\\\/index.php\\\/produkt\\\/socjalizacja-kota-z-dzieckiem-poradnik\\\/#primaryimage\"},\"image\":{\"@id\":\"https:\\\/\\\/kocie-porady.pl\\\/sklep\\\/index.php\\\/produkt\\\/socjalizacja-kota-z-dzieckiem-poradnik\\\/#primaryimage\"},\"thumbnailUrl\":\"https:\\\/\\\/kocie-porady.pl\\\/sklep\\\/wp-content\\\/uploads\\\/2021\\\/05\\\/Kot-z-dzieckiem.png\",\"datePublished\":\"2021-05-08T16:44:45+00:00\",\"dateModified\":\"2026-05-02T21:35:09+00:00\",\"description\":\"Socjalizacja kota z dzieckiem - czyli jak zapozna\u0107 kota domowego z ludzkim dzieckiem, jak poprawnie przeprowadzi\u0107 zapoznanie.\",\"breadcrumb\":{\"@id\":\"https:\\\/\\\/kocie-porady.pl\\\/sklep\\\/index.php\\\/produkt\\\/socjalizacja-kota-z-dzieckiem-poradnik\\\/#breadcrumb\"},\"inLanguage\":\"pl-PL\",\"potentialAction\":[{\"@type\":\"ReadAction\",\"target\":[\"https:\\\/\\\/kocie-porady.pl\\\/sklep\\\/index.php\\\/produkt\\\/socjalizacja-kota-z-dzieckiem-poradnik\\\/\"]}]},{\"@type\":\"ImageObject\",\"inLanguage\":\"pl-PL\",\"@id\":\"https:\\\/\\\/kocie-porady.pl\\\/sklep\\\/index.php\\\/produkt\\\/socjalizacja-kota-z-dzieckiem-poradnik\\\/#primaryimage\",\"url\":\"https:\\\/\\\/kocie-porady.pl\\\/sklep\\\/wp-content\\\/uploads\\\/2021\\\/05\\\/Kot-z-dzieckiem.png\",\"contentUrl\":\"https:\\\/\\\/kocie-porady.pl\\\/sklep\\\/wp-content\\\/uploads\\\/2021\\\/05\\\/Kot-z-dzieckiem.png\",\"width\":800,\"height\":800,\"caption\":\"Kot z dzieckiem\"},{\"@type\":\"BreadcrumbList\",\"@id\":\"https:\\\/\\\/kocie-porady.pl\\\/sklep\\\/index.php\\\/produkt\\\/socjalizacja-kota-z-dzieckiem-poradnik\\\/#breadcrumb\",\"itemListElement\":[{\"@type\":\"ListItem\",\"position\":1,\"name\":\"Strona g\u0142\u00f3wna\",\"item\":\"https:\\\/\\\/kocie-porady.pl\\\/sklep\\\/\"},{\"@type\":\"ListItem\",\"position\":2,\"name\":\"Sklep\",\"item\":\"https:\\\/\\\/kocie-porady.pl\\\/sklep\\\/index.php\\\/sklep\\\/\"},{\"@type\":\"ListItem\",\"position\":3,\"name\":\"ebook: Socjalizacja kota z dzieckiem\"}]},{\"@type\":\"WebSite\",\"@id\":\"https:\\\/\\\/kocie-porady.pl\\\/sklep\\\/#website\",\"url\":\"https:\\\/\\\/kocie-porady.pl\\\/sklep\\\/\",\"name\":\"Sklep dla kocich opiekun\u00f3w\",\"description\":\"\",\"publisher\":{\"@id\":\"https:\\\/\\\/kocie-porady.pl\\\/sklep\\\/#\\\/schema\\\/person\\\/3585b25f6c41a8448e9e088f50954cf4\"},\"potentialAction\":[{\"@type\":\"SearchAction\",\"target\":{\"@type\":\"EntryPoint\",\"urlTemplate\":\"https:\\\/\\\/kocie-porady.pl\\\/sklep\\\/?s={search_term_string}\"},\"query-input\":{\"@type\":\"PropertyValueSpecification\",\"valueRequired\":true,\"valueName\":\"search_term_string\"}}],\"inLanguage\":\"pl-PL\"},{\"@type\":[\"Person\",\"Organization\"],\"@id\":\"https:\\\/\\\/kocie-porady.pl\\\/sklep\\\/#\\\/schema\\\/person\\\/3585b25f6c41a8448e9e088f50954cf4\",\"name\":\"admin\",\"image\":{\"@type\":\"ImageObject\",\"inLanguage\":\"pl-PL\",\"@id\":\"https:\\\/\\\/kocie-porady.pl\\\/sklep\\\/wp-content\\\/uploads\\\/2026\\\/04\\\/koci-behawioryzm-500-x-200-px-2.png\",\"url\":\"https:\\\/\\\/kocie-porady.pl\\\/sklep\\\/wp-content\\\/uploads\\\/2026\\\/04\\\/koci-behawioryzm-500-x-200-px-2.png\",\"contentUrl\":\"https:\\\/\\\/kocie-porady.pl\\\/sklep\\\/wp-content\\\/uploads\\\/2026\\\/04\\\/koci-behawioryzm-500-x-200-px-2.png\",\"width\":200,\"height\":100,\"caption\":\"admin\"},\"logo\":{\"@id\":\"https:\\\/\\\/kocie-porady.pl\\\/sklep\\\/wp-content\\\/uploads\\\/2026\\\/04\\\/koci-behawioryzm-500-x-200-px-2.png\"},\"sameAs\":[\"https:\\\/\\\/kocie-porady.pl\\\/sklep\"]}]}<\/script>\n<!-- \/ Yoast SEO plugin. -->","yoast_head_json":{"title":"ebook: Socjalizacja kota z dzieckiem - Sklep dla kocich opiekun\u00f3w","description":"Socjalizacja kota z dzieckiem - czyli jak zapozna\u0107 kota domowego z ludzkim dzieckiem, jak poprawnie przeprowadzi\u0107 zapoznanie.","robots":{"index":"index","follow":"follow","max-snippet":"max-snippet:-1","max-image-preview":"max-image-preview:large","max-video-preview":"max-video-preview:-1"},"canonical":"https:\/\/kocie-porady.pl\/sklep\/index.php\/produkt\/socjalizacja-kota-z-dzieckiem-poradnik\/","og_locale":"pl_PL","og_type":"article","og_title":"ebook: Socjalizacja kota z dzieckiem - Sklep dla kocich opiekun\u00f3w","og_description":"Socjalizacja kota z dzieckiem - czyli jak zapozna\u0107 kota domowego z ludzkim dzieckiem, jak poprawnie przeprowadzi\u0107 zapoznanie.","og_url":"https:\/\/kocie-porady.pl\/sklep\/index.php\/produkt\/socjalizacja-kota-z-dzieckiem-poradnik\/","og_site_name":"Sklep dla kocich opiekun\u00f3w","article_modified_time":"2026-05-02T21:35:09+00:00","og_image":[{"width":800,"height":800,"url":"https:\/\/kocie-porady.pl\/sklep\/wp-content\/uploads\/2021\/05\/Kot-z-dzieckiem.png","type":"image\/png"}],"twitter_card":"summary_large_image","twitter_misc":{"Szacowany czas czytania":"2 minuty"},"schema":{"@context":"https:\/\/schema.org","@graph":[{"@type":"WebPage","@id":"https:\/\/kocie-porady.pl\/sklep\/index.php\/produkt\/socjalizacja-kota-z-dzieckiem-poradnik\/","url":"https:\/\/kocie-porady.pl\/sklep\/index.php\/produkt\/socjalizacja-kota-z-dzieckiem-poradnik\/","name":"ebook: Socjalizacja kota z dzieckiem - Sklep dla kocich opiekun\u00f3w","isPartOf":{"@id":"https:\/\/kocie-porady.pl\/sklep\/#website"},"primaryImageOfPage":{"@id":"https:\/\/kocie-porady.pl\/sklep\/index.php\/produkt\/socjalizacja-kota-z-dzieckiem-poradnik\/#primaryimage"},"image":{"@id":"https:\/\/kocie-porady.pl\/sklep\/index.php\/produkt\/socjalizacja-kota-z-dzieckiem-poradnik\/#primaryimage"},"thumbnailUrl":"https:\/\/kocie-porady.pl\/sklep\/wp-content\/uploads\/2021\/05\/Kot-z-dzieckiem.png","datePublished":"2021-05-08T16:44:45+00:00","dateModified":"2026-05-02T21:35:09+00:00","description":"Socjalizacja kota z dzieckiem - czyli jak zapozna\u0107 kota domowego z ludzkim dzieckiem, jak poprawnie przeprowadzi\u0107 zapoznanie.","breadcrumb":{"@id":"https:\/\/kocie-porady.pl\/sklep\/index.php\/produkt\/socjalizacja-kota-z-dzieckiem-poradnik\/#breadcrumb"},"inLanguage":"pl-PL","potentialAction":[{"@type":"ReadAction","target":["https:\/\/kocie-porady.pl\/sklep\/index.php\/produkt\/socjalizacja-kota-z-dzieckiem-poradnik\/"]}]},{"@type":"ImageObject","inLanguage":"pl-PL","@id":"https:\/\/kocie-porady.pl\/sklep\/index.php\/produkt\/socjalizacja-kota-z-dzieckiem-poradnik\/#primaryimage","url":"https:\/\/kocie-porady.pl\/sklep\/wp-content\/uploads\/2021\/05\/Kot-z-dzieckiem.png","contentUrl":"https:\/\/kocie-porady.pl\/sklep\/wp-content\/uploads\/2021\/05\/Kot-z-dzieckiem.png","width":800,"height":800,"caption":"Kot z dzieckiem"},{"@type":"BreadcrumbList","@id":"https:\/\/kocie-porady.pl\/sklep\/index.php\/produkt\/socjalizacja-kota-z-dzieckiem-poradnik\/#breadcrumb","itemListElement":[{"@type":"ListItem","position":1,"name":"Strona g\u0142\u00f3wna","item":"https:\/\/kocie-porady.pl\/sklep\/"},{"@type":"ListItem","position":2,"name":"Sklep","item":"https:\/\/kocie-porady.pl\/sklep\/index.php\/sklep\/"},{"@type":"ListItem","position":3,"name":"ebook: Socjalizacja kota z dzieckiem"}]},{"@type":"WebSite","@id":"https:\/\/kocie-porady.pl\/sklep\/#website","url":"https:\/\/kocie-porady.pl\/sklep\/","name":"Sklep dla kocich opiekun\u00f3w","description":"","publisher":{"@id":"https:\/\/kocie-porady.pl\/sklep\/#\/schema\/person\/3585b25f6c41a8448e9e088f50954cf4"},"potentialAction":[{"@type":"SearchAction","target":{"@type":"EntryPoint","urlTemplate":"https:\/\/kocie-porady.pl\/sklep\/?s={search_term_string}"},"query-input":{"@type":"PropertyValueSpecification","valueRequired":true,"valueName":"search_term_string"}}],"inLanguage":"pl-PL"},{"@type":["Person","Organization"],"@id":"https:\/\/kocie-porady.pl\/sklep\/#\/schema\/person\/3585b25f6c41a8448e9e088f50954cf4","name":"admin","image":{"@type":"ImageObject","inLanguage":"pl-PL","@id":"https:\/\/kocie-porady.pl\/sklep\/wp-content\/uploads\/2026\/04\/koci-behawioryzm-500-x-200-px-2.png","url":"https:\/\/kocie-porady.pl\/sklep\/wp-content\/uploads\/2026\/04\/koci-behawioryzm-500-x-200-px-2.png","contentUrl":"https:\/\/kocie-porady.pl\/sklep\/wp-content\/uploads\/2026\/04\/koci-behawioryzm-500-x-200-px-2.png","width":200,"height":100,"caption":"admin"},"logo":{"@id":"https:\/\/kocie-porady.pl\/sklep\/wp-content\/uploads\/2026\/04\/koci-behawioryzm-500-x-200-px-2.png"},"sameAs":["https:\/\/kocie-porady.pl\/sklep"]}]}},"jetpack_sharing_enabled":true,"_links":{"self":[{"href":"https:\/\/kocie-porady.pl\/sklep\/index.php\/wp-json\/wp\/v2\/product\/6207","targetHints":{"allow":["GET"]}}],"collection":[{"href":"https:\/\/kocie-porady.pl\/sklep\/index.php\/wp-json\/wp\/v2\/product"}],"about":[{"href":"https:\/\/kocie-porady.pl\/sklep\/index.php\/wp-json\/wp\/v2\/types\/product"}],"replies":[{"embeddable":true,"href":"https:\/\/kocie-porady.pl\/sklep\/index.php\/wp-json\/wp\/v2\/comments?post=6207"}],"wp:featuredmedia":[{"embeddable":true,"href":"https:\/\/kocie-porady.pl\/sklep\/index.php\/wp-json\/wp\/v2\/media\/7526"}],"wp:attachment":[{"href":"https:\/\/kocie-porady.pl\/sklep\/index.php\/wp-json\/wp\/v2\/media?parent=6207"}],"wp:term":[{"taxonomy":"product_brand","embeddable":true,"href":"https:\/\/kocie-porady.pl\/sklep\/index.php\/wp-json\/wp\/v2\/product_brand?post=6207"},{"taxonomy":"product_cat","embeddable":true,"href":"https:\/\/kocie-porady.pl\/sklep\/index.php\/wp-json\/wp\/v2\/product_cat?post=6207"},{"taxonomy":"product_tag","embeddable":true,"href":"https:\/\/kocie-porady.pl\/sklep\/index.php\/wp-json\/wp\/v2\/product_tag?post=6207"}],"curies":[{"name":"wp","href":"https:\/\/api.w.org\/{rel}","templated":true}]}}