{"id":6193,"date":"2021-05-08T16:32:22","date_gmt":"2021-05-08T16:32:22","guid":{"rendered":"https:\/\/kocie-porady.pl\/sklep\/?post_type=product&#038;p=6193"},"modified":"2025-03-23T09:29:05","modified_gmt":"2025-03-23T09:29:05","slug":"opieka-nad-kocieciem-poradnik","status":"publish","type":"product","link":"https:\/\/kocie-porady.pl\/sklep\/index.php\/produkt\/opieka-nad-kocieciem-poradnik\/","title":{"rendered":"ebook: Opieka nad koci\u0119ciem"},"content":{"rendered":"<p>Zastanawiasz si\u0119, jak najlepiej zadba\u0107 o swojego ma\u0142ego pupila? E-book <strong>&#8222;Jak zadba\u0107 o koci\u0119?&#8221;<\/strong> to kompleksowy przewodnik, kt\u00f3ry poprowadzi Ci\u0119 krok po kroku przez wszystkie etapy \u017cycia koci\u0119cia \u2013 od narodzin, przez socjalizacj\u0119, a\u017c po doros\u0142o\u015b\u0107. To idealna pozycja zar\u00f3wno dla \u015bwie\u017co upieczonych, jak i do\u015bwiadczonych opiekun\u00f3w.<\/p>\n<p>Znajdziesz tutaj praktyczne porady dostosowane do potrzeb koci\u0105t, kt\u00f3re:<\/p>\n<ul>\n<li>sp\u0119dzi\u0142y pierwsze miesi\u0105ce \u017cycia z matk\u0105 i rodze\u0144stwem,<\/li>\n<li>zosta\u0142y zbyt wcze\u015bnie od\u0142\u0105czone od miotu i wymagaj\u0105 szczeg\u00f3lnej opieki.<\/li>\n<\/ul>\n<p>Dowiesz si\u0119 m.in.:<\/p>\n<ul>\n<li>jakie s\u0105 kluczowe etapy rozwoju koci\u0105t i jak je wspiera\u0107,<\/li>\n<li>jak odpowiednio \u017cywi\u0107 koci\u0119ta, stawiaj\u0105c na karmy i preparaty przeznaczone dla mi\u0119so\u017cerc\u00f3w,<\/li>\n<li>jak budowa\u0107 bezpieczne i szcz\u0119\u015bliwe relacje z m\u0142odym kotem,<\/li>\n<li>jak radzi\u0107 sobie z trudno\u015bciami behawioralnymi u koci\u0105t,<\/li>\n<li>jak przygotowa\u0107 dom na nowego, futrzanego cz\u0142onka rodziny.<\/li>\n<\/ul>\n<p>Poradnik zosta\u0142 opracowany z my\u015bl\u0105 o dobrostanie koci\u0105t i opiera si\u0119 na najnowszej wiedzy z zakresu behawiorystyki oraz weterynarii. Autor szczeg\u00f3ln\u0105 uwag\u0119 po\u015bwi\u0119ca potrzebom m\u0142odych kot\u00f3w, aby mog\u0142y rozwija\u0107 si\u0119 zdrowo i szcz\u0119\u015bliwie w zgodzie z ich natur\u0105.<\/p>\n<p>Je\u015bli zale\u017cy Ci na harmonijnym wsp\u00f3\u0142\u017cyciu z koci\u0119ciem, to e-book jest w\u0142a\u015bnie dla Ciebie!<\/p>\n","protected":false},"excerpt":{"rendered":"<p>Zrozum potrzeby swojego koci\u0119cia i zapewnij mu najlepsz\u0105 opiek\u0119! Ten e-book to praktyczny przewodnik dla opiekun\u00f3w, kt\u00f3ry pomo\u017ce Ci wspiera\u0107 zdrowy rozw\u00f3j i dobrostan ma\u0142ego kota. Dowiesz si\u0119, jak prawid\u0142owo \u017cywi\u0107 koci\u0119ta (bez suchej karmy!), wspiera\u0107 ich socjalizacj\u0119, radzi\u0107 sobie z wyzwaniami behawioralnymi i przygotowa\u0107 dom na nowego pupila. Idealny zar\u00f3wno dla pocz\u0105tkuj\u0105cych, jak i do\u015bwiadczonych mi\u0142o\u015bnik\u00f3w kot\u00f3w.<\/p>\n","protected":false},"featured_media":7528,"comment_status":"open","ping_status":"closed","template":"","meta":[],"product_brand":[],"product_cat":[60],"product_tag":[64,351,62,352,349,350,63],"class_list":{"0":"post-6193","1":"product","2":"type-product","3":"status-publish","4":"has-post-thumbnail","6":"product_cat-ebooki","7":"product_tag-ebook","8":"product_tag-ebook-o-kocietach","9":"product_tag-kocie-porady","10":"product_tag-kocieta-i-wiedza-o-nich","11":"product_tag-opieka-nad-kocieciem","12":"product_tag-opieka-nad-mlodym-kotem","13":"product_tag-porady-kocie","15":"first","16":"instock","17":"taxable","18":"shipping-taxable","19":"purchasable","20":"product-type-variable"},"yoast_head":"<!-- This site is optimized with the Yoast SEO plugin v27.4 - https:\/\/yoast.com\/product\/yoast-seo-wordpress\/ -->\n<title>ebook: Opieka nad koci\u0119ciem - Sklep dla kocich opiekun\u00f3w<\/title>\n<meta name=\"robots\" content=\"index, follow, max-snippet:-1, max-image-preview:large, max-video-preview:-1\" \/>\n<link rel=\"canonical\" href=\"https:\/\/kocie-porady.pl\/sklep\/index.php\/produkt\/opieka-nad-kocieciem-poradnik\/\" \/>\n<meta property=\"og:locale\" content=\"pl_PL\" \/>\n<meta property=\"og:type\" content=\"article\" \/>\n<meta property=\"og:title\" content=\"ebook: Opieka nad koci\u0119ciem - Sklep dla kocich opiekun\u00f3w\" \/>\n<meta property=\"og:description\" content=\"Zrozum potrzeby swojego koci\u0119cia i zapewnij mu najlepsz\u0105 opiek\u0119! Ten e-book to praktyczny przewodnik dla opiekun\u00f3w, kt\u00f3ry pomo\u017ce Ci wspiera\u0107 zdrowy rozw\u00f3j i dobrostan ma\u0142ego kota. Dowiesz si\u0119, jak prawid\u0142owo \u017cywi\u0107 koci\u0119ta (bez suchej karmy!), wspiera\u0107 ich socjalizacj\u0119, radzi\u0107 sobie z wyzwaniami behawioralnymi i przygotowa\u0107 dom na nowego pupila. Idealny zar\u00f3wno dla pocz\u0105tkuj\u0105cych, jak i do\u015bwiadczonych mi\u0142o\u015bnik\u00f3w kot\u00f3w.\" \/>\n<meta property=\"og:url\" content=\"https:\/\/kocie-porady.pl\/sklep\/index.php\/produkt\/opieka-nad-kocieciem-poradnik\/\" \/>\n<meta property=\"og:site_name\" content=\"Sklep dla kocich opiekun\u00f3w\" \/>\n<meta property=\"article:modified_time\" content=\"2025-03-23T09:29:05+00:00\" \/>\n<meta property=\"og:image\" content=\"https:\/\/kocie-porady.pl\/sklep\/wp-content\/uploads\/2021\/05\/Opieka-nad-kocieciem.png\" \/>\n\t<meta property=\"og:image:width\" content=\"800\" \/>\n\t<meta property=\"og:image:height\" content=\"800\" \/>\n\t<meta property=\"og:image:type\" content=\"image\/png\" \/>\n<meta name=\"twitter:card\" content=\"summary_large_image\" \/>\n<meta name=\"twitter:label1\" content=\"Szacowany czas czytania\" \/>\n\t<meta name=\"twitter:data1\" content=\"2 minuty\" \/>\n<script type=\"application\/ld+json\" class=\"yoast-schema-graph\">{\"@context\":\"https:\\\/\\\/schema.org\",\"@graph\":[{\"@type\":\"WebPage\",\"@id\":\"https:\\\/\\\/kocie-porady.pl\\\/sklep\\\/index.php\\\/produkt\\\/opieka-nad-kocieciem-poradnik\\\/\",\"url\":\"https:\\\/\\\/kocie-porady.pl\\\/sklep\\\/index.php\\\/produkt\\\/opieka-nad-kocieciem-poradnik\\\/\",\"name\":\"ebook: Opieka nad koci\u0119ciem - Sklep dla kocich opiekun\u00f3w\",\"isPartOf\":{\"@id\":\"https:\\\/\\\/kocie-porady.pl\\\/sklep\\\/#website\"},\"primaryImageOfPage\":{\"@id\":\"https:\\\/\\\/kocie-porady.pl\\\/sklep\\\/index.php\\\/produkt\\\/opieka-nad-kocieciem-poradnik\\\/#primaryimage\"},\"image\":{\"@id\":\"https:\\\/\\\/kocie-porady.pl\\\/sklep\\\/index.php\\\/produkt\\\/opieka-nad-kocieciem-poradnik\\\/#primaryimage\"},\"thumbnailUrl\":\"https:\\\/\\\/kocie-porady.pl\\\/sklep\\\/wp-content\\\/uploads\\\/2021\\\/05\\\/Opieka-nad-kocieciem.png\",\"datePublished\":\"2021-05-08T16:32:22+00:00\",\"dateModified\":\"2025-03-23T09:29:05+00:00\",\"breadcrumb\":{\"@id\":\"https:\\\/\\\/kocie-porady.pl\\\/sklep\\\/index.php\\\/produkt\\\/opieka-nad-kocieciem-poradnik\\\/#breadcrumb\"},\"inLanguage\":\"pl-PL\",\"potentialAction\":[{\"@type\":\"ReadAction\",\"target\":[\"https:\\\/\\\/kocie-porady.pl\\\/sklep\\\/index.php\\\/produkt\\\/opieka-nad-kocieciem-poradnik\\\/\"]}]},{\"@type\":\"ImageObject\",\"inLanguage\":\"pl-PL\",\"@id\":\"https:\\\/\\\/kocie-porady.pl\\\/sklep\\\/index.php\\\/produkt\\\/opieka-nad-kocieciem-poradnik\\\/#primaryimage\",\"url\":\"https:\\\/\\\/kocie-porady.pl\\\/sklep\\\/wp-content\\\/uploads\\\/2021\\\/05\\\/Opieka-nad-kocieciem.png\",\"contentUrl\":\"https:\\\/\\\/kocie-porady.pl\\\/sklep\\\/wp-content\\\/uploads\\\/2021\\\/05\\\/Opieka-nad-kocieciem.png\",\"width\":800,\"height\":800,\"caption\":\"Opieka nad koci\u0119ciem\"},{\"@type\":\"BreadcrumbList\",\"@id\":\"https:\\\/\\\/kocie-porady.pl\\\/sklep\\\/index.php\\\/produkt\\\/opieka-nad-kocieciem-poradnik\\\/#breadcrumb\",\"itemListElement\":[{\"@type\":\"ListItem\",\"position\":1,\"name\":\"Strona g\u0142\u00f3wna\",\"item\":\"https:\\\/\\\/kocie-porady.pl\\\/sklep\\\/\"},{\"@type\":\"ListItem\",\"position\":2,\"name\":\"Sklep\",\"item\":\"https:\\\/\\\/kocie-porady.pl\\\/sklep\\\/index.php\\\/sklep\\\/\"},{\"@type\":\"ListItem\",\"position\":3,\"name\":\"ebook: Opieka nad koci\u0119ciem\"}]},{\"@type\":\"WebSite\",\"@id\":\"https:\\\/\\\/kocie-porady.pl\\\/sklep\\\/#website\",\"url\":\"https:\\\/\\\/kocie-porady.pl\\\/sklep\\\/\",\"name\":\"Sklep dla kocich opiekun\u00f3w\",\"description\":\"\",\"publisher\":{\"@id\":\"https:\\\/\\\/kocie-porady.pl\\\/sklep\\\/#\\\/schema\\\/person\\\/3585b25f6c41a8448e9e088f50954cf4\"},\"potentialAction\":[{\"@type\":\"SearchAction\",\"target\":{\"@type\":\"EntryPoint\",\"urlTemplate\":\"https:\\\/\\\/kocie-porady.pl\\\/sklep\\\/?s={search_term_string}\"},\"query-input\":{\"@type\":\"PropertyValueSpecification\",\"valueRequired\":true,\"valueName\":\"search_term_string\"}}],\"inLanguage\":\"pl-PL\"},{\"@type\":[\"Person\",\"Organization\"],\"@id\":\"https:\\\/\\\/kocie-porady.pl\\\/sklep\\\/#\\\/schema\\\/person\\\/3585b25f6c41a8448e9e088f50954cf4\",\"name\":\"admin\",\"image\":{\"@type\":\"ImageObject\",\"inLanguage\":\"pl-PL\",\"@id\":\"https:\\\/\\\/kocie-porady.pl\\\/sklep\\\/wp-content\\\/uploads\\\/2026\\\/04\\\/koci-behawioryzm-500-x-200-px-2.png\",\"url\":\"https:\\\/\\\/kocie-porady.pl\\\/sklep\\\/wp-content\\\/uploads\\\/2026\\\/04\\\/koci-behawioryzm-500-x-200-px-2.png\",\"contentUrl\":\"https:\\\/\\\/kocie-porady.pl\\\/sklep\\\/wp-content\\\/uploads\\\/2026\\\/04\\\/koci-behawioryzm-500-x-200-px-2.png\",\"width\":200,\"height\":100,\"caption\":\"admin\"},\"logo\":{\"@id\":\"https:\\\/\\\/kocie-porady.pl\\\/sklep\\\/wp-content\\\/uploads\\\/2026\\\/04\\\/koci-behawioryzm-500-x-200-px-2.png\"},\"sameAs\":[\"https:\\\/\\\/kocie-porady.pl\\\/sklep\"]}]}<\/script>\n<!-- \/ Yoast SEO plugin. -->","yoast_head_json":{"title":"ebook: Opieka nad koci\u0119ciem - Sklep dla kocich opiekun\u00f3w","robots":{"index":"index","follow":"follow","max-snippet":"max-snippet:-1","max-image-preview":"max-image-preview:large","max-video-preview":"max-video-preview:-1"},"canonical":"https:\/\/kocie-porady.pl\/sklep\/index.php\/produkt\/opieka-nad-kocieciem-poradnik\/","og_locale":"pl_PL","og_type":"article","og_title":"ebook: Opieka nad koci\u0119ciem - Sklep dla kocich opiekun\u00f3w","og_description":"Zrozum potrzeby swojego koci\u0119cia i zapewnij mu najlepsz\u0105 opiek\u0119! Ten e-book to praktyczny przewodnik dla opiekun\u00f3w, kt\u00f3ry pomo\u017ce Ci wspiera\u0107 zdrowy rozw\u00f3j i dobrostan ma\u0142ego kota. Dowiesz si\u0119, jak prawid\u0142owo \u017cywi\u0107 koci\u0119ta (bez suchej karmy!), wspiera\u0107 ich socjalizacj\u0119, radzi\u0107 sobie z wyzwaniami behawioralnymi i przygotowa\u0107 dom na nowego pupila. Idealny zar\u00f3wno dla pocz\u0105tkuj\u0105cych, jak i do\u015bwiadczonych mi\u0142o\u015bnik\u00f3w kot\u00f3w.","og_url":"https:\/\/kocie-porady.pl\/sklep\/index.php\/produkt\/opieka-nad-kocieciem-poradnik\/","og_site_name":"Sklep dla kocich opiekun\u00f3w","article_modified_time":"2025-03-23T09:29:05+00:00","og_image":[{"width":800,"height":800,"url":"https:\/\/kocie-porady.pl\/sklep\/wp-content\/uploads\/2021\/05\/Opieka-nad-kocieciem.png","type":"image\/png"}],"twitter_card":"summary_large_image","twitter_misc":{"Szacowany czas czytania":"2 minuty"},"schema":{"@context":"https:\/\/schema.org","@graph":[{"@type":"WebPage","@id":"https:\/\/kocie-porady.pl\/sklep\/index.php\/produkt\/opieka-nad-kocieciem-poradnik\/","url":"https:\/\/kocie-porady.pl\/sklep\/index.php\/produkt\/opieka-nad-kocieciem-poradnik\/","name":"ebook: Opieka nad koci\u0119ciem - Sklep dla kocich opiekun\u00f3w","isPartOf":{"@id":"https:\/\/kocie-porady.pl\/sklep\/#website"},"primaryImageOfPage":{"@id":"https:\/\/kocie-porady.pl\/sklep\/index.php\/produkt\/opieka-nad-kocieciem-poradnik\/#primaryimage"},"image":{"@id":"https:\/\/kocie-porady.pl\/sklep\/index.php\/produkt\/opieka-nad-kocieciem-poradnik\/#primaryimage"},"thumbnailUrl":"https:\/\/kocie-porady.pl\/sklep\/wp-content\/uploads\/2021\/05\/Opieka-nad-kocieciem.png","datePublished":"2021-05-08T16:32:22+00:00","dateModified":"2025-03-23T09:29:05+00:00","breadcrumb":{"@id":"https:\/\/kocie-porady.pl\/sklep\/index.php\/produkt\/opieka-nad-kocieciem-poradnik\/#breadcrumb"},"inLanguage":"pl-PL","potentialAction":[{"@type":"ReadAction","target":["https:\/\/kocie-porady.pl\/sklep\/index.php\/produkt\/opieka-nad-kocieciem-poradnik\/"]}]},{"@type":"ImageObject","inLanguage":"pl-PL","@id":"https:\/\/kocie-porady.pl\/sklep\/index.php\/produkt\/opieka-nad-kocieciem-poradnik\/#primaryimage","url":"https:\/\/kocie-porady.pl\/sklep\/wp-content\/uploads\/2021\/05\/Opieka-nad-kocieciem.png","contentUrl":"https:\/\/kocie-porady.pl\/sklep\/wp-content\/uploads\/2021\/05\/Opieka-nad-kocieciem.png","width":800,"height":800,"caption":"Opieka nad koci\u0119ciem"},{"@type":"BreadcrumbList","@id":"https:\/\/kocie-porady.pl\/sklep\/index.php\/produkt\/opieka-nad-kocieciem-poradnik\/#breadcrumb","itemListElement":[{"@type":"ListItem","position":1,"name":"Strona g\u0142\u00f3wna","item":"https:\/\/kocie-porady.pl\/sklep\/"},{"@type":"ListItem","position":2,"name":"Sklep","item":"https:\/\/kocie-porady.pl\/sklep\/index.php\/sklep\/"},{"@type":"ListItem","position":3,"name":"ebook: Opieka nad koci\u0119ciem"}]},{"@type":"WebSite","@id":"https:\/\/kocie-porady.pl\/sklep\/#website","url":"https:\/\/kocie-porady.pl\/sklep\/","name":"Sklep dla kocich opiekun\u00f3w","description":"","publisher":{"@id":"https:\/\/kocie-porady.pl\/sklep\/#\/schema\/person\/3585b25f6c41a8448e9e088f50954cf4"},"potentialAction":[{"@type":"SearchAction","target":{"@type":"EntryPoint","urlTemplate":"https:\/\/kocie-porady.pl\/sklep\/?s={search_term_string}"},"query-input":{"@type":"PropertyValueSpecification","valueRequired":true,"valueName":"search_term_string"}}],"inLanguage":"pl-PL"},{"@type":["Person","Organization"],"@id":"https:\/\/kocie-porady.pl\/sklep\/#\/schema\/person\/3585b25f6c41a8448e9e088f50954cf4","name":"admin","image":{"@type":"ImageObject","inLanguage":"pl-PL","@id":"https:\/\/kocie-porady.pl\/sklep\/wp-content\/uploads\/2026\/04\/koci-behawioryzm-500-x-200-px-2.png","url":"https:\/\/kocie-porady.pl\/sklep\/wp-content\/uploads\/2026\/04\/koci-behawioryzm-500-x-200-px-2.png","contentUrl":"https:\/\/kocie-porady.pl\/sklep\/wp-content\/uploads\/2026\/04\/koci-behawioryzm-500-x-200-px-2.png","width":200,"height":100,"caption":"admin"},"logo":{"@id":"https:\/\/kocie-porady.pl\/sklep\/wp-content\/uploads\/2026\/04\/koci-behawioryzm-500-x-200-px-2.png"},"sameAs":["https:\/\/kocie-porady.pl\/sklep"]}]}},"jetpack_sharing_enabled":true,"_links":{"self":[{"href":"https:\/\/kocie-porady.pl\/sklep\/index.php\/wp-json\/wp\/v2\/product\/6193","targetHints":{"allow":["GET"]}}],"collection":[{"href":"https:\/\/kocie-porady.pl\/sklep\/index.php\/wp-json\/wp\/v2\/product"}],"about":[{"href":"https:\/\/kocie-porady.pl\/sklep\/index.php\/wp-json\/wp\/v2\/types\/product"}],"replies":[{"embeddable":true,"href":"https:\/\/kocie-porady.pl\/sklep\/index.php\/wp-json\/wp\/v2\/comments?post=6193"}],"wp:featuredmedia":[{"embeddable":true,"href":"https:\/\/kocie-porady.pl\/sklep\/index.php\/wp-json\/wp\/v2\/media\/7528"}],"wp:attachment":[{"href":"https:\/\/kocie-porady.pl\/sklep\/index.php\/wp-json\/wp\/v2\/media?parent=6193"}],"wp:term":[{"taxonomy":"product_brand","embeddable":true,"href":"https:\/\/kocie-porady.pl\/sklep\/index.php\/wp-json\/wp\/v2\/product_brand?post=6193"},{"taxonomy":"product_cat","embeddable":true,"href":"https:\/\/kocie-porady.pl\/sklep\/index.php\/wp-json\/wp\/v2\/product_cat?post=6193"},{"taxonomy":"product_tag","embeddable":true,"href":"https:\/\/kocie-porady.pl\/sklep\/index.php\/wp-json\/wp\/v2\/product_tag?post=6193"}],"curies":[{"name":"wp","href":"https:\/\/api.w.org\/{rel}","templated":true}]}}