{"id":6174,"date":"2021-05-08T16:09:52","date_gmt":"2021-05-08T16:09:52","guid":{"rendered":"https:\/\/kocie-porady.pl\/sklep\/?post_type=product&#038;p=6174"},"modified":"2021-07-16T12:26:05","modified_gmt":"2021-07-16T12:26:05","slug":"kot-zen-podrecznik","status":"publish","type":"product","link":"https:\/\/kocie-porady.pl\/sklep\/index.php\/produkt\/kot-zen-podrecznik\/","title":{"rendered":"Kot ZEN &#8211; podr\u0119cznik"},"content":{"rendered":"<p><span style=\"font-weight: 200;\">Jeszcze do nie tak dawna traktowano kota, jako istot\u0119 u\u017cytkow\u0105, kt\u00f3rej g\u0142\u00f3wnym zadaniem by\u0142o \u0142apanie myszy i chronienie ludzkich siedzib od niechcianych intruz\u00f3w. Jeszcze chwil\u0119 temu twierdzono, \u017ce kot mo\u017ce wyssa\u0107 dusz\u0119 dziecka, a w nocy przegry\u017a\u0107 krta\u0144 \u015bpi\u0105cemu niemowlakowi. Uwa\u017cano, \u017ce czarny kot przynosi potencjalnie pecha (bo ma konszachty z diab\u0142em), wi\u0119c szybko i zdecydowanie skazywano takie osobniki na brutaln\u0105 \u015bmier\u0107. Jednak (na szcz\u0119\u015bcie dla kot\u00f3w) pogl\u0105dy si\u0119 zmieni\u0142y. Cz\u0142owiek powoli zacz\u0105\u0142 poznawa\u0107 i rozwija\u0107 swoj\u0105 wiedz\u0119 o istotach, z kt\u00f3rymi dzieli ten \u015bwiat. Znacz\u0105co wzros\u0142a \u015bwiadomo\u015b\u0107 na temat zachowania, \u017cywienia oraz wp\u0142ywu kota domowego na \u015brodowisko naturalne. Ludzie w ko\u0144cu zacz\u0119li traktowa\u0107 swojego zwierz\u0119cego towarzysza jako podmiot, a nie przedmiot. Dostrzegaj\u0105 i ucz\u0105 si\u0119, \u017ce mog\u0105 z nim \u017cy\u0107, szanuj\u0105c jego potrzeby \u2013 w pe\u0142nym zrozumieniu i harmonii.\u00a0<\/span><\/p>\n<p><span style=\"font-weight: 200;\">Co mo\u017cemy zrobi\u0107, by funkcjonowa\u0107 z naszymi podopiecznymi w zrozumieniu i harmonii? Czy mo\u017cemy pogodzi\u0107 potrzeby cz\u0142owieka z potrzebami kota i wypracowa\u0107 pewien kompromis? Czy kocia natura to dziko\u015b\u0107, kt\u00f3r\u0105 trzeba poskramia\u0107? Gdzie szuka\u0107 sprawdzonej wiedzy na temat lepszego zrozumienia potrzeb tych zwierz\u0105t? Czy kot mo\u017ce wsp\u00f3\u0142istnie\u0107 z cz\u0142owiekiem, jako domownik i cz\u0142onek rodziny? Te oraz wiele innych pyta\u0144, kt\u00f3re od dawna gdzie\u015b g\u0142\u0119boko k\u0142\u0119bi\u0105 si\u0119 w naszych umys\u0142ach b\u0119d\u0105 przedmiotem powy\u017cszej ksi\u0105\u017cki.<\/span><\/p>\n<p><span style=\"font-weight: 200;\">Spis rozdzia\u0142\u00f3w:\u00a0<\/span><\/p>\n<p><span style=\"font-weight: 200;\">Cz\u0119\u015b\u0107 pierwsza &#8211; kocie i ludzkie potrzeby i ich zaspokajanie w domu <\/span><span style=\"font-weight: 200;\">ludzkie potrzeby wzgl\u0119dem kota, om\u00f3wione z ludzkim psychologiem <\/span><span style=\"font-weight: 200;\">ludzka interakcja z kotem okiem psychologa ludzkiego,<\/span><\/p>\n<ul>\n<li style=\"font-weight: 200;\" aria-level=\"1\"><span style=\"font-weight: 200;\">potrzeba aktywno\u015bci fizycznych,\u00a0<\/span><\/li>\n<li style=\"font-weight: 200;\" aria-level=\"1\"><span style=\"font-weight: 200;\">potrzeba aktywno\u015bci psychicznych,<\/span><\/li>\n<li style=\"font-weight: 200;\" aria-level=\"1\"><span style=\"font-weight: 200;\">potrzeba treningu psychicznego,<\/span><\/li>\n<li style=\"font-weight: 200;\" aria-level=\"1\"><span style=\"font-weight: 200;\">potrzeba przestrzeni wielowymiarowych,<\/span><\/li>\n<li style=\"font-weight: 200;\" aria-level=\"1\"><span style=\"font-weight: 200;\">potrzeba kontaktu socjalno-spo\u0142ecznego,<\/span><\/li>\n<li style=\"font-weight: 200;\" aria-level=\"1\"><span style=\"font-weight: 200;\">potrzeba odpowiedniego \u017cywienia,<\/span><\/li>\n<\/ul>\n<p><span style=\"font-weight: 200;\">Cz\u0119\u015b\u0107 druga &#8211; najcz\u0119stsze problemy behawioralne w domu i om\u00f3wienie wybranych przypadk\u00f3w:<\/span><\/p>\n<ul>\n<li style=\"font-weight: 200;\" aria-level=\"1\"><span style=\"font-weight: 200;\">zachowania zwi\u0105zane z agresj\u0105, biern\u0105 i czynn\u0105,<\/span><\/li>\n<li style=\"font-weight: 200;\" aria-level=\"1\"><span style=\"font-weight: 200;\">zaburzenia zwi\u0105zane z brudzeniem, mocz i ka\u0142,<\/span><\/li>\n<li style=\"font-weight: 200;\" aria-level=\"1\"><span style=\"font-weight: 200;\">zaburzenia zwi\u0105zane z chorobami fizycznymi,<\/span><\/li>\n<li style=\"font-weight: 200;\" aria-level=\"1\"><span style=\"font-weight: 200;\">zaburzenia neurologiczne,<\/span><\/li>\n<li style=\"font-weight: 200;\" aria-level=\"1\"><span style=\"font-weight: 200;\">zaburzenia socjalizacyjne (zbyt wczesne od\u0142\u0105czenie od matki i rodze\u0144stwa, brak zapoznania kot\u00f3w z otoczeniem),<\/span><\/li>\n<\/ul>\n<p><span style=\"font-weight: 200;\">Cz\u0119\u015b\u0107 trzecia &#8211; kot domowy a dzika przyroda, czy istnieje mo\u017cliwo\u015b\u0107 \u017cycia zen <\/span><span style=\"font-weight: 200;\">wp\u0142yw kota domowego na przyrod\u0119 dzik\u0105 &#8211; rozmowy z ornitologiem, teriologiem, oraz herpetologiem<\/span><\/p>\n<ul>\n<li style=\"font-weight: 200;\" aria-level=\"1\"><span style=\"font-weight: 200;\">udomowienie kota oraz jego konsekwencje (dla kota i dzikiej przyrody)\u00a0<\/span><\/li>\n<li style=\"font-weight: 200;\" aria-level=\"1\"><span style=\"font-weight: 200;\">wp\u0142yw kota domowego na ssaki,<\/span><\/li>\n<li style=\"font-weight: 200;\" aria-level=\"1\"><span style=\"font-weight: 200;\">wp\u0142yw kota domowego na ptaki,<\/span><\/li>\n<li style=\"font-weight: 200;\" aria-level=\"1\"><span style=\"font-weight: 200;\">wp\u0142yw kota domowego na p\u0142azy oraz gady,<\/span><\/li>\n<li style=\"font-weight: 200;\" aria-level=\"1\"><span style=\"font-weight: 200;\">kompromis pomi\u0119dzy kotem domowym a dzik\u0105 przyrod\u0105,<\/span><\/li>\n<\/ul>\n<p><span style=\"font-weight: 200;\">Cz\u0119\u015b\u0107 czwarta &#8211; relacja opiekuna z lekarzami weterynarii oraz potencja\u0142 wsp\u00f3\u0142pracy<\/span><\/p>\n<ul>\n<li style=\"font-weight: 200;\" aria-level=\"1\"><span style=\"font-weight: 200;\">Relacja opiekun zwierz\u0119cia z lekarzem weterynarii, wsp\u00f3\u0142praca zoopsychologa\/behawiorysty z lekarzem weterynarii &#8211; opinie lekarzy i jak wsp\u00f3\u0142pracowa\u0107?\u00a0<\/span><\/li>\n<li style=\"font-weight: 200;\" aria-level=\"1\"><span style=\"font-weight: 200;\">R\u00f3\u017cna skala, forma opieki nad kotem w skali wieku (zoopsycholog, lekarz weterynarii, fizjoterapeuta),<\/span><\/li>\n<\/ul>\n<p>&nbsp;<\/p>\n","protected":false},"excerpt":{"rendered":"<p>Ksi\u0105\u017cka jest w przedsprzeda\u017cy &#8211; dost\u0119pna dla klient\u00f3w od 1 sierpnia 2021.<\/p>\n","protected":false},"featured_media":6175,"comment_status":"open","ping_status":"closed","template":"","meta":[],"product_brand":[],"product_cat":[60],"product_tag":[],"class_list":{"0":"post-6174","1":"product","2":"type-product","3":"status-publish","4":"has-post-thumbnail","6":"product_cat-ebooki","8":"first","9":"instock","10":"taxable","11":"shipping-taxable","12":"purchasable","13":"product-type-variable"},"yoast_head":"<!-- This site is optimized with the Yoast SEO plugin v27.4 - https:\/\/yoast.com\/product\/yoast-seo-wordpress\/ -->\n<title>Kot ZEN - podr\u0119cznik - Sklep dla kocich opiekun\u00f3w<\/title>\n<meta name=\"robots\" content=\"index, follow, max-snippet:-1, max-image-preview:large, max-video-preview:-1\" \/>\n<link rel=\"canonical\" href=\"https:\/\/kocie-porady.pl\/sklep\/index.php\/produkt\/kot-zen-podrecznik\/\" \/>\n<meta property=\"og:locale\" content=\"pl_PL\" \/>\n<meta property=\"og:type\" content=\"article\" \/>\n<meta property=\"og:title\" content=\"Kot ZEN - podr\u0119cznik - Sklep dla kocich opiekun\u00f3w\" \/>\n<meta property=\"og:description\" content=\"Ksi\u0105\u017cka jest w przedsprzeda\u017cy - dost\u0119pna dla klient\u00f3w od 1 sierpnia 2021.\" \/>\n<meta property=\"og:url\" content=\"https:\/\/kocie-porady.pl\/sklep\/index.php\/produkt\/kot-zen-podrecznik\/\" \/>\n<meta property=\"og:site_name\" content=\"Sklep dla kocich opiekun\u00f3w\" \/>\n<meta property=\"article:modified_time\" content=\"2021-07-16T12:26:05+00:00\" \/>\n<meta property=\"og:image\" content=\"https:\/\/kocie-porady.pl\/sklep\/wp-content\/uploads\/2021\/05\/1-1-scaled.png\" \/>\n\t<meta property=\"og:image:width\" content=\"2560\" \/>\n\t<meta property=\"og:image:height\" content=\"2560\" \/>\n\t<meta property=\"og:image:type\" content=\"image\/png\" \/>\n<meta name=\"twitter:card\" content=\"summary_large_image\" \/>\n<meta name=\"twitter:label1\" content=\"Szacowany czas czytania\" \/>\n\t<meta name=\"twitter:data1\" content=\"2 minuty\" \/>\n<script type=\"application\/ld+json\" class=\"yoast-schema-graph\">{\"@context\":\"https:\\\/\\\/schema.org\",\"@graph\":[{\"@type\":\"WebPage\",\"@id\":\"https:\\\/\\\/kocie-porady.pl\\\/sklep\\\/index.php\\\/produkt\\\/kot-zen-podrecznik\\\/\",\"url\":\"https:\\\/\\\/kocie-porady.pl\\\/sklep\\\/index.php\\\/produkt\\\/kot-zen-podrecznik\\\/\",\"name\":\"Kot ZEN - podr\u0119cznik - Sklep dla kocich opiekun\u00f3w\",\"isPartOf\":{\"@id\":\"https:\\\/\\\/kocie-porady.pl\\\/sklep\\\/#website\"},\"primaryImageOfPage\":{\"@id\":\"https:\\\/\\\/kocie-porady.pl\\\/sklep\\\/index.php\\\/produkt\\\/kot-zen-podrecznik\\\/#primaryimage\"},\"image\":{\"@id\":\"https:\\\/\\\/kocie-porady.pl\\\/sklep\\\/index.php\\\/produkt\\\/kot-zen-podrecznik\\\/#primaryimage\"},\"thumbnailUrl\":\"https:\\\/\\\/kocie-porady.pl\\\/sklep\\\/wp-content\\\/uploads\\\/2021\\\/05\\\/1-1-scaled.png\",\"datePublished\":\"2021-05-08T16:09:52+00:00\",\"dateModified\":\"2021-07-16T12:26:05+00:00\",\"breadcrumb\":{\"@id\":\"https:\\\/\\\/kocie-porady.pl\\\/sklep\\\/index.php\\\/produkt\\\/kot-zen-podrecznik\\\/#breadcrumb\"},\"inLanguage\":\"pl-PL\",\"potentialAction\":[{\"@type\":\"ReadAction\",\"target\":[\"https:\\\/\\\/kocie-porady.pl\\\/sklep\\\/index.php\\\/produkt\\\/kot-zen-podrecznik\\\/\"]}]},{\"@type\":\"ImageObject\",\"inLanguage\":\"pl-PL\",\"@id\":\"https:\\\/\\\/kocie-porady.pl\\\/sklep\\\/index.php\\\/produkt\\\/kot-zen-podrecznik\\\/#primaryimage\",\"url\":\"https:\\\/\\\/kocie-porady.pl\\\/sklep\\\/wp-content\\\/uploads\\\/2021\\\/05\\\/1-1-scaled.png\",\"contentUrl\":\"https:\\\/\\\/kocie-porady.pl\\\/sklep\\\/wp-content\\\/uploads\\\/2021\\\/05\\\/1-1-scaled.png\",\"width\":2560,\"height\":2560},{\"@type\":\"BreadcrumbList\",\"@id\":\"https:\\\/\\\/kocie-porady.pl\\\/sklep\\\/index.php\\\/produkt\\\/kot-zen-podrecznik\\\/#breadcrumb\",\"itemListElement\":[{\"@type\":\"ListItem\",\"position\":1,\"name\":\"Strona g\u0142\u00f3wna\",\"item\":\"https:\\\/\\\/kocie-porady.pl\\\/sklep\\\/\"},{\"@type\":\"ListItem\",\"position\":2,\"name\":\"Sklep\",\"item\":\"https:\\\/\\\/kocie-porady.pl\\\/sklep\\\/index.php\\\/sklep\\\/\"},{\"@type\":\"ListItem\",\"position\":3,\"name\":\"Kot ZEN &#8211; podr\u0119cznik\"}]},{\"@type\":\"WebSite\",\"@id\":\"https:\\\/\\\/kocie-porady.pl\\\/sklep\\\/#website\",\"url\":\"https:\\\/\\\/kocie-porady.pl\\\/sklep\\\/\",\"name\":\"Sklep dla kocich opiekun\u00f3w\",\"description\":\"\",\"publisher\":{\"@id\":\"https:\\\/\\\/kocie-porady.pl\\\/sklep\\\/#\\\/schema\\\/person\\\/3585b25f6c41a8448e9e088f50954cf4\"},\"potentialAction\":[{\"@type\":\"SearchAction\",\"target\":{\"@type\":\"EntryPoint\",\"urlTemplate\":\"https:\\\/\\\/kocie-porady.pl\\\/sklep\\\/?s={search_term_string}\"},\"query-input\":{\"@type\":\"PropertyValueSpecification\",\"valueRequired\":true,\"valueName\":\"search_term_string\"}}],\"inLanguage\":\"pl-PL\"},{\"@type\":[\"Person\",\"Organization\"],\"@id\":\"https:\\\/\\\/kocie-porady.pl\\\/sklep\\\/#\\\/schema\\\/person\\\/3585b25f6c41a8448e9e088f50954cf4\",\"name\":\"admin\",\"image\":{\"@type\":\"ImageObject\",\"inLanguage\":\"pl-PL\",\"@id\":\"https:\\\/\\\/kocie-porady.pl\\\/sklep\\\/wp-content\\\/uploads\\\/2026\\\/04\\\/koci-behawioryzm-500-x-200-px-2.png\",\"url\":\"https:\\\/\\\/kocie-porady.pl\\\/sklep\\\/wp-content\\\/uploads\\\/2026\\\/04\\\/koci-behawioryzm-500-x-200-px-2.png\",\"contentUrl\":\"https:\\\/\\\/kocie-porady.pl\\\/sklep\\\/wp-content\\\/uploads\\\/2026\\\/04\\\/koci-behawioryzm-500-x-200-px-2.png\",\"width\":200,\"height\":100,\"caption\":\"admin\"},\"logo\":{\"@id\":\"https:\\\/\\\/kocie-porady.pl\\\/sklep\\\/wp-content\\\/uploads\\\/2026\\\/04\\\/koci-behawioryzm-500-x-200-px-2.png\"},\"sameAs\":[\"https:\\\/\\\/kocie-porady.pl\\\/sklep\"]}]}<\/script>\n<!-- \/ Yoast SEO plugin. -->","yoast_head_json":{"title":"Kot ZEN - podr\u0119cznik - Sklep dla kocich opiekun\u00f3w","robots":{"index":"index","follow":"follow","max-snippet":"max-snippet:-1","max-image-preview":"max-image-preview:large","max-video-preview":"max-video-preview:-1"},"canonical":"https:\/\/kocie-porady.pl\/sklep\/index.php\/produkt\/kot-zen-podrecznik\/","og_locale":"pl_PL","og_type":"article","og_title":"Kot ZEN - podr\u0119cznik - Sklep dla kocich opiekun\u00f3w","og_description":"Ksi\u0105\u017cka jest w przedsprzeda\u017cy - dost\u0119pna dla klient\u00f3w od 1 sierpnia 2021.","og_url":"https:\/\/kocie-porady.pl\/sklep\/index.php\/produkt\/kot-zen-podrecznik\/","og_site_name":"Sklep dla kocich opiekun\u00f3w","article_modified_time":"2021-07-16T12:26:05+00:00","og_image":[{"width":2560,"height":2560,"url":"https:\/\/kocie-porady.pl\/sklep\/wp-content\/uploads\/2021\/05\/1-1-scaled.png","type":"image\/png"}],"twitter_card":"summary_large_image","twitter_misc":{"Szacowany czas czytania":"2 minuty"},"schema":{"@context":"https:\/\/schema.org","@graph":[{"@type":"WebPage","@id":"https:\/\/kocie-porady.pl\/sklep\/index.php\/produkt\/kot-zen-podrecznik\/","url":"https:\/\/kocie-porady.pl\/sklep\/index.php\/produkt\/kot-zen-podrecznik\/","name":"Kot ZEN - podr\u0119cznik - Sklep dla kocich opiekun\u00f3w","isPartOf":{"@id":"https:\/\/kocie-porady.pl\/sklep\/#website"},"primaryImageOfPage":{"@id":"https:\/\/kocie-porady.pl\/sklep\/index.php\/produkt\/kot-zen-podrecznik\/#primaryimage"},"image":{"@id":"https:\/\/kocie-porady.pl\/sklep\/index.php\/produkt\/kot-zen-podrecznik\/#primaryimage"},"thumbnailUrl":"https:\/\/kocie-porady.pl\/sklep\/wp-content\/uploads\/2021\/05\/1-1-scaled.png","datePublished":"2021-05-08T16:09:52+00:00","dateModified":"2021-07-16T12:26:05+00:00","breadcrumb":{"@id":"https:\/\/kocie-porady.pl\/sklep\/index.php\/produkt\/kot-zen-podrecznik\/#breadcrumb"},"inLanguage":"pl-PL","potentialAction":[{"@type":"ReadAction","target":["https:\/\/kocie-porady.pl\/sklep\/index.php\/produkt\/kot-zen-podrecznik\/"]}]},{"@type":"ImageObject","inLanguage":"pl-PL","@id":"https:\/\/kocie-porady.pl\/sklep\/index.php\/produkt\/kot-zen-podrecznik\/#primaryimage","url":"https:\/\/kocie-porady.pl\/sklep\/wp-content\/uploads\/2021\/05\/1-1-scaled.png","contentUrl":"https:\/\/kocie-porady.pl\/sklep\/wp-content\/uploads\/2021\/05\/1-1-scaled.png","width":2560,"height":2560},{"@type":"BreadcrumbList","@id":"https:\/\/kocie-porady.pl\/sklep\/index.php\/produkt\/kot-zen-podrecznik\/#breadcrumb","itemListElement":[{"@type":"ListItem","position":1,"name":"Strona g\u0142\u00f3wna","item":"https:\/\/kocie-porady.pl\/sklep\/"},{"@type":"ListItem","position":2,"name":"Sklep","item":"https:\/\/kocie-porady.pl\/sklep\/index.php\/sklep\/"},{"@type":"ListItem","position":3,"name":"Kot ZEN &#8211; podr\u0119cznik"}]},{"@type":"WebSite","@id":"https:\/\/kocie-porady.pl\/sklep\/#website","url":"https:\/\/kocie-porady.pl\/sklep\/","name":"Sklep dla kocich opiekun\u00f3w","description":"","publisher":{"@id":"https:\/\/kocie-porady.pl\/sklep\/#\/schema\/person\/3585b25f6c41a8448e9e088f50954cf4"},"potentialAction":[{"@type":"SearchAction","target":{"@type":"EntryPoint","urlTemplate":"https:\/\/kocie-porady.pl\/sklep\/?s={search_term_string}"},"query-input":{"@type":"PropertyValueSpecification","valueRequired":true,"valueName":"search_term_string"}}],"inLanguage":"pl-PL"},{"@type":["Person","Organization"],"@id":"https:\/\/kocie-porady.pl\/sklep\/#\/schema\/person\/3585b25f6c41a8448e9e088f50954cf4","name":"admin","image":{"@type":"ImageObject","inLanguage":"pl-PL","@id":"https:\/\/kocie-porady.pl\/sklep\/wp-content\/uploads\/2026\/04\/koci-behawioryzm-500-x-200-px-2.png","url":"https:\/\/kocie-porady.pl\/sklep\/wp-content\/uploads\/2026\/04\/koci-behawioryzm-500-x-200-px-2.png","contentUrl":"https:\/\/kocie-porady.pl\/sklep\/wp-content\/uploads\/2026\/04\/koci-behawioryzm-500-x-200-px-2.png","width":200,"height":100,"caption":"admin"},"logo":{"@id":"https:\/\/kocie-porady.pl\/sklep\/wp-content\/uploads\/2026\/04\/koci-behawioryzm-500-x-200-px-2.png"},"sameAs":["https:\/\/kocie-porady.pl\/sklep"]}]}},"jetpack_sharing_enabled":true,"_links":{"self":[{"href":"https:\/\/kocie-porady.pl\/sklep\/index.php\/wp-json\/wp\/v2\/product\/6174","targetHints":{"allow":["GET"]}}],"collection":[{"href":"https:\/\/kocie-porady.pl\/sklep\/index.php\/wp-json\/wp\/v2\/product"}],"about":[{"href":"https:\/\/kocie-porady.pl\/sklep\/index.php\/wp-json\/wp\/v2\/types\/product"}],"replies":[{"embeddable":true,"href":"https:\/\/kocie-porady.pl\/sklep\/index.php\/wp-json\/wp\/v2\/comments?post=6174"}],"wp:featuredmedia":[{"embeddable":true,"href":"https:\/\/kocie-porady.pl\/sklep\/index.php\/wp-json\/wp\/v2\/media\/6175"}],"wp:attachment":[{"href":"https:\/\/kocie-porady.pl\/sklep\/index.php\/wp-json\/wp\/v2\/media?parent=6174"}],"wp:term":[{"taxonomy":"product_brand","embeddable":true,"href":"https:\/\/kocie-porady.pl\/sklep\/index.php\/wp-json\/wp\/v2\/product_brand?post=6174"},{"taxonomy":"product_cat","embeddable":true,"href":"https:\/\/kocie-porady.pl\/sklep\/index.php\/wp-json\/wp\/v2\/product_cat?post=6174"},{"taxonomy":"product_tag","embeddable":true,"href":"https:\/\/kocie-porady.pl\/sklep\/index.php\/wp-json\/wp\/v2\/product_tag?post=6174"}],"curies":[{"name":"wp","href":"https:\/\/api.w.org\/{rel}","templated":true}]}}