{"id":5997,"date":"2021-03-30T21:40:43","date_gmt":"2021-03-30T21:40:43","guid":{"rendered":"https:\/\/kocie-porady.pl\/sklep\/?post_type=product&#038;p=5997"},"modified":"2026-04-14T11:57:52","modified_gmt":"2026-04-14T11:57:52","slug":"roczny-abonament-opiekun","status":"publish","type":"product","link":"https:\/\/kocie-porady.pl\/sklep\/index.php\/produkt\/roczny-abonament-opiekun\/","title":{"rendered":"Roczny abonament &#8211; Opiekun+"},"content":{"rendered":"<p data-start=\"0\" data-end=\"180\">Roczny abonament <strong data-start=\"17\" data-end=\"29\">Opiekun+<\/strong> to pakiet us\u0142ug opieki nad zwierz\u0119tami domowymi, przeznaczony dla os\u00f3b korzystaj\u0105cych z opieki na terenie miasta (bez dojazd\u00f3w poza obszar miejski).<\/p>\n<p data-start=\"182\" data-end=\"307\">W ramach abonamentu otrzymujesz <strong data-start=\"214\" data-end=\"239\">20 wizyt opieku\u0144czych<\/strong>, kt\u00f3re mo\u017cesz wykorzysta\u0107 w ci\u0105gu <strong data-start=\"274\" data-end=\"304\">12 miesi\u0119cy od dnia zakupu<\/strong>.<\/p>\n<p data-start=\"309\" data-end=\"463\">Ka\u017cda wizyta obejmuje profesjonaln\u0105 opiek\u0119 nad zwierz\u0119ciem, w tym realizacj\u0119 podstawowych potrzeb bytowych oraz kontrol\u0119 jego komfortu i bezpiecze\u0144stwa.<\/p>\n<p data-start=\"465\" data-end=\"637\" data-is-last-node=\"\" data-is-only-node=\"\">To wygodne rozwi\u0105zanie dla os\u00f3b, kt\u00f3re regularnie potrzebuj\u0105 wsparcia w opiece nad swoim zwierz\u0119ciem i chc\u0105 mie\u0107 zapewnion\u0105 sta\u0142\u0105, przewidywaln\u0105 us\u0142ug\u0119 w formie abonamentu.<\/p>\n","protected":false},"excerpt":{"rendered":"<p>Roczny abonament Opiekun+ to pakiet us\u0142ug opieki nad zwierz\u0119tami domowymi, przeznaczony dla os\u00f3b korzystaj\u0105cych z opieki na terenie miasta (bez dojazd\u00f3w poza obszar miejski). W ramach abonamentu otrzymujesz 20 wizyt&#8230;<\/p>\n","protected":false},"featured_media":6276,"comment_status":"open","ping_status":"closed","template":"","meta":[],"product_brand":[],"product_cat":[79],"product_tag":[139,138,518,522,438,143,478,144,430,62,484,476,88,482,101,528,529,521,489,99,208,167,492,527,169,437,520,525,532,533,320,140,523,141,142,152,168,63,216,526,524,531,443,519,530],"class_list":{"0":"post-5997","1":"product","2":"type-product","3":"status-publish","4":"has-post-thumbnail","6":"product_cat-opieka-nad-zwierzetami","7":"product_tag-abonament","8":"product_tag-abonament-o-opieke","9":"product_tag-abonament-opieka-zwierzat","10":"product_tag-abonament-roczny","11":"product_tag-bezpieczenstwo-zwierzat","12":"product_tag-catsitter","13":"product_tag-dobrostan-zwierzat","14":"product_tag-dogsitter","15":"product_tag-karmienie-zwierzat","16":"product_tag-kocie-porady","17":"product_tag-kontakt-z-opiekunem","18":"product_tag-kontrola-stanu-zdrowia-zwierzat","19":"product_tag-kot","20":"product_tag-monitoring-zwierzat","21":"product_tag-opieka","22":"product_tag-opieka-dla-kotow","23":"product_tag-opieka-dla-psow","24":"product_tag-opieka-dlugoterminowa","25":"product_tag-opieka-domowa-nad-zwierzetami","26":"product_tag-opieka-nad-kotem","27":"product_tag-opieka-nad-psem","28":"product_tag-opieka-nad-zwierzetami","29":"product_tag-opieka-podczas-urlopu","30":"product_tag-opieka-systematyczna","31":"product_tag-opieka-w-calej-polsce","32":"product_tag-opieka-w-domu-klienta","33":"product_tag-opieka-w-miescie","34":"product_tag-opieka-zwierzat-domowych","35":"product_tag-opieka-zwierzat-gdansk","36":"product_tag-opieka-zwierzat-polska","37":"product_tag-opiekun-zwierzat","38":"product_tag-opiekunowie","39":"product_tag-pakiet-opieki","40":"product_tag-petsiterzy","41":"product_tag-petsitter","42":"product_tag-petsitting","43":"product_tag-pies","44":"product_tag-porady-kocie","45":"product_tag-profesjonalna-opieka-nad-zwierzetami","46":"product_tag-raport-z-wizyty","47":"product_tag-regularna-opieka-nad-zwierzetami","48":"product_tag-usluga-petsittera","49":"product_tag-uslugi-dla-zwierzat","50":"product_tag-wizyty-opiekuncze","51":"product_tag-wsparcie-opiekuna-zwierzat","53":"first","54":"instock","55":"virtual","56":"taxable","57":"purchasable","58":"product-type-simple"},"yoast_head":"<!-- This site is optimized with the Yoast SEO plugin v27.4 - https:\/\/yoast.com\/product\/yoast-seo-wordpress\/ -->\n<title>Roczny abonament - Opiekun+ - Sklep dla kocich opiekun\u00f3w<\/title>\n<meta name=\"description\" content=\"Roczny abonament Opiekun+ to 20 wizyt opieki nad zwierz\u0119ciem w mie\u015bcie do wykorzystania w 12 miesi\u0119cy, z kontrol\u0105, karmieniem i bezpiecze\u0144stwem.\" \/>\n<meta name=\"robots\" content=\"index, follow, max-snippet:-1, max-image-preview:large, max-video-preview:-1\" \/>\n<link rel=\"canonical\" href=\"https:\/\/kocie-porady.pl\/sklep\/index.php\/produkt\/roczny-abonament-opiekun\/\" \/>\n<meta property=\"og:locale\" content=\"pl_PL\" \/>\n<meta property=\"og:type\" content=\"article\" \/>\n<meta property=\"og:title\" content=\"Roczny abonament - Opiekun+ - Sklep dla kocich opiekun\u00f3w\" \/>\n<meta property=\"og:description\" content=\"Roczny abonament Opiekun+ to 20 wizyt opieki nad zwierz\u0119ciem w mie\u015bcie do wykorzystania w 12 miesi\u0119cy, z kontrol\u0105, karmieniem i bezpiecze\u0144stwem.\" \/>\n<meta property=\"og:url\" content=\"https:\/\/kocie-porady.pl\/sklep\/index.php\/produkt\/roczny-abonament-opiekun\/\" \/>\n<meta property=\"og:site_name\" content=\"Sklep dla kocich opiekun\u00f3w\" \/>\n<meta property=\"article:modified_time\" content=\"2026-04-14T11:57:52+00:00\" \/>\n<meta property=\"og:image\" content=\"https:\/\/kocie-porady.pl\/sklep\/wp-content\/uploads\/2021\/03\/pexels-yuliya-kota-3791595.jpg\" \/>\n\t<meta property=\"og:image:width\" content=\"2560\" \/>\n\t<meta property=\"og:image:height\" content=\"1707\" \/>\n\t<meta property=\"og:image:type\" content=\"image\/jpeg\" \/>\n<meta name=\"twitter:card\" content=\"summary_large_image\" \/>\n<meta name=\"twitter:label1\" content=\"Szacowany czas czytania\" \/>\n\t<meta name=\"twitter:data1\" content=\"1 minuta\" \/>\n<script type=\"application\/ld+json\" class=\"yoast-schema-graph\">{\"@context\":\"https:\\\/\\\/schema.org\",\"@graph\":[{\"@type\":\"WebPage\",\"@id\":\"https:\\\/\\\/kocie-porady.pl\\\/sklep\\\/index.php\\\/produkt\\\/roczny-abonament-opiekun\\\/\",\"url\":\"https:\\\/\\\/kocie-porady.pl\\\/sklep\\\/index.php\\\/produkt\\\/roczny-abonament-opiekun\\\/\",\"name\":\"Roczny abonament - Opiekun+ - Sklep dla kocich opiekun\u00f3w\",\"isPartOf\":{\"@id\":\"https:\\\/\\\/kocie-porady.pl\\\/sklep\\\/#website\"},\"primaryImageOfPage\":{\"@id\":\"https:\\\/\\\/kocie-porady.pl\\\/sklep\\\/index.php\\\/produkt\\\/roczny-abonament-opiekun\\\/#primaryimage\"},\"image\":{\"@id\":\"https:\\\/\\\/kocie-porady.pl\\\/sklep\\\/index.php\\\/produkt\\\/roczny-abonament-opiekun\\\/#primaryimage\"},\"thumbnailUrl\":\"https:\\\/\\\/kocie-porady.pl\\\/sklep\\\/wp-content\\\/uploads\\\/2021\\\/03\\\/pexels-yuliya-kota-3791595.jpg\",\"datePublished\":\"2021-03-30T21:40:43+00:00\",\"dateModified\":\"2026-04-14T11:57:52+00:00\",\"description\":\"Roczny abonament Opiekun+ to 20 wizyt opieki nad zwierz\u0119ciem w mie\u015bcie do wykorzystania w 12 miesi\u0119cy, z kontrol\u0105, karmieniem i bezpiecze\u0144stwem.\",\"breadcrumb\":{\"@id\":\"https:\\\/\\\/kocie-porady.pl\\\/sklep\\\/index.php\\\/produkt\\\/roczny-abonament-opiekun\\\/#breadcrumb\"},\"inLanguage\":\"pl-PL\",\"potentialAction\":[{\"@type\":\"ReadAction\",\"target\":[\"https:\\\/\\\/kocie-porady.pl\\\/sklep\\\/index.php\\\/produkt\\\/roczny-abonament-opiekun\\\/\"]}]},{\"@type\":\"ImageObject\",\"inLanguage\":\"pl-PL\",\"@id\":\"https:\\\/\\\/kocie-porady.pl\\\/sklep\\\/index.php\\\/produkt\\\/roczny-abonament-opiekun\\\/#primaryimage\",\"url\":\"https:\\\/\\\/kocie-porady.pl\\\/sklep\\\/wp-content\\\/uploads\\\/2021\\\/03\\\/pexels-yuliya-kota-3791595.jpg\",\"contentUrl\":\"https:\\\/\\\/kocie-porady.pl\\\/sklep\\\/wp-content\\\/uploads\\\/2021\\\/03\\\/pexels-yuliya-kota-3791595.jpg\",\"width\":2560,\"height\":1707,\"caption\":\"Roczny abonament\"},{\"@type\":\"BreadcrumbList\",\"@id\":\"https:\\\/\\\/kocie-porady.pl\\\/sklep\\\/index.php\\\/produkt\\\/roczny-abonament-opiekun\\\/#breadcrumb\",\"itemListElement\":[{\"@type\":\"ListItem\",\"position\":1,\"name\":\"Strona g\u0142\u00f3wna\",\"item\":\"https:\\\/\\\/kocie-porady.pl\\\/sklep\\\/\"},{\"@type\":\"ListItem\",\"position\":2,\"name\":\"Sklep\",\"item\":\"https:\\\/\\\/kocie-porady.pl\\\/sklep\\\/index.php\\\/sklep\\\/\"},{\"@type\":\"ListItem\",\"position\":3,\"name\":\"Roczny abonament &#8211; Opiekun+\"}]},{\"@type\":\"WebSite\",\"@id\":\"https:\\\/\\\/kocie-porady.pl\\\/sklep\\\/#website\",\"url\":\"https:\\\/\\\/kocie-porady.pl\\\/sklep\\\/\",\"name\":\"Sklep dla kocich opiekun\u00f3w\",\"description\":\"\",\"publisher\":{\"@id\":\"https:\\\/\\\/kocie-porady.pl\\\/sklep\\\/#\\\/schema\\\/person\\\/3585b25f6c41a8448e9e088f50954cf4\"},\"potentialAction\":[{\"@type\":\"SearchAction\",\"target\":{\"@type\":\"EntryPoint\",\"urlTemplate\":\"https:\\\/\\\/kocie-porady.pl\\\/sklep\\\/?s={search_term_string}\"},\"query-input\":{\"@type\":\"PropertyValueSpecification\",\"valueRequired\":true,\"valueName\":\"search_term_string\"}}],\"inLanguage\":\"pl-PL\"},{\"@type\":[\"Person\",\"Organization\"],\"@id\":\"https:\\\/\\\/kocie-porady.pl\\\/sklep\\\/#\\\/schema\\\/person\\\/3585b25f6c41a8448e9e088f50954cf4\",\"name\":\"admin\",\"image\":{\"@type\":\"ImageObject\",\"inLanguage\":\"pl-PL\",\"@id\":\"https:\\\/\\\/kocie-porady.pl\\\/sklep\\\/wp-content\\\/uploads\\\/2026\\\/04\\\/koci-behawioryzm-500-x-200-px-2.png\",\"url\":\"https:\\\/\\\/kocie-porady.pl\\\/sklep\\\/wp-content\\\/uploads\\\/2026\\\/04\\\/koci-behawioryzm-500-x-200-px-2.png\",\"contentUrl\":\"https:\\\/\\\/kocie-porady.pl\\\/sklep\\\/wp-content\\\/uploads\\\/2026\\\/04\\\/koci-behawioryzm-500-x-200-px-2.png\",\"width\":200,\"height\":100,\"caption\":\"admin\"},\"logo\":{\"@id\":\"https:\\\/\\\/kocie-porady.pl\\\/sklep\\\/wp-content\\\/uploads\\\/2026\\\/04\\\/koci-behawioryzm-500-x-200-px-2.png\"},\"sameAs\":[\"https:\\\/\\\/kocie-porady.pl\\\/sklep\"]}]}<\/script>\n<!-- \/ Yoast SEO plugin. -->","yoast_head_json":{"title":"Roczny abonament - Opiekun+ - Sklep dla kocich opiekun\u00f3w","description":"Roczny abonament Opiekun+ to 20 wizyt opieki nad zwierz\u0119ciem w mie\u015bcie do wykorzystania w 12 miesi\u0119cy, z kontrol\u0105, karmieniem i bezpiecze\u0144stwem.","robots":{"index":"index","follow":"follow","max-snippet":"max-snippet:-1","max-image-preview":"max-image-preview:large","max-video-preview":"max-video-preview:-1"},"canonical":"https:\/\/kocie-porady.pl\/sklep\/index.php\/produkt\/roczny-abonament-opiekun\/","og_locale":"pl_PL","og_type":"article","og_title":"Roczny abonament - Opiekun+ - Sklep dla kocich opiekun\u00f3w","og_description":"Roczny abonament Opiekun+ to 20 wizyt opieki nad zwierz\u0119ciem w mie\u015bcie do wykorzystania w 12 miesi\u0119cy, z kontrol\u0105, karmieniem i bezpiecze\u0144stwem.","og_url":"https:\/\/kocie-porady.pl\/sklep\/index.php\/produkt\/roczny-abonament-opiekun\/","og_site_name":"Sklep dla kocich opiekun\u00f3w","article_modified_time":"2026-04-14T11:57:52+00:00","og_image":[{"width":2560,"height":1707,"url":"https:\/\/kocie-porady.pl\/sklep\/wp-content\/uploads\/2021\/03\/pexels-yuliya-kota-3791595.jpg","type":"image\/jpeg"}],"twitter_card":"summary_large_image","twitter_misc":{"Szacowany czas czytania":"1 minuta"},"schema":{"@context":"https:\/\/schema.org","@graph":[{"@type":"WebPage","@id":"https:\/\/kocie-porady.pl\/sklep\/index.php\/produkt\/roczny-abonament-opiekun\/","url":"https:\/\/kocie-porady.pl\/sklep\/index.php\/produkt\/roczny-abonament-opiekun\/","name":"Roczny abonament - Opiekun+ - Sklep dla kocich opiekun\u00f3w","isPartOf":{"@id":"https:\/\/kocie-porady.pl\/sklep\/#website"},"primaryImageOfPage":{"@id":"https:\/\/kocie-porady.pl\/sklep\/index.php\/produkt\/roczny-abonament-opiekun\/#primaryimage"},"image":{"@id":"https:\/\/kocie-porady.pl\/sklep\/index.php\/produkt\/roczny-abonament-opiekun\/#primaryimage"},"thumbnailUrl":"https:\/\/kocie-porady.pl\/sklep\/wp-content\/uploads\/2021\/03\/pexels-yuliya-kota-3791595.jpg","datePublished":"2021-03-30T21:40:43+00:00","dateModified":"2026-04-14T11:57:52+00:00","description":"Roczny abonament Opiekun+ to 20 wizyt opieki nad zwierz\u0119ciem w mie\u015bcie do wykorzystania w 12 miesi\u0119cy, z kontrol\u0105, karmieniem i bezpiecze\u0144stwem.","breadcrumb":{"@id":"https:\/\/kocie-porady.pl\/sklep\/index.php\/produkt\/roczny-abonament-opiekun\/#breadcrumb"},"inLanguage":"pl-PL","potentialAction":[{"@type":"ReadAction","target":["https:\/\/kocie-porady.pl\/sklep\/index.php\/produkt\/roczny-abonament-opiekun\/"]}]},{"@type":"ImageObject","inLanguage":"pl-PL","@id":"https:\/\/kocie-porady.pl\/sklep\/index.php\/produkt\/roczny-abonament-opiekun\/#primaryimage","url":"https:\/\/kocie-porady.pl\/sklep\/wp-content\/uploads\/2021\/03\/pexels-yuliya-kota-3791595.jpg","contentUrl":"https:\/\/kocie-porady.pl\/sklep\/wp-content\/uploads\/2021\/03\/pexels-yuliya-kota-3791595.jpg","width":2560,"height":1707,"caption":"Roczny abonament"},{"@type":"BreadcrumbList","@id":"https:\/\/kocie-porady.pl\/sklep\/index.php\/produkt\/roczny-abonament-opiekun\/#breadcrumb","itemListElement":[{"@type":"ListItem","position":1,"name":"Strona g\u0142\u00f3wna","item":"https:\/\/kocie-porady.pl\/sklep\/"},{"@type":"ListItem","position":2,"name":"Sklep","item":"https:\/\/kocie-porady.pl\/sklep\/index.php\/sklep\/"},{"@type":"ListItem","position":3,"name":"Roczny abonament &#8211; Opiekun+"}]},{"@type":"WebSite","@id":"https:\/\/kocie-porady.pl\/sklep\/#website","url":"https:\/\/kocie-porady.pl\/sklep\/","name":"Sklep dla kocich opiekun\u00f3w","description":"","publisher":{"@id":"https:\/\/kocie-porady.pl\/sklep\/#\/schema\/person\/3585b25f6c41a8448e9e088f50954cf4"},"potentialAction":[{"@type":"SearchAction","target":{"@type":"EntryPoint","urlTemplate":"https:\/\/kocie-porady.pl\/sklep\/?s={search_term_string}"},"query-input":{"@type":"PropertyValueSpecification","valueRequired":true,"valueName":"search_term_string"}}],"inLanguage":"pl-PL"},{"@type":["Person","Organization"],"@id":"https:\/\/kocie-porady.pl\/sklep\/#\/schema\/person\/3585b25f6c41a8448e9e088f50954cf4","name":"admin","image":{"@type":"ImageObject","inLanguage":"pl-PL","@id":"https:\/\/kocie-porady.pl\/sklep\/wp-content\/uploads\/2026\/04\/koci-behawioryzm-500-x-200-px-2.png","url":"https:\/\/kocie-porady.pl\/sklep\/wp-content\/uploads\/2026\/04\/koci-behawioryzm-500-x-200-px-2.png","contentUrl":"https:\/\/kocie-porady.pl\/sklep\/wp-content\/uploads\/2026\/04\/koci-behawioryzm-500-x-200-px-2.png","width":200,"height":100,"caption":"admin"},"logo":{"@id":"https:\/\/kocie-porady.pl\/sklep\/wp-content\/uploads\/2026\/04\/koci-behawioryzm-500-x-200-px-2.png"},"sameAs":["https:\/\/kocie-porady.pl\/sklep"]}]}},"jetpack_sharing_enabled":true,"_links":{"self":[{"href":"https:\/\/kocie-porady.pl\/sklep\/index.php\/wp-json\/wp\/v2\/product\/5997","targetHints":{"allow":["GET"]}}],"collection":[{"href":"https:\/\/kocie-porady.pl\/sklep\/index.php\/wp-json\/wp\/v2\/product"}],"about":[{"href":"https:\/\/kocie-porady.pl\/sklep\/index.php\/wp-json\/wp\/v2\/types\/product"}],"replies":[{"embeddable":true,"href":"https:\/\/kocie-porady.pl\/sklep\/index.php\/wp-json\/wp\/v2\/comments?post=5997"}],"wp:featuredmedia":[{"embeddable":true,"href":"https:\/\/kocie-porady.pl\/sklep\/index.php\/wp-json\/wp\/v2\/media\/6276"}],"wp:attachment":[{"href":"https:\/\/kocie-porady.pl\/sklep\/index.php\/wp-json\/wp\/v2\/media?parent=5997"}],"wp:term":[{"taxonomy":"product_brand","embeddable":true,"href":"https:\/\/kocie-porady.pl\/sklep\/index.php\/wp-json\/wp\/v2\/product_brand?post=5997"},{"taxonomy":"product_cat","embeddable":true,"href":"https:\/\/kocie-porady.pl\/sklep\/index.php\/wp-json\/wp\/v2\/product_cat?post=5997"},{"taxonomy":"product_tag","embeddable":true,"href":"https:\/\/kocie-porady.pl\/sklep\/index.php\/wp-json\/wp\/v2\/product_tag?post=5997"}],"curies":[{"name":"wp","href":"https:\/\/api.w.org\/{rel}","templated":true}]}}