{"id":5996,"date":"2021-03-30T21:38:46","date_gmt":"2021-03-30T21:38:46","guid":{"rendered":"https:\/\/kocie-porady.pl\/sklep\/?post_type=product&#038;p=5996"},"modified":"2025-04-20T09:16:28","modified_gmt":"2025-04-20T09:16:28","slug":"abonament-opiekuna-6-miesiecy","status":"publish","type":"product","link":"https:\/\/kocie-porady.pl\/sklep\/index.php\/produkt\/abonament-opiekuna-6-miesiecy\/","title":{"rendered":"P\u00f3\u0142roczny abonament &#8211; Opiekun"},"content":{"rendered":"<h2 class=\"mb-2 mt-6 text-lg font-[500] first:mt-3\">Abonament Opieki nad Zwierz\u0119tami \u2013 10 Wizyt<\/h2>\n<p class=\"my-0\">Zadbaj o swojego pupila, nawet gdy nie mo\u017cesz by\u0107 przy nim osobi\u015bcie. Nasza us\u0142uga skierowana jest wy\u0142\u0105cznie do mieszka\u0144c\u00f3w miast i zapewnia profesjonaln\u0105, troskliw\u0105 opiek\u0119 w Twoim domu.<\/p>\n<p class=\"my-0\"><strong>W ramach abonamentu otrzymujesz:<\/strong><\/p>\n<ul class=\"marker:text-textOff list-disc\">\n<li>\n<p class=\"my-0\">10 wizyt opieku\u0144czych w dogodnych terminach, realizowanych przez do\u015bwiadczonych opiekun\u00f3w,<\/p>\n<\/li>\n<li>\n<p class=\"my-0\">kompleksow\u0105 opiek\u0119 podczas ka\u017cdej wizyty: karmienie, spacery, zabaw\u0119 oraz realizacj\u0119 indywidualnych potrzeb Twojego zwierzaka,<\/p>\n<\/li>\n<li>\n<p class=\"my-0\">elastyczno\u015b\u0107 \u2013 pakiet mo\u017cesz wykorzysta\u0107 w ci\u0105gu 6 miesi\u0119cy od zakupu,<\/p>\n<\/li>\n<li>\n<p class=\"my-0\">sta\u0142\u0105 cen\u0119 \u2013 ca\u0142y pakiet 10 wizyt kosztuje 750 z\u0142.<\/p>\n<\/li>\n<\/ul>\n<p class=\"my-0\">Naszym priorytetem jest bezpiecze\u0144stwo, komfort i dobre samopoczucie Twojego pupila. Ka\u017cda wizyta jest dostosowana do jego potrzeb, a nasi opiekunowie dbaj\u0105 o najwy\u017cszy standard us\u0142ug.<\/p>\n<p class=\"my-0\"><strong>Zapewnij swojemu zwierzakowi najlepsz\u0105 opiek\u0119 \u2013 wybierz nasz abonament i miej pewno\u015b\u0107, \u017ce jest w dobrych r\u0119kach!<\/strong><\/p>\n","protected":false},"excerpt":{"rendered":"<p>Abonament Opieki nad Zwierz\u0119tami \u2013 10 Wizyt Zadbaj o swojego pupila, nawet gdy nie mo\u017cesz by\u0107 przy nim osobi\u015bcie. Nasza us\u0142uga skierowana jest wy\u0142\u0105cznie do mieszka\u0144c\u00f3w miast i zapewnia profesjonaln\u0105,&#8230;<\/p>\n","protected":false},"featured_media":6308,"comment_status":"open","ping_status":"closed","template":"","meta":[],"product_brand":[],"product_cat":[79],"product_tag":[139,438,430,440,441,436,99,208,442,315,167,433,437,434,435,320,142,152,313,439,432,314,443,431,429,316],"class_list":{"0":"post-5996","1":"product","2":"type-product","3":"status-publish","4":"has-post-thumbnail","6":"product_cat-opieka-nad-zwierzetami","7":"product_tag-abonament","8":"product_tag-bezpieczenstwo-zwierzat","9":"product_tag-karmienie-zwierzat","10":"product_tag-opieka-indywidualna","11":"product_tag-opieka-miejska","12":"product_tag-opieka-na-godziny","13":"product_tag-opieka-nad-kotem","14":"product_tag-opieka-nad-psem","15":"product_tag-opieka-nad-pupilem","16":"product_tag-opieka-nad-zwierzeta","17":"product_tag-opieka-nad-zwierzetami","18":"product_tag-opieka-podczas-nieobecnosci","19":"product_tag-opieka-w-domu-klienta","20":"product_tag-opieka-wakacyjna","21":"product_tag-opieka-weekendowa","22":"product_tag-opiekun-zwierzat","23":"product_tag-petsitter","24":"product_tag-petsitting","25":"product_tag-polroczny","26":"product_tag-profesjonalna-opieka","27":"product_tag-troska-o-pupila","28":"product_tag-usluga","29":"product_tag-uslugi-dla-zwierzat","30":"product_tag-wizyty-domowe","31":"product_tag-wyprowadzanie-psow","32":"product_tag-zwierzeta","34":"first","35":"instock","36":"virtual","37":"taxable","38":"purchasable","39":"product-type-simple"},"yoast_head":"<!-- This site is optimized with the Yoast SEO plugin v27.4 - https:\/\/yoast.com\/product\/yoast-seo-wordpress\/ -->\n<title>P\u00f3\u0142roczny abonament - Opiekun - Sklep dla kocich opiekun\u00f3w<\/title>\n<meta name=\"robots\" content=\"index, follow, max-snippet:-1, max-image-preview:large, max-video-preview:-1\" \/>\n<link rel=\"canonical\" href=\"https:\/\/kocie-porady.pl\/sklep\/index.php\/produkt\/abonament-opiekuna-6-miesiecy\/\" \/>\n<meta property=\"og:locale\" content=\"pl_PL\" \/>\n<meta property=\"og:type\" content=\"article\" \/>\n<meta property=\"og:title\" content=\"P\u00f3\u0142roczny abonament - Opiekun - Sklep dla kocich opiekun\u00f3w\" \/>\n<meta property=\"og:description\" content=\"Abonament Opieki nad Zwierz\u0119tami \u2013 10 Wizyt Zadbaj o swojego pupila, nawet gdy nie mo\u017cesz by\u0107 przy nim osobi\u015bcie. Nasza us\u0142uga skierowana jest wy\u0142\u0105cznie do mieszka\u0144c\u00f3w miast i zapewnia profesjonaln\u0105,...\" \/>\n<meta property=\"og:url\" content=\"https:\/\/kocie-porady.pl\/sklep\/index.php\/produkt\/abonament-opiekuna-6-miesiecy\/\" \/>\n<meta property=\"og:site_name\" content=\"Sklep dla kocich opiekun\u00f3w\" \/>\n<meta property=\"article:modified_time\" content=\"2025-04-20T09:16:28+00:00\" \/>\n<meta property=\"og:image\" content=\"https:\/\/kocie-porady.pl\/sklep\/wp-content\/uploads\/2021\/05\/pexels-alexandr-podvalny-1174081-scaled.jpg\" \/>\n\t<meta property=\"og:image:width\" content=\"2560\" \/>\n\t<meta property=\"og:image:height\" content=\"1703\" \/>\n\t<meta property=\"og:image:type\" content=\"image\/jpeg\" \/>\n<meta name=\"twitter:card\" content=\"summary_large_image\" \/>\n<meta name=\"twitter:label1\" content=\"Szacowany czas czytania\" \/>\n\t<meta name=\"twitter:data1\" content=\"1 minuta\" \/>\n<script type=\"application\/ld+json\" class=\"yoast-schema-graph\">{\"@context\":\"https:\\\/\\\/schema.org\",\"@graph\":[{\"@type\":\"WebPage\",\"@id\":\"https:\\\/\\\/kocie-porady.pl\\\/sklep\\\/index.php\\\/produkt\\\/abonament-opiekuna-6-miesiecy\\\/\",\"url\":\"https:\\\/\\\/kocie-porady.pl\\\/sklep\\\/index.php\\\/produkt\\\/abonament-opiekuna-6-miesiecy\\\/\",\"name\":\"P\u00f3\u0142roczny abonament - Opiekun - Sklep dla kocich opiekun\u00f3w\",\"isPartOf\":{\"@id\":\"https:\\\/\\\/kocie-porady.pl\\\/sklep\\\/#website\"},\"primaryImageOfPage\":{\"@id\":\"https:\\\/\\\/kocie-porady.pl\\\/sklep\\\/index.php\\\/produkt\\\/abonament-opiekuna-6-miesiecy\\\/#primaryimage\"},\"image\":{\"@id\":\"https:\\\/\\\/kocie-porady.pl\\\/sklep\\\/index.php\\\/produkt\\\/abonament-opiekuna-6-miesiecy\\\/#primaryimage\"},\"thumbnailUrl\":\"https:\\\/\\\/kocie-porady.pl\\\/sklep\\\/wp-content\\\/uploads\\\/2021\\\/05\\\/pexels-alexandr-podvalny-1174081-scaled.jpg\",\"datePublished\":\"2021-03-30T21:38:46+00:00\",\"dateModified\":\"2025-04-20T09:16:28+00:00\",\"breadcrumb\":{\"@id\":\"https:\\\/\\\/kocie-porady.pl\\\/sklep\\\/index.php\\\/produkt\\\/abonament-opiekuna-6-miesiecy\\\/#breadcrumb\"},\"inLanguage\":\"pl-PL\",\"potentialAction\":[{\"@type\":\"ReadAction\",\"target\":[\"https:\\\/\\\/kocie-porady.pl\\\/sklep\\\/index.php\\\/produkt\\\/abonament-opiekuna-6-miesiecy\\\/\"]}]},{\"@type\":\"ImageObject\",\"inLanguage\":\"pl-PL\",\"@id\":\"https:\\\/\\\/kocie-porady.pl\\\/sklep\\\/index.php\\\/produkt\\\/abonament-opiekuna-6-miesiecy\\\/#primaryimage\",\"url\":\"https:\\\/\\\/kocie-porady.pl\\\/sklep\\\/wp-content\\\/uploads\\\/2021\\\/05\\\/pexels-alexandr-podvalny-1174081-scaled.jpg\",\"contentUrl\":\"https:\\\/\\\/kocie-porady.pl\\\/sklep\\\/wp-content\\\/uploads\\\/2021\\\/05\\\/pexels-alexandr-podvalny-1174081-scaled.jpg\",\"width\":2560,\"height\":1703,\"caption\":\"Opieka nad psem w domu + spacer\"},{\"@type\":\"BreadcrumbList\",\"@id\":\"https:\\\/\\\/kocie-porady.pl\\\/sklep\\\/index.php\\\/produkt\\\/abonament-opiekuna-6-miesiecy\\\/#breadcrumb\",\"itemListElement\":[{\"@type\":\"ListItem\",\"position\":1,\"name\":\"Strona g\u0142\u00f3wna\",\"item\":\"https:\\\/\\\/kocie-porady.pl\\\/sklep\\\/\"},{\"@type\":\"ListItem\",\"position\":2,\"name\":\"Sklep\",\"item\":\"https:\\\/\\\/kocie-porady.pl\\\/sklep\\\/index.php\\\/sklep\\\/\"},{\"@type\":\"ListItem\",\"position\":3,\"name\":\"P\u00f3\u0142roczny abonament &#8211; Opiekun\"}]},{\"@type\":\"WebSite\",\"@id\":\"https:\\\/\\\/kocie-porady.pl\\\/sklep\\\/#website\",\"url\":\"https:\\\/\\\/kocie-porady.pl\\\/sklep\\\/\",\"name\":\"Sklep dla kocich opiekun\u00f3w\",\"description\":\"\",\"publisher\":{\"@id\":\"https:\\\/\\\/kocie-porady.pl\\\/sklep\\\/#\\\/schema\\\/person\\\/3585b25f6c41a8448e9e088f50954cf4\"},\"potentialAction\":[{\"@type\":\"SearchAction\",\"target\":{\"@type\":\"EntryPoint\",\"urlTemplate\":\"https:\\\/\\\/kocie-porady.pl\\\/sklep\\\/?s={search_term_string}\"},\"query-input\":{\"@type\":\"PropertyValueSpecification\",\"valueRequired\":true,\"valueName\":\"search_term_string\"}}],\"inLanguage\":\"pl-PL\"},{\"@type\":[\"Person\",\"Organization\"],\"@id\":\"https:\\\/\\\/kocie-porady.pl\\\/sklep\\\/#\\\/schema\\\/person\\\/3585b25f6c41a8448e9e088f50954cf4\",\"name\":\"admin\",\"image\":{\"@type\":\"ImageObject\",\"inLanguage\":\"pl-PL\",\"@id\":\"https:\\\/\\\/kocie-porady.pl\\\/sklep\\\/wp-content\\\/uploads\\\/2026\\\/04\\\/koci-behawioryzm-500-x-200-px-2.png\",\"url\":\"https:\\\/\\\/kocie-porady.pl\\\/sklep\\\/wp-content\\\/uploads\\\/2026\\\/04\\\/koci-behawioryzm-500-x-200-px-2.png\",\"contentUrl\":\"https:\\\/\\\/kocie-porady.pl\\\/sklep\\\/wp-content\\\/uploads\\\/2026\\\/04\\\/koci-behawioryzm-500-x-200-px-2.png\",\"width\":200,\"height\":100,\"caption\":\"admin\"},\"logo\":{\"@id\":\"https:\\\/\\\/kocie-porady.pl\\\/sklep\\\/wp-content\\\/uploads\\\/2026\\\/04\\\/koci-behawioryzm-500-x-200-px-2.png\"},\"sameAs\":[\"https:\\\/\\\/kocie-porady.pl\\\/sklep\"]}]}<\/script>\n<!-- \/ Yoast SEO plugin. -->","yoast_head_json":{"title":"P\u00f3\u0142roczny abonament - Opiekun - Sklep dla kocich opiekun\u00f3w","robots":{"index":"index","follow":"follow","max-snippet":"max-snippet:-1","max-image-preview":"max-image-preview:large","max-video-preview":"max-video-preview:-1"},"canonical":"https:\/\/kocie-porady.pl\/sklep\/index.php\/produkt\/abonament-opiekuna-6-miesiecy\/","og_locale":"pl_PL","og_type":"article","og_title":"P\u00f3\u0142roczny abonament - Opiekun - Sklep dla kocich opiekun\u00f3w","og_description":"Abonament Opieki nad Zwierz\u0119tami \u2013 10 Wizyt Zadbaj o swojego pupila, nawet gdy nie mo\u017cesz by\u0107 przy nim osobi\u015bcie. Nasza us\u0142uga skierowana jest wy\u0142\u0105cznie do mieszka\u0144c\u00f3w miast i zapewnia profesjonaln\u0105,...","og_url":"https:\/\/kocie-porady.pl\/sklep\/index.php\/produkt\/abonament-opiekuna-6-miesiecy\/","og_site_name":"Sklep dla kocich opiekun\u00f3w","article_modified_time":"2025-04-20T09:16:28+00:00","og_image":[{"width":2560,"height":1703,"url":"https:\/\/kocie-porady.pl\/sklep\/wp-content\/uploads\/2021\/05\/pexels-alexandr-podvalny-1174081-scaled.jpg","type":"image\/jpeg"}],"twitter_card":"summary_large_image","twitter_misc":{"Szacowany czas czytania":"1 minuta"},"schema":{"@context":"https:\/\/schema.org","@graph":[{"@type":"WebPage","@id":"https:\/\/kocie-porady.pl\/sklep\/index.php\/produkt\/abonament-opiekuna-6-miesiecy\/","url":"https:\/\/kocie-porady.pl\/sklep\/index.php\/produkt\/abonament-opiekuna-6-miesiecy\/","name":"P\u00f3\u0142roczny abonament - Opiekun - Sklep dla kocich opiekun\u00f3w","isPartOf":{"@id":"https:\/\/kocie-porady.pl\/sklep\/#website"},"primaryImageOfPage":{"@id":"https:\/\/kocie-porady.pl\/sklep\/index.php\/produkt\/abonament-opiekuna-6-miesiecy\/#primaryimage"},"image":{"@id":"https:\/\/kocie-porady.pl\/sklep\/index.php\/produkt\/abonament-opiekuna-6-miesiecy\/#primaryimage"},"thumbnailUrl":"https:\/\/kocie-porady.pl\/sklep\/wp-content\/uploads\/2021\/05\/pexels-alexandr-podvalny-1174081-scaled.jpg","datePublished":"2021-03-30T21:38:46+00:00","dateModified":"2025-04-20T09:16:28+00:00","breadcrumb":{"@id":"https:\/\/kocie-porady.pl\/sklep\/index.php\/produkt\/abonament-opiekuna-6-miesiecy\/#breadcrumb"},"inLanguage":"pl-PL","potentialAction":[{"@type":"ReadAction","target":["https:\/\/kocie-porady.pl\/sklep\/index.php\/produkt\/abonament-opiekuna-6-miesiecy\/"]}]},{"@type":"ImageObject","inLanguage":"pl-PL","@id":"https:\/\/kocie-porady.pl\/sklep\/index.php\/produkt\/abonament-opiekuna-6-miesiecy\/#primaryimage","url":"https:\/\/kocie-porady.pl\/sklep\/wp-content\/uploads\/2021\/05\/pexels-alexandr-podvalny-1174081-scaled.jpg","contentUrl":"https:\/\/kocie-porady.pl\/sklep\/wp-content\/uploads\/2021\/05\/pexels-alexandr-podvalny-1174081-scaled.jpg","width":2560,"height":1703,"caption":"Opieka nad psem w domu + spacer"},{"@type":"BreadcrumbList","@id":"https:\/\/kocie-porady.pl\/sklep\/index.php\/produkt\/abonament-opiekuna-6-miesiecy\/#breadcrumb","itemListElement":[{"@type":"ListItem","position":1,"name":"Strona g\u0142\u00f3wna","item":"https:\/\/kocie-porady.pl\/sklep\/"},{"@type":"ListItem","position":2,"name":"Sklep","item":"https:\/\/kocie-porady.pl\/sklep\/index.php\/sklep\/"},{"@type":"ListItem","position":3,"name":"P\u00f3\u0142roczny abonament &#8211; Opiekun"}]},{"@type":"WebSite","@id":"https:\/\/kocie-porady.pl\/sklep\/#website","url":"https:\/\/kocie-porady.pl\/sklep\/","name":"Sklep dla kocich opiekun\u00f3w","description":"","publisher":{"@id":"https:\/\/kocie-porady.pl\/sklep\/#\/schema\/person\/3585b25f6c41a8448e9e088f50954cf4"},"potentialAction":[{"@type":"SearchAction","target":{"@type":"EntryPoint","urlTemplate":"https:\/\/kocie-porady.pl\/sklep\/?s={search_term_string}"},"query-input":{"@type":"PropertyValueSpecification","valueRequired":true,"valueName":"search_term_string"}}],"inLanguage":"pl-PL"},{"@type":["Person","Organization"],"@id":"https:\/\/kocie-porady.pl\/sklep\/#\/schema\/person\/3585b25f6c41a8448e9e088f50954cf4","name":"admin","image":{"@type":"ImageObject","inLanguage":"pl-PL","@id":"https:\/\/kocie-porady.pl\/sklep\/wp-content\/uploads\/2026\/04\/koci-behawioryzm-500-x-200-px-2.png","url":"https:\/\/kocie-porady.pl\/sklep\/wp-content\/uploads\/2026\/04\/koci-behawioryzm-500-x-200-px-2.png","contentUrl":"https:\/\/kocie-porady.pl\/sklep\/wp-content\/uploads\/2026\/04\/koci-behawioryzm-500-x-200-px-2.png","width":200,"height":100,"caption":"admin"},"logo":{"@id":"https:\/\/kocie-porady.pl\/sklep\/wp-content\/uploads\/2026\/04\/koci-behawioryzm-500-x-200-px-2.png"},"sameAs":["https:\/\/kocie-porady.pl\/sklep"]}]}},"jetpack_sharing_enabled":true,"_links":{"self":[{"href":"https:\/\/kocie-porady.pl\/sklep\/index.php\/wp-json\/wp\/v2\/product\/5996","targetHints":{"allow":["GET"]}}],"collection":[{"href":"https:\/\/kocie-porady.pl\/sklep\/index.php\/wp-json\/wp\/v2\/product"}],"about":[{"href":"https:\/\/kocie-porady.pl\/sklep\/index.php\/wp-json\/wp\/v2\/types\/product"}],"replies":[{"embeddable":true,"href":"https:\/\/kocie-porady.pl\/sklep\/index.php\/wp-json\/wp\/v2\/comments?post=5996"}],"wp:featuredmedia":[{"embeddable":true,"href":"https:\/\/kocie-porady.pl\/sklep\/index.php\/wp-json\/wp\/v2\/media\/6308"}],"wp:attachment":[{"href":"https:\/\/kocie-porady.pl\/sklep\/index.php\/wp-json\/wp\/v2\/media?parent=5996"}],"wp:term":[{"taxonomy":"product_brand","embeddable":true,"href":"https:\/\/kocie-porady.pl\/sklep\/index.php\/wp-json\/wp\/v2\/product_brand?post=5996"},{"taxonomy":"product_cat","embeddable":true,"href":"https:\/\/kocie-porady.pl\/sklep\/index.php\/wp-json\/wp\/v2\/product_cat?post=5996"},{"taxonomy":"product_tag","embeddable":true,"href":"https:\/\/kocie-porady.pl\/sklep\/index.php\/wp-json\/wp\/v2\/product_tag?post=5996"}],"curies":[{"name":"wp","href":"https:\/\/api.w.org\/{rel}","templated":true}]}}