{"id":5940,"date":"2021-03-29T14:01:03","date_gmt":"2021-03-29T14:01:03","guid":{"rendered":"https:\/\/kocie-porady.pl\/sklep\/?post_type=product&#038;p=5940"},"modified":"2022-06-21T07:42:25","modified_gmt":"2022-06-21T07:42:25","slug":"wyklad-specjalisty-na-zywo","status":"publish","type":"product","link":"https:\/\/kocie-porady.pl\/sklep\/index.php\/produkt\/wyklad-specjalisty-na-zywo\/","title":{"rendered":"Wyk\u0142ad specjalisty na \u017cywo"},"content":{"rendered":"<p>Wyk\u0142ad specjalisty na \u017cywo<\/p>\n","protected":false},"excerpt":{"rendered":"<p>Wyk\u0142ad specjalisty na \u017cywo<\/p>\n","protected":false},"featured_media":5960,"comment_status":"open","ping_status":"closed","template":"","meta":[],"product_brand":[],"product_cat":[76],"product_tag":[78,77],"class_list":{"0":"post-5940","1":"product","2":"type-product","3":"status-publish","4":"has-post-thumbnail","6":"product_cat-wyklady","7":"product_tag-spotkanie","8":"product_tag-wyklad","10":"first","11":"instock","12":"taxable","13":"shipping-taxable","14":"purchasable","15":"product-type-variable"},"yoast_head":"<!-- This site is optimized with the Yoast SEO plugin v27.4 - https:\/\/yoast.com\/product\/yoast-seo-wordpress\/ -->\n<title>Wyk\u0142ad specjalisty na \u017cywo - Sklep dla kocich opiekun\u00f3w<\/title>\n<meta name=\"robots\" content=\"index, follow, max-snippet:-1, max-image-preview:large, max-video-preview:-1\" \/>\n<link rel=\"canonical\" href=\"https:\/\/kocie-porady.pl\/sklep\/index.php\/produkt\/wyklad-specjalisty-na-zywo\/\" \/>\n<meta property=\"og:locale\" content=\"pl_PL\" \/>\n<meta property=\"og:type\" content=\"article\" \/>\n<meta property=\"og:title\" content=\"Wyk\u0142ad specjalisty na \u017cywo - Sklep dla kocich opiekun\u00f3w\" \/>\n<meta property=\"og:description\" content=\"Wyk\u0142ad specjalisty na \u017cywo\" \/>\n<meta property=\"og:url\" content=\"https:\/\/kocie-porady.pl\/sklep\/index.php\/produkt\/wyklad-specjalisty-na-zywo\/\" \/>\n<meta property=\"og:site_name\" content=\"Sklep dla kocich opiekun\u00f3w\" \/>\n<meta property=\"article:modified_time\" content=\"2022-06-21T07:42:25+00:00\" \/>\n<meta property=\"og:image\" content=\"https:\/\/kocie-porady.pl\/sklep\/wp-content\/uploads\/2021\/03\/konsultacja-8.png\" \/>\n\t<meta property=\"og:image:width\" content=\"500\" \/>\n\t<meta property=\"og:image:height\" content=\"500\" \/>\n\t<meta property=\"og:image:type\" content=\"image\/png\" \/>\n<meta name=\"twitter:card\" content=\"summary_large_image\" \/>\n<meta name=\"twitter:label1\" content=\"Szacowany czas czytania\" \/>\n\t<meta name=\"twitter:data1\" content=\"1 minuta\" \/>\n<script type=\"application\/ld+json\" class=\"yoast-schema-graph\">{\"@context\":\"https:\\\/\\\/schema.org\",\"@graph\":[{\"@type\":\"WebPage\",\"@id\":\"https:\\\/\\\/kocie-porady.pl\\\/sklep\\\/index.php\\\/produkt\\\/wyklad-specjalisty-na-zywo\\\/\",\"url\":\"https:\\\/\\\/kocie-porady.pl\\\/sklep\\\/index.php\\\/produkt\\\/wyklad-specjalisty-na-zywo\\\/\",\"name\":\"Wyk\u0142ad specjalisty na \u017cywo - Sklep dla kocich opiekun\u00f3w\",\"isPartOf\":{\"@id\":\"https:\\\/\\\/kocie-porady.pl\\\/sklep\\\/#website\"},\"primaryImageOfPage\":{\"@id\":\"https:\\\/\\\/kocie-porady.pl\\\/sklep\\\/index.php\\\/produkt\\\/wyklad-specjalisty-na-zywo\\\/#primaryimage\"},\"image\":{\"@id\":\"https:\\\/\\\/kocie-porady.pl\\\/sklep\\\/index.php\\\/produkt\\\/wyklad-specjalisty-na-zywo\\\/#primaryimage\"},\"thumbnailUrl\":\"https:\\\/\\\/kocie-porady.pl\\\/sklep\\\/wp-content\\\/uploads\\\/2021\\\/03\\\/konsultacja-8.png\",\"datePublished\":\"2021-03-29T14:01:03+00:00\",\"dateModified\":\"2022-06-21T07:42:25+00:00\",\"breadcrumb\":{\"@id\":\"https:\\\/\\\/kocie-porady.pl\\\/sklep\\\/index.php\\\/produkt\\\/wyklad-specjalisty-na-zywo\\\/#breadcrumb\"},\"inLanguage\":\"pl-PL\",\"potentialAction\":[{\"@type\":\"ReadAction\",\"target\":[\"https:\\\/\\\/kocie-porady.pl\\\/sklep\\\/index.php\\\/produkt\\\/wyklad-specjalisty-na-zywo\\\/\"]}]},{\"@type\":\"ImageObject\",\"inLanguage\":\"pl-PL\",\"@id\":\"https:\\\/\\\/kocie-porady.pl\\\/sklep\\\/index.php\\\/produkt\\\/wyklad-specjalisty-na-zywo\\\/#primaryimage\",\"url\":\"https:\\\/\\\/kocie-porady.pl\\\/sklep\\\/wp-content\\\/uploads\\\/2021\\\/03\\\/konsultacja-8.png\",\"contentUrl\":\"https:\\\/\\\/kocie-porady.pl\\\/sklep\\\/wp-content\\\/uploads\\\/2021\\\/03\\\/konsultacja-8.png\",\"width\":500,\"height\":500},{\"@type\":\"BreadcrumbList\",\"@id\":\"https:\\\/\\\/kocie-porady.pl\\\/sklep\\\/index.php\\\/produkt\\\/wyklad-specjalisty-na-zywo\\\/#breadcrumb\",\"itemListElement\":[{\"@type\":\"ListItem\",\"position\":1,\"name\":\"Strona g\u0142\u00f3wna\",\"item\":\"https:\\\/\\\/kocie-porady.pl\\\/sklep\\\/\"},{\"@type\":\"ListItem\",\"position\":2,\"name\":\"Sklep\",\"item\":\"https:\\\/\\\/kocie-porady.pl\\\/sklep\\\/index.php\\\/sklep\\\/\"},{\"@type\":\"ListItem\",\"position\":3,\"name\":\"Wyk\u0142ad specjalisty na \u017cywo\"}]},{\"@type\":\"WebSite\",\"@id\":\"https:\\\/\\\/kocie-porady.pl\\\/sklep\\\/#website\",\"url\":\"https:\\\/\\\/kocie-porady.pl\\\/sklep\\\/\",\"name\":\"Sklep dla kocich opiekun\u00f3w\",\"description\":\"\",\"publisher\":{\"@id\":\"https:\\\/\\\/kocie-porady.pl\\\/sklep\\\/#\\\/schema\\\/person\\\/3585b25f6c41a8448e9e088f50954cf4\"},\"potentialAction\":[{\"@type\":\"SearchAction\",\"target\":{\"@type\":\"EntryPoint\",\"urlTemplate\":\"https:\\\/\\\/kocie-porady.pl\\\/sklep\\\/?s={search_term_string}\"},\"query-input\":{\"@type\":\"PropertyValueSpecification\",\"valueRequired\":true,\"valueName\":\"search_term_string\"}}],\"inLanguage\":\"pl-PL\"},{\"@type\":[\"Person\",\"Organization\"],\"@id\":\"https:\\\/\\\/kocie-porady.pl\\\/sklep\\\/#\\\/schema\\\/person\\\/3585b25f6c41a8448e9e088f50954cf4\",\"name\":\"admin\",\"image\":{\"@type\":\"ImageObject\",\"inLanguage\":\"pl-PL\",\"@id\":\"https:\\\/\\\/kocie-porady.pl\\\/sklep\\\/wp-content\\\/uploads\\\/2026\\\/04\\\/koci-behawioryzm-500-x-200-px-2.png\",\"url\":\"https:\\\/\\\/kocie-porady.pl\\\/sklep\\\/wp-content\\\/uploads\\\/2026\\\/04\\\/koci-behawioryzm-500-x-200-px-2.png\",\"contentUrl\":\"https:\\\/\\\/kocie-porady.pl\\\/sklep\\\/wp-content\\\/uploads\\\/2026\\\/04\\\/koci-behawioryzm-500-x-200-px-2.png\",\"width\":200,\"height\":100,\"caption\":\"admin\"},\"logo\":{\"@id\":\"https:\\\/\\\/kocie-porady.pl\\\/sklep\\\/wp-content\\\/uploads\\\/2026\\\/04\\\/koci-behawioryzm-500-x-200-px-2.png\"},\"sameAs\":[\"https:\\\/\\\/kocie-porady.pl\\\/sklep\"]}]}<\/script>\n<!-- \/ Yoast SEO plugin. -->","yoast_head_json":{"title":"Wyk\u0142ad specjalisty na \u017cywo - Sklep dla kocich opiekun\u00f3w","robots":{"index":"index","follow":"follow","max-snippet":"max-snippet:-1","max-image-preview":"max-image-preview:large","max-video-preview":"max-video-preview:-1"},"canonical":"https:\/\/kocie-porady.pl\/sklep\/index.php\/produkt\/wyklad-specjalisty-na-zywo\/","og_locale":"pl_PL","og_type":"article","og_title":"Wyk\u0142ad specjalisty na \u017cywo - Sklep dla kocich opiekun\u00f3w","og_description":"Wyk\u0142ad specjalisty na \u017cywo","og_url":"https:\/\/kocie-porady.pl\/sklep\/index.php\/produkt\/wyklad-specjalisty-na-zywo\/","og_site_name":"Sklep dla kocich opiekun\u00f3w","article_modified_time":"2022-06-21T07:42:25+00:00","og_image":[{"width":500,"height":500,"url":"https:\/\/kocie-porady.pl\/sklep\/wp-content\/uploads\/2021\/03\/konsultacja-8.png","type":"image\/png"}],"twitter_card":"summary_large_image","twitter_misc":{"Szacowany czas czytania":"1 minuta"},"schema":{"@context":"https:\/\/schema.org","@graph":[{"@type":"WebPage","@id":"https:\/\/kocie-porady.pl\/sklep\/index.php\/produkt\/wyklad-specjalisty-na-zywo\/","url":"https:\/\/kocie-porady.pl\/sklep\/index.php\/produkt\/wyklad-specjalisty-na-zywo\/","name":"Wyk\u0142ad specjalisty na \u017cywo - Sklep dla kocich opiekun\u00f3w","isPartOf":{"@id":"https:\/\/kocie-porady.pl\/sklep\/#website"},"primaryImageOfPage":{"@id":"https:\/\/kocie-porady.pl\/sklep\/index.php\/produkt\/wyklad-specjalisty-na-zywo\/#primaryimage"},"image":{"@id":"https:\/\/kocie-porady.pl\/sklep\/index.php\/produkt\/wyklad-specjalisty-na-zywo\/#primaryimage"},"thumbnailUrl":"https:\/\/kocie-porady.pl\/sklep\/wp-content\/uploads\/2021\/03\/konsultacja-8.png","datePublished":"2021-03-29T14:01:03+00:00","dateModified":"2022-06-21T07:42:25+00:00","breadcrumb":{"@id":"https:\/\/kocie-porady.pl\/sklep\/index.php\/produkt\/wyklad-specjalisty-na-zywo\/#breadcrumb"},"inLanguage":"pl-PL","potentialAction":[{"@type":"ReadAction","target":["https:\/\/kocie-porady.pl\/sklep\/index.php\/produkt\/wyklad-specjalisty-na-zywo\/"]}]},{"@type":"ImageObject","inLanguage":"pl-PL","@id":"https:\/\/kocie-porady.pl\/sklep\/index.php\/produkt\/wyklad-specjalisty-na-zywo\/#primaryimage","url":"https:\/\/kocie-porady.pl\/sklep\/wp-content\/uploads\/2021\/03\/konsultacja-8.png","contentUrl":"https:\/\/kocie-porady.pl\/sklep\/wp-content\/uploads\/2021\/03\/konsultacja-8.png","width":500,"height":500},{"@type":"BreadcrumbList","@id":"https:\/\/kocie-porady.pl\/sklep\/index.php\/produkt\/wyklad-specjalisty-na-zywo\/#breadcrumb","itemListElement":[{"@type":"ListItem","position":1,"name":"Strona g\u0142\u00f3wna","item":"https:\/\/kocie-porady.pl\/sklep\/"},{"@type":"ListItem","position":2,"name":"Sklep","item":"https:\/\/kocie-porady.pl\/sklep\/index.php\/sklep\/"},{"@type":"ListItem","position":3,"name":"Wyk\u0142ad specjalisty na \u017cywo"}]},{"@type":"WebSite","@id":"https:\/\/kocie-porady.pl\/sklep\/#website","url":"https:\/\/kocie-porady.pl\/sklep\/","name":"Sklep dla kocich opiekun\u00f3w","description":"","publisher":{"@id":"https:\/\/kocie-porady.pl\/sklep\/#\/schema\/person\/3585b25f6c41a8448e9e088f50954cf4"},"potentialAction":[{"@type":"SearchAction","target":{"@type":"EntryPoint","urlTemplate":"https:\/\/kocie-porady.pl\/sklep\/?s={search_term_string}"},"query-input":{"@type":"PropertyValueSpecification","valueRequired":true,"valueName":"search_term_string"}}],"inLanguage":"pl-PL"},{"@type":["Person","Organization"],"@id":"https:\/\/kocie-porady.pl\/sklep\/#\/schema\/person\/3585b25f6c41a8448e9e088f50954cf4","name":"admin","image":{"@type":"ImageObject","inLanguage":"pl-PL","@id":"https:\/\/kocie-porady.pl\/sklep\/wp-content\/uploads\/2026\/04\/koci-behawioryzm-500-x-200-px-2.png","url":"https:\/\/kocie-porady.pl\/sklep\/wp-content\/uploads\/2026\/04\/koci-behawioryzm-500-x-200-px-2.png","contentUrl":"https:\/\/kocie-porady.pl\/sklep\/wp-content\/uploads\/2026\/04\/koci-behawioryzm-500-x-200-px-2.png","width":200,"height":100,"caption":"admin"},"logo":{"@id":"https:\/\/kocie-porady.pl\/sklep\/wp-content\/uploads\/2026\/04\/koci-behawioryzm-500-x-200-px-2.png"},"sameAs":["https:\/\/kocie-porady.pl\/sklep"]}]}},"jetpack_sharing_enabled":true,"_links":{"self":[{"href":"https:\/\/kocie-porady.pl\/sklep\/index.php\/wp-json\/wp\/v2\/product\/5940","targetHints":{"allow":["GET"]}}],"collection":[{"href":"https:\/\/kocie-porady.pl\/sklep\/index.php\/wp-json\/wp\/v2\/product"}],"about":[{"href":"https:\/\/kocie-porady.pl\/sklep\/index.php\/wp-json\/wp\/v2\/types\/product"}],"replies":[{"embeddable":true,"href":"https:\/\/kocie-porady.pl\/sklep\/index.php\/wp-json\/wp\/v2\/comments?post=5940"}],"wp:featuredmedia":[{"embeddable":true,"href":"https:\/\/kocie-porady.pl\/sklep\/index.php\/wp-json\/wp\/v2\/media\/5960"}],"wp:attachment":[{"href":"https:\/\/kocie-porady.pl\/sklep\/index.php\/wp-json\/wp\/v2\/media?parent=5940"}],"wp:term":[{"taxonomy":"product_brand","embeddable":true,"href":"https:\/\/kocie-porady.pl\/sklep\/index.php\/wp-json\/wp\/v2\/product_brand?post=5940"},{"taxonomy":"product_cat","embeddable":true,"href":"https:\/\/kocie-porady.pl\/sklep\/index.php\/wp-json\/wp\/v2\/product_cat?post=5940"},{"taxonomy":"product_tag","embeddable":true,"href":"https:\/\/kocie-porady.pl\/sklep\/index.php\/wp-json\/wp\/v2\/product_tag?post=5940"}],"curies":[{"name":"wp","href":"https:\/\/api.w.org\/{rel}","templated":true}]}}