{"id":5849,"date":"2021-03-29T00:36:06","date_gmt":"2021-03-29T00:36:06","guid":{"rendered":"https:\/\/kocie-porady.pl\/sklep\/?post_type=product&#038;p=5849"},"modified":"2026-05-02T21:23:43","modified_gmt":"2026-05-02T21:23:43","slug":"konsultacja-behawioralna-na-zywo","status":"publish","type":"product","link":"https:\/\/kocie-porady.pl\/sklep\/index.php\/produkt\/konsultacja-behawioralna-na-zywo\/","title":{"rendered":"Konsultacja behawioralna na \u017cywo"},"content":{"rendered":"<p class=\"my-2 [&amp;+p]:mt-4 [&amp;_strong:has(+br)]:inline-block [&amp;_strong:has(+br)]:pb-2\">Konsultacja behawioralna na \u017cywo<\/p>\n<p>Przed um\u00f3wieniem konsultacji behawioralnej zadbaj o wizyt\u0119 kontroln\u0105 u lekarza weterynarii. To kluczowy krok, kt\u00f3ry pozwala wykluczy\u0107 pod\u0142o\u017ce medyczne problem\u00f3w zachowania. Szczeg\u00f3\u0142owe wskaz\u00f3wki znajdziesz w artykule:\u00a0<a class=\"reset interactable cursor-pointer decoration-1 underline-offset-1 text-super hover:underline\" href=\"https:\/\/kocie-porady.pl\/sklep\/index.php\/2021\/04\/01\/przygotowanie-sie-do-konsultacji-behawioralnej\/\" target=\"_blank\" rel=\"nofollow noopener\"><span class=\"text-box-trim-both\">Przygotowanie si\u0119 klienta do konsultacji behawioralnej<\/span><\/a>.<\/p>\n<p class=\"my-2 [&amp;+p]:mt-4 [&amp;_strong:has(+br)]:inline-block [&amp;_strong:has(+br)]:pb-2\">W ramach projektu\u00a0<a class=\"reset interactable cursor-pointer decoration-1 underline-offset-1 text-super hover:underline\" href=\"https:\/\/www.kocie-porady.pl\/\" target=\"_blank\" rel=\"nofollow noopener\"><span class=\"text-box-trim-both\">Kocie Porady<\/span><\/a>\u00a0oferujemy konsultacje behawioralne z dojazdem do domu. Spotkanie trwa 120 minut, a po wizycie pozostajemy do Twojej dyspozycji od 30 do 90 dni. Niezale\u017cnie od tego, gdzie mieszkasz, mo\u017cesz liczy\u0107 na wsparcie do\u015bwiadczonych zoopsycholog\u00f3w i behawioryst\u00f3w wsp\u00f3\u0142pracuj\u0105cych z nami w ca\u0142ej Polsce.<\/p>\n<h3 id=\"jak-wyglda-wizyta\" class=\"font-editorial font-bold mb-2 mt-4 [.has-inline-images_&amp;]:clear-end text-base first:mt-0\">Jak wygl\u0105da wizyta?<\/h3>\n<p class=\"my-2 [&amp;+p]:mt-4 [&amp;_strong:has(+br)]:inline-block [&amp;_strong:has(+br)]:pb-2\">Specjalista przeprowadza szczeg\u00f3\u0142owy wywiad o \u017cyciu Twojego kota, jednocze\u015bnie ogl\u0105daj\u0105c warunki, w jakich przebywa. Ocenia relacje zwierz\u0119cia z domownikami i otoczeniem, stawia wst\u0119pn\u0105 diagnoz\u0119 oraz omawia na bie\u017c\u0105co zalecenia dostosowane do sytuacji.<\/p>\n<p class=\"my-2 [&amp;+p]:mt-4 [&amp;_strong:has(+br)]:inline-block [&amp;_strong:has(+br)]:pb-2\">Zalecenia przekazujemy ustnie podczas spotkania. Je\u015bli potrzebujesz ich w formie pisemnej, przygotujemy dokumentacj\u0119 na Twoje \u017cyczenie \u2013 do 21 dni od zako\u0144czenia wizyty. Wprowadzenie zmian w \u017cyciu kota i realizacja wszystkich zalece\u0144 le\u017cy w gestii opiekuna prawnego.<\/p>\n<h3 id=\"gdzie-pracujemy\" class=\"font-editorial font-bold mb-2 mt-4 [.has-inline-images_&amp;]:clear-end text-base first:mt-0\">Gdzie pracujemy?<\/h3>\n<p class=\"my-2 [&amp;+p]:mt-4 [&amp;_strong:has(+br)]:inline-block [&amp;_strong:has(+br)]:pb-2\">Konsultacje realizujemy na terenie miast wymienionych na naszej li\u015bcie. Wyjazd poza granice administracyjne miasta \u2013 nawet o 50 metr\u00f3w \u2013 wi\u0105\u017ce si\u0119 z dop\u0142at\u0105 za dojazd.<\/p>\n","protected":false},"excerpt":{"rendered":"<p><strong>Konsultacja behawioralna na \u017cywo w twoim domu<\/strong> to indywidualne spotkanie z do\u015bwiadczonym ekspertem, kt\u00f3ry odwiedzi Ci\u0119 w domu, aby dok\u0142adnie oceni\u0107 zachowanie Twojego kota w jego naturalnym \u015brodowisku. Podczas wizyty specjalista przeprowadzi szczeg\u00f3\u0142owy wywiad, obserwuj\u0105c relacje kota z domownikami oraz jego otoczenie. Na podstawie zebranych informacji postawi wst\u0119pn\u0105 diagnoz\u0119 i przedstawi praktyczne zalecenia na miejscu. To idealne rozwi\u0105zanie, aby zrozumie\u0107 i poprawi\u0107 zachowanie kota w jego codziennym \u017cyciu.<\/p>\n","protected":false},"featured_media":7511,"comment_status":"open","ping_status":"closed","template":"","meta":[],"product_brand":[],"product_cat":[57],"product_tag":[70,131,228,229,230,231,130,62,69,113,61,235,129,63,233,232,128,234,132],"class_list":{"0":"post-5849","1":"product","2":"type-product","3":"status-publish","4":"has-post-thumbnail","6":"product_cat-uslugi","7":"product_tag-behawioralna","8":"product_tag-behawiorysta","9":"product_tag-cat-behaviorist","10":"product_tag-cat-ethology","11":"product_tag-etolog","12":"product_tag-etologia","13":"product_tag-klient","14":"product_tag-kocie-porady","15":"product_tag-konsultacja","16":"product_tag-konsultacja-behawioralna","17":"product_tag-konsultacja-behawioralna-kota","18":"product_tag-ocena-behawioralna","19":"product_tag-pacjent","20":"product_tag-porady-kocie","21":"product_tag-rozmowa-z-klientem","22":"product_tag-rozmowa-ze-specjalista","23":"product_tag-schemat-postepowania","24":"product_tag-wywiad-behawioralny","25":"product_tag-zoopsycholog","27":"first","28":"instock","29":"taxable","30":"shipping-taxable","31":"purchasable","32":"product-type-variable","33":"has-default-attributes"},"yoast_head":"<!-- This site is optimized with the Yoast SEO plugin v27.6 - https:\/\/yoast.com\/product\/yoast-seo-wordpress\/ -->\n<title>Konsultacja behawioralna na \u017cywo - Sklep dla kocich opiekun\u00f3w<\/title>\n<meta name=\"description\" content=\"Konsultacja behawioralna na \u017cywo to spotkanie pomi\u0119dzy prawnym opiekunem zwierz\u0119cia a specjalist\u0105 kt\u00f3ry zajmuje si\u0119 kwestiami zachowania zwierz\u0105t domowych.\" \/>\n<meta name=\"robots\" content=\"index, follow, max-snippet:-1, max-image-preview:large, max-video-preview:-1\" \/>\n<link rel=\"canonical\" href=\"https:\/\/kocie-porady.pl\/sklep\/index.php\/produkt\/konsultacja-behawioralna-na-zywo\/\" \/>\n<meta property=\"og:locale\" content=\"pl_PL\" \/>\n<meta property=\"og:type\" content=\"article\" \/>\n<meta property=\"og:title\" content=\"Konsultacja behawioralna na \u017cywo - Sklep dla kocich opiekun\u00f3w\" \/>\n<meta property=\"og:description\" content=\"Konsultacja behawioralna na \u017cywo to spotkanie pomi\u0119dzy prawnym opiekunem zwierz\u0119cia a specjalist\u0105 kt\u00f3ry zajmuje si\u0119 kwestiami zachowania zwierz\u0105t domowych.\" \/>\n<meta property=\"og:url\" content=\"https:\/\/kocie-porady.pl\/sklep\/index.php\/produkt\/konsultacja-behawioralna-na-zywo\/\" \/>\n<meta property=\"og:site_name\" content=\"Sklep dla kocich opiekun\u00f3w\" \/>\n<meta property=\"article:modified_time\" content=\"2026-05-02T21:23:43+00:00\" \/>\n<meta property=\"og:image\" content=\"https:\/\/kocie-porady.pl\/sklep\/wp-content\/uploads\/2021\/03\/na-zywo-1.png\" \/>\n\t<meta property=\"og:image:width\" content=\"800\" \/>\n\t<meta property=\"og:image:height\" content=\"800\" \/>\n\t<meta property=\"og:image:type\" content=\"image\/png\" \/>\n<meta name=\"twitter:card\" content=\"summary_large_image\" \/>\n<meta name=\"twitter:label1\" content=\"Szacowany czas czytania\" \/>\n\t<meta name=\"twitter:data1\" content=\"2 minuty\" \/>\n<script type=\"application\/ld+json\" class=\"yoast-schema-graph\">{\"@context\":\"https:\\\/\\\/schema.org\",\"@graph\":[{\"@type\":\"WebPage\",\"@id\":\"https:\\\/\\\/kocie-porady.pl\\\/sklep\\\/index.php\\\/produkt\\\/konsultacja-behawioralna-na-zywo\\\/\",\"url\":\"https:\\\/\\\/kocie-porady.pl\\\/sklep\\\/index.php\\\/produkt\\\/konsultacja-behawioralna-na-zywo\\\/\",\"name\":\"Konsultacja behawioralna na \u017cywo - Sklep dla kocich opiekun\u00f3w\",\"isPartOf\":{\"@id\":\"https:\\\/\\\/kocie-porady.pl\\\/sklep\\\/#website\"},\"primaryImageOfPage\":{\"@id\":\"https:\\\/\\\/kocie-porady.pl\\\/sklep\\\/index.php\\\/produkt\\\/konsultacja-behawioralna-na-zywo\\\/#primaryimage\"},\"image\":{\"@id\":\"https:\\\/\\\/kocie-porady.pl\\\/sklep\\\/index.php\\\/produkt\\\/konsultacja-behawioralna-na-zywo\\\/#primaryimage\"},\"thumbnailUrl\":\"https:\\\/\\\/kocie-porady.pl\\\/sklep\\\/wp-content\\\/uploads\\\/2021\\\/03\\\/na-zywo-1.png\",\"datePublished\":\"2021-03-29T00:36:06+00:00\",\"dateModified\":\"2026-05-02T21:23:43+00:00\",\"description\":\"Konsultacja behawioralna na \u017cywo to spotkanie pomi\u0119dzy prawnym opiekunem zwierz\u0119cia a specjalist\u0105 kt\u00f3ry zajmuje si\u0119 kwestiami zachowania zwierz\u0105t domowych.\",\"breadcrumb\":{\"@id\":\"https:\\\/\\\/kocie-porady.pl\\\/sklep\\\/index.php\\\/produkt\\\/konsultacja-behawioralna-na-zywo\\\/#breadcrumb\"},\"inLanguage\":\"pl-PL\",\"potentialAction\":[{\"@type\":\"ReadAction\",\"target\":[\"https:\\\/\\\/kocie-porady.pl\\\/sklep\\\/index.php\\\/produkt\\\/konsultacja-behawioralna-na-zywo\\\/\"]}]},{\"@type\":\"ImageObject\",\"inLanguage\":\"pl-PL\",\"@id\":\"https:\\\/\\\/kocie-porady.pl\\\/sklep\\\/index.php\\\/produkt\\\/konsultacja-behawioralna-na-zywo\\\/#primaryimage\",\"url\":\"https:\\\/\\\/kocie-porady.pl\\\/sklep\\\/wp-content\\\/uploads\\\/2021\\\/03\\\/na-zywo-1.png\",\"contentUrl\":\"https:\\\/\\\/kocie-porady.pl\\\/sklep\\\/wp-content\\\/uploads\\\/2021\\\/03\\\/na-zywo-1.png\",\"width\":800,\"height\":800,\"caption\":\"Konsultacja behawioralna na \u017cywo\"},{\"@type\":\"BreadcrumbList\",\"@id\":\"https:\\\/\\\/kocie-porady.pl\\\/sklep\\\/index.php\\\/produkt\\\/konsultacja-behawioralna-na-zywo\\\/#breadcrumb\",\"itemListElement\":[{\"@type\":\"ListItem\",\"position\":1,\"name\":\"Strona g\u0142\u00f3wna\",\"item\":\"https:\\\/\\\/kocie-porady.pl\\\/sklep\\\/\"},{\"@type\":\"ListItem\",\"position\":2,\"name\":\"Sklep\",\"item\":\"https:\\\/\\\/kocie-porady.pl\\\/sklep\\\/index.php\\\/sklep\\\/\"},{\"@type\":\"ListItem\",\"position\":3,\"name\":\"Konsultacja behawioralna na \u017cywo\"}]},{\"@type\":\"WebSite\",\"@id\":\"https:\\\/\\\/kocie-porady.pl\\\/sklep\\\/#website\",\"url\":\"https:\\\/\\\/kocie-porady.pl\\\/sklep\\\/\",\"name\":\"Sklep dla kocich opiekun\u00f3w\",\"description\":\"\",\"publisher\":{\"@id\":\"https:\\\/\\\/kocie-porady.pl\\\/sklep\\\/#\\\/schema\\\/person\\\/3585b25f6c41a8448e9e088f50954cf4\"},\"potentialAction\":[{\"@type\":\"SearchAction\",\"target\":{\"@type\":\"EntryPoint\",\"urlTemplate\":\"https:\\\/\\\/kocie-porady.pl\\\/sklep\\\/?s={search_term_string}\"},\"query-input\":{\"@type\":\"PropertyValueSpecification\",\"valueRequired\":true,\"valueName\":\"search_term_string\"}}],\"inLanguage\":\"pl-PL\"},{\"@type\":[\"Person\",\"Organization\"],\"@id\":\"https:\\\/\\\/kocie-porady.pl\\\/sklep\\\/#\\\/schema\\\/person\\\/3585b25f6c41a8448e9e088f50954cf4\",\"name\":\"admin\",\"image\":{\"@type\":\"ImageObject\",\"inLanguage\":\"pl-PL\",\"@id\":\"https:\\\/\\\/kocie-porady.pl\\\/sklep\\\/wp-content\\\/uploads\\\/2026\\\/04\\\/koci-behawioryzm-500-x-200-px-2.png\",\"url\":\"https:\\\/\\\/kocie-porady.pl\\\/sklep\\\/wp-content\\\/uploads\\\/2026\\\/04\\\/koci-behawioryzm-500-x-200-px-2.png\",\"contentUrl\":\"https:\\\/\\\/kocie-porady.pl\\\/sklep\\\/wp-content\\\/uploads\\\/2026\\\/04\\\/koci-behawioryzm-500-x-200-px-2.png\",\"width\":200,\"height\":100,\"caption\":\"admin\"},\"logo\":{\"@id\":\"https:\\\/\\\/kocie-porady.pl\\\/sklep\\\/wp-content\\\/uploads\\\/2026\\\/04\\\/koci-behawioryzm-500-x-200-px-2.png\"},\"sameAs\":[\"https:\\\/\\\/kocie-porady.pl\\\/sklep\"]}]}<\/script>\n<!-- \/ Yoast SEO plugin. -->","yoast_head_json":{"title":"Konsultacja behawioralna na \u017cywo - Sklep dla kocich opiekun\u00f3w","description":"Konsultacja behawioralna na \u017cywo to spotkanie pomi\u0119dzy prawnym opiekunem zwierz\u0119cia a specjalist\u0105 kt\u00f3ry zajmuje si\u0119 kwestiami zachowania zwierz\u0105t domowych.","robots":{"index":"index","follow":"follow","max-snippet":"max-snippet:-1","max-image-preview":"max-image-preview:large","max-video-preview":"max-video-preview:-1"},"canonical":"https:\/\/kocie-porady.pl\/sklep\/index.php\/produkt\/konsultacja-behawioralna-na-zywo\/","og_locale":"pl_PL","og_type":"article","og_title":"Konsultacja behawioralna na \u017cywo - Sklep dla kocich opiekun\u00f3w","og_description":"Konsultacja behawioralna na \u017cywo to spotkanie pomi\u0119dzy prawnym opiekunem zwierz\u0119cia a specjalist\u0105 kt\u00f3ry zajmuje si\u0119 kwestiami zachowania zwierz\u0105t domowych.","og_url":"https:\/\/kocie-porady.pl\/sklep\/index.php\/produkt\/konsultacja-behawioralna-na-zywo\/","og_site_name":"Sklep dla kocich opiekun\u00f3w","article_modified_time":"2026-05-02T21:23:43+00:00","og_image":[{"width":800,"height":800,"url":"https:\/\/kocie-porady.pl\/sklep\/wp-content\/uploads\/2021\/03\/na-zywo-1.png","type":"image\/png"}],"twitter_card":"summary_large_image","twitter_misc":{"Szacowany czas czytania":"2 minuty"},"schema":{"@context":"https:\/\/schema.org","@graph":[{"@type":"WebPage","@id":"https:\/\/kocie-porady.pl\/sklep\/index.php\/produkt\/konsultacja-behawioralna-na-zywo\/","url":"https:\/\/kocie-porady.pl\/sklep\/index.php\/produkt\/konsultacja-behawioralna-na-zywo\/","name":"Konsultacja behawioralna na \u017cywo - Sklep dla kocich opiekun\u00f3w","isPartOf":{"@id":"https:\/\/kocie-porady.pl\/sklep\/#website"},"primaryImageOfPage":{"@id":"https:\/\/kocie-porady.pl\/sklep\/index.php\/produkt\/konsultacja-behawioralna-na-zywo\/#primaryimage"},"image":{"@id":"https:\/\/kocie-porady.pl\/sklep\/index.php\/produkt\/konsultacja-behawioralna-na-zywo\/#primaryimage"},"thumbnailUrl":"https:\/\/kocie-porady.pl\/sklep\/wp-content\/uploads\/2021\/03\/na-zywo-1.png","datePublished":"2021-03-29T00:36:06+00:00","dateModified":"2026-05-02T21:23:43+00:00","description":"Konsultacja behawioralna na \u017cywo to spotkanie pomi\u0119dzy prawnym opiekunem zwierz\u0119cia a specjalist\u0105 kt\u00f3ry zajmuje si\u0119 kwestiami zachowania zwierz\u0105t domowych.","breadcrumb":{"@id":"https:\/\/kocie-porady.pl\/sklep\/index.php\/produkt\/konsultacja-behawioralna-na-zywo\/#breadcrumb"},"inLanguage":"pl-PL","potentialAction":[{"@type":"ReadAction","target":["https:\/\/kocie-porady.pl\/sklep\/index.php\/produkt\/konsultacja-behawioralna-na-zywo\/"]}]},{"@type":"ImageObject","inLanguage":"pl-PL","@id":"https:\/\/kocie-porady.pl\/sklep\/index.php\/produkt\/konsultacja-behawioralna-na-zywo\/#primaryimage","url":"https:\/\/kocie-porady.pl\/sklep\/wp-content\/uploads\/2021\/03\/na-zywo-1.png","contentUrl":"https:\/\/kocie-porady.pl\/sklep\/wp-content\/uploads\/2021\/03\/na-zywo-1.png","width":800,"height":800,"caption":"Konsultacja behawioralna na \u017cywo"},{"@type":"BreadcrumbList","@id":"https:\/\/kocie-porady.pl\/sklep\/index.php\/produkt\/konsultacja-behawioralna-na-zywo\/#breadcrumb","itemListElement":[{"@type":"ListItem","position":1,"name":"Strona g\u0142\u00f3wna","item":"https:\/\/kocie-porady.pl\/sklep\/"},{"@type":"ListItem","position":2,"name":"Sklep","item":"https:\/\/kocie-porady.pl\/sklep\/index.php\/sklep\/"},{"@type":"ListItem","position":3,"name":"Konsultacja behawioralna na \u017cywo"}]},{"@type":"WebSite","@id":"https:\/\/kocie-porady.pl\/sklep\/#website","url":"https:\/\/kocie-porady.pl\/sklep\/","name":"Sklep dla kocich opiekun\u00f3w","description":"","publisher":{"@id":"https:\/\/kocie-porady.pl\/sklep\/#\/schema\/person\/3585b25f6c41a8448e9e088f50954cf4"},"potentialAction":[{"@type":"SearchAction","target":{"@type":"EntryPoint","urlTemplate":"https:\/\/kocie-porady.pl\/sklep\/?s={search_term_string}"},"query-input":{"@type":"PropertyValueSpecification","valueRequired":true,"valueName":"search_term_string"}}],"inLanguage":"pl-PL"},{"@type":["Person","Organization"],"@id":"https:\/\/kocie-porady.pl\/sklep\/#\/schema\/person\/3585b25f6c41a8448e9e088f50954cf4","name":"admin","image":{"@type":"ImageObject","inLanguage":"pl-PL","@id":"https:\/\/kocie-porady.pl\/sklep\/wp-content\/uploads\/2026\/04\/koci-behawioryzm-500-x-200-px-2.png","url":"https:\/\/kocie-porady.pl\/sklep\/wp-content\/uploads\/2026\/04\/koci-behawioryzm-500-x-200-px-2.png","contentUrl":"https:\/\/kocie-porady.pl\/sklep\/wp-content\/uploads\/2026\/04\/koci-behawioryzm-500-x-200-px-2.png","width":200,"height":100,"caption":"admin"},"logo":{"@id":"https:\/\/kocie-porady.pl\/sklep\/wp-content\/uploads\/2026\/04\/koci-behawioryzm-500-x-200-px-2.png"},"sameAs":["https:\/\/kocie-porady.pl\/sklep"]}]}},"jetpack_sharing_enabled":true,"_links":{"self":[{"href":"https:\/\/kocie-porady.pl\/sklep\/index.php\/wp-json\/wp\/v2\/product\/5849","targetHints":{"allow":["GET"]}}],"collection":[{"href":"https:\/\/kocie-porady.pl\/sklep\/index.php\/wp-json\/wp\/v2\/product"}],"about":[{"href":"https:\/\/kocie-porady.pl\/sklep\/index.php\/wp-json\/wp\/v2\/types\/product"}],"replies":[{"embeddable":true,"href":"https:\/\/kocie-porady.pl\/sklep\/index.php\/wp-json\/wp\/v2\/comments?post=5849"}],"wp:featuredmedia":[{"embeddable":true,"href":"https:\/\/kocie-porady.pl\/sklep\/index.php\/wp-json\/wp\/v2\/media\/7511"}],"wp:attachment":[{"href":"https:\/\/kocie-porady.pl\/sklep\/index.php\/wp-json\/wp\/v2\/media?parent=5849"}],"wp:term":[{"taxonomy":"product_brand","embeddable":true,"href":"https:\/\/kocie-porady.pl\/sklep\/index.php\/wp-json\/wp\/v2\/product_brand?post=5849"},{"taxonomy":"product_cat","embeddable":true,"href":"https:\/\/kocie-porady.pl\/sklep\/index.php\/wp-json\/wp\/v2\/product_cat?post=5849"},{"taxonomy":"product_tag","embeddable":true,"href":"https:\/\/kocie-porady.pl\/sklep\/index.php\/wp-json\/wp\/v2\/product_tag?post=5849"}],"curies":[{"name":"wp","href":"https:\/\/api.w.org\/{rel}","templated":true}]}}