{"id":6604,"date":"2022-01-27T11:22:29","date_gmt":"2022-01-27T11:22:29","guid":{"rendered":"https:\/\/kocie-porady.pl\/sklep\/?page_id=6604"},"modified":"2026-04-14T10:49:31","modified_gmt":"2026-04-14T10:49:31","slug":"prawo-do-odstapienia-umowy","status":"publish","type":"page","link":"https:\/\/kocie-porady.pl\/sklep\/index.php\/regulamin-sklepu\/prawo-do-odstapienia-umowy\/","title":{"rendered":"Prawo do odst\u0105pienia umowy"},"content":{"rendered":"<p>Konsument, kt\u00f3ry zawar\u0142\u00a0umow\u0119 na odleg\u0142o\u015b\u0107\u00a0lub\u00a0umow\u0119 poza lokalem przedsi\u0119biorstwa, ma prawo odst\u0105pi\u0107 od niej\u00a0bez podawania przyczyny w terminie 14 dni. Jest to tzw. prawo do namys\u0142u, umo\u017cliwiaj\u0105ce kupuj\u0105cemu zapoznanie si\u0119 z towarem i rozwa\u017cenie racjonalno\u015bci zakupu. To uprawnienie\u00a0nie przys\u0142uguje w przypadku zakup\u00f3w w sklepach tradycyjnych. Z\u0142o\u017cenie o\u015bwiadczenia o odst\u0105pieniu od umowy i zwrot towaru to dwie zupe\u0142nie r\u00f3\u017cne czynno\u015bci \u2013\u00a0konsument nie musi ich dokonywa\u0107 jednocze\u015bnie.<\/p>\n<p>&nbsp;<\/p>\n","protected":false},"excerpt":{"rendered":"<p>Konsument, kt\u00f3ry zawar\u0142\u00a0umow\u0119 na odleg\u0142o\u015b\u0107\u00a0lub\u00a0umow\u0119 poza lokalem przedsi\u0119biorstwa, ma prawo odst\u0105pi\u0107 od niej\u00a0bez podawania przyczyny w terminie 14 dni. Jest to tzw. prawo do namys\u0142u, umo\u017cliwiaj\u0105ce kupuj\u0105cemu zapoznanie si\u0119 z&#8230;<\/p>\n","protected":false},"author":1,"featured_media":0,"parent":6015,"menu_order":0,"comment_status":"closed","ping_status":"closed","template":"","meta":{"footnotes":""},"class_list":["post-6604","page","type-page","status-publish"],"yoast_head":"<!-- This site is optimized with the Yoast SEO plugin v27.4 - https:\/\/yoast.com\/product\/yoast-seo-wordpress\/ -->\n<title>Prawo do odst\u0105pienia umowy - Sklep dla kocich opiekun\u00f3w<\/title>\n<meta name=\"description\" content=\"Prawo do odst\u0105pienia umowy\" \/>\n<meta name=\"robots\" content=\"index, follow, max-snippet:-1, max-image-preview:large, max-video-preview:-1\" \/>\n<link rel=\"canonical\" href=\"https:\/\/kocie-porady.pl\/sklep\/index.php\/regulamin-sklepu\/prawo-do-odstapienia-umowy\/\" \/>\n<meta property=\"og:locale\" content=\"pl_PL\" \/>\n<meta property=\"og:type\" content=\"article\" \/>\n<meta property=\"og:title\" content=\"Prawo do odst\u0105pienia umowy - Sklep dla kocich opiekun\u00f3w\" \/>\n<meta property=\"og:description\" content=\"Prawo do odst\u0105pienia umowy\" \/>\n<meta property=\"og:url\" content=\"https:\/\/kocie-porady.pl\/sklep\/index.php\/regulamin-sklepu\/prawo-do-odstapienia-umowy\/\" \/>\n<meta property=\"og:site_name\" content=\"Sklep dla kocich opiekun\u00f3w\" \/>\n<meta property=\"article:modified_time\" content=\"2026-04-14T10:49:31+00:00\" \/>\n<meta name=\"twitter:card\" content=\"summary_large_image\" \/>\n<meta name=\"twitter:label1\" content=\"Szacowany czas czytania\" \/>\n\t<meta name=\"twitter:data1\" content=\"1 minuta\" \/>\n<script type=\"application\/ld+json\" class=\"yoast-schema-graph\">{\"@context\":\"https:\\\/\\\/schema.org\",\"@graph\":[{\"@type\":\"WebPage\",\"@id\":\"https:\\\/\\\/kocie-porady.pl\\\/sklep\\\/index.php\\\/regulamin-sklepu\\\/prawo-do-odstapienia-umowy\\\/\",\"url\":\"https:\\\/\\\/kocie-porady.pl\\\/sklep\\\/index.php\\\/regulamin-sklepu\\\/prawo-do-odstapienia-umowy\\\/\",\"name\":\"Prawo do odst\u0105pienia umowy - Sklep dla kocich opiekun\u00f3w\",\"isPartOf\":{\"@id\":\"https:\\\/\\\/kocie-porady.pl\\\/sklep\\\/#website\"},\"datePublished\":\"2022-01-27T11:22:29+00:00\",\"dateModified\":\"2026-04-14T10:49:31+00:00\",\"description\":\"Prawo do odst\u0105pienia umowy\",\"breadcrumb\":{\"@id\":\"https:\\\/\\\/kocie-porady.pl\\\/sklep\\\/index.php\\\/regulamin-sklepu\\\/prawo-do-odstapienia-umowy\\\/#breadcrumb\"},\"inLanguage\":\"pl-PL\",\"potentialAction\":[{\"@type\":\"ReadAction\",\"target\":[\"https:\\\/\\\/kocie-porady.pl\\\/sklep\\\/index.php\\\/regulamin-sklepu\\\/prawo-do-odstapienia-umowy\\\/\"]}]},{\"@type\":\"BreadcrumbList\",\"@id\":\"https:\\\/\\\/kocie-porady.pl\\\/sklep\\\/index.php\\\/regulamin-sklepu\\\/prawo-do-odstapienia-umowy\\\/#breadcrumb\",\"itemListElement\":[{\"@type\":\"ListItem\",\"position\":1,\"name\":\"Strona g\u0142\u00f3wna\",\"item\":\"https:\\\/\\\/kocie-porady.pl\\\/sklep\\\/\"},{\"@type\":\"ListItem\",\"position\":2,\"name\":\"Regulamin sklepu\",\"item\":\"https:\\\/\\\/kocie-porady.pl\\\/sklep\\\/index.php\\\/regulamin-sklepu\\\/\"},{\"@type\":\"ListItem\",\"position\":3,\"name\":\"Prawo do odst\u0105pienia umowy\"}]},{\"@type\":\"WebSite\",\"@id\":\"https:\\\/\\\/kocie-porady.pl\\\/sklep\\\/#website\",\"url\":\"https:\\\/\\\/kocie-porady.pl\\\/sklep\\\/\",\"name\":\"Sklep dla kocich opiekun\u00f3w\",\"description\":\"\",\"publisher\":{\"@id\":\"https:\\\/\\\/kocie-porady.pl\\\/sklep\\\/#\\\/schema\\\/person\\\/3585b25f6c41a8448e9e088f50954cf4\"},\"potentialAction\":[{\"@type\":\"SearchAction\",\"target\":{\"@type\":\"EntryPoint\",\"urlTemplate\":\"https:\\\/\\\/kocie-porady.pl\\\/sklep\\\/?s={search_term_string}\"},\"query-input\":{\"@type\":\"PropertyValueSpecification\",\"valueRequired\":true,\"valueName\":\"search_term_string\"}}],\"inLanguage\":\"pl-PL\"},{\"@type\":[\"Person\",\"Organization\"],\"@id\":\"https:\\\/\\\/kocie-porady.pl\\\/sklep\\\/#\\\/schema\\\/person\\\/3585b25f6c41a8448e9e088f50954cf4\",\"name\":\"admin\",\"image\":{\"@type\":\"ImageObject\",\"inLanguage\":\"pl-PL\",\"@id\":\"https:\\\/\\\/kocie-porady.pl\\\/sklep\\\/wp-content\\\/uploads\\\/2026\\\/04\\\/koci-behawioryzm-500-x-200-px-2.png\",\"url\":\"https:\\\/\\\/kocie-porady.pl\\\/sklep\\\/wp-content\\\/uploads\\\/2026\\\/04\\\/koci-behawioryzm-500-x-200-px-2.png\",\"contentUrl\":\"https:\\\/\\\/kocie-porady.pl\\\/sklep\\\/wp-content\\\/uploads\\\/2026\\\/04\\\/koci-behawioryzm-500-x-200-px-2.png\",\"width\":200,\"height\":100,\"caption\":\"admin\"},\"logo\":{\"@id\":\"https:\\\/\\\/kocie-porady.pl\\\/sklep\\\/wp-content\\\/uploads\\\/2026\\\/04\\\/koci-behawioryzm-500-x-200-px-2.png\"},\"sameAs\":[\"https:\\\/\\\/kocie-porady.pl\\\/sklep\"]}]}<\/script>\n<!-- \/ Yoast SEO plugin. -->","yoast_head_json":{"title":"Prawo do odst\u0105pienia umowy - Sklep dla kocich opiekun\u00f3w","description":"Prawo do odst\u0105pienia umowy","robots":{"index":"index","follow":"follow","max-snippet":"max-snippet:-1","max-image-preview":"max-image-preview:large","max-video-preview":"max-video-preview:-1"},"canonical":"https:\/\/kocie-porady.pl\/sklep\/index.php\/regulamin-sklepu\/prawo-do-odstapienia-umowy\/","og_locale":"pl_PL","og_type":"article","og_title":"Prawo do odst\u0105pienia umowy - Sklep dla kocich opiekun\u00f3w","og_description":"Prawo do odst\u0105pienia umowy","og_url":"https:\/\/kocie-porady.pl\/sklep\/index.php\/regulamin-sklepu\/prawo-do-odstapienia-umowy\/","og_site_name":"Sklep dla kocich opiekun\u00f3w","article_modified_time":"2026-04-14T10:49:31+00:00","twitter_card":"summary_large_image","twitter_misc":{"Szacowany czas czytania":"1 minuta"},"schema":{"@context":"https:\/\/schema.org","@graph":[{"@type":"WebPage","@id":"https:\/\/kocie-porady.pl\/sklep\/index.php\/regulamin-sklepu\/prawo-do-odstapienia-umowy\/","url":"https:\/\/kocie-porady.pl\/sklep\/index.php\/regulamin-sklepu\/prawo-do-odstapienia-umowy\/","name":"Prawo do odst\u0105pienia umowy - Sklep dla kocich opiekun\u00f3w","isPartOf":{"@id":"https:\/\/kocie-porady.pl\/sklep\/#website"},"datePublished":"2022-01-27T11:22:29+00:00","dateModified":"2026-04-14T10:49:31+00:00","description":"Prawo do odst\u0105pienia umowy","breadcrumb":{"@id":"https:\/\/kocie-porady.pl\/sklep\/index.php\/regulamin-sklepu\/prawo-do-odstapienia-umowy\/#breadcrumb"},"inLanguage":"pl-PL","potentialAction":[{"@type":"ReadAction","target":["https:\/\/kocie-porady.pl\/sklep\/index.php\/regulamin-sklepu\/prawo-do-odstapienia-umowy\/"]}]},{"@type":"BreadcrumbList","@id":"https:\/\/kocie-porady.pl\/sklep\/index.php\/regulamin-sklepu\/prawo-do-odstapienia-umowy\/#breadcrumb","itemListElement":[{"@type":"ListItem","position":1,"name":"Strona g\u0142\u00f3wna","item":"https:\/\/kocie-porady.pl\/sklep\/"},{"@type":"ListItem","position":2,"name":"Regulamin sklepu","item":"https:\/\/kocie-porady.pl\/sklep\/index.php\/regulamin-sklepu\/"},{"@type":"ListItem","position":3,"name":"Prawo do odst\u0105pienia umowy"}]},{"@type":"WebSite","@id":"https:\/\/kocie-porady.pl\/sklep\/#website","url":"https:\/\/kocie-porady.pl\/sklep\/","name":"Sklep dla kocich opiekun\u00f3w","description":"","publisher":{"@id":"https:\/\/kocie-porady.pl\/sklep\/#\/schema\/person\/3585b25f6c41a8448e9e088f50954cf4"},"potentialAction":[{"@type":"SearchAction","target":{"@type":"EntryPoint","urlTemplate":"https:\/\/kocie-porady.pl\/sklep\/?s={search_term_string}"},"query-input":{"@type":"PropertyValueSpecification","valueRequired":true,"valueName":"search_term_string"}}],"inLanguage":"pl-PL"},{"@type":["Person","Organization"],"@id":"https:\/\/kocie-porady.pl\/sklep\/#\/schema\/person\/3585b25f6c41a8448e9e088f50954cf4","name":"admin","image":{"@type":"ImageObject","inLanguage":"pl-PL","@id":"https:\/\/kocie-porady.pl\/sklep\/wp-content\/uploads\/2026\/04\/koci-behawioryzm-500-x-200-px-2.png","url":"https:\/\/kocie-porady.pl\/sklep\/wp-content\/uploads\/2026\/04\/koci-behawioryzm-500-x-200-px-2.png","contentUrl":"https:\/\/kocie-porady.pl\/sklep\/wp-content\/uploads\/2026\/04\/koci-behawioryzm-500-x-200-px-2.png","width":200,"height":100,"caption":"admin"},"logo":{"@id":"https:\/\/kocie-porady.pl\/sklep\/wp-content\/uploads\/2026\/04\/koci-behawioryzm-500-x-200-px-2.png"},"sameAs":["https:\/\/kocie-porady.pl\/sklep"]}]}},"jetpack_sharing_enabled":true,"_links":{"self":[{"href":"https:\/\/kocie-porady.pl\/sklep\/index.php\/wp-json\/wp\/v2\/pages\/6604","targetHints":{"allow":["GET"]}}],"collection":[{"href":"https:\/\/kocie-porady.pl\/sklep\/index.php\/wp-json\/wp\/v2\/pages"}],"about":[{"href":"https:\/\/kocie-porady.pl\/sklep\/index.php\/wp-json\/wp\/v2\/types\/page"}],"author":[{"embeddable":true,"href":"https:\/\/kocie-porady.pl\/sklep\/index.php\/wp-json\/wp\/v2\/users\/1"}],"replies":[{"embeddable":true,"href":"https:\/\/kocie-porady.pl\/sklep\/index.php\/wp-json\/wp\/v2\/comments?post=6604"}],"version-history":[{"count":2,"href":"https:\/\/kocie-porady.pl\/sklep\/index.php\/wp-json\/wp\/v2\/pages\/6604\/revisions"}],"predecessor-version":[{"id":6609,"href":"https:\/\/kocie-porady.pl\/sklep\/index.php\/wp-json\/wp\/v2\/pages\/6604\/revisions\/6609"}],"up":[{"embeddable":true,"href":"https:\/\/kocie-porady.pl\/sklep\/index.php\/wp-json\/wp\/v2\/pages\/6015"}],"wp:attachment":[{"href":"https:\/\/kocie-porady.pl\/sklep\/index.php\/wp-json\/wp\/v2\/media?parent=6604"}],"curies":[{"name":"wp","href":"https:\/\/api.w.org\/{rel}","templated":true}]}}