{"id":6574,"date":"2022-01-18T14:02:32","date_gmt":"2022-01-18T14:02:32","guid":{"rendered":"https:\/\/kocie-porady.pl\/sklep\/?page_id=6574"},"modified":"2026-04-14T10:47:27","modified_gmt":"2026-04-14T10:47:27","slug":"prawo-do-zwrotu-towaru-zakupionego-przez-internet","status":"publish","type":"page","link":"https:\/\/kocie-porady.pl\/sklep\/index.php\/regulamin-sklepu\/prawo-do-zwrotu-towaru-zakupionego-przez-internet\/","title":{"rendered":"Prawo do zwrotu towaru zakupionego przez Internet"},"content":{"rendered":"<p style=\"text-align: left;\">Konsument ma\u00a0prawo zwrotu towaru zakupionego przez\u00a0internet. Jest to\u00a0tak\u00a0zwane prawo do\u00a0odst\u0105pienia od\u00a0umowy. Mo\u017ce zrezygnowa\u0107 z\u00a0zakupu w\u00a0ci\u0105gu 14\u00a0dni.<\/p>\n<p style=\"text-align: left;\">Prawo do odst\u0105pienia od umowy zawartej przez Internet reguluje\u00a0<a href=\"http:\/\/www.konsument.gov.pl\/wp-content\/uploads\/bart-baza-wiedzy\/zal-1.pdf\" data-wpel-link=\"internal\" data-wahfont=\"16\">Ustawa o\u00a0prawach konsumenta z\u00a030\u00a0maja 2014\u00a0r.<\/a>, kt\u00f3ra\u00a0implementuje\u00a0<a href=\"http:\/\/www.konsument.gov.pl\/wp-content\/uploads\/baza-styczen\/zalacznik-28.pdf\" data-wpel-link=\"internal\" data-wahfont=\"16\">Dyrektyw\u0119 UE 2011\/83<\/a>.<\/p>\n<p style=\"text-align: left;\" data-wahfont=\"20\"><strong>Ile jest czasu na\u00a0zwrot towaru zakupionego przez\u00a0Internet?<\/strong><\/p>\n<p data-wahfont=\"16\">Konsument ma\u00a0prawo do\u00a0zwrotu towaru zakupionego przez\u00a0internet w\u00a0ci\u0105gu 14\u00a0dni kalendarzowych liczonych od\u00a0momentu wej\u015bcia w\u00a0posiadanie rzeczy lub dnia zawarcia umowy na\u00a0wykonanie us\u0142ugi.<\/p>\n<p data-wahfont=\"16\">Przedsi\u0119biorca ma\u00a014\u00a0dni na\u00a0oddanie pieni\u0119dzy, a\u00a0konsument 14\u00a0dni na\u00a0odes\u0142anie towaru. Przedsi\u0119biorca mo\u017ce wstrzyma\u0107 si\u0119 z\u00a0dokonaniem wyp\u0142aty do\u00a0momentu otrzymania rzeczy z\u00a0powrotem<br \/>\nb\u0105d\u017a do\u00a0otrzymania dowodu wysy\u0142ki.<\/p>\n<p data-wahfont=\"16\">Je\u017celi konsument nie\u00a0zosta\u0142 poinformowany o\u00a0prawie do\u00a0odst\u0105pienia od\u00a0umowy, prawo to\u00a0wygasa po\u00a0up\u0142ywie 12\u00a0miesi\u0119cy.<\/p>\n<p style=\"text-align: left;\" data-wahfont=\"20\"><strong>Czy\u00a0trzeba uzasadnia\u0107 ch\u0119\u0107 zwrotu?<\/strong><\/p>\n<p data-wahfont=\"16\">Nie\u00a0trzeba podawa\u0107 przyczyn rezygnacji. Mo\u017cliwo\u015b\u0107 zwrotu nie\u00a0jest uzale\u017cniona od\u00a0zgody sprzedawcy \u2013 jest to\u00a0jednostronne o\u015bwiadczenie woli.<\/p>\n<p style=\"text-align: left;\" data-wahfont=\"20\"><strong>Jak dokona\u0107 zwrotu towaru?<\/strong><\/p>\n<p style=\"text-align: left;\" data-wahfont=\"16\">Aby odst\u0105pi\u0107 od\u00a0umowy nale\u017cy poinformowa\u0107 o\u00a0tym sprzedawc\u0119, najlepiej w\u00a0formie pisemnej. Mo\u017cna wykorzysta\u0107 formularz przedsi\u0119biorcy, je\u017celi takim dysponuje lub skorzysta\u0107 z\u00a0<span style=\"color: #ff0000;\"><a style=\"color: #ff0000;\" href=\"https:\/\/prawakonsumenta.uokik.gov.pl\/prawo-odstapienia-od-umowy\/forma\/\" target=\"_blank\" rel=\"noopener\">formularza<\/a><\/span> z\u00a0ustawy o\u00a0prawach konsumenta. Nale\u017cy zachowa\u0107 kopie dla cel\u00f3w dowodowych.<\/p>\n<p style=\"text-align: left;\" data-wahfont=\"16\">Wi\u0119cej informacji na stronie <span style=\"color: #ff0000;\"><a style=\"color: #ff0000;\" href=\"https:\/\/konsument.gov.pl\/prawa-konsumenta-zakupy-przez-internet\/\" target=\"_blank\" rel=\"noopener\">Prawa konsumenta zakupy przez internet<\/a><\/span><\/p>\n","protected":false},"excerpt":{"rendered":"<p>Konsument ma\u00a0prawo zwrotu towaru zakupionego przez\u00a0internet. Jest to\u00a0tak\u00a0zwane prawo do\u00a0odst\u0105pienia od\u00a0umowy. Mo\u017ce zrezygnowa\u0107 z\u00a0zakupu w\u00a0ci\u0105gu 14\u00a0dni. Prawo do odst\u0105pienia od umowy zawartej przez Internet reguluje\u00a0Ustawa o\u00a0prawach konsumenta z\u00a030\u00a0maja 2014\u00a0r., kt\u00f3ra\u00a0implementuje\u00a0Dyrektyw\u0119&#8230;<\/p>\n","protected":false},"author":1,"featured_media":0,"parent":6015,"menu_order":0,"comment_status":"closed","ping_status":"closed","template":"","meta":{"footnotes":""},"class_list":["post-6574","page","type-page","status-publish"],"yoast_head":"<!-- This site is optimized with the Yoast SEO plugin v27.4 - https:\/\/yoast.com\/product\/yoast-seo-wordpress\/ -->\n<title>Prawo do zwrotu towaru zakupionego przez Internet - Sklep dla kocich opiekun\u00f3w<\/title>\n<meta name=\"description\" content=\"Prawo do zwrotu towaru zakupionego przez Internet\" \/>\n<meta name=\"robots\" content=\"index, follow, max-snippet:-1, max-image-preview:large, max-video-preview:-1\" \/>\n<link rel=\"canonical\" href=\"https:\/\/kocie-porady.pl\/sklep\/index.php\/regulamin-sklepu\/prawo-do-zwrotu-towaru-zakupionego-przez-internet\/\" \/>\n<meta property=\"og:locale\" content=\"pl_PL\" \/>\n<meta property=\"og:type\" content=\"article\" \/>\n<meta property=\"og:title\" content=\"Prawo do zwrotu towaru zakupionego przez Internet - Sklep dla kocich opiekun\u00f3w\" \/>\n<meta property=\"og:description\" content=\"Prawo do zwrotu towaru zakupionego przez Internet\" \/>\n<meta property=\"og:url\" content=\"https:\/\/kocie-porady.pl\/sklep\/index.php\/regulamin-sklepu\/prawo-do-zwrotu-towaru-zakupionego-przez-internet\/\" \/>\n<meta property=\"og:site_name\" content=\"Sklep dla kocich opiekun\u00f3w\" \/>\n<meta property=\"article:modified_time\" content=\"2026-04-14T10:47:27+00:00\" \/>\n<meta name=\"twitter:card\" content=\"summary_large_image\" \/>\n<meta name=\"twitter:label1\" content=\"Szacowany czas czytania\" \/>\n\t<meta name=\"twitter:data1\" content=\"2 minuty\" \/>\n<script type=\"application\/ld+json\" class=\"yoast-schema-graph\">{\"@context\":\"https:\\\/\\\/schema.org\",\"@graph\":[{\"@type\":\"WebPage\",\"@id\":\"https:\\\/\\\/kocie-porady.pl\\\/sklep\\\/index.php\\\/regulamin-sklepu\\\/prawo-do-zwrotu-towaru-zakupionego-przez-internet\\\/\",\"url\":\"https:\\\/\\\/kocie-porady.pl\\\/sklep\\\/index.php\\\/regulamin-sklepu\\\/prawo-do-zwrotu-towaru-zakupionego-przez-internet\\\/\",\"name\":\"Prawo do zwrotu towaru zakupionego przez Internet - Sklep dla kocich opiekun\u00f3w\",\"isPartOf\":{\"@id\":\"https:\\\/\\\/kocie-porady.pl\\\/sklep\\\/#website\"},\"datePublished\":\"2022-01-18T14:02:32+00:00\",\"dateModified\":\"2026-04-14T10:47:27+00:00\",\"description\":\"Prawo do zwrotu towaru zakupionego przez Internet\",\"breadcrumb\":{\"@id\":\"https:\\\/\\\/kocie-porady.pl\\\/sklep\\\/index.php\\\/regulamin-sklepu\\\/prawo-do-zwrotu-towaru-zakupionego-przez-internet\\\/#breadcrumb\"},\"inLanguage\":\"pl-PL\",\"potentialAction\":[{\"@type\":\"ReadAction\",\"target\":[\"https:\\\/\\\/kocie-porady.pl\\\/sklep\\\/index.php\\\/regulamin-sklepu\\\/prawo-do-zwrotu-towaru-zakupionego-przez-internet\\\/\"]}]},{\"@type\":\"BreadcrumbList\",\"@id\":\"https:\\\/\\\/kocie-porady.pl\\\/sklep\\\/index.php\\\/regulamin-sklepu\\\/prawo-do-zwrotu-towaru-zakupionego-przez-internet\\\/#breadcrumb\",\"itemListElement\":[{\"@type\":\"ListItem\",\"position\":1,\"name\":\"Strona g\u0142\u00f3wna\",\"item\":\"https:\\\/\\\/kocie-porady.pl\\\/sklep\\\/\"},{\"@type\":\"ListItem\",\"position\":2,\"name\":\"Regulamin sklepu\",\"item\":\"https:\\\/\\\/kocie-porady.pl\\\/sklep\\\/index.php\\\/regulamin-sklepu\\\/\"},{\"@type\":\"ListItem\",\"position\":3,\"name\":\"Prawo do zwrotu towaru zakupionego przez Internet\"}]},{\"@type\":\"WebSite\",\"@id\":\"https:\\\/\\\/kocie-porady.pl\\\/sklep\\\/#website\",\"url\":\"https:\\\/\\\/kocie-porady.pl\\\/sklep\\\/\",\"name\":\"Sklep dla kocich opiekun\u00f3w\",\"description\":\"\",\"publisher\":{\"@id\":\"https:\\\/\\\/kocie-porady.pl\\\/sklep\\\/#\\\/schema\\\/person\\\/3585b25f6c41a8448e9e088f50954cf4\"},\"potentialAction\":[{\"@type\":\"SearchAction\",\"target\":{\"@type\":\"EntryPoint\",\"urlTemplate\":\"https:\\\/\\\/kocie-porady.pl\\\/sklep\\\/?s={search_term_string}\"},\"query-input\":{\"@type\":\"PropertyValueSpecification\",\"valueRequired\":true,\"valueName\":\"search_term_string\"}}],\"inLanguage\":\"pl-PL\"},{\"@type\":[\"Person\",\"Organization\"],\"@id\":\"https:\\\/\\\/kocie-porady.pl\\\/sklep\\\/#\\\/schema\\\/person\\\/3585b25f6c41a8448e9e088f50954cf4\",\"name\":\"admin\",\"image\":{\"@type\":\"ImageObject\",\"inLanguage\":\"pl-PL\",\"@id\":\"https:\\\/\\\/kocie-porady.pl\\\/sklep\\\/wp-content\\\/uploads\\\/2026\\\/04\\\/koci-behawioryzm-500-x-200-px-2.png\",\"url\":\"https:\\\/\\\/kocie-porady.pl\\\/sklep\\\/wp-content\\\/uploads\\\/2026\\\/04\\\/koci-behawioryzm-500-x-200-px-2.png\",\"contentUrl\":\"https:\\\/\\\/kocie-porady.pl\\\/sklep\\\/wp-content\\\/uploads\\\/2026\\\/04\\\/koci-behawioryzm-500-x-200-px-2.png\",\"width\":200,\"height\":100,\"caption\":\"admin\"},\"logo\":{\"@id\":\"https:\\\/\\\/kocie-porady.pl\\\/sklep\\\/wp-content\\\/uploads\\\/2026\\\/04\\\/koci-behawioryzm-500-x-200-px-2.png\"},\"sameAs\":[\"https:\\\/\\\/kocie-porady.pl\\\/sklep\"]}]}<\/script>\n<!-- \/ Yoast SEO plugin. -->","yoast_head_json":{"title":"Prawo do zwrotu towaru zakupionego przez Internet - Sklep dla kocich opiekun\u00f3w","description":"Prawo do zwrotu towaru zakupionego przez Internet","robots":{"index":"index","follow":"follow","max-snippet":"max-snippet:-1","max-image-preview":"max-image-preview:large","max-video-preview":"max-video-preview:-1"},"canonical":"https:\/\/kocie-porady.pl\/sklep\/index.php\/regulamin-sklepu\/prawo-do-zwrotu-towaru-zakupionego-przez-internet\/","og_locale":"pl_PL","og_type":"article","og_title":"Prawo do zwrotu towaru zakupionego przez Internet - Sklep dla kocich opiekun\u00f3w","og_description":"Prawo do zwrotu towaru zakupionego przez Internet","og_url":"https:\/\/kocie-porady.pl\/sklep\/index.php\/regulamin-sklepu\/prawo-do-zwrotu-towaru-zakupionego-przez-internet\/","og_site_name":"Sklep dla kocich opiekun\u00f3w","article_modified_time":"2026-04-14T10:47:27+00:00","twitter_card":"summary_large_image","twitter_misc":{"Szacowany czas czytania":"2 minuty"},"schema":{"@context":"https:\/\/schema.org","@graph":[{"@type":"WebPage","@id":"https:\/\/kocie-porady.pl\/sklep\/index.php\/regulamin-sklepu\/prawo-do-zwrotu-towaru-zakupionego-przez-internet\/","url":"https:\/\/kocie-porady.pl\/sklep\/index.php\/regulamin-sklepu\/prawo-do-zwrotu-towaru-zakupionego-przez-internet\/","name":"Prawo do zwrotu towaru zakupionego przez Internet - Sklep dla kocich opiekun\u00f3w","isPartOf":{"@id":"https:\/\/kocie-porady.pl\/sklep\/#website"},"datePublished":"2022-01-18T14:02:32+00:00","dateModified":"2026-04-14T10:47:27+00:00","description":"Prawo do zwrotu towaru zakupionego przez Internet","breadcrumb":{"@id":"https:\/\/kocie-porady.pl\/sklep\/index.php\/regulamin-sklepu\/prawo-do-zwrotu-towaru-zakupionego-przez-internet\/#breadcrumb"},"inLanguage":"pl-PL","potentialAction":[{"@type":"ReadAction","target":["https:\/\/kocie-porady.pl\/sklep\/index.php\/regulamin-sklepu\/prawo-do-zwrotu-towaru-zakupionego-przez-internet\/"]}]},{"@type":"BreadcrumbList","@id":"https:\/\/kocie-porady.pl\/sklep\/index.php\/regulamin-sklepu\/prawo-do-zwrotu-towaru-zakupionego-przez-internet\/#breadcrumb","itemListElement":[{"@type":"ListItem","position":1,"name":"Strona g\u0142\u00f3wna","item":"https:\/\/kocie-porady.pl\/sklep\/"},{"@type":"ListItem","position":2,"name":"Regulamin sklepu","item":"https:\/\/kocie-porady.pl\/sklep\/index.php\/regulamin-sklepu\/"},{"@type":"ListItem","position":3,"name":"Prawo do zwrotu towaru zakupionego przez Internet"}]},{"@type":"WebSite","@id":"https:\/\/kocie-porady.pl\/sklep\/#website","url":"https:\/\/kocie-porady.pl\/sklep\/","name":"Sklep dla kocich opiekun\u00f3w","description":"","publisher":{"@id":"https:\/\/kocie-porady.pl\/sklep\/#\/schema\/person\/3585b25f6c41a8448e9e088f50954cf4"},"potentialAction":[{"@type":"SearchAction","target":{"@type":"EntryPoint","urlTemplate":"https:\/\/kocie-porady.pl\/sklep\/?s={search_term_string}"},"query-input":{"@type":"PropertyValueSpecification","valueRequired":true,"valueName":"search_term_string"}}],"inLanguage":"pl-PL"},{"@type":["Person","Organization"],"@id":"https:\/\/kocie-porady.pl\/sklep\/#\/schema\/person\/3585b25f6c41a8448e9e088f50954cf4","name":"admin","image":{"@type":"ImageObject","inLanguage":"pl-PL","@id":"https:\/\/kocie-porady.pl\/sklep\/wp-content\/uploads\/2026\/04\/koci-behawioryzm-500-x-200-px-2.png","url":"https:\/\/kocie-porady.pl\/sklep\/wp-content\/uploads\/2026\/04\/koci-behawioryzm-500-x-200-px-2.png","contentUrl":"https:\/\/kocie-porady.pl\/sklep\/wp-content\/uploads\/2026\/04\/koci-behawioryzm-500-x-200-px-2.png","width":200,"height":100,"caption":"admin"},"logo":{"@id":"https:\/\/kocie-porady.pl\/sklep\/wp-content\/uploads\/2026\/04\/koci-behawioryzm-500-x-200-px-2.png"},"sameAs":["https:\/\/kocie-porady.pl\/sklep"]}]}},"jetpack_sharing_enabled":true,"_links":{"self":[{"href":"https:\/\/kocie-porady.pl\/sklep\/index.php\/wp-json\/wp\/v2\/pages\/6574","targetHints":{"allow":["GET"]}}],"collection":[{"href":"https:\/\/kocie-porady.pl\/sklep\/index.php\/wp-json\/wp\/v2\/pages"}],"about":[{"href":"https:\/\/kocie-porady.pl\/sklep\/index.php\/wp-json\/wp\/v2\/types\/page"}],"author":[{"embeddable":true,"href":"https:\/\/kocie-porady.pl\/sklep\/index.php\/wp-json\/wp\/v2\/users\/1"}],"replies":[{"embeddable":true,"href":"https:\/\/kocie-porady.pl\/sklep\/index.php\/wp-json\/wp\/v2\/comments?post=6574"}],"version-history":[{"count":7,"href":"https:\/\/kocie-porady.pl\/sklep\/index.php\/wp-json\/wp\/v2\/pages\/6574\/revisions"}],"predecessor-version":[{"id":6594,"href":"https:\/\/kocie-porady.pl\/sklep\/index.php\/wp-json\/wp\/v2\/pages\/6574\/revisions\/6594"}],"up":[{"embeddable":true,"href":"https:\/\/kocie-porady.pl\/sklep\/index.php\/wp-json\/wp\/v2\/pages\/6015"}],"wp:attachment":[{"href":"https:\/\/kocie-porady.pl\/sklep\/index.php\/wp-json\/wp\/v2\/media?parent=6574"}],"curies":[{"name":"wp","href":"https:\/\/api.w.org\/{rel}","templated":true}]}}