{"id":6309,"date":"2021-05-17T22:02:07","date_gmt":"2021-05-17T22:02:07","guid":{"rendered":"https:\/\/kocie-porady.pl\/sklep\/?page_id=6309"},"modified":"2026-04-14T11:24:02","modified_gmt":"2026-04-14T11:24:02","slug":"dni-wolne-i-swiateczne","status":"publish","type":"page","link":"https:\/\/kocie-porady.pl\/sklep\/index.php\/dni-wolne-i-swiateczne\/","title":{"rendered":"Dni wolne i \u015bwi\u0105teczne"},"content":{"rendered":"[vc_row type=&#8221;in_container&#8221; full_screen_row_position=&#8221;middle&#8221; column_margin=&#8221;default&#8221; column_direction=&#8221;default&#8221; column_direction_tablet=&#8221;default&#8221; column_direction_phone=&#8221;default&#8221; scene_position=&#8221;center&#8221; text_color=&#8221;dark&#8221; text_align=&#8221;left&#8221; row_border_radius=&#8221;none&#8221; row_border_radius_applies=&#8221;bg&#8221; overflow=&#8221;visible&#8221; overlay_strength=&#8221;0.3&#8243; gradient_direction=&#8221;left_to_right&#8221; shape_divider_position=&#8221;bottom&#8221; bg_image_animation=&#8221;none&#8221;][vc_column column_padding=&#8221;no-extra-padding&#8221; column_padding_tablet=&#8221;inherit&#8221; column_padding_phone=&#8221;inherit&#8221; column_padding_position=&#8221;all&#8221; column_element_spacing=&#8221;default&#8221; background_color_opacity=&#8221;1&#8243; background_hover_color_opacity=&#8221;1&#8243; column_shadow=&#8221;none&#8221; column_border_radius=&#8221;none&#8221; column_link_target=&#8221;_self&#8221; column_position=&#8221;default&#8221; gradient_direction=&#8221;left_to_right&#8221; overlay_strength=&#8221;0.3&#8243; width=&#8221;1\/2&#8243; tablet_width_inherit=&#8221;default&#8221; tablet_text_alignment=&#8221;default&#8221; phone_text_alignment=&#8221;default&#8221; animation_type=&#8221;default&#8221; bg_image_animation=&#8221;none&#8221; border_type=&#8221;simple&#8221; column_border_width=&#8221;none&#8221; column_border_style=&#8221;solid&#8221;]\n<div class=\"wpcf7 no-js\" id=\"wpcf7-f4-o1\" lang=\"pl-PL\" dir=\"ltr\" data-wpcf7-id=\"4\">\n<div class=\"screen-reader-response\"><p role=\"status\" aria-live=\"polite\" aria-atomic=\"true\"><\/p> <ul><\/ul><\/div>\n<form action=\"\/sklep\/index.php\/wp-json\/wp\/v2\/pages\/6309#wpcf7-f4-o1\" method=\"post\" class=\"wpcf7-form init\" aria-label=\"Formularz kontaktowy\" novalidate=\"novalidate\" data-status=\"init\">\n<fieldset class=\"hidden-fields-container\"><input type=\"hidden\" name=\"_wpcf7\" value=\"4\" \/><input type=\"hidden\" name=\"_wpcf7_version\" value=\"6.1.5\" \/><input type=\"hidden\" name=\"_wpcf7_locale\" value=\"pl_PL\" \/><input type=\"hidden\" name=\"_wpcf7_unit_tag\" value=\"wpcf7-f4-o1\" \/><input type=\"hidden\" name=\"_wpcf7_container_post\" value=\"0\" \/><input type=\"hidden\" name=\"_wpcf7_posted_data_hash\" value=\"\" \/>\n<\/fieldset>\n<p><label> Twoje imi\u0119<br \/>\n<span class=\"wpcf7-form-control-wrap\" data-name=\"your-name\"><input size=\"40\" maxlength=\"400\" class=\"wpcf7-form-control wpcf7-text wpcf7-validates-as-required\" aria-required=\"true\" aria-invalid=\"false\" value=\"\" type=\"text\" name=\"your-name\" \/><\/span> <\/label>\n<\/p>\n<p><label> Tw\u00f3j email<br \/>\n<span class=\"wpcf7-form-control-wrap\" data-name=\"your-email\"><input size=\"40\" maxlength=\"400\" class=\"wpcf7-form-control wpcf7-email wpcf7-validates-as-required wpcf7-text wpcf7-validates-as-email\" aria-required=\"true\" aria-invalid=\"false\" value=\"\" type=\"email\" name=\"your-email\" \/><\/span> <\/label>\n<\/p>\n<p><label> Temat<br \/>\n<span class=\"wpcf7-form-control-wrap\" data-name=\"your-subject\"><input size=\"40\" maxlength=\"400\" class=\"wpcf7-form-control wpcf7-text wpcf7-validates-as-required\" aria-required=\"true\" aria-invalid=\"false\" value=\"\" type=\"text\" name=\"your-subject\" \/><\/span> <\/label>\n<\/p>\n<p><label> Twoja wiadomo\u015bci (opcja)<br \/>\n<span class=\"wpcf7-form-control-wrap\" data-name=\"your-message\"><textarea cols=\"40\" rows=\"10\" maxlength=\"2000\" class=\"wpcf7-form-control wpcf7-textarea\" aria-invalid=\"false\" name=\"your-message\"><\/textarea><\/span> <\/label>\n<\/p>\n<p><input class=\"wpcf7-form-control wpcf7-submit has-spinner\" type=\"submit\" value=\"Wy\u015blij\" \/>\n<\/p><div class=\"wpcf7-response-output\" aria-hidden=\"true\"><\/div>\n<\/form>\n<\/div>\n[\/vc_column][vc_column column_padding=&#8221;no-extra-padding&#8221; column_padding_tablet=&#8221;inherit&#8221; column_padding_phone=&#8221;inherit&#8221; column_padding_position=&#8221;all&#8221; column_element_spacing=&#8221;default&#8221; background_color_opacity=&#8221;1&#8243; background_hover_color_opacity=&#8221;1&#8243; column_shadow=&#8221;none&#8221; column_border_radius=&#8221;none&#8221; column_link_target=&#8221;_self&#8221; column_position=&#8221;default&#8221; gradient_direction=&#8221;left_to_right&#8221; overlay_strength=&#8221;0.3&#8243; width=&#8221;1\/2&#8243; tablet_width_inherit=&#8221;default&#8221; tablet_text_alignment=&#8221;default&#8221; phone_text_alignment=&#8221;default&#8221; animation_type=&#8221;default&#8221; bg_image_animation=&#8221;none&#8221; border_type=&#8221;simple&#8221; column_border_width=&#8221;none&#8221; column_border_style=&#8221;solid&#8221;]<div class=\"nectar-fancy-ul\" data-list-icon=\"icon-salient-thin-line\" data-animation=\"false\" data-animation-delay=\"0\" data-color=\"accent-color\" data-spacing=\"default\" data-alignment=\"center\"> \n<ul>\n<li>1 stycznia, 6 stycznia;<\/li>\n<li>3,4,5 kwietnia;<\/li>\n<li>1, 2, 3 maja;<\/li>\n<li>3 czerwca;<\/li>\n<li>15 sierpnia;<\/li>\n<li>1, 11 listopada;<\/li>\n<li>24, 25, 26, 27, 28, 29, 30, 31 grudnia;<\/li>\n<\/ul>\n <\/div>[\/vc_column][\/vc_row]\n","protected":false},"excerpt":{"rendered":"<p>[vc_row type=&#8221;in_container&#8221; full_screen_row_position=&#8221;middle&#8221; column_margin=&#8221;default&#8221; column_direction=&#8221;default&#8221; column_direction_tablet=&#8221;default&#8221; column_direction_phone=&#8221;default&#8221; scene_position=&#8221;center&#8221; text_color=&#8221;dark&#8221; text_align=&#8221;left&#8221; row_border_radius=&#8221;none&#8221; row_border_radius_applies=&#8221;bg&#8221; overflow=&#8221;visible&#8221; overlay_strength=&#8221;0.3&#8243; gradient_direction=&#8221;left_to_right&#8221; shape_divider_position=&#8221;bottom&#8221; bg_image_animation=&#8221;none&#8221;][vc_column column_padding=&#8221;no-extra-padding&#8221; column_padding_tablet=&#8221;inherit&#8221; column_padding_phone=&#8221;inherit&#8221; column_padding_position=&#8221;all&#8221; column_element_spacing=&#8221;default&#8221; background_color_opacity=&#8221;1&#8243; background_hover_color_opacity=&#8221;1&#8243; column_shadow=&#8221;none&#8221; column_border_radius=&#8221;none&#8221; column_link_target=&#8221;_self&#8221; column_position=&#8221;default&#8221; gradient_direction=&#8221;left_to_right&#8221; overlay_strength=&#8221;0.3&#8243;&#8230;<\/p>\n","protected":false},"author":1,"featured_media":0,"parent":0,"menu_order":0,"comment_status":"closed","ping_status":"closed","template":"","meta":{"footnotes":""},"class_list":["post-6309","page","type-page","status-publish"],"yoast_head":"<!-- This site is optimized with the Yoast SEO plugin v27.4 - https:\/\/yoast.com\/product\/yoast-seo-wordpress\/ -->\n<title>Dni wolne i \u015bwi\u0105teczne - Sklep dla kocich opiekun\u00f3w<\/title>\n<meta name=\"description\" content=\"W dni wolne i \u015bwi\u0105teczne us\u0142ugi realizowane s\u0105 w ograniczonym zakresie lub po wcze\u015bniejszym ustaleniu terminu.\" \/>\n<meta name=\"robots\" content=\"index, follow, max-snippet:-1, max-image-preview:large, max-video-preview:-1\" \/>\n<link rel=\"canonical\" href=\"https:\/\/kocie-porady.pl\/sklep\/index.php\/dni-wolne-i-swiateczne\/\" \/>\n<meta property=\"og:locale\" content=\"pl_PL\" \/>\n<meta property=\"og:type\" content=\"article\" \/>\n<meta property=\"og:title\" content=\"Dni wolne i \u015bwi\u0105teczne - Sklep dla kocich opiekun\u00f3w\" \/>\n<meta property=\"og:description\" content=\"W dni wolne i \u015bwi\u0105teczne us\u0142ugi realizowane s\u0105 w ograniczonym zakresie lub po wcze\u015bniejszym ustaleniu terminu.\" \/>\n<meta property=\"og:url\" content=\"https:\/\/kocie-porady.pl\/sklep\/index.php\/dni-wolne-i-swiateczne\/\" \/>\n<meta property=\"og:site_name\" content=\"Sklep dla kocich opiekun\u00f3w\" \/>\n<meta property=\"article:modified_time\" content=\"2026-04-14T11:24:02+00:00\" \/>\n<meta name=\"twitter:card\" content=\"summary_large_image\" \/>\n<meta name=\"twitter:label1\" content=\"Szacowany czas czytania\" \/>\n\t<meta name=\"twitter:data1\" content=\"1 minuta\" \/>\n<script type=\"application\/ld+json\" class=\"yoast-schema-graph\">{\"@context\":\"https:\\\/\\\/schema.org\",\"@graph\":[{\"@type\":\"WebPage\",\"@id\":\"https:\\\/\\\/kocie-porady.pl\\\/sklep\\\/index.php\\\/dni-wolne-i-swiateczne\\\/\",\"url\":\"https:\\\/\\\/kocie-porady.pl\\\/sklep\\\/index.php\\\/dni-wolne-i-swiateczne\\\/\",\"name\":\"Dni wolne i \u015bwi\u0105teczne - Sklep dla kocich opiekun\u00f3w\",\"isPartOf\":{\"@id\":\"https:\\\/\\\/kocie-porady.pl\\\/sklep\\\/#website\"},\"datePublished\":\"2021-05-17T22:02:07+00:00\",\"dateModified\":\"2026-04-14T11:24:02+00:00\",\"description\":\"W dni wolne i \u015bwi\u0105teczne us\u0142ugi realizowane s\u0105 w ograniczonym zakresie lub po wcze\u015bniejszym ustaleniu terminu.\",\"breadcrumb\":{\"@id\":\"https:\\\/\\\/kocie-porady.pl\\\/sklep\\\/index.php\\\/dni-wolne-i-swiateczne\\\/#breadcrumb\"},\"inLanguage\":\"pl-PL\",\"potentialAction\":[{\"@type\":\"ReadAction\",\"target\":[\"https:\\\/\\\/kocie-porady.pl\\\/sklep\\\/index.php\\\/dni-wolne-i-swiateczne\\\/\"]}]},{\"@type\":\"BreadcrumbList\",\"@id\":\"https:\\\/\\\/kocie-porady.pl\\\/sklep\\\/index.php\\\/dni-wolne-i-swiateczne\\\/#breadcrumb\",\"itemListElement\":[{\"@type\":\"ListItem\",\"position\":1,\"name\":\"Strona g\u0142\u00f3wna\",\"item\":\"https:\\\/\\\/kocie-porady.pl\\\/sklep\\\/\"},{\"@type\":\"ListItem\",\"position\":2,\"name\":\"Dni wolne i \u015bwi\u0105teczne\"}]},{\"@type\":\"WebSite\",\"@id\":\"https:\\\/\\\/kocie-porady.pl\\\/sklep\\\/#website\",\"url\":\"https:\\\/\\\/kocie-porady.pl\\\/sklep\\\/\",\"name\":\"Sklep dla kocich opiekun\u00f3w\",\"description\":\"\",\"publisher\":{\"@id\":\"https:\\\/\\\/kocie-porady.pl\\\/sklep\\\/#\\\/schema\\\/person\\\/3585b25f6c41a8448e9e088f50954cf4\"},\"potentialAction\":[{\"@type\":\"SearchAction\",\"target\":{\"@type\":\"EntryPoint\",\"urlTemplate\":\"https:\\\/\\\/kocie-porady.pl\\\/sklep\\\/?s={search_term_string}\"},\"query-input\":{\"@type\":\"PropertyValueSpecification\",\"valueRequired\":true,\"valueName\":\"search_term_string\"}}],\"inLanguage\":\"pl-PL\"},{\"@type\":[\"Person\",\"Organization\"],\"@id\":\"https:\\\/\\\/kocie-porady.pl\\\/sklep\\\/#\\\/schema\\\/person\\\/3585b25f6c41a8448e9e088f50954cf4\",\"name\":\"admin\",\"image\":{\"@type\":\"ImageObject\",\"inLanguage\":\"pl-PL\",\"@id\":\"https:\\\/\\\/kocie-porady.pl\\\/sklep\\\/wp-content\\\/uploads\\\/2026\\\/04\\\/koci-behawioryzm-500-x-200-px-2.png\",\"url\":\"https:\\\/\\\/kocie-porady.pl\\\/sklep\\\/wp-content\\\/uploads\\\/2026\\\/04\\\/koci-behawioryzm-500-x-200-px-2.png\",\"contentUrl\":\"https:\\\/\\\/kocie-porady.pl\\\/sklep\\\/wp-content\\\/uploads\\\/2026\\\/04\\\/koci-behawioryzm-500-x-200-px-2.png\",\"width\":200,\"height\":100,\"caption\":\"admin\"},\"logo\":{\"@id\":\"https:\\\/\\\/kocie-porady.pl\\\/sklep\\\/wp-content\\\/uploads\\\/2026\\\/04\\\/koci-behawioryzm-500-x-200-px-2.png\"},\"sameAs\":[\"https:\\\/\\\/kocie-porady.pl\\\/sklep\"]}]}<\/script>\n<!-- \/ Yoast SEO plugin. -->","yoast_head_json":{"title":"Dni wolne i \u015bwi\u0105teczne - Sklep dla kocich opiekun\u00f3w","description":"W dni wolne i \u015bwi\u0105teczne us\u0142ugi realizowane s\u0105 w ograniczonym zakresie lub po wcze\u015bniejszym ustaleniu terminu.","robots":{"index":"index","follow":"follow","max-snippet":"max-snippet:-1","max-image-preview":"max-image-preview:large","max-video-preview":"max-video-preview:-1"},"canonical":"https:\/\/kocie-porady.pl\/sklep\/index.php\/dni-wolne-i-swiateczne\/","og_locale":"pl_PL","og_type":"article","og_title":"Dni wolne i \u015bwi\u0105teczne - Sklep dla kocich opiekun\u00f3w","og_description":"W dni wolne i \u015bwi\u0105teczne us\u0142ugi realizowane s\u0105 w ograniczonym zakresie lub po wcze\u015bniejszym ustaleniu terminu.","og_url":"https:\/\/kocie-porady.pl\/sklep\/index.php\/dni-wolne-i-swiateczne\/","og_site_name":"Sklep dla kocich opiekun\u00f3w","article_modified_time":"2026-04-14T11:24:02+00:00","twitter_card":"summary_large_image","twitter_misc":{"Szacowany czas czytania":"1 minuta"},"schema":{"@context":"https:\/\/schema.org","@graph":[{"@type":"WebPage","@id":"https:\/\/kocie-porady.pl\/sklep\/index.php\/dni-wolne-i-swiateczne\/","url":"https:\/\/kocie-porady.pl\/sklep\/index.php\/dni-wolne-i-swiateczne\/","name":"Dni wolne i \u015bwi\u0105teczne - Sklep dla kocich opiekun\u00f3w","isPartOf":{"@id":"https:\/\/kocie-porady.pl\/sklep\/#website"},"datePublished":"2021-05-17T22:02:07+00:00","dateModified":"2026-04-14T11:24:02+00:00","description":"W dni wolne i \u015bwi\u0105teczne us\u0142ugi realizowane s\u0105 w ograniczonym zakresie lub po wcze\u015bniejszym ustaleniu terminu.","breadcrumb":{"@id":"https:\/\/kocie-porady.pl\/sklep\/index.php\/dni-wolne-i-swiateczne\/#breadcrumb"},"inLanguage":"pl-PL","potentialAction":[{"@type":"ReadAction","target":["https:\/\/kocie-porady.pl\/sklep\/index.php\/dni-wolne-i-swiateczne\/"]}]},{"@type":"BreadcrumbList","@id":"https:\/\/kocie-porady.pl\/sklep\/index.php\/dni-wolne-i-swiateczne\/#breadcrumb","itemListElement":[{"@type":"ListItem","position":1,"name":"Strona g\u0142\u00f3wna","item":"https:\/\/kocie-porady.pl\/sklep\/"},{"@type":"ListItem","position":2,"name":"Dni wolne i \u015bwi\u0105teczne"}]},{"@type":"WebSite","@id":"https:\/\/kocie-porady.pl\/sklep\/#website","url":"https:\/\/kocie-porady.pl\/sklep\/","name":"Sklep dla kocich opiekun\u00f3w","description":"","publisher":{"@id":"https:\/\/kocie-porady.pl\/sklep\/#\/schema\/person\/3585b25f6c41a8448e9e088f50954cf4"},"potentialAction":[{"@type":"SearchAction","target":{"@type":"EntryPoint","urlTemplate":"https:\/\/kocie-porady.pl\/sklep\/?s={search_term_string}"},"query-input":{"@type":"PropertyValueSpecification","valueRequired":true,"valueName":"search_term_string"}}],"inLanguage":"pl-PL"},{"@type":["Person","Organization"],"@id":"https:\/\/kocie-porady.pl\/sklep\/#\/schema\/person\/3585b25f6c41a8448e9e088f50954cf4","name":"admin","image":{"@type":"ImageObject","inLanguage":"pl-PL","@id":"https:\/\/kocie-porady.pl\/sklep\/wp-content\/uploads\/2026\/04\/koci-behawioryzm-500-x-200-px-2.png","url":"https:\/\/kocie-porady.pl\/sklep\/wp-content\/uploads\/2026\/04\/koci-behawioryzm-500-x-200-px-2.png","contentUrl":"https:\/\/kocie-porady.pl\/sklep\/wp-content\/uploads\/2026\/04\/koci-behawioryzm-500-x-200-px-2.png","width":200,"height":100,"caption":"admin"},"logo":{"@id":"https:\/\/kocie-porady.pl\/sklep\/wp-content\/uploads\/2026\/04\/koci-behawioryzm-500-x-200-px-2.png"},"sameAs":["https:\/\/kocie-porady.pl\/sklep"]}]}},"jetpack_sharing_enabled":true,"_links":{"self":[{"href":"https:\/\/kocie-porady.pl\/sklep\/index.php\/wp-json\/wp\/v2\/pages\/6309","targetHints":{"allow":["GET"]}}],"collection":[{"href":"https:\/\/kocie-porady.pl\/sklep\/index.php\/wp-json\/wp\/v2\/pages"}],"about":[{"href":"https:\/\/kocie-porady.pl\/sklep\/index.php\/wp-json\/wp\/v2\/types\/page"}],"author":[{"embeddable":true,"href":"https:\/\/kocie-porady.pl\/sklep\/index.php\/wp-json\/wp\/v2\/users\/1"}],"replies":[{"embeddable":true,"href":"https:\/\/kocie-porady.pl\/sklep\/index.php\/wp-json\/wp\/v2\/comments?post=6309"}],"version-history":[{"count":3,"href":"https:\/\/kocie-porady.pl\/sklep\/index.php\/wp-json\/wp\/v2\/pages\/6309\/revisions"}],"predecessor-version":[{"id":7663,"href":"https:\/\/kocie-porady.pl\/sklep\/index.php\/wp-json\/wp\/v2\/pages\/6309\/revisions\/7663"}],"wp:attachment":[{"href":"https:\/\/kocie-porady.pl\/sklep\/index.php\/wp-json\/wp\/v2\/media?parent=6309"}],"curies":[{"name":"wp","href":"https:\/\/api.w.org\/{rel}","templated":true}]}}