{"id":6025,"date":"2021-03-31T13:27:08","date_gmt":"2021-03-31T13:27:08","guid":{"rendered":"https:\/\/kocie-porady.pl\/sklep\/?page_id=6025"},"modified":"2026-04-14T11:29:22","modified_gmt":"2026-04-14T11:29:22","slug":"regulamin-dot-szkolen-i-wykladow","status":"publish","type":"page","link":"https:\/\/kocie-porady.pl\/sklep\/index.php\/regulamin-dot-szkolen-i-wykladow\/","title":{"rendered":"Regulamin dot. szkole\u0144 i wyk\u0142ad\u00f3w"},"content":{"rendered":"[vc_row type=&#8221;in_container&#8221; full_screen_row_position=&#8221;middle&#8221; column_margin=&#8221;default&#8221; column_direction=&#8221;default&#8221; column_direction_tablet=&#8221;default&#8221; column_direction_phone=&#8221;default&#8221; scene_position=&#8221;center&#8221; text_color=&#8221;dark&#8221; text_align=&#8221;left&#8221; row_border_radius=&#8221;none&#8221; row_border_radius_applies=&#8221;bg&#8221; overflow=&#8221;visible&#8221; overlay_strength=&#8221;0.3&#8243; gradient_direction=&#8221;left_to_right&#8221; shape_divider_position=&#8221;bottom&#8221; bg_image_animation=&#8221;none&#8221;][vc_column column_padding=&#8221;no-extra-padding&#8221; column_padding_tablet=&#8221;inherit&#8221; column_padding_phone=&#8221;inherit&#8221; column_padding_position=&#8221;all&#8221; column_element_direction_desktop=&#8221;default&#8221; column_element_spacing=&#8221;default&#8221; desktop_text_alignment=&#8221;default&#8221; tablet_text_alignment=&#8221;default&#8221; phone_text_alignment=&#8221;default&#8221; background_color_opacity=&#8221;1&#8243; background_hover_color_opacity=&#8221;1&#8243; column_backdrop_filter=&#8221;none&#8221; column_shadow=&#8221;none&#8221; column_border_radius=&#8221;none&#8221; column_link_target=&#8221;_self&#8221; column_position=&#8221;default&#8221; gradient_direction=&#8221;left_to_right&#8221; overlay_strength=&#8221;0.3&#8243; width=&#8221;1\/1&#8243; tablet_width_inherit=&#8221;default&#8221; animation_type=&#8221;default&#8221; bg_image_animation=&#8221;none&#8221; border_type=&#8221;simple&#8221; column_border_width=&#8221;none&#8221; column_border_style=&#8221;solid&#8221;][vc_column_text]\n<h4>1. Postanowienia Og\u00f3lne<\/h4>\n<p>1.1. Niniejszy regulamin okre\u015bla zasady uczestnictwa w szkoleniach na \u017cywo oraz szkoleniach online organizowanych przez firm\u0119 zajmuj\u0105c\u0105 si\u0119 behawioryzmem kot\u00f3w. 1.2. Organizator zastrzega sobie prawo do wprowadzania zmian w regulaminie. Wszelkie zmiany obowi\u0105zuj\u0105 od momentu ich opublikowania na stronie internetowej organizatora. 1.3. Uczestnictwo w szkoleniu jest r\u00f3wnoznaczne z akceptacj\u0105 niniejszego regulaminu.<\/p>\n<h4>2. Rejestracja i Op\u0142aty<\/h4>\n<p>2.1. Rejestracja na szkolenie odbywa si\u0119 poprzez formularz dost\u0119pny na stronie internetowej organizatora lub inn\u0105 wskazan\u0105 metod\u0105. 2.2. Op\u0142ata za udzia\u0142 w szkoleniu powinna by\u0107 uiszczona zgodnie z informacjami zawartymi w ofercie szkoleniowej, najp\u00f3\u017aniej do 3 dni przed terminem szkolenia. 2.3. Brak p\u0142atno\u015bci w wyznaczonym terminie mo\u017ce skutkowa\u0107 anulowaniem rezerwacji miejsca na szkoleniu. 2.4. Organizator zastrzega sobie prawo do odwo\u0142ania szkolenia w przypadku niewystarczaj\u0105cej liczby uczestnik\u00f3w lub z innych przyczyn niezale\u017cnych od organizatora. W takim przypadku uczestnicy otrzymaj\u0105 zwrot pe\u0142nej kwoty wp\u0142aconej na konto organizatora.<\/p>\n<h4>3. Szkolenia Na \u017bywo<\/h4>\n<p>3.1. Szkolenia na \u017cywo odbywaj\u0105 si\u0119 w miejscu i terminie wskazanym przez organizatora. 3.2. Uczestnicy s\u0105 zobowi\u0105zani do przybycia na miejsce szkolenia z odpowiednim wyprzedzeniem, aby umo\u017cliwi\u0107 terminowe rozpocz\u0119cie zaj\u0119\u0107. 3.3. Organizator zastrzega sobie prawo do weryfikacji to\u017csamo\u015bci uczestnik\u00f3w przed rozpocz\u0119ciem szkolenia. 3.4. Uczestnicy powinni przestrzega\u0107 zasad bezpiecze\u0144stwa i regulaminu obiektu, w kt\u00f3rym odbywa si\u0119 szkolenie.<\/p>\n<h4>4. Szkolenia Online<\/h4>\n<p>4.1. Szkolenia online odbywaj\u0105 si\u0119 na platformie wskazanej przez organizatora. Uczestnicy otrzymuj\u0105 link do platformy na adres e-mail podany podczas rejestracji. 4.2. Aby wzi\u0105\u0107 udzia\u0142 w szkoleniu online, uczestnik musi dysponowa\u0107 odpowiednim sprz\u0119tem (komputer, tablet, telefon) oraz stabilnym \u0142\u0105czem internetowym. 4.3. Organizator nie ponosi odpowiedzialno\u015bci za problemy techniczne po stronie uczestnika, kt\u00f3re mog\u0105 uniemo\u017cliwi\u0107 lub utrudni\u0107 udzia\u0142 w szkoleniu. 4.4. Nagrywanie lub udost\u0119pnianie tre\u015bci szkolenia bez zgody organizatora jest zabronione.<\/p>\n<h4>5. Prawa i Obowi\u0105zki Uczestnik\u00f3w<\/h4>\n<p>5.1. Uczestnicy maj\u0105 prawo do korzystania z materia\u0142\u00f3w szkoleniowych udost\u0119pnionych przez organizatora wy\u0142\u0105cznie na w\u0142asny u\u017cytek. 5.2. Uczestnicy s\u0105 zobowi\u0105zani do zachowania kultury osobistej podczas szkolenia i niezak\u0142\u00f3cania przebiegu zaj\u0119\u0107 innym uczestnikom. 5.3. W przypadku ra\u017c\u0105cego naruszenia regulaminu przez uczestnika, organizator zastrzega sobie prawo do usuni\u0119cia uczestnika ze szkolenia bez prawa do zwrotu op\u0142aty.<\/p>\n<h4>6. Certyfikaty i Materia\u0142y Szkoleniowe<\/h4>\n<p>6.1. Po zako\u0144czeniu szkolenia, uczestnicy mog\u0105 otrzyma\u0107 certyfikat uczestnictwa, je\u015bli zosta\u0142 przewidziany w ofercie szkoleniowej. 6.2. Materia\u0142y szkoleniowe udost\u0119pnione podczas szkolenia s\u0105 chronione prawem autorskim i mog\u0105 by\u0107 wykorzystywane wy\u0142\u0105cznie na potrzeby w\u0142asne uczestnik\u00f3w.<\/p>\n<h4>7. Rezygnacja i Zwroty<\/h4>\n<p>7.1. Uczestnik ma prawo zrezygnowa\u0107 z udzia\u0142u w szkoleniu, informuj\u0105c o tym organizatora nie p\u00f3\u017aniej ni\u017c 7 dni przed terminem szkolenia. W takim przypadku przys\u0142uguje mu zwrot 100% wp\u0142aconej kwoty. 7.2. W przypadku rezygnacji z udzia\u0142u w szkoleniu na mniej ni\u017c 7 dni przed terminem, uczestnikowi przys\u0142uguje zwrot 50% wp\u0142aconej kwoty. 7.3. Rezygnacja na mniej ni\u017c 3 dni przed terminem szkolenia lub nieobecno\u015b\u0107 uczestnika na szkoleniu nie uprawnia do zwrotu wp\u0142aconej kwoty.<\/p>\n<h4>8. Ochrona Danych Osobowych<\/h4>\n<p>8.1. Dane osobowe uczestnik\u00f3w s\u0105 przetwarzane zgodnie z obowi\u0105zuj\u0105cymi przepisami o ochronie danych osobowych. 8.2. Uczestnik wyra\u017ca zgod\u0119 na przetwarzanie swoich danych osobowych w celu realizacji szkolenia oraz w celach marketingowych przez organizatora.<\/p>\n<h4>9. Postanowienia Ko\u0144cowe<\/h4>\n<p>9.1. Organizator zastrzega sobie prawo do zmiany terminu, miejsca lub formy szkolenia z przyczyn niezale\u017cnych od organizatora. Uczestnicy zostan\u0105 o tym poinformowani niezw\u0142ocznie. 9.2. Wszelkie spory wynikaj\u0105ce z realizacji niniejszego regulaminu b\u0119d\u0105 rozstrzygane przez w\u0142a\u015bciwy s\u0105d powszechny zgodnie z obowi\u0105zuj\u0105cymi przepisami prawa. 9.3. Regulamin wchodzi w \u017cycie z dniem jego publikacji na stronie internetowej organizatora.[\/vc_column_text][\/vc_column][\/vc_row]\n","protected":false},"excerpt":{"rendered":"<p>[vc_row type=&#8221;in_container&#8221; full_screen_row_position=&#8221;middle&#8221; column_margin=&#8221;default&#8221; column_direction=&#8221;default&#8221; column_direction_tablet=&#8221;default&#8221; column_direction_phone=&#8221;default&#8221; scene_position=&#8221;center&#8221; text_color=&#8221;dark&#8221; text_align=&#8221;left&#8221; row_border_radius=&#8221;none&#8221; row_border_radius_applies=&#8221;bg&#8221; overflow=&#8221;visible&#8221; overlay_strength=&#8221;0.3&#8243; gradient_direction=&#8221;left_to_right&#8221; shape_divider_position=&#8221;bottom&#8221; bg_image_animation=&#8221;none&#8221;][vc_column column_padding=&#8221;no-extra-padding&#8221; column_padding_tablet=&#8221;inherit&#8221; column_padding_phone=&#8221;inherit&#8221; column_padding_position=&#8221;all&#8221; column_element_direction_desktop=&#8221;default&#8221; column_element_spacing=&#8221;default&#8221; desktop_text_alignment=&#8221;default&#8221; tablet_text_alignment=&#8221;default&#8221; phone_text_alignment=&#8221;default&#8221; background_color_opacity=&#8221;1&#8243; background_hover_color_opacity=&#8221;1&#8243; column_backdrop_filter=&#8221;none&#8221; column_shadow=&#8221;none&#8221;&#8230;<\/p>\n","protected":false},"author":1,"featured_media":0,"parent":0,"menu_order":0,"comment_status":"closed","ping_status":"closed","template":"","meta":{"footnotes":""},"class_list":["post-6025","page","type-page","status-publish"],"yoast_head":"<!-- This site is optimized with the Yoast SEO plugin v27.4 - https:\/\/yoast.com\/product\/yoast-seo-wordpress\/ -->\n<title>Regulamin dot. szkole\u0144 i wyk\u0142ad\u00f3w - Sklep dla kocich opiekun\u00f3w<\/title>\n<meta name=\"description\" content=\"Regulamin okre\u015bla zasady udzia\u0142u w szkoleniach i wyk\u0142adach, warunki rezerwacji, p\u0142atno\u015bci, rezygnacji oraz prawa i obowi\u0105zki uczestnik\u00f3w.\" \/>\n<meta name=\"robots\" content=\"index, follow, max-snippet:-1, max-image-preview:large, max-video-preview:-1\" \/>\n<link rel=\"canonical\" href=\"https:\/\/kocie-porady.pl\/sklep\/index.php\/regulamin-dot-szkolen-i-wykladow\/\" \/>\n<meta property=\"og:locale\" content=\"pl_PL\" \/>\n<meta property=\"og:type\" content=\"article\" \/>\n<meta property=\"og:title\" content=\"Regulamin dot. szkole\u0144 i wyk\u0142ad\u00f3w - Sklep dla kocich opiekun\u00f3w\" \/>\n<meta property=\"og:description\" content=\"Regulamin okre\u015bla zasady udzia\u0142u w szkoleniach i wyk\u0142adach, warunki rezerwacji, p\u0142atno\u015bci, rezygnacji oraz prawa i obowi\u0105zki uczestnik\u00f3w.\" \/>\n<meta property=\"og:url\" content=\"https:\/\/kocie-porady.pl\/sklep\/index.php\/regulamin-dot-szkolen-i-wykladow\/\" \/>\n<meta property=\"og:site_name\" content=\"Sklep dla kocich opiekun\u00f3w\" \/>\n<meta property=\"article:modified_time\" content=\"2026-04-14T11:29:22+00:00\" \/>\n<meta name=\"twitter:card\" content=\"summary_large_image\" \/>\n<meta name=\"twitter:label1\" content=\"Szacowany czas czytania\" \/>\n\t<meta name=\"twitter:data1\" content=\"4 minuty\" \/>\n<script type=\"application\/ld+json\" class=\"yoast-schema-graph\">{\"@context\":\"https:\\\/\\\/schema.org\",\"@graph\":[{\"@type\":\"WebPage\",\"@id\":\"https:\\\/\\\/kocie-porady.pl\\\/sklep\\\/index.php\\\/regulamin-dot-szkolen-i-wykladow\\\/\",\"url\":\"https:\\\/\\\/kocie-porady.pl\\\/sklep\\\/index.php\\\/regulamin-dot-szkolen-i-wykladow\\\/\",\"name\":\"Regulamin dot. szkole\u0144 i wyk\u0142ad\u00f3w - Sklep dla kocich opiekun\u00f3w\",\"isPartOf\":{\"@id\":\"https:\\\/\\\/kocie-porady.pl\\\/sklep\\\/#website\"},\"datePublished\":\"2021-03-31T13:27:08+00:00\",\"dateModified\":\"2026-04-14T11:29:22+00:00\",\"description\":\"Regulamin okre\u015bla zasady udzia\u0142u w szkoleniach i wyk\u0142adach, warunki rezerwacji, p\u0142atno\u015bci, rezygnacji oraz prawa i obowi\u0105zki uczestnik\u00f3w.\",\"breadcrumb\":{\"@id\":\"https:\\\/\\\/kocie-porady.pl\\\/sklep\\\/index.php\\\/regulamin-dot-szkolen-i-wykladow\\\/#breadcrumb\"},\"inLanguage\":\"pl-PL\",\"potentialAction\":[{\"@type\":\"ReadAction\",\"target\":[\"https:\\\/\\\/kocie-porady.pl\\\/sklep\\\/index.php\\\/regulamin-dot-szkolen-i-wykladow\\\/\"]}]},{\"@type\":\"BreadcrumbList\",\"@id\":\"https:\\\/\\\/kocie-porady.pl\\\/sklep\\\/index.php\\\/regulamin-dot-szkolen-i-wykladow\\\/#breadcrumb\",\"itemListElement\":[{\"@type\":\"ListItem\",\"position\":1,\"name\":\"Strona g\u0142\u00f3wna\",\"item\":\"https:\\\/\\\/kocie-porady.pl\\\/sklep\\\/\"},{\"@type\":\"ListItem\",\"position\":2,\"name\":\"Regulamin dot. szkole\u0144 i wyk\u0142ad\u00f3w\"}]},{\"@type\":\"WebSite\",\"@id\":\"https:\\\/\\\/kocie-porady.pl\\\/sklep\\\/#website\",\"url\":\"https:\\\/\\\/kocie-porady.pl\\\/sklep\\\/\",\"name\":\"Sklep dla kocich opiekun\u00f3w\",\"description\":\"\",\"publisher\":{\"@id\":\"https:\\\/\\\/kocie-porady.pl\\\/sklep\\\/#\\\/schema\\\/person\\\/3585b25f6c41a8448e9e088f50954cf4\"},\"potentialAction\":[{\"@type\":\"SearchAction\",\"target\":{\"@type\":\"EntryPoint\",\"urlTemplate\":\"https:\\\/\\\/kocie-porady.pl\\\/sklep\\\/?s={search_term_string}\"},\"query-input\":{\"@type\":\"PropertyValueSpecification\",\"valueRequired\":true,\"valueName\":\"search_term_string\"}}],\"inLanguage\":\"pl-PL\"},{\"@type\":[\"Person\",\"Organization\"],\"@id\":\"https:\\\/\\\/kocie-porady.pl\\\/sklep\\\/#\\\/schema\\\/person\\\/3585b25f6c41a8448e9e088f50954cf4\",\"name\":\"admin\",\"image\":{\"@type\":\"ImageObject\",\"inLanguage\":\"pl-PL\",\"@id\":\"https:\\\/\\\/kocie-porady.pl\\\/sklep\\\/wp-content\\\/uploads\\\/2026\\\/04\\\/koci-behawioryzm-500-x-200-px-2.png\",\"url\":\"https:\\\/\\\/kocie-porady.pl\\\/sklep\\\/wp-content\\\/uploads\\\/2026\\\/04\\\/koci-behawioryzm-500-x-200-px-2.png\",\"contentUrl\":\"https:\\\/\\\/kocie-porady.pl\\\/sklep\\\/wp-content\\\/uploads\\\/2026\\\/04\\\/koci-behawioryzm-500-x-200-px-2.png\",\"width\":200,\"height\":100,\"caption\":\"admin\"},\"logo\":{\"@id\":\"https:\\\/\\\/kocie-porady.pl\\\/sklep\\\/wp-content\\\/uploads\\\/2026\\\/04\\\/koci-behawioryzm-500-x-200-px-2.png\"},\"sameAs\":[\"https:\\\/\\\/kocie-porady.pl\\\/sklep\"]}]}<\/script>\n<!-- \/ Yoast SEO plugin. -->","yoast_head_json":{"title":"Regulamin dot. szkole\u0144 i wyk\u0142ad\u00f3w - Sklep dla kocich opiekun\u00f3w","description":"Regulamin okre\u015bla zasady udzia\u0142u w szkoleniach i wyk\u0142adach, warunki rezerwacji, p\u0142atno\u015bci, rezygnacji oraz prawa i obowi\u0105zki uczestnik\u00f3w.","robots":{"index":"index","follow":"follow","max-snippet":"max-snippet:-1","max-image-preview":"max-image-preview:large","max-video-preview":"max-video-preview:-1"},"canonical":"https:\/\/kocie-porady.pl\/sklep\/index.php\/regulamin-dot-szkolen-i-wykladow\/","og_locale":"pl_PL","og_type":"article","og_title":"Regulamin dot. szkole\u0144 i wyk\u0142ad\u00f3w - Sklep dla kocich opiekun\u00f3w","og_description":"Regulamin okre\u015bla zasady udzia\u0142u w szkoleniach i wyk\u0142adach, warunki rezerwacji, p\u0142atno\u015bci, rezygnacji oraz prawa i obowi\u0105zki uczestnik\u00f3w.","og_url":"https:\/\/kocie-porady.pl\/sklep\/index.php\/regulamin-dot-szkolen-i-wykladow\/","og_site_name":"Sklep dla kocich opiekun\u00f3w","article_modified_time":"2026-04-14T11:29:22+00:00","twitter_card":"summary_large_image","twitter_misc":{"Szacowany czas czytania":"4 minuty"},"schema":{"@context":"https:\/\/schema.org","@graph":[{"@type":"WebPage","@id":"https:\/\/kocie-porady.pl\/sklep\/index.php\/regulamin-dot-szkolen-i-wykladow\/","url":"https:\/\/kocie-porady.pl\/sklep\/index.php\/regulamin-dot-szkolen-i-wykladow\/","name":"Regulamin dot. szkole\u0144 i wyk\u0142ad\u00f3w - Sklep dla kocich opiekun\u00f3w","isPartOf":{"@id":"https:\/\/kocie-porady.pl\/sklep\/#website"},"datePublished":"2021-03-31T13:27:08+00:00","dateModified":"2026-04-14T11:29:22+00:00","description":"Regulamin okre\u015bla zasady udzia\u0142u w szkoleniach i wyk\u0142adach, warunki rezerwacji, p\u0142atno\u015bci, rezygnacji oraz prawa i obowi\u0105zki uczestnik\u00f3w.","breadcrumb":{"@id":"https:\/\/kocie-porady.pl\/sklep\/index.php\/regulamin-dot-szkolen-i-wykladow\/#breadcrumb"},"inLanguage":"pl-PL","potentialAction":[{"@type":"ReadAction","target":["https:\/\/kocie-porady.pl\/sklep\/index.php\/regulamin-dot-szkolen-i-wykladow\/"]}]},{"@type":"BreadcrumbList","@id":"https:\/\/kocie-porady.pl\/sklep\/index.php\/regulamin-dot-szkolen-i-wykladow\/#breadcrumb","itemListElement":[{"@type":"ListItem","position":1,"name":"Strona g\u0142\u00f3wna","item":"https:\/\/kocie-porady.pl\/sklep\/"},{"@type":"ListItem","position":2,"name":"Regulamin dot. szkole\u0144 i wyk\u0142ad\u00f3w"}]},{"@type":"WebSite","@id":"https:\/\/kocie-porady.pl\/sklep\/#website","url":"https:\/\/kocie-porady.pl\/sklep\/","name":"Sklep dla kocich opiekun\u00f3w","description":"","publisher":{"@id":"https:\/\/kocie-porady.pl\/sklep\/#\/schema\/person\/3585b25f6c41a8448e9e088f50954cf4"},"potentialAction":[{"@type":"SearchAction","target":{"@type":"EntryPoint","urlTemplate":"https:\/\/kocie-porady.pl\/sklep\/?s={search_term_string}"},"query-input":{"@type":"PropertyValueSpecification","valueRequired":true,"valueName":"search_term_string"}}],"inLanguage":"pl-PL"},{"@type":["Person","Organization"],"@id":"https:\/\/kocie-porady.pl\/sklep\/#\/schema\/person\/3585b25f6c41a8448e9e088f50954cf4","name":"admin","image":{"@type":"ImageObject","inLanguage":"pl-PL","@id":"https:\/\/kocie-porady.pl\/sklep\/wp-content\/uploads\/2026\/04\/koci-behawioryzm-500-x-200-px-2.png","url":"https:\/\/kocie-porady.pl\/sklep\/wp-content\/uploads\/2026\/04\/koci-behawioryzm-500-x-200-px-2.png","contentUrl":"https:\/\/kocie-porady.pl\/sklep\/wp-content\/uploads\/2026\/04\/koci-behawioryzm-500-x-200-px-2.png","width":200,"height":100,"caption":"admin"},"logo":{"@id":"https:\/\/kocie-porady.pl\/sklep\/wp-content\/uploads\/2026\/04\/koci-behawioryzm-500-x-200-px-2.png"},"sameAs":["https:\/\/kocie-porady.pl\/sklep"]}]}},"jetpack_sharing_enabled":true,"_links":{"self":[{"href":"https:\/\/kocie-porady.pl\/sklep\/index.php\/wp-json\/wp\/v2\/pages\/6025","targetHints":{"allow":["GET"]}}],"collection":[{"href":"https:\/\/kocie-porady.pl\/sklep\/index.php\/wp-json\/wp\/v2\/pages"}],"about":[{"href":"https:\/\/kocie-porady.pl\/sklep\/index.php\/wp-json\/wp\/v2\/types\/page"}],"author":[{"embeddable":true,"href":"https:\/\/kocie-porady.pl\/sklep\/index.php\/wp-json\/wp\/v2\/users\/1"}],"replies":[{"embeddable":true,"href":"https:\/\/kocie-porady.pl\/sklep\/index.php\/wp-json\/wp\/v2\/comments?post=6025"}],"version-history":[{"count":2,"href":"https:\/\/kocie-porady.pl\/sklep\/index.php\/wp-json\/wp\/v2\/pages\/6025\/revisions"}],"predecessor-version":[{"id":7383,"href":"https:\/\/kocie-porady.pl\/sklep\/index.php\/wp-json\/wp\/v2\/pages\/6025\/revisions\/7383"}],"wp:attachment":[{"href":"https:\/\/kocie-porady.pl\/sklep\/index.php\/wp-json\/wp\/v2\/media?parent=6025"}],"curies":[{"name":"wp","href":"https:\/\/api.w.org\/{rel}","templated":true}]}}