{"id":6023,"date":"2021-03-31T13:27:08","date_gmt":"2021-03-31T13:27:08","guid":{"rendered":"https:\/\/kocie-porady.pl\/sklep\/?page_id=6023"},"modified":"2026-04-14T10:44:09","modified_gmt":"2026-04-14T10:44:09","slug":"regulamin-opieki-nad-zwierzetami","status":"publish","type":"page","link":"https:\/\/kocie-porady.pl\/sklep\/index.php\/regulamin-sklepu\/regulamin-opieki-nad-zwierzetami\/","title":{"rendered":"Regulamin opieki nad zwierz\u0119tami"},"content":{"rendered":"[vc_row type=&#8221;in_container&#8221; full_screen_row_position=&#8221;middle&#8221; column_margin=&#8221;default&#8221; column_direction=&#8221;default&#8221; column_direction_tablet=&#8221;default&#8221; column_direction_phone=&#8221;default&#8221; scene_position=&#8221;center&#8221; text_color=&#8221;dark&#8221; text_align=&#8221;left&#8221; row_border_radius=&#8221;none&#8221; row_border_radius_applies=&#8221;bg&#8221; overflow=&#8221;visible&#8221; overlay_strength=&#8221;0.3&#8243; gradient_direction=&#8221;left_to_right&#8221; shape_divider_position=&#8221;bottom&#8221; bg_image_animation=&#8221;none&#8221;][vc_column column_padding=&#8221;no-extra-padding&#8221; column_padding_tablet=&#8221;inherit&#8221; column_padding_phone=&#8221;inherit&#8221; column_padding_position=&#8221;all&#8221; column_element_direction_desktop=&#8221;default&#8221; column_element_spacing=&#8221;default&#8221; desktop_text_alignment=&#8221;default&#8221; tablet_text_alignment=&#8221;default&#8221; phone_text_alignment=&#8221;default&#8221; background_color_opacity=&#8221;1&#8243; background_hover_color_opacity=&#8221;1&#8243; column_backdrop_filter=&#8221;none&#8221; column_shadow=&#8221;none&#8221; column_border_radius=&#8221;none&#8221; column_link_target=&#8221;_self&#8221; column_position=&#8221;default&#8221; gradient_direction=&#8221;left_to_right&#8221; overlay_strength=&#8221;0.3&#8243; width=&#8221;1\/1&#8243; tablet_width_inherit=&#8221;default&#8221; animation_type=&#8221;default&#8221; bg_image_animation=&#8221;none&#8221; border_type=&#8221;simple&#8221; column_border_width=&#8221;none&#8221; column_border_style=&#8221;solid&#8221;]<div class=\"nectar-fancy-ul\" data-list-icon=\"icon-salient-thin-line\" data-animation=\"false\" data-animation-delay=\"0\" data-color=\"accent-color\" data-spacing=\"default\" data-alignment=\"left\"> \n<h4>1. Rezerwacja i Termin Wizyty Zapoznawczej<\/h4>\n<p>1.1. Termin wizyty zapoznawczej zostaje ustalony po zam\u00f3wieniu us\u0142ugi opieki nad zwierz\u0119ciem. 1.2. W ci\u0105gu 72 godzin od op\u0142acenia wizyty, z klientem kontaktuje si\u0119 pracownik biura w celu ustalenia terminu spotkania z opiekunem dochodz\u0105cym. 1.3. Po ustaleniu terminu, klient otrzymuje kontakt od koordynatora lub osoby odpowiedzialnej za bezpo\u015bredni\u0105 opiek\u0119 nad zwierz\u0119ciem.<\/p>\n<h4>2. Zasady \u015awiadczenia Us\u0142ugi Opieki<\/h4>\n<p>2.1. Minimalna liczba zam\u00f3wionych wizyt opieku\u0144czych wynosi 3. Nie ma okre\u015blonej maksymalnej liczby wizyt. 2.2. Zam\u00f3wienia na opiek\u0119 z\u0142o\u017cone kr\u00f3cej ni\u017c 7 dni przed terminem (w okresie nie\u015bwi\u0105tecznym) nie gwarantuj\u0105 100% realizacji us\u0142ugi. 2.3. Zam\u00f3wienia na opiek\u0119 z\u0142o\u017cone kr\u00f3cej ni\u017c 3 dni przed terminem (w okresie \u015bwi\u0105tecznym) r\u00f3wnie\u017c nie gwarantuj\u0105 100% realizacji us\u0142ugi. 2.4. Umowa na \u015bwiadczenie us\u0142ug opieki mo\u017ce by\u0107 podpisana online lub offline. 2.5. Klucze do mieszkania s\u0105 odbierane od klienta podczas wizyty zapoznawczej.<\/p>\n<h4>3. Komunikacja z Klientem<\/h4>\n<p>3.1. Opiekun zobowi\u0105zany jest do codziennego kontaktu z klientem, przekazuj\u0105c informacje o stanie zdrowia i samopoczuciu zwierz\u0119cia.<\/p>\n<h4>4. Zwrot Kluczy<\/h4>\n<p>4.1. Zwrot kluczy odbywa si\u0119 w formie ustalonej z klientem. Mo\u017cliwe formy to: pozostawienie kluczy w skrzynce, pod wycieraczk\u0105, dostarczenie do domu klienta, lub odbi\u00f3r kluczy w miejscu publicznym.<\/p>\n<h4>5. Reklamacje<\/h4>\n<p>5.1. Termin odpowiedzi na reklamacj\u0119 wynosi 30 dni od daty jej z\u0142o\u017cenia przez klienta.<\/p>\n<h4>6. Warunki Abonamentowe<\/h4>\n<p>6.1. Klient korzystaj\u0105cy z abonamentu musi powiadomi\u0107 firm\u0119 o potrzebie opieki nad zwierz\u0119ciem co najmniej 14 dni przed planowan\u0105 opiek\u0105. 6.2. W przypadku opieki w okresie \u015bwi\u0105tecznym, powiadomienie powinno nast\u0105pi\u0107 co najmniej 21 dni przed terminem. 6.3. Abonament normalny nie mo\u017ce by\u0107 wykorzystywany w okresie \u015bwi\u0105tecznym. 6.4. Abonament \u015bwi\u0105teczny nie mo\u017ce by\u0107 wykorzystywany w dni powszednie (nie\u015bwi\u0105teczne).<\/p>\n<h4>7. Przygotowanie Mieszkania przed Wyjazdem<\/h4>\n<p>7.1. Klient jest zobowi\u0105zany do pozostawienia na wierzchu dost\u0119pnych lek\u00f3w, karmy i przysmak\u00f3w dla zwierz\u0119cia. 7.2. Naczynia, takie jak talerze i miski, powinny by\u0107 umieszczone we wskazanym miejscu. 7.3. Zabawki dla zwierz\u0105t nale\u017cy r\u00f3wnie\u017c umie\u015bci\u0107 we wskazanym miejscu. 7.4. \u015arodki lecznicze, chemiczne i inne potencjalnie szkodliwe substancje musz\u0105 by\u0107 odpowiednio ukryte przed dost\u0119pem zwierz\u0119cia. 7.5. Zlew powinien by\u0107 pusty, co umo\u017cliwi opiekunowi dbanie o czysto\u015b\u0107 misek na wod\u0119 i karm\u0119. 7.6. Mieszkanie powinno by\u0107 w miar\u0119 czyste, aby nie utrudnia\u0107 opieki nad zwierz\u0119ciem.<\/p>\n<h4>8. Koszty Dodatkowe<\/h4>\n<p>8.1. W przypadku pozostawienia mieszkania w stanie uniemo\u017cliwiaj\u0105cym prawid\u0142ow\u0105 opiek\u0119 nad zwierz\u0119ciem, firma zastrzega sobie prawo do naliczenia dodatkowej op\u0142aty za sprz\u0105tanie w wysoko\u015bci 200 z\u0142otych.<\/p>\n<h3>9. Postanowienia Ko\u0144cowe<\/h3>\n<p>9.1. Regulamin wchodzi w \u017cycie z dniem jego opublikowania na stronie internetowej firmy. 9.2. Firma zastrzega sobie prawo do wprowadzania zmian w regulaminie. Zmiany obowi\u0105zuj\u0105 od dnia ich publikacji na stronie internetowej. <\/div>[\/vc_column][\/vc_row]\n","protected":false},"excerpt":{"rendered":"<p>[vc_row type=&#8221;in_container&#8221; full_screen_row_position=&#8221;middle&#8221; column_margin=&#8221;default&#8221; column_direction=&#8221;default&#8221; column_direction_tablet=&#8221;default&#8221; column_direction_phone=&#8221;default&#8221; scene_position=&#8221;center&#8221; text_color=&#8221;dark&#8221; text_align=&#8221;left&#8221; row_border_radius=&#8221;none&#8221; row_border_radius_applies=&#8221;bg&#8221; overflow=&#8221;visible&#8221; overlay_strength=&#8221;0.3&#8243; gradient_direction=&#8221;left_to_right&#8221; shape_divider_position=&#8221;bottom&#8221; bg_image_animation=&#8221;none&#8221;][vc_column column_padding=&#8221;no-extra-padding&#8221; column_padding_tablet=&#8221;inherit&#8221; column_padding_phone=&#8221;inherit&#8221; column_padding_position=&#8221;all&#8221; column_element_direction_desktop=&#8221;default&#8221; column_element_spacing=&#8221;default&#8221; desktop_text_alignment=&#8221;default&#8221; tablet_text_alignment=&#8221;default&#8221; phone_text_alignment=&#8221;default&#8221; background_color_opacity=&#8221;1&#8243; background_hover_color_opacity=&#8221;1&#8243; column_backdrop_filter=&#8221;none&#8221; column_shadow=&#8221;none&#8221;&#8230;<\/p>\n","protected":false},"author":1,"featured_media":0,"parent":6015,"menu_order":0,"comment_status":"closed","ping_status":"closed","template":"","meta":{"footnotes":""},"class_list":["post-6023","page","type-page","status-publish"],"yoast_head":"<!-- This site is optimized with the Yoast SEO plugin v27.4 - https:\/\/yoast.com\/product\/yoast-seo-wordpress\/ -->\n<title>Regulamin opieki nad zwierz\u0119tami - Sklep dla kocich opiekun\u00f3w<\/title>\n<meta name=\"robots\" content=\"index, follow, max-snippet:-1, max-image-preview:large, max-video-preview:-1\" \/>\n<link rel=\"canonical\" href=\"https:\/\/kocie-porady.pl\/sklep\/index.php\/regulamin-sklepu\/regulamin-opieki-nad-zwierzetami\/\" \/>\n<meta property=\"og:locale\" content=\"pl_PL\" \/>\n<meta property=\"og:type\" content=\"article\" \/>\n<meta property=\"og:title\" content=\"Regulamin opieki nad zwierz\u0119tami - Sklep dla kocich opiekun\u00f3w\" \/>\n<meta property=\"og:description\" content=\"[vc_row type=&#8221;in_container&#8221; full_screen_row_position=&#8221;middle&#8221; column_margin=&#8221;default&#8221; column_direction=&#8221;default&#8221; column_direction_tablet=&#8221;default&#8221; column_direction_phone=&#8221;default&#8221; scene_position=&#8221;center&#8221; text_color=&#8221;dark&#8221; text_align=&#8221;left&#8221; row_border_radius=&#8221;none&#8221; row_border_radius_applies=&#8221;bg&#8221; overflow=&#8221;visible&#8221; overlay_strength=&#8221;0.3&#8243; gradient_direction=&#8221;left_to_right&#8221; shape_divider_position=&#8221;bottom&#8221; bg_image_animation=&#8221;none&#8221;][vc_column column_padding=&#8221;no-extra-padding&#8221; column_padding_tablet=&#8221;inherit&#8221; column_padding_phone=&#8221;inherit&#8221; column_padding_position=&#8221;all&#8221; column_element_direction_desktop=&#8221;default&#8221; column_element_spacing=&#8221;default&#8221; desktop_text_alignment=&#8221;default&#8221; tablet_text_alignment=&#8221;default&#8221; phone_text_alignment=&#8221;default&#8221; background_color_opacity=&#8221;1&#8243; background_hover_color_opacity=&#8221;1&#8243; column_backdrop_filter=&#8221;none&#8221; column_shadow=&#8221;none&#8221;...\" \/>\n<meta property=\"og:url\" content=\"https:\/\/kocie-porady.pl\/sklep\/index.php\/regulamin-sklepu\/regulamin-opieki-nad-zwierzetami\/\" \/>\n<meta property=\"og:site_name\" content=\"Sklep dla kocich opiekun\u00f3w\" \/>\n<meta property=\"article:modified_time\" content=\"2026-04-14T10:44:09+00:00\" \/>\n<meta name=\"twitter:card\" content=\"summary_large_image\" \/>\n<meta name=\"twitter:label1\" content=\"Szacowany czas czytania\" \/>\n\t<meta name=\"twitter:data1\" content=\"3 minuty\" \/>\n<script type=\"application\/ld+json\" class=\"yoast-schema-graph\">{\"@context\":\"https:\\\/\\\/schema.org\",\"@graph\":[{\"@type\":\"WebPage\",\"@id\":\"https:\\\/\\\/kocie-porady.pl\\\/sklep\\\/index.php\\\/regulamin-sklepu\\\/regulamin-opieki-nad-zwierzetami\\\/\",\"url\":\"https:\\\/\\\/kocie-porady.pl\\\/sklep\\\/index.php\\\/regulamin-sklepu\\\/regulamin-opieki-nad-zwierzetami\\\/\",\"name\":\"Regulamin opieki nad zwierz\u0119tami - Sklep dla kocich opiekun\u00f3w\",\"isPartOf\":{\"@id\":\"https:\\\/\\\/kocie-porady.pl\\\/sklep\\\/#website\"},\"datePublished\":\"2021-03-31T13:27:08+00:00\",\"dateModified\":\"2026-04-14T10:44:09+00:00\",\"breadcrumb\":{\"@id\":\"https:\\\/\\\/kocie-porady.pl\\\/sklep\\\/index.php\\\/regulamin-sklepu\\\/regulamin-opieki-nad-zwierzetami\\\/#breadcrumb\"},\"inLanguage\":\"pl-PL\",\"potentialAction\":[{\"@type\":\"ReadAction\",\"target\":[\"https:\\\/\\\/kocie-porady.pl\\\/sklep\\\/index.php\\\/regulamin-sklepu\\\/regulamin-opieki-nad-zwierzetami\\\/\"]}]},{\"@type\":\"BreadcrumbList\",\"@id\":\"https:\\\/\\\/kocie-porady.pl\\\/sklep\\\/index.php\\\/regulamin-sklepu\\\/regulamin-opieki-nad-zwierzetami\\\/#breadcrumb\",\"itemListElement\":[{\"@type\":\"ListItem\",\"position\":1,\"name\":\"Strona g\u0142\u00f3wna\",\"item\":\"https:\\\/\\\/kocie-porady.pl\\\/sklep\\\/\"},{\"@type\":\"ListItem\",\"position\":2,\"name\":\"Regulamin sklepu\",\"item\":\"https:\\\/\\\/kocie-porady.pl\\\/sklep\\\/index.php\\\/regulamin-sklepu\\\/\"},{\"@type\":\"ListItem\",\"position\":3,\"name\":\"Regulamin opieki nad zwierz\u0119tami\"}]},{\"@type\":\"WebSite\",\"@id\":\"https:\\\/\\\/kocie-porady.pl\\\/sklep\\\/#website\",\"url\":\"https:\\\/\\\/kocie-porady.pl\\\/sklep\\\/\",\"name\":\"Sklep dla kocich opiekun\u00f3w\",\"description\":\"\",\"publisher\":{\"@id\":\"https:\\\/\\\/kocie-porady.pl\\\/sklep\\\/#\\\/schema\\\/person\\\/3585b25f6c41a8448e9e088f50954cf4\"},\"potentialAction\":[{\"@type\":\"SearchAction\",\"target\":{\"@type\":\"EntryPoint\",\"urlTemplate\":\"https:\\\/\\\/kocie-porady.pl\\\/sklep\\\/?s={search_term_string}\"},\"query-input\":{\"@type\":\"PropertyValueSpecification\",\"valueRequired\":true,\"valueName\":\"search_term_string\"}}],\"inLanguage\":\"pl-PL\"},{\"@type\":[\"Person\",\"Organization\"],\"@id\":\"https:\\\/\\\/kocie-porady.pl\\\/sklep\\\/#\\\/schema\\\/person\\\/3585b25f6c41a8448e9e088f50954cf4\",\"name\":\"admin\",\"image\":{\"@type\":\"ImageObject\",\"inLanguage\":\"pl-PL\",\"@id\":\"https:\\\/\\\/kocie-porady.pl\\\/sklep\\\/wp-content\\\/uploads\\\/2026\\\/04\\\/koci-behawioryzm-500-x-200-px-2.png\",\"url\":\"https:\\\/\\\/kocie-porady.pl\\\/sklep\\\/wp-content\\\/uploads\\\/2026\\\/04\\\/koci-behawioryzm-500-x-200-px-2.png\",\"contentUrl\":\"https:\\\/\\\/kocie-porady.pl\\\/sklep\\\/wp-content\\\/uploads\\\/2026\\\/04\\\/koci-behawioryzm-500-x-200-px-2.png\",\"width\":200,\"height\":100,\"caption\":\"admin\"},\"logo\":{\"@id\":\"https:\\\/\\\/kocie-porady.pl\\\/sklep\\\/wp-content\\\/uploads\\\/2026\\\/04\\\/koci-behawioryzm-500-x-200-px-2.png\"},\"sameAs\":[\"https:\\\/\\\/kocie-porady.pl\\\/sklep\"]}]}<\/script>\n<!-- \/ Yoast SEO plugin. -->","yoast_head_json":{"title":"Regulamin opieki nad zwierz\u0119tami - Sklep dla kocich opiekun\u00f3w","robots":{"index":"index","follow":"follow","max-snippet":"max-snippet:-1","max-image-preview":"max-image-preview:large","max-video-preview":"max-video-preview:-1"},"canonical":"https:\/\/kocie-porady.pl\/sklep\/index.php\/regulamin-sklepu\/regulamin-opieki-nad-zwierzetami\/","og_locale":"pl_PL","og_type":"article","og_title":"Regulamin opieki nad zwierz\u0119tami - Sklep dla kocich opiekun\u00f3w","og_description":"[vc_row type=&#8221;in_container&#8221; full_screen_row_position=&#8221;middle&#8221; column_margin=&#8221;default&#8221; column_direction=&#8221;default&#8221; column_direction_tablet=&#8221;default&#8221; column_direction_phone=&#8221;default&#8221; scene_position=&#8221;center&#8221; text_color=&#8221;dark&#8221; text_align=&#8221;left&#8221; row_border_radius=&#8221;none&#8221; row_border_radius_applies=&#8221;bg&#8221; overflow=&#8221;visible&#8221; overlay_strength=&#8221;0.3&#8243; gradient_direction=&#8221;left_to_right&#8221; shape_divider_position=&#8221;bottom&#8221; bg_image_animation=&#8221;none&#8221;][vc_column column_padding=&#8221;no-extra-padding&#8221; column_padding_tablet=&#8221;inherit&#8221; column_padding_phone=&#8221;inherit&#8221; column_padding_position=&#8221;all&#8221; column_element_direction_desktop=&#8221;default&#8221; column_element_spacing=&#8221;default&#8221; desktop_text_alignment=&#8221;default&#8221; tablet_text_alignment=&#8221;default&#8221; phone_text_alignment=&#8221;default&#8221; background_color_opacity=&#8221;1&#8243; background_hover_color_opacity=&#8221;1&#8243; column_backdrop_filter=&#8221;none&#8221; column_shadow=&#8221;none&#8221;...","og_url":"https:\/\/kocie-porady.pl\/sklep\/index.php\/regulamin-sklepu\/regulamin-opieki-nad-zwierzetami\/","og_site_name":"Sklep dla kocich opiekun\u00f3w","article_modified_time":"2026-04-14T10:44:09+00:00","twitter_card":"summary_large_image","twitter_misc":{"Szacowany czas czytania":"3 minuty"},"schema":{"@context":"https:\/\/schema.org","@graph":[{"@type":"WebPage","@id":"https:\/\/kocie-porady.pl\/sklep\/index.php\/regulamin-sklepu\/regulamin-opieki-nad-zwierzetami\/","url":"https:\/\/kocie-porady.pl\/sklep\/index.php\/regulamin-sklepu\/regulamin-opieki-nad-zwierzetami\/","name":"Regulamin opieki nad zwierz\u0119tami - Sklep dla kocich opiekun\u00f3w","isPartOf":{"@id":"https:\/\/kocie-porady.pl\/sklep\/#website"},"datePublished":"2021-03-31T13:27:08+00:00","dateModified":"2026-04-14T10:44:09+00:00","breadcrumb":{"@id":"https:\/\/kocie-porady.pl\/sklep\/index.php\/regulamin-sklepu\/regulamin-opieki-nad-zwierzetami\/#breadcrumb"},"inLanguage":"pl-PL","potentialAction":[{"@type":"ReadAction","target":["https:\/\/kocie-porady.pl\/sklep\/index.php\/regulamin-sklepu\/regulamin-opieki-nad-zwierzetami\/"]}]},{"@type":"BreadcrumbList","@id":"https:\/\/kocie-porady.pl\/sklep\/index.php\/regulamin-sklepu\/regulamin-opieki-nad-zwierzetami\/#breadcrumb","itemListElement":[{"@type":"ListItem","position":1,"name":"Strona g\u0142\u00f3wna","item":"https:\/\/kocie-porady.pl\/sklep\/"},{"@type":"ListItem","position":2,"name":"Regulamin sklepu","item":"https:\/\/kocie-porady.pl\/sklep\/index.php\/regulamin-sklepu\/"},{"@type":"ListItem","position":3,"name":"Regulamin opieki nad zwierz\u0119tami"}]},{"@type":"WebSite","@id":"https:\/\/kocie-porady.pl\/sklep\/#website","url":"https:\/\/kocie-porady.pl\/sklep\/","name":"Sklep dla kocich opiekun\u00f3w","description":"","publisher":{"@id":"https:\/\/kocie-porady.pl\/sklep\/#\/schema\/person\/3585b25f6c41a8448e9e088f50954cf4"},"potentialAction":[{"@type":"SearchAction","target":{"@type":"EntryPoint","urlTemplate":"https:\/\/kocie-porady.pl\/sklep\/?s={search_term_string}"},"query-input":{"@type":"PropertyValueSpecification","valueRequired":true,"valueName":"search_term_string"}}],"inLanguage":"pl-PL"},{"@type":["Person","Organization"],"@id":"https:\/\/kocie-porady.pl\/sklep\/#\/schema\/person\/3585b25f6c41a8448e9e088f50954cf4","name":"admin","image":{"@type":"ImageObject","inLanguage":"pl-PL","@id":"https:\/\/kocie-porady.pl\/sklep\/wp-content\/uploads\/2026\/04\/koci-behawioryzm-500-x-200-px-2.png","url":"https:\/\/kocie-porady.pl\/sklep\/wp-content\/uploads\/2026\/04\/koci-behawioryzm-500-x-200-px-2.png","contentUrl":"https:\/\/kocie-porady.pl\/sklep\/wp-content\/uploads\/2026\/04\/koci-behawioryzm-500-x-200-px-2.png","width":200,"height":100,"caption":"admin"},"logo":{"@id":"https:\/\/kocie-porady.pl\/sklep\/wp-content\/uploads\/2026\/04\/koci-behawioryzm-500-x-200-px-2.png"},"sameAs":["https:\/\/kocie-porady.pl\/sklep"]}]}},"jetpack_sharing_enabled":true,"_links":{"self":[{"href":"https:\/\/kocie-porady.pl\/sklep\/index.php\/wp-json\/wp\/v2\/pages\/6023","targetHints":{"allow":["GET"]}}],"collection":[{"href":"https:\/\/kocie-porady.pl\/sklep\/index.php\/wp-json\/wp\/v2\/pages"}],"about":[{"href":"https:\/\/kocie-porady.pl\/sklep\/index.php\/wp-json\/wp\/v2\/types\/page"}],"author":[{"embeddable":true,"href":"https:\/\/kocie-porady.pl\/sklep\/index.php\/wp-json\/wp\/v2\/users\/1"}],"replies":[{"embeddable":true,"href":"https:\/\/kocie-porady.pl\/sklep\/index.php\/wp-json\/wp\/v2\/comments?post=6023"}],"version-history":[{"count":13,"href":"https:\/\/kocie-porady.pl\/sklep\/index.php\/wp-json\/wp\/v2\/pages\/6023\/revisions"}],"predecessor-version":[{"id":7382,"href":"https:\/\/kocie-porady.pl\/sklep\/index.php\/wp-json\/wp\/v2\/pages\/6023\/revisions\/7382"}],"up":[{"embeddable":true,"href":"https:\/\/kocie-porady.pl\/sklep\/index.php\/wp-json\/wp\/v2\/pages\/6015"}],"wp:attachment":[{"href":"https:\/\/kocie-porady.pl\/sklep\/index.php\/wp-json\/wp\/v2\/media?parent=6023"}],"curies":[{"name":"wp","href":"https:\/\/api.w.org\/{rel}","templated":true}]}}