{"id":5993,"date":"2021-03-30T17:04:33","date_gmt":"2021-03-30T17:04:33","guid":{"rendered":"https:\/\/kocie-porady.pl\/sklep\/?page_id=5993"},"modified":"2026-04-14T10:51:17","modified_gmt":"2026-04-14T10:51:17","slug":"umowa-o-opieke-nad-zwierzetami-pl-de-fr-eng","status":"publish","type":"page","link":"https:\/\/kocie-porady.pl\/sklep\/index.php\/regulamin-sklepu\/umowa-o-opieke-nad-zwierzetami-pl-de-fr-eng\/","title":{"rendered":"Umowy o opiek\u0119 nad zwierz\u0119tami (PL, DE, FR, ENG)"},"content":{"rendered":"\r\n<div class=\"wp-block-spacer\" style=\"height: 100px;\" aria-hidden=\"true\">\u00a0<\/div>\r\n\r\n\r\n\r\n<div class=\"wp-block-file\"><a href=\"https:\/\/kocie-porady.pl\/sklep\/wp-content\/uploads\/woocommerce_uploads\/2021\/03\/Umowa-o-opieke-1mldwc.pdf\">Umowa o opiek\u0119 <\/a><a class=\"wp-block-file__button\" href=\"https:\/\/kocie-porady.pl\/sklep\/wp-content\/uploads\/woocommerce_uploads\/2021\/03\/Umowa-o-opieke-1mldwc.pdf\" download=\"\">Pobierz<\/a><\/div>\r\n\r\n\r\n\r\n<div class=\"wp-block-spacer\" style=\"height: 50px;\" aria-hidden=\"true\">\u00a0<\/div>\r\n\r\n\r\n\r\n<div class=\"wp-block-file\"><a href=\"https:\/\/kocie-porady.pl\/sklep\/wp-content\/uploads\/2021\/03\/Agreement-for-the-care-of-a-pet.pdf\">Agreement-for-the-care-of-a-pet <\/a><a class=\"wp-block-file__button\" href=\"https:\/\/kocie-porady.pl\/sklep\/wp-content\/uploads\/2021\/03\/Agreement-for-the-care-of-a-pet.pdf\" download=\"\">Pobierz<\/a><\/div>\r\n\r\n\r\n\r\n<div class=\"wp-block-spacer\" style=\"height: 50px;\" aria-hidden=\"true\">\u00a0<\/div>\r\n\r\n\r\n\r\n<div class=\"wp-block-file\"><a href=\"https:\/\/kocie-porady.pl\/sklep\/wp-content\/uploads\/2021\/03\/Vereinbarung-uber-die-Pflege-eines-Haustieres.pdf\">Vereinbarung-uber-die-Pflege-eines-Haustieres <\/a><a class=\"wp-block-file__button\" href=\"https:\/\/kocie-porady.pl\/sklep\/wp-content\/uploads\/2021\/03\/Vereinbarung-uber-die-Pflege-eines-Haustieres.pdf\" download=\"\">Pobierz<\/a><\/div>\r\n\r\n\r\n\r\n<div class=\"wp-block-spacer\" style=\"height: 50px;\" aria-hidden=\"true\">\u00a0<\/div>\r\n\r\n\r\n\r\n<div class=\"wp-block-file\"><a href=\"https:\/\/kocie-porady.pl\/sklep\/wp-content\/uploads\/2021\/03\/Accord-pour-la-garde-dun-animal-domestique.pdf\">Accord-pour-la-garde-dun-animal-domestique <\/a><a class=\"wp-block-file__button\" href=\"https:\/\/kocie-porady.pl\/sklep\/wp-content\/uploads\/2021\/03\/Accord-pour-la-garde-dun-animal-domestique.pdf\" download=\"\">Pobierz<\/a><\/div>\r\n\r\n\r\n\r\n<div class=\"wp-block-spacer\" style=\"height: 50px;\" aria-hidden=\"true\">\u00a0<\/div>\r\n","protected":false},"excerpt":{"rendered":"\u00a0 Umowa o opiek\u0119 Pobierz \u00a0 Agreement-for-the-care-of-a-pet Pobierz \u00a0 Vereinbarung-uber-die-Pflege-eines-Haustieres Pobierz \u00a0 Accord-pour-la-garde-dun-animal-domestique Pobierz \u00a0","protected":false},"author":1,"featured_media":0,"parent":6015,"menu_order":0,"comment_status":"closed","ping_status":"closed","template":"","meta":{"footnotes":""},"class_list":["post-5993","page","type-page","status-publish"],"yoast_head":"<!-- This site is optimized with the Yoast SEO plugin v27.4 - https:\/\/yoast.com\/product\/yoast-seo-wordpress\/ -->\n<title>Umowy o opiek\u0119 nad zwierz\u0119tami (PL, DE, FR, ENG) - Sklep dla kocich opiekun\u00f3w<\/title>\n<meta name=\"description\" content=\"Umowy o opiek\u0119 nad zwierz\u0119tami\" \/>\n<meta name=\"robots\" content=\"index, follow, max-snippet:-1, max-image-preview:large, max-video-preview:-1\" \/>\n<link rel=\"canonical\" href=\"https:\/\/kocie-porady.pl\/sklep\/index.php\/regulamin-sklepu\/umowa-o-opieke-nad-zwierzetami-pl-de-fr-eng\/\" \/>\n<meta property=\"og:locale\" content=\"pl_PL\" \/>\n<meta property=\"og:type\" content=\"article\" \/>\n<meta property=\"og:title\" content=\"Umowy o opiek\u0119 nad zwierz\u0119tami (PL, DE, FR, ENG) - Sklep dla kocich opiekun\u00f3w\" \/>\n<meta property=\"og:description\" content=\"Umowy o opiek\u0119 nad zwierz\u0119tami\" \/>\n<meta property=\"og:url\" content=\"https:\/\/kocie-porady.pl\/sklep\/index.php\/regulamin-sklepu\/umowa-o-opieke-nad-zwierzetami-pl-de-fr-eng\/\" \/>\n<meta property=\"og:site_name\" content=\"Sklep dla kocich opiekun\u00f3w\" \/>\n<meta property=\"article:modified_time\" content=\"2026-04-14T10:51:17+00:00\" \/>\n<meta name=\"twitter:card\" content=\"summary_large_image\" \/>\n<meta name=\"twitter:label1\" content=\"Szacowany czas czytania\" \/>\n\t<meta name=\"twitter:data1\" content=\"1 minuta\" \/>\n<script type=\"application\/ld+json\" class=\"yoast-schema-graph\">{\"@context\":\"https:\\\/\\\/schema.org\",\"@graph\":[{\"@type\":\"WebPage\",\"@id\":\"https:\\\/\\\/kocie-porady.pl\\\/sklep\\\/index.php\\\/regulamin-sklepu\\\/umowa-o-opieke-nad-zwierzetami-pl-de-fr-eng\\\/\",\"url\":\"https:\\\/\\\/kocie-porady.pl\\\/sklep\\\/index.php\\\/regulamin-sklepu\\\/umowa-o-opieke-nad-zwierzetami-pl-de-fr-eng\\\/\",\"name\":\"Umowy o opiek\u0119 nad zwierz\u0119tami (PL, DE, FR, ENG) - Sklep dla kocich opiekun\u00f3w\",\"isPartOf\":{\"@id\":\"https:\\\/\\\/kocie-porady.pl\\\/sklep\\\/#website\"},\"datePublished\":\"2021-03-30T17:04:33+00:00\",\"dateModified\":\"2026-04-14T10:51:17+00:00\",\"description\":\"Umowy o opiek\u0119 nad zwierz\u0119tami\",\"breadcrumb\":{\"@id\":\"https:\\\/\\\/kocie-porady.pl\\\/sklep\\\/index.php\\\/regulamin-sklepu\\\/umowa-o-opieke-nad-zwierzetami-pl-de-fr-eng\\\/#breadcrumb\"},\"inLanguage\":\"pl-PL\",\"potentialAction\":[{\"@type\":\"ReadAction\",\"target\":[\"https:\\\/\\\/kocie-porady.pl\\\/sklep\\\/index.php\\\/regulamin-sklepu\\\/umowa-o-opieke-nad-zwierzetami-pl-de-fr-eng\\\/\"]}]},{\"@type\":\"BreadcrumbList\",\"@id\":\"https:\\\/\\\/kocie-porady.pl\\\/sklep\\\/index.php\\\/regulamin-sklepu\\\/umowa-o-opieke-nad-zwierzetami-pl-de-fr-eng\\\/#breadcrumb\",\"itemListElement\":[{\"@type\":\"ListItem\",\"position\":1,\"name\":\"Strona g\u0142\u00f3wna\",\"item\":\"https:\\\/\\\/kocie-porady.pl\\\/sklep\\\/\"},{\"@type\":\"ListItem\",\"position\":2,\"name\":\"Regulamin sklepu\",\"item\":\"https:\\\/\\\/kocie-porady.pl\\\/sklep\\\/index.php\\\/regulamin-sklepu\\\/\"},{\"@type\":\"ListItem\",\"position\":3,\"name\":\"Umowy o opiek\u0119 nad zwierz\u0119tami (PL, DE, FR, ENG)\"}]},{\"@type\":\"WebSite\",\"@id\":\"https:\\\/\\\/kocie-porady.pl\\\/sklep\\\/#website\",\"url\":\"https:\\\/\\\/kocie-porady.pl\\\/sklep\\\/\",\"name\":\"Sklep dla kocich opiekun\u00f3w\",\"description\":\"\",\"publisher\":{\"@id\":\"https:\\\/\\\/kocie-porady.pl\\\/sklep\\\/#\\\/schema\\\/person\\\/3585b25f6c41a8448e9e088f50954cf4\"},\"potentialAction\":[{\"@type\":\"SearchAction\",\"target\":{\"@type\":\"EntryPoint\",\"urlTemplate\":\"https:\\\/\\\/kocie-porady.pl\\\/sklep\\\/?s={search_term_string}\"},\"query-input\":{\"@type\":\"PropertyValueSpecification\",\"valueRequired\":true,\"valueName\":\"search_term_string\"}}],\"inLanguage\":\"pl-PL\"},{\"@type\":[\"Person\",\"Organization\"],\"@id\":\"https:\\\/\\\/kocie-porady.pl\\\/sklep\\\/#\\\/schema\\\/person\\\/3585b25f6c41a8448e9e088f50954cf4\",\"name\":\"admin\",\"image\":{\"@type\":\"ImageObject\",\"inLanguage\":\"pl-PL\",\"@id\":\"https:\\\/\\\/kocie-porady.pl\\\/sklep\\\/wp-content\\\/uploads\\\/2026\\\/04\\\/koci-behawioryzm-500-x-200-px-2.png\",\"url\":\"https:\\\/\\\/kocie-porady.pl\\\/sklep\\\/wp-content\\\/uploads\\\/2026\\\/04\\\/koci-behawioryzm-500-x-200-px-2.png\",\"contentUrl\":\"https:\\\/\\\/kocie-porady.pl\\\/sklep\\\/wp-content\\\/uploads\\\/2026\\\/04\\\/koci-behawioryzm-500-x-200-px-2.png\",\"width\":200,\"height\":100,\"caption\":\"admin\"},\"logo\":{\"@id\":\"https:\\\/\\\/kocie-porady.pl\\\/sklep\\\/wp-content\\\/uploads\\\/2026\\\/04\\\/koci-behawioryzm-500-x-200-px-2.png\"},\"sameAs\":[\"https:\\\/\\\/kocie-porady.pl\\\/sklep\"]}]}<\/script>\n<!-- \/ Yoast SEO plugin. -->","yoast_head_json":{"title":"Umowy o opiek\u0119 nad zwierz\u0119tami (PL, DE, FR, ENG) - Sklep dla kocich opiekun\u00f3w","description":"Umowy o opiek\u0119 nad zwierz\u0119tami","robots":{"index":"index","follow":"follow","max-snippet":"max-snippet:-1","max-image-preview":"max-image-preview:large","max-video-preview":"max-video-preview:-1"},"canonical":"https:\/\/kocie-porady.pl\/sklep\/index.php\/regulamin-sklepu\/umowa-o-opieke-nad-zwierzetami-pl-de-fr-eng\/","og_locale":"pl_PL","og_type":"article","og_title":"Umowy o opiek\u0119 nad zwierz\u0119tami (PL, DE, FR, ENG) - Sklep dla kocich opiekun\u00f3w","og_description":"Umowy o opiek\u0119 nad zwierz\u0119tami","og_url":"https:\/\/kocie-porady.pl\/sklep\/index.php\/regulamin-sklepu\/umowa-o-opieke-nad-zwierzetami-pl-de-fr-eng\/","og_site_name":"Sklep dla kocich opiekun\u00f3w","article_modified_time":"2026-04-14T10:51:17+00:00","twitter_card":"summary_large_image","twitter_misc":{"Szacowany czas czytania":"1 minuta"},"schema":{"@context":"https:\/\/schema.org","@graph":[{"@type":"WebPage","@id":"https:\/\/kocie-porady.pl\/sklep\/index.php\/regulamin-sklepu\/umowa-o-opieke-nad-zwierzetami-pl-de-fr-eng\/","url":"https:\/\/kocie-porady.pl\/sklep\/index.php\/regulamin-sklepu\/umowa-o-opieke-nad-zwierzetami-pl-de-fr-eng\/","name":"Umowy o opiek\u0119 nad zwierz\u0119tami (PL, DE, FR, ENG) - Sklep dla kocich opiekun\u00f3w","isPartOf":{"@id":"https:\/\/kocie-porady.pl\/sklep\/#website"},"datePublished":"2021-03-30T17:04:33+00:00","dateModified":"2026-04-14T10:51:17+00:00","description":"Umowy o opiek\u0119 nad zwierz\u0119tami","breadcrumb":{"@id":"https:\/\/kocie-porady.pl\/sklep\/index.php\/regulamin-sklepu\/umowa-o-opieke-nad-zwierzetami-pl-de-fr-eng\/#breadcrumb"},"inLanguage":"pl-PL","potentialAction":[{"@type":"ReadAction","target":["https:\/\/kocie-porady.pl\/sklep\/index.php\/regulamin-sklepu\/umowa-o-opieke-nad-zwierzetami-pl-de-fr-eng\/"]}]},{"@type":"BreadcrumbList","@id":"https:\/\/kocie-porady.pl\/sklep\/index.php\/regulamin-sklepu\/umowa-o-opieke-nad-zwierzetami-pl-de-fr-eng\/#breadcrumb","itemListElement":[{"@type":"ListItem","position":1,"name":"Strona g\u0142\u00f3wna","item":"https:\/\/kocie-porady.pl\/sklep\/"},{"@type":"ListItem","position":2,"name":"Regulamin sklepu","item":"https:\/\/kocie-porady.pl\/sklep\/index.php\/regulamin-sklepu\/"},{"@type":"ListItem","position":3,"name":"Umowy o opiek\u0119 nad zwierz\u0119tami (PL, DE, FR, ENG)"}]},{"@type":"WebSite","@id":"https:\/\/kocie-porady.pl\/sklep\/#website","url":"https:\/\/kocie-porady.pl\/sklep\/","name":"Sklep dla kocich opiekun\u00f3w","description":"","publisher":{"@id":"https:\/\/kocie-porady.pl\/sklep\/#\/schema\/person\/3585b25f6c41a8448e9e088f50954cf4"},"potentialAction":[{"@type":"SearchAction","target":{"@type":"EntryPoint","urlTemplate":"https:\/\/kocie-porady.pl\/sklep\/?s={search_term_string}"},"query-input":{"@type":"PropertyValueSpecification","valueRequired":true,"valueName":"search_term_string"}}],"inLanguage":"pl-PL"},{"@type":["Person","Organization"],"@id":"https:\/\/kocie-porady.pl\/sklep\/#\/schema\/person\/3585b25f6c41a8448e9e088f50954cf4","name":"admin","image":{"@type":"ImageObject","inLanguage":"pl-PL","@id":"https:\/\/kocie-porady.pl\/sklep\/wp-content\/uploads\/2026\/04\/koci-behawioryzm-500-x-200-px-2.png","url":"https:\/\/kocie-porady.pl\/sklep\/wp-content\/uploads\/2026\/04\/koci-behawioryzm-500-x-200-px-2.png","contentUrl":"https:\/\/kocie-porady.pl\/sklep\/wp-content\/uploads\/2026\/04\/koci-behawioryzm-500-x-200-px-2.png","width":200,"height":100,"caption":"admin"},"logo":{"@id":"https:\/\/kocie-porady.pl\/sklep\/wp-content\/uploads\/2026\/04\/koci-behawioryzm-500-x-200-px-2.png"},"sameAs":["https:\/\/kocie-porady.pl\/sklep"]}]}},"jetpack_sharing_enabled":true,"_links":{"self":[{"href":"https:\/\/kocie-porady.pl\/sklep\/index.php\/wp-json\/wp\/v2\/pages\/5993","targetHints":{"allow":["GET"]}}],"collection":[{"href":"https:\/\/kocie-porady.pl\/sklep\/index.php\/wp-json\/wp\/v2\/pages"}],"about":[{"href":"https:\/\/kocie-porady.pl\/sklep\/index.php\/wp-json\/wp\/v2\/types\/page"}],"author":[{"embeddable":true,"href":"https:\/\/kocie-porady.pl\/sklep\/index.php\/wp-json\/wp\/v2\/users\/1"}],"replies":[{"embeddable":true,"href":"https:\/\/kocie-porady.pl\/sklep\/index.php\/wp-json\/wp\/v2\/comments?post=5993"}],"version-history":[{"count":4,"href":"https:\/\/kocie-porady.pl\/sklep\/index.php\/wp-json\/wp\/v2\/pages\/5993\/revisions"}],"predecessor-version":[{"id":7654,"href":"https:\/\/kocie-porady.pl\/sklep\/index.php\/wp-json\/wp\/v2\/pages\/5993\/revisions\/7654"}],"up":[{"embeddable":true,"href":"https:\/\/kocie-porady.pl\/sklep\/index.php\/wp-json\/wp\/v2\/pages\/6015"}],"wp:attachment":[{"href":"https:\/\/kocie-porady.pl\/sklep\/index.php\/wp-json\/wp\/v2\/media?parent=5993"}],"curies":[{"name":"wp","href":"https:\/\/api.w.org\/{rel}","templated":true}]}}